{"id":13645,"date":"2015-01-15T07:49:38","date_gmt":"2015-01-15T07:49:38","guid":{"rendered":"https:\/\/www.andorra-solutions.com\/contactanos\/"},"modified":"2024-11-04T11:33:45","modified_gmt":"2024-11-04T11:33:45","slug":"contato","status":"publish","type":"page","link":"https:\/\/www.andorra-solutions.com\/pt-br\/contato\/","title":{"rendered":"Entre em contato con ANDORRE INVEST"},"content":{"rendered":"<p>[vc_row gap=&#8221;35&#8243;][vc_column css_animation=&#8221;fadeInLeft&#8221; width=&#8221;1\/2&#8243;][vc_custom_heading stm_title_font_weight=&#8221;600&#8243; text=&#8221;Formul\u00e1rio de contato&#8221; el_class=&#8221;corporativo&#8221;][vc_column_text]<\/p>\n<div id=\"tw-container\" class=\"YQaNob\" data-cp=\"1\" data-is-ver=\"false\" data-nnttsvi=\"1\" data-sm=\"1\" data-sugg-time=\"500\" data-sugg-url=\"https:\/\/clients1.google.com\/complete\/search\" data-uilc=\"es\">\n<div id=\"tw-ob\" class=\"tw-src-ltr\">\n<div class=\"oSioSc\">\n<div id=\"tw-target\">\n<div id=\"kAz1tf\" class=\"g9WsWb\">\n<div id=\"tw-target-text-container\" class=\"tw-ta-container hide-focus-ring tw-nfl\" tabindex=\"0\">\n<p>Por favor use o formul\u00e1rio de contato para enviar sua consulta e um de nossos funcion\u00e1rios entrar\u00e1 em contato em breve. Damos uma consulta gratuita via telefone, skype ou via e-mail.<\/p>\n<div class=\"theme-one-half\">\n<div id=\"crmWebToEntityForm\" class=\"zcwf_lblTopBottom crmWebToEntityForm\">\n<form accept-charset=\"UTF-8\" action=\"https:\/\/crm.zoho.com\/crm\/WebToLeadForm\" method=\"POST\" name=\"WebToLeads1718292000000724101\"><\/form>\n<\/div>\n<\/div>\n<\/div>\n<\/div>\n<\/div>\n<\/div>\n<\/div>\n<div>\n<div><\/div>\n<\/div>\n<\/div>\n<div class=\"KFFQ0c\"><\/div>\n<p>[\/vc_column_text]\n<div class=\"wpcf7 no-js\" id=\"wpcf7-f4275-o1\" lang=\"pt-BR\" dir=\"ltr\" data-wpcf7-id=\"4275\">\n<div class=\"screen-reader-response\"><p role=\"status\" aria-live=\"polite\" aria-atomic=\"true\"><\/p> <ul><\/ul><\/div>\n<form action=\"\/pt-br\/wp-json\/wp\/v2\/pages\/13645#wpcf7-f4275-o1\" method=\"post\" class=\"wpcf7-form init\" aria-label=\"Formul\u00e1rios de contato\" novalidate=\"novalidate\" data-status=\"init\">\n<fieldset class=\"hidden-fields-container\"><input type=\"hidden\" name=\"_wpcf7\" value=\"4275\" \/><input type=\"hidden\" name=\"_wpcf7_version\" value=\"6.1.1\" \/><input type=\"hidden\" name=\"_wpcf7_locale\" value=\"pt_BR\" \/><input type=\"hidden\" name=\"_wpcf7_unit_tag\" value=\"wpcf7-f4275-o1\" \/><input type=\"hidden\" name=\"_wpcf7_container_post\" value=\"0\" \/><input type=\"hidden\" name=\"_wpcf7_posted_data_hash\" value=\"\" \/><input type=\"hidden\" name=\"_wpcf7cf_hidden_group_fields\" value=\"[]\" \/><input type=\"hidden\" name=\"_wpcf7cf_hidden_groups\" value=\"[]\" \/><input type=\"hidden\" name=\"_wpcf7cf_visible_groups\" value=\"[]\" \/><input type=\"hidden\" name=\"_wpcf7cf_repeaters\" value=\"[]\" \/><input type=\"hidden\" name=\"_wpcf7cf_steps\" value=\"{}\" \/><input type=\"hidden\" name=\"_wpcf7cf_options\" value=\"{&quot;form_id&quot;:4275,&quot;conditions&quot;:[],&quot;settings&quot;:{&quot;animation&quot;:&quot;yes&quot;,&quot;animation_intime&quot;:200,&quot;animation_outtime&quot;:200,&quot;conditions_ui&quot;:&quot;normal&quot;,&quot;notice_dismissed&quot;:false,&quot;notice_dismissed_rollback-cf7-5.8&quot;:true}}\" \/><input type=\"hidden\" name=\"_wpcf7_recaptcha_response\" value=\"\" \/>\n<\/fieldset>\n<div class=\"vc_col-sm-12\"><span class=\"wpcf7-form-control-wrap\" data-name=\"your-name\"><input size=\"40\" maxlength=\"400\" class=\"wpcf7-form-control wpcf7-text wpcf7-validates-as-required\" aria-required=\"true\" aria-invalid=\"false\" placeholder=\"Seu nome\" value=\"\" type=\"text\" name=\"your-name\" \/><\/span> <\/div>\n\n<div class=\"vc_col-sm-12\"><span class=\"wpcf7-form-control-wrap\" data-name=\"your-email\"><input size=\"40\" maxlength=\"400\" class=\"wpcf7-form-control wpcf7-email wpcf7-validates-as-required wpcf7-text wpcf7-validates-as-email\" aria-required=\"true\" aria-invalid=\"false\" placeholder=\"Seu e-mail\" value=\"\" type=\"email\" name=\"your-email\" \/><\/span> <\/div>\n\n<div class=\"vc_col-sm-12\"><span class=\"wpcf7-form-control-wrap\" data-name=\"your-tel\"><input size=\"40\" maxlength=\"400\" class=\"wpcf7-form-control wpcf7-tel wpcf7-text wpcf7-validates-as-tel\" aria-invalid=\"false\" placeholder=\"Tel\u00e9fono\" value=\"\" type=\"tel\" name=\"your-tel\" \/><\/span> <\/div>\n\n<div class=\"vc_col-sm-12\"><span class=\"wpcf7-form-control-wrap\" data-name=\"your-message\"><textarea cols=\"40\" rows=\"10\" maxlength=\"2000\" class=\"wpcf7-form-control wpcf7-textarea\" aria-invalid=\"false\" placeholder=\"Sua mensagem\" name=\"your-message\"><\/textarea><\/span> <\/div>\n\n<div id=\"ocultar-contacto\" class=\"vc_col-sm-12\" >\n  <label class=\"politica-privacidad\"><span class=\"wpcf7-form-control-wrap\" data-name=\"politica\"><span class=\"wpcf7-form-control wpcf7-acceptance\"><span class=\"wpcf7-list-item\"><label><input type=\"checkbox\" name=\"politica\" value=\"1\" aria-invalid=\"false\" \/><span class=\"wpcf7-list-item-label\"><span>Declaro le\u00eddas y aceptadas las condiciones de <a href=\"https:\/\/www.andorra-solutions.com\/es\/politica-privacidad\/\">Aviso legal y Pol\u00edtica de privacidad<\/a><\/span><\/span><\/label><\/span><\/span><\/span><\/label>\n      <\/div>\n<div id=\"captcha-ocultar-contacto\" class=\"vc_col-sm-12 recaptcha-default\"><span class=\"wpcf7-form-control-wrap recaptcha\" data-name=\"recaptcha\"><span data-sitekey=\"6Ldr7D8bAAAAAHajqHUVzCTnjlT5Y_6-LZr7CfKM\" class=\"wpcf7-form-control wpcf7-recaptcha g-recaptcha\"><\/span>\r\n<noscript>\r\n\t<div class=\"grecaptcha-noscript\">\r\n\t\t<iframe loading=\"lazy\" src=\"https:\/\/www.google.com\/recaptcha\/api\/fallback?k=6Ldr7D8bAAAAAHajqHUVzCTnjlT5Y_6-LZr7CfKM\" frameborder=\"0\" scrolling=\"no\" width=\"310\" height=\"430\">\r\n\t\t<\/iframe>\r\n\t\t<textarea name=\"g-recaptcha-response\" rows=\"3\" cols=\"40\" placeholder=\"reCaptcha Response Here\">\r\n\t\t<\/textarea>\r\n\t<\/div>\r\n<\/noscript>\r\n<\/span><\/div>\n<div class=\"vc_col-sm-12\" style=\"margin-top: 20px;\"><p><input class=\"wpcf7-form-control wpcf7-submit has-spinner\" type=\"submit\" value=\"Enviar\" \/><\/p><\/div><div class=\"wpcf7-response-output\" aria-hidden=\"true\"><\/div>\n<\/form>\n<\/div>\n[\/vc_column][vc_column css_animation=&#8221;fadeInRight&#8221; width=&#8221;1\/2&#8243;][vc_custom_heading stm_title_font_weight=&#8221;600&#8243; text=&#8221;Visite-Nos&#8221; el_class=&#8221;corporativo&#8221;][vc_column_text]<iframe loading=\"lazy\" style=\"border: 0;\" tabindex=\"0\" src=\"https:\/\/www.google.com\/maps\/embed?pb=!1m14!1m8!1m3!1d11765.059069381057!2d1.5191437!3d42.5071811!3m2!1i1024!2i768!4f13.1!3m3!1m2!1s0x0%3A0x77ef814b77b3a078!2sAndorra%20Solutions!5e0!3m2!1ses!2ses!4v1612864771270!5m2!1ses!2ses\" width=\"100%\" height=\"330\" frameborder=\"0\" allowfullscreen=\"allowfullscreen\" aria-hidden=\"false\"><span data-mce-type=\"bookmark\" style=\"display: inline-block; width: 0px; overflow: hidden; line-height: 0;\" class=\"mce_SELRES_start\">\ufeff<\/span><\/iframe>[\/vc_column_text][vc_row_inner][vc_column_inner width=&#8221;1\/2&#8243;][vc_custom_heading stm_title_font_weight=&#8221;600&#8243; text=&#8221;Andorra&#8221; font_container=&#8221;tag:h3|text_align:left&#8221; el_class=&#8221;corporativo&#8221;][vc_column_text]Ptge. de l&#8217;Arnaldeta de Caboet 11 &#8211; &#8220;La Torre&#8221;, 2-1<br \/>\nAD700 Escaldes-Engordany<br \/>\nAndorra<br \/>\nTel. AND: 0800 - 0900 - 12[\/vc_column_text][\/vc_column_inner][\/vc_row_inner][\/vc_column][\/vc_row][vc_row][vc_column][vc_empty_space height=&#8221;100px&#8221;][\/vc_column][\/vc_row]<\/p>\n","protected":false},"excerpt":{"rendered":"<p>[vc_row gap=&#8221;35&#8243;][vc_column css_animation=&#8221;fadeInLeft&#8221; width=&#8221;1\/2&#8243;][vc_custom_heading stm_title_font_weight=&#8221;600&#8243; text=&#8221;Formul\u00e1rio de contato&#8221; el_class=&#8221;corporativo&#8221;][vc_column_text] Por favor use o formul\u00e1rio de contato para enviar sua consulta e um de nossos funcion\u00e1rios entrar\u00e1 em contato em breve. Damos uma consulta gratuita via telefone, skype ou via e-mail. [\/vc_column_text][\/vc_column][vc_column css_animation=&#8221;fadeInRight&#8221; width=&#8221;1\/2&#8243;][vc_custom_heading stm_title_font_weight=&#8221;600&#8243; text=&#8221;Visite-Nos&#8221; el_class=&#8221;corporativo&#8221;][vc_column_text]\ufeff[\/vc_column_text][vc_row_inner][vc_column_inner width=&#8221;1\/2&#8243;][vc_custom_heading stm_title_font_weight=&#8221;600&#8243; text=&#8221;Andorra&#8221; font_container=&#8221;tag:h3|text_align:left&#8221; el_class=&#8221;corporativo&#8221;][vc_column_text]Ptge. de l&#8217;Arnaldeta de Caboet<\/p>\n","protected":false},"author":1,"featured_media":0,"parent":0,"menu_order":0,"comment_status":"closed","ping_status":"closed","template":"","meta":{"_monsterinsights_skip_tracking":false,"_monsterinsights_sitenote_active":false,"_monsterinsights_sitenote_note":"","_monsterinsights_sitenote_category":0,"footnotes":""},"class_list":["post-13645","page","type-page","status-publish","hentry"],"acf":[],"yoast_head":"<!-- This site is optimized with the Yoast SEO plugin v25.9 - https:\/\/yoast.com\/wordpress\/plugins\/seo\/ -->\n<title>Entre em contato con ANDORRE INVEST |<\/title>\n<meta name=\"robots\" content=\"index, follow, max-snippet:-1, max-image-preview:large, max-video-preview:-1\" \/>\n<link rel=\"canonical\" href=\"https:\/\/www.andorra-solutions.com\/pt-br\/contato\/\" \/>\n<meta property=\"og:locale\" content=\"pt_BR\" \/>\n<meta property=\"og:type\" content=\"article\" \/>\n<meta property=\"og:title\" content=\"Entre em contato con ANDORRE INVEST |\" \/>\n<meta property=\"og:description\" content=\"[vc_row gap=&#8221;35&#8243;][vc_column css_animation=&#8221;fadeInLeft&#8221; width=&#8221;1\/2&#8243;][vc_custom_heading stm_title_font_weight=&#8221;600&#8243; text=&#8221;Formul\u00e1rio de contato&#8221; el_class=&#8221;corporativo&#8221;][vc_column_text] Por favor use o formul\u00e1rio de contato para enviar sua consulta e um de nossos funcion\u00e1rios entrar\u00e1 em contato em breve. Damos uma consulta gratuita via telefone, skype ou via e-mail. [\/vc_column_text][\/vc_column][vc_column css_animation=&#8221;fadeInRight&#8221; width=&#8221;1\/2&#8243;][vc_custom_heading stm_title_font_weight=&#8221;600&#8243; text=&#8221;Visite-Nos&#8221; el_class=&#8221;corporativo&#8221;][vc_column_text]\ufeff[\/vc_column_text][vc_row_inner][vc_column_inner width=&#8221;1\/2&#8243;][vc_custom_heading stm_title_font_weight=&#8221;600&#8243; text=&#8221;Andorra&#8221; font_container=&#8221;tag:h3|text_align:left&#8221; el_class=&#8221;corporativo&#8221;][vc_column_text]Ptge. de l&#8217;Arnaldeta de Caboet\" \/>\n<meta property=\"og:url\" content=\"https:\/\/www.andorra-solutions.com\/pt-br\/contato\/\" \/>\n<meta property=\"og:site_name\" content=\"ANDORRE INVEST\" \/>\n<meta property=\"article:publisher\" content=\"https:\/\/es-la.facebook.com\/andorrasolutions\/\" \/>\n<meta property=\"article:modified_time\" content=\"2024-11-04T11:33:45+00:00\" \/>\n<meta name=\"twitter:label1\" content=\"Est. tempo de leitura\" \/>\n\t<meta name=\"twitter:data1\" content=\"1 minuto\" \/>\n<!-- \/ Yoast SEO plugin. -->","yoast_head_json":{"title":"Entre em contato con ANDORRE INVEST |","robots":{"index":"index","follow":"follow","max-snippet":"max-snippet:-1","max-image-preview":"max-image-preview:large","max-video-preview":"max-video-preview:-1"},"canonical":"https:\/\/www.andorra-solutions.com\/pt-br\/contato\/","og_locale":"pt_BR","og_type":"article","og_title":"Entre em contato con ANDORRE INVEST |","og_description":"[vc_row gap=&#8221;35&#8243;][vc_column css_animation=&#8221;fadeInLeft&#8221; width=&#8221;1\/2&#8243;][vc_custom_heading stm_title_font_weight=&#8221;600&#8243; text=&#8221;Formul\u00e1rio de contato&#8221; el_class=&#8221;corporativo&#8221;][vc_column_text] Por favor use o formul\u00e1rio de contato para enviar sua consulta e um de nossos funcion\u00e1rios entrar\u00e1 em contato em breve. Damos uma consulta gratuita via telefone, skype ou via e-mail. [\/vc_column_text][\/vc_column][vc_column css_animation=&#8221;fadeInRight&#8221; width=&#8221;1\/2&#8243;][vc_custom_heading stm_title_font_weight=&#8221;600&#8243; text=&#8221;Visite-Nos&#8221; el_class=&#8221;corporativo&#8221;][vc_column_text]\ufeff[\/vc_column_text][vc_row_inner][vc_column_inner width=&#8221;1\/2&#8243;][vc_custom_heading stm_title_font_weight=&#8221;600&#8243; text=&#8221;Andorra&#8221; font_container=&#8221;tag:h3|text_align:left&#8221; el_class=&#8221;corporativo&#8221;][vc_column_text]Ptge. de l&#8217;Arnaldeta de Caboet","og_url":"https:\/\/www.andorra-solutions.com\/pt-br\/contato\/","og_site_name":"ANDORRE INVEST","article_publisher":"https:\/\/es-la.facebook.com\/andorrasolutions\/","article_modified_time":"2024-11-04T11:33:45+00:00","twitter_misc":{"Est. tempo de leitura":"1 minuto"},"schema":{"@context":"https:\/\/schema.org","@graph":[{"@type":"WebPage","@id":"https:\/\/www.andorra-solutions.com\/pt-br\/contato\/","url":"https:\/\/www.andorra-solutions.com\/pt-br\/contato\/","name":"Entre em contato con ANDORRE INVEST |","isPartOf":{"@id":"https:\/\/www.andorra-solutions.com\/pt-br\/#website"},"datePublished":"2015-01-15T07:49:38+00:00","dateModified":"2024-11-04T11:33:45+00:00","breadcrumb":{"@id":"https:\/\/www.andorra-solutions.com\/pt-br\/contato\/#breadcrumb"},"inLanguage":"pt-BR","potentialAction":[{"@type":"ReadAction","target":["https:\/\/www.andorra-solutions.com\/pt-br\/contato\/"]}]},{"@type":"BreadcrumbList","@id":"https:\/\/www.andorra-solutions.com\/pt-br\/contato\/#breadcrumb","itemListElement":[{"@type":"ListItem","position":1,"name":"Home","item":"https:\/\/www.andorra-solutions.com\/pt-br\/"},{"@type":"ListItem","position":2,"name":"Entre em contato con ANDORRE INVEST"}]},{"@type":"WebSite","@id":"https:\/\/www.andorra-solutions.com\/pt-br\/#website","url":"https:\/\/www.andorra-solutions.com\/pt-br\/","name":"ANDORRE INVEST","description":"","publisher":{"@id":"https:\/\/www.andorra-solutions.com\/pt-br\/#organization"},"potentialAction":[{"@type":"SearchAction","target":{"@type":"EntryPoint","urlTemplate":"https:\/\/www.andorra-solutions.com\/pt-br\/?s={search_term_string}"},"query-input":{"@type":"PropertyValueSpecification","valueRequired":true,"valueName":"search_term_string"}}],"inLanguage":"pt-BR"},{"@type":"Organization","@id":"https:\/\/www.andorra-solutions.com\/pt-br\/#organization","name":"ANDORRE INVEST","url":"https:\/\/www.andorra-solutions.com\/pt-br\/","logo":{"@type":"ImageObject","inLanguage":"pt-BR","@id":"https:\/\/www.andorra-solutions.com\/pt-br\/#\/schema\/logo\/image\/","url":"https:\/\/www.andorra-solutions.com\/wp-content\/uploads\/2021\/04\/logo-abast-andorra-solutions-peq.png","contentUrl":"https:\/\/www.andorra-solutions.com\/wp-content\/uploads\/2021\/04\/logo-abast-andorra-solutions-peq.png","width":211,"height":58,"caption":"ANDORRE INVEST"},"image":{"@id":"https:\/\/www.andorra-solutions.com\/pt-br\/#\/schema\/logo\/image\/"},"sameAs":["https:\/\/es-la.facebook.com\/andorrasolutions\/","https:\/\/x.com\/andorrasolution","https:\/\/www.linkedin.com\/company\/andorra-solutions\/","https:\/\/www.youtube.com\/c\/AndorraSolutions"]}]}},"_links":{"self":[{"href":"https:\/\/www.andorra-solutions.com\/pt-br\/wp-json\/wp\/v2\/pages\/13645","targetHints":{"allow":["GET"]}}],"collection":[{"href":"https:\/\/www.andorra-solutions.com\/pt-br\/wp-json\/wp\/v2\/pages"}],"about":[{"href":"https:\/\/www.andorra-solutions.com\/pt-br\/wp-json\/wp\/v2\/types\/page"}],"author":[{"embeddable":true,"href":"https:\/\/www.andorra-solutions.com\/pt-br\/wp-json\/wp\/v2\/users\/1"}],"replies":[{"embeddable":true,"href":"https:\/\/www.andorra-solutions.com\/pt-br\/wp-json\/wp\/v2\/comments?post=13645"}],"version-history":[{"count":2,"href":"https:\/\/www.andorra-solutions.com\/pt-br\/wp-json\/wp\/v2\/pages\/13645\/revisions"}],"predecessor-version":[{"id":18450,"href":"https:\/\/www.andorra-solutions.com\/pt-br\/wp-json\/wp\/v2\/pages\/13645\/revisions\/18450"}],"wp:attachment":[{"href":"https:\/\/www.andorra-solutions.com\/pt-br\/wp-json\/wp\/v2\/media?parent=13645"}],"curies":[{"name":"wp","href":"https:\/\/api.w.org\/{rel}","templated":true}]}}