{"id":14914,"date":"2021-05-06T11:47:28","date_gmt":"2021-05-06T11:47:28","guid":{"rendered":"https:\/\/www.andorra-solutions.com\/10-ventajas-crear-empresa-andorra\/"},"modified":"2022-03-16T12:01:21","modified_gmt":"2022-03-16T12:01:21","slug":"10-raisons-creer-entreprise-andorre","status":"publish","type":"page","link":"https:\/\/www.andorra-solutions.com\/fr\/10-raisons-creer-entreprise-andorre\/","title":{"rendered":"10 raisons de cr\u00e9er une entreprise en Andorre"},"content":{"rendered":"<p>[vc_row css_animation=\u00a0\u00bbfadeIn\u00a0\u00bb][vc_column][vc_column_text el_class=\u00a0\u00bbnegrita-corporativo texto-15px\u00a0\u00bb]Avec cette infographie, ANDORRE INVEST vous expose les raisons pour lesquelles il est tr\u00e8s int\u00e9ressant de cr\u00e9er une entreprise en Andorre et d\u2019y \u00e9tablir sa r\u00e9sidence fiscale. Voici 10 raisons qui vont vous convaincre d\u2019investir en Andorre.<\/p>\n<p>[\/vc_column_text][vc_single_image image=\u00a0\u00bb16823&Prime; img_size=\u00a0\u00bbfull\u00a0\u00bb alignment=\u00a0\u00bbcenter\u00a0\u00bb onclick=\u00a0\u00bbimg_link_large\u00a0\u00bb img_link_target=\u00a0\u00bb_blank\u00a0\u00bb][vc_empty_space][\/vc_column][\/vc_row]<\/p>\n","protected":false},"excerpt":{"rendered":"<p>[vc_row css_animation=\u00a0\u00bbfadeIn\u00a0\u00bb][vc_column][vc_column_text el_class=\u00a0\u00bbnegrita-corporativo texto-15px\u00a0\u00bb]Avec cette infographie, ANDORRE INVEST vous expose les raisons pour lesquelles il est tr\u00e8s int\u00e9ressant de cr\u00e9er une entreprise en Andorre et d\u2019y \u00e9tablir sa r\u00e9sidence fiscale. Voici 10 raisons qui vont vous convaincre d\u2019investir en Andorre. [\/vc_column_text][vc_single_image image=\u00a0\u00bb16823&Prime; img_size=\u00a0\u00bbfull\u00a0\u00bb alignment=\u00a0\u00bbcenter\u00a0\u00bb onclick=\u00a0\u00bbimg_link_large\u00a0\u00bb img_link_target=\u00a0\u00bb_blank\u00a0\u00bb][vc_empty_space][\/vc_column][\/vc_row]<\/p>\n","protected":false},"author":2,"featured_media":0,"parent":0,"menu_order":0,"comment_status":"closed","ping_status":"closed","template":"","meta":{"_monsterinsights_skip_tracking":false,"_monsterinsights_sitenote_active":false,"_monsterinsights_sitenote_note":"","_monsterinsights_sitenote_category":0,"footnotes":""},"class_list":["post-14914","page","type-page","status-publish","hentry"],"acf":[],"yoast_head":"<!-- This site is optimized with the Yoast SEO plugin v25.9 - https:\/\/yoast.com\/wordpress\/plugins\/seo\/ -->\n<title>10 raisons d&#039;investir et cr\u00e9er une entreprise en Andorre<\/title>\n<meta name=\"description\" content=\"ANDORRE INVEST vous expose, au travers d&#039;une infographie, les raisons pour lesquelles il est tr\u00e8s int\u00e9ressant de cr\u00e9er une entreprise en Andorre.\" \/>\n<meta name=\"robots\" content=\"index, follow, max-snippet:-1, max-image-preview:large, max-video-preview:-1\" \/>\n<link rel=\"canonical\" href=\"https:\/\/www.andorra-solutions.com\/fr\/10-raisons-creer-entreprise-andorre\/\" \/>\n<meta property=\"og:locale\" content=\"fr_FR\" \/>\n<meta property=\"og:type\" content=\"article\" \/>\n<meta property=\"og:title\" content=\"10 raisons d&#039;investir et cr\u00e9er une entreprise en Andorre\" \/>\n<meta property=\"og:description\" content=\"ANDORRE INVEST vous expose, au travers d&#039;une infographie, les raisons pour lesquelles il est tr\u00e8s int\u00e9ressant de cr\u00e9er une entreprise en Andorre.\" \/>\n<meta property=\"og:url\" content=\"https:\/\/www.andorra-solutions.com\/fr\/10-raisons-creer-entreprise-andorre\/\" \/>\n<meta property=\"og:site_name\" content=\"ANDORRE INVEST\" \/>\n<meta property=\"article:publisher\" content=\"https:\/\/es-la.facebook.com\/andorrasolutions\/\" \/>\n<meta property=\"article:modified_time\" content=\"2022-03-16T12:01:21+00:00\" \/>\n<meta name=\"twitter:label1\" content=\"Dur\u00e9e de lecture estim\u00e9e\" \/>\n\t<meta name=\"twitter:data1\" content=\"1 minute\" \/>\n<!-- \/ Yoast SEO plugin. -->","yoast_head_json":{"title":"10 raisons d'investir et cr\u00e9er une entreprise en Andorre","description":"ANDORRE INVEST vous expose, au travers d'une infographie, les raisons pour lesquelles il est tr\u00e8s int\u00e9ressant de cr\u00e9er une entreprise en Andorre.","robots":{"index":"index","follow":"follow","max-snippet":"max-snippet:-1","max-image-preview":"max-image-preview:large","max-video-preview":"max-video-preview:-1"},"canonical":"https:\/\/www.andorra-solutions.com\/fr\/10-raisons-creer-entreprise-andorre\/","og_locale":"fr_FR","og_type":"article","og_title":"10 raisons d'investir et cr\u00e9er une entreprise en Andorre","og_description":"ANDORRE INVEST vous expose, au travers d'une infographie, les raisons pour lesquelles il est tr\u00e8s int\u00e9ressant de cr\u00e9er une entreprise en Andorre.","og_url":"https:\/\/www.andorra-solutions.com\/fr\/10-raisons-creer-entreprise-andorre\/","og_site_name":"ANDORRE INVEST","article_publisher":"https:\/\/es-la.facebook.com\/andorrasolutions\/","article_modified_time":"2022-03-16T12:01:21+00:00","twitter_misc":{"Dur\u00e9e de lecture estim\u00e9e":"1 minute"},"schema":{"@context":"https:\/\/schema.org","@graph":[{"@type":"WebPage","@id":"https:\/\/www.andorra-solutions.com\/fr\/10-raisons-creer-entreprise-andorre\/","url":"https:\/\/www.andorra-solutions.com\/fr\/10-raisons-creer-entreprise-andorre\/","name":"10 raisons d'investir et cr\u00e9er une entreprise en Andorre","isPartOf":{"@id":"https:\/\/www.andorra-solutions.com\/fr\/#website"},"datePublished":"2021-05-06T11:47:28+00:00","dateModified":"2022-03-16T12:01:21+00:00","description":"ANDORRE INVEST vous expose, au travers d'une infographie, les raisons pour lesquelles il est tr\u00e8s int\u00e9ressant de cr\u00e9er une entreprise en Andorre.","breadcrumb":{"@id":"https:\/\/www.andorra-solutions.com\/fr\/10-raisons-creer-entreprise-andorre\/#breadcrumb"},"inLanguage":"fr-FR","potentialAction":[{"@type":"ReadAction","target":["https:\/\/www.andorra-solutions.com\/fr\/10-raisons-creer-entreprise-andorre\/"]}]},{"@type":"BreadcrumbList","@id":"https:\/\/www.andorra-solutions.com\/fr\/10-raisons-creer-entreprise-andorre\/#breadcrumb","itemListElement":[{"@type":"ListItem","position":1,"name":"Home","item":"https:\/\/www.andorra-solutions.com\/fr\/"},{"@type":"ListItem","position":2,"name":"10 raisons de cr\u00e9er une entreprise en Andorre"}]},{"@type":"WebSite","@id":"https:\/\/www.andorra-solutions.com\/fr\/#website","url":"https:\/\/www.andorra-solutions.com\/fr\/","name":"ANDORRE INVEST","description":"","publisher":{"@id":"https:\/\/www.andorra-solutions.com\/fr\/#organization"},"potentialAction":[{"@type":"SearchAction","target":{"@type":"EntryPoint","urlTemplate":"https:\/\/www.andorra-solutions.com\/fr\/?s={search_term_string}"},"query-input":{"@type":"PropertyValueSpecification","valueRequired":true,"valueName":"search_term_string"}}],"inLanguage":"fr-FR"},{"@type":"Organization","@id":"https:\/\/www.andorra-solutions.com\/fr\/#organization","name":"ANDORRE INVEST","url":"https:\/\/www.andorra-solutions.com\/fr\/","logo":{"@type":"ImageObject","inLanguage":"fr-FR","@id":"https:\/\/www.andorra-solutions.com\/fr\/#\/schema\/logo\/image\/","url":"https:\/\/www.andorra-solutions.com\/wp-content\/uploads\/2021\/04\/logo-abast-andorra-solutions-peq.png","contentUrl":"https:\/\/www.andorra-solutions.com\/wp-content\/uploads\/2021\/04\/logo-abast-andorra-solutions-peq.png","width":211,"height":58,"caption":"ANDORRE INVEST"},"image":{"@id":"https:\/\/www.andorra-solutions.com\/fr\/#\/schema\/logo\/image\/"},"sameAs":["https:\/\/es-la.facebook.com\/andorrasolutions\/","https:\/\/x.com\/andorrasolution","https:\/\/www.linkedin.com\/company\/andorra-solutions\/","https:\/\/www.youtube.com\/c\/AndorraSolutions"]}]}},"_links":{"self":[{"href":"https:\/\/www.andorra-solutions.com\/fr\/wp-json\/wp\/v2\/pages\/14914","targetHints":{"allow":["GET"]}}],"collection":[{"href":"https:\/\/www.andorra-solutions.com\/fr\/wp-json\/wp\/v2\/pages"}],"about":[{"href":"https:\/\/www.andorra-solutions.com\/fr\/wp-json\/wp\/v2\/types\/page"}],"author":[{"embeddable":true,"href":"https:\/\/www.andorra-solutions.com\/fr\/wp-json\/wp\/v2\/users\/2"}],"replies":[{"embeddable":true,"href":"https:\/\/www.andorra-solutions.com\/fr\/wp-json\/wp\/v2\/comments?post=14914"}],"version-history":[{"count":0,"href":"https:\/\/www.andorra-solutions.com\/fr\/wp-json\/wp\/v2\/pages\/14914\/revisions"}],"wp:attachment":[{"href":"https:\/\/www.andorra-solutions.com\/fr\/wp-json\/wp\/v2\/media?parent=14914"}],"curies":[{"name":"wp","href":"https:\/\/api.w.org\/{rel}","templated":true}]}}