{"id":14138,"date":"2021-05-10T09:57:26","date_gmt":"2021-05-10T09:57:26","guid":{"rendered":"https:\/\/www.andorra-solutions.com\/criptomonedas-andorra\/"},"modified":"2025-07-11T10:39:44","modified_gmt":"2025-07-11T10:39:44","slug":"cryptomonnaie-andorre","status":"publish","type":"page","link":"https:\/\/www.andorra-solutions.com\/fr\/cryptomonnaie-andorre\/","title":{"rendered":"Cryptomonnaie en Andorre"},"content":{"rendered":"<p>[vc_row css_animation=\u00a0\u00bbfadeIn\u00a0\u00bb][vc_column][vc_custom_heading text=\u00a0\u00bbInvestir avec de la cryptomonnaie en Andorre\u00a0\u00bb font_container=\u00a0\u00bbtag:h2|text_align:center\u00a0\u00bb use_theme_fonts=\u00a0\u00bbyes\u00a0\u00bb][vc_custom_heading text=\u00a0\u00bbLes avantages du trading ou du minage de cryptomonnaies en Andorre\u00a0\u00bb use_theme_fonts=\u00a0\u00bbyes\u00a0\u00bb][vc_column_text]Andorre a de nombreux avantages \u00e0 offrir aux jeunes entrepreneurs et aux commer\u00e7ants. Cr\u00e9er une entreprise est attrayant pour plusieurs raisons. La s\u00e9curit\u00e9, l\u2019environnement, la culture, mais aussi la fiscalit\u00e9 font d\u2019Andorre un lieu attractif pour vos activit\u00e9s commerciales. Vous pouvez en lire plus sur les avantages d\u2019Andorre en\u00a0<a href=\"https:\/\/www.andorra-solutions.com\/fr\/avantages-fiscaux-andorre\/\">cliquant ici<\/a>. Cependant, investir dans les cryptomonnaies en Andorre est un sujet \u00e0 traiter ind\u00e9pendamment des facteurs traditionnels qui rendent une juridiction comp\u00e9titive.[\/vc_column_text][vc_custom_heading text=\u00a0\u00bbInvestir dans des cryptomonnaies telles que les \u00ab\u2009bitcoins\u2009\u00bb depuis l\u2019Andorre\u00a0\u00bb use_theme_fonts=\u00a0\u00bbyes\u00a0\u00bb][vc_column_text]Si vous \u00eates un trader qui investit dans des devises num\u00e9riques, vous pouvez bien s\u00fbr continuer \u00e0 faire des op\u00e9rations en tant que r\u00e9sident d\u2019Andorre. La r\u00e9sidence en Andorre est une option attrayante pour diff\u00e9rents profils et styles de vie. Veuillez examiner\u00a0<a href=\"https:\/\/www.andorra-solutions.com\/fr\/situations-clients-solutions-andorre\/\">ici les diff\u00e9rentes options<\/a>\u00a0disponibles pour les personnes actives ainsi que pour les retrait\u00e9s passifs ou les traders.<\/p>\n<p>En tant que r\u00e9sident en Andorre, vous \u00eates soumis \u00e0 l\u2019imp\u00f4t sur le revenu prenant en compte votre revenu mondial. Cependant, il existe des revenus qui peuvent b\u00e9n\u00e9ficier d\u2019exon\u00e9rations fiscales, y compris des gains en capital provenant d\u2019actions cot\u00e9es en bourse, sous certaines conditions. Nous recommandons une analyse initiale de vos activit\u00e9s de trading, de vos types d\u2019investissement et de vos v\u00e9hicules pour \u00e9valuer correctement votre implication fiscale potentielle en Andorre.<\/p>\n<p>Finalement, votre r\u00e9sidence doit \u00eatre conforme aux r\u00e8gles des conventions fiscales internationales, et la d\u00e9finition de la r\u00e9sidence fiscale en Andorre par rapport aux pays voisins est tr\u00e8s claire.[\/vc_column_text][vc_custom_heading text=\u00a0\u00bbLe cadre r\u00e9glementaire des activit\u00e9s li\u00e9es aux cryptomonnaies en Andorre\u00a0\u00bb use_theme_fonts=\u00a0\u00bbyes\u00a0\u00bb][vc_column_text]La l\u00e9gislation et le cadre r\u00e9glementaire pour cryptomonnaie sont encore un territoire inexplor\u00e9 dans une grande partie du monde. Comme les devises, telles que le bitcoin, ont multipli\u00e9 leur valeur au cours derni\u00e8rement, les autorit\u00e9s bancaires et les gouvernements accordent une attention particuli\u00e8re et travaillent sur un cadre r\u00e9glementaire. Les banques ont \u00e9t\u00e9 tr\u00e8s prudentes concernant la conformit\u00e9, car le bitcoin a \u00e9t\u00e9 sp\u00e9cifiquement utilis\u00e9 dans des op\u00e9rations douteuses ou directement \u00e0 des fins de blanchiment d\u2019argent. Andorre, en ce sens, est tr\u00e8s sensible \u00e0 ce sujet avec sa vuln\u00e9rabilit\u00e9 accrue en tant que petit pays et petit syst\u00e8me financier ind\u00e9pendant de la BCE. Le renforcement de la conformit\u00e9 et la vigilance constante pour \u00e9viter tout incident ont \u00e9galement un impact sur l\u2019attitude g\u00e9n\u00e9rale \u00e0 l\u2019\u00e9gard de toute entreprise ou activit\u00e9 commerciale ayant recours aux cryptomonnaies.<\/p>\n<p>L\u2019organisme de r\u00e9glementation et de surveillance financi\u00e8re d\u2019Andorre, appel\u00e9 INAF, suit de pr\u00e8s les d\u00e9veloppements, mais ne s\u2019est pas encore formellement prononc\u00e9 sur les r\u00e8gles de cr\u00e9ation d\u2019entreprises li\u00e9es aux cryptomonnaies. L\u2019association professionnelle locale a adopt\u00e9 une approche proactive pour encourager les autorit\u00e9s andorranes \u00e0 \u00e9tablir un cadre juridique et \u00e0 r\u00e9duire l\u2019incertitude pour les entreprises sp\u00e9cialis\u00e9es dans les ICO, la technologie blockchain et les activit\u00e9s de minage qui souhaitent s\u2019implanter en Andorre.[\/vc_column_text][vc_custom_heading text=\u00a0\u00bbD\u00e9veloppements r\u00e9glementaires\u00a0\u00bb use_theme_fonts=\u00a0\u00bbyes\u00a0\u00bb][vc_column_text]Un nouveau cadre r\u00e9glementaire est attendu d&rsquo;ici 2023, offrant des avantages pour attirer et faciliter les investissements, les ICO et les projets li\u00e9s \u00e0 la technologie de blockchain. Le parlement andorran devrait l\u00e9gif\u00e9rer courant 2022 sur la nouvelle loi qui entrera en vigueur par la suite.[\/vc_column_text][vc_custom_heading text=\u00a0\u00bbLe minage de cryptomonnaies en Andorre\u00a0\u00bb use_theme_fonts=\u00a0\u00bbyes\u00a0\u00bb][vc_column_text]Outre le mode de vie et les avantages fiscaux, Andorre peut \u00e9galement fournir l\u2019infrastructure ad\u00e9quate pour cette activit\u00e9 future qui prend de plus en plus d\u2019importance. Selon les chiffres officiels d\u2019Eurostat, Andorre pr\u00e9senterait l\u2019un des services \u00e9lectriques les plus bas d\u2019Europe. La petite principaut\u00e9 a un prix de 0,134 euro pour le kilowatt par heure (kWh), tandis que la moyenne en Europe est sup\u00e9rieure \u00e0 0,20 euro pour un kilowatt-heure.<\/p>\n<p>En dehors de cela, l\u2019infrastructure \u00e9lectrique d\u2019Andorre est extr\u00eamement stable et les coupures de courant ou les temps d\u2019arr\u00eat sont plut\u00f4t rares en comparaison avec l\u2019Espagne par exemple.<\/p>\n<p>La propri\u00e9t\u00e9 industrielle est disponible \u00e0 la location et l\u2019infrastructure serveur et informatique peut \u00eatre install\u00e9e dans des conditions appropri\u00e9es.<\/p>\n<p>Enfin, Andorre offre une couverture par fibre optique partout, ce que tr\u00e8s peu de pays peuvent offrir.<\/p>\n<p>Ces facteurs et bien d\u2019autres li\u00e9s \u00e0 votre style de vie peuvent faire d\u2019Andorre une destination appropri\u00e9e pour votre projet de cryptomonnaie\/monnaie num\u00e9rique.<\/p>\n<p>Contactez-nous d\u00e8s aujourd\u2019hui pour \u00e9valuer votre projet.[\/vc_column_text][vc_custom_heading text=\u00a0\u00bbComment les cryptomonnaies sont-elles tax\u00e9es en Andorre ?\u00a0\u00bb use_theme_fonts=\u00a0\u00bbyes\u00a0\u00bb][vc_column_text]Les plus-values \u200b\u200bissues du trading de cryptomonnaies sont impos\u00e9es au taux maximum d&rsquo;imp\u00f4t sur le revenue (10%) des personnes physiques en Andorre. Les gains sont calcul\u00e9s comme suit : lors de l&rsquo;achat ou de la vente d&rsquo;une cryptomonnaie, le d\u00e9tenteur obtient un gain\/une perte en capital calcul\u00e9 comme la valeur de la cryptomonnaie dans la transaction de vente moins la valeur de l&rsquo;achat. Dans la d\u00e9claration fiscale, les gains et les pertes de toutes les transactions peuvent \u00eatre compens\u00e9s et le revenu net\/revenu imposable soumis \u00e0 une imposition de 10 % est obtenu. Il est possible d&rsquo;inclure les frais de transaction.[\/vc_column_text][vc_custom_heading text=\u00a0\u00bbComment puis-je devenir r\u00e9sident en Andorre en tant qu&rsquo;investisseur et trader de cryptomonnaie ?\u00a0\u00bb use_theme_fonts=\u00a0\u00bbyes\u00a0\u00bb][vc_column_text]Il existe plusieurs types de r\u00e9sidence. En fonction de votre profil, nous pouvons vous recommander une r\u00e9sidence passive ou \u00e0 but non lucratif comme profil plus ais\u00e9 ou <a href=\"https:\/\/www.andorra-solutions.com\/fr\/residence-fiscale-andorre\/\">une r\u00e9sidence active en Andorre<\/a> pour un profil ayant une activit\u00e9 commerciale.[\/vc_column_text][vc_custom_heading text=\u00a0\u00bbQuelle est la position du syst\u00e8me bancaire andorran par rapport \u00e0 la crypto et \u00e0 la blockchain ?\u00a0\u00bb use_theme_fonts=\u00a0\u00bbyes\u00a0\u00bb][vc_column_text]Les banques andorranes h\u00e9sitent encore \u00e0 trop s&rsquo;exposer aux crypto actifs. Avec son petit syst\u00e8me financier vuln\u00e9rable \u00e0 tout risque potentiel tel que les probl\u00e8mes li\u00e9s au blanchiment d&rsquo;argent, Andorra a mis en place une politique de LBC (lutte contre le blanchiment de capitaux) stricte, rejetant ainsi parfois de v\u00e9ritables projets.[\/vc_column_text][vc_custom_heading text=\u00a0\u00bbQuel est l&rsquo;avenir des projets li\u00e9s \u00e0 la crypto et \u00e0 la blockchain en Andorre ?\u00a0\u00bb use_theme_fonts=\u00a0\u00bbyes\u00a0\u00bb][vc_column_text]Le gouvernement andorran veut positionner le pays comme une juridiction progressiste pour promouvoir la technologie blockchain. Il est tr\u00e8s probable qu&rsquo;avec l&rsquo;avanc\u00e9e de la l\u00e9gislation et des normes LBC dans le secteur financier r\u00e9glement\u00e9, il y aura un environnement de plus en plus favorable \u00e0 la cryptographie dans ce qui est aujourd&rsquo;hui d\u00e9j\u00e0 l&rsquo;un des environnements fiscaux les plus comp\u00e9titifs d&rsquo;Europe occidentale.[\/vc_column_text][vc_empty_space][\/vc_column][\/vc_row]<\/p>\n","protected":false},"excerpt":{"rendered":"<p>[vc_row css_animation=\u00a0\u00bbfadeIn\u00a0\u00bb][vc_column][vc_custom_heading text=\u00a0\u00bbInvestir avec de la cryptomonnaie en Andorre\u00a0\u00bb font_container=\u00a0\u00bbtag:h2|text_align:center\u00a0\u00bb use_theme_fonts=\u00a0\u00bbyes\u00a0\u00bb][vc_custom_heading text=\u00a0\u00bbLes avantages du trading ou du minage de cryptomonnaies en Andorre\u00a0\u00bb use_theme_fonts=\u00a0\u00bbyes\u00a0\u00bb][vc_column_text]Andorre a de nombreux avantages \u00e0 offrir aux jeunes entrepreneurs et aux commer\u00e7ants. Cr\u00e9er une entreprise est attrayant pour plusieurs raisons. La s\u00e9curit\u00e9, l\u2019environnement, la culture, mais aussi la fiscalit\u00e9 font d\u2019Andorre un<\/p>\n","protected":false},"author":2,"featured_media":0,"parent":0,"menu_order":0,"comment_status":"closed","ping_status":"closed","template":"","meta":{"_monsterinsights_skip_tracking":false,"_monsterinsights_sitenote_active":false,"_monsterinsights_sitenote_note":"","_monsterinsights_sitenote_category":0,"footnotes":""},"class_list":["post-14138","page","type-page","status-publish","hentry"],"acf":[],"yoast_head":"<!-- This site is optimized with the Yoast SEO plugin v25.9 - https:\/\/yoast.com\/wordpress\/plugins\/seo\/ -->\n<title>Cryptomonnaie en Andorre - Investir ou mining an Andorre<\/title>\n<meta name=\"description\" content=\"Quel avenir pour les cryptomonnaies en Andorre ? La r\u00e9glementation r\u00e9gissant l&#039;investissement ou le minage en Andorre restent \u00e0 d\u00e9finir.\" \/>\n<meta name=\"robots\" content=\"index, follow, max-snippet:-1, max-image-preview:large, max-video-preview:-1\" \/>\n<link rel=\"canonical\" href=\"https:\/\/www.andorra-solutions.com\/fr\/cryptomonnaie-andorre\/\" \/>\n<meta property=\"og:locale\" content=\"fr_FR\" \/>\n<meta property=\"og:type\" content=\"article\" \/>\n<meta property=\"og:title\" content=\"Cryptomonnaie en Andorre - Investir ou mining an Andorre\" \/>\n<meta property=\"og:description\" content=\"Quel avenir pour les cryptomonnaies en Andorre ? La r\u00e9glementation r\u00e9gissant l&#039;investissement ou le minage en Andorre restent \u00e0 d\u00e9finir.\" \/>\n<meta property=\"og:url\" content=\"https:\/\/www.andorra-solutions.com\/fr\/cryptomonnaie-andorre\/\" \/>\n<meta property=\"og:site_name\" content=\"ANDORRE INVEST\" \/>\n<meta property=\"article:publisher\" content=\"https:\/\/es-la.facebook.com\/andorrasolutions\/\" \/>\n<meta property=\"article:modified_time\" content=\"2025-07-11T10:39:44+00:00\" \/>\n<meta name=\"twitter:label1\" content=\"Dur\u00e9e de lecture estim\u00e9e\" \/>\n\t<meta name=\"twitter:data1\" content=\"5 minutes\" \/>\n<!-- \/ Yoast SEO plugin. -->","yoast_head_json":{"title":"Cryptomonnaie en Andorre - Investir ou mining an Andorre","description":"Quel avenir pour les cryptomonnaies en Andorre ? La r\u00e9glementation r\u00e9gissant l'investissement ou le minage en Andorre restent \u00e0 d\u00e9finir.","robots":{"index":"index","follow":"follow","max-snippet":"max-snippet:-1","max-image-preview":"max-image-preview:large","max-video-preview":"max-video-preview:-1"},"canonical":"https:\/\/www.andorra-solutions.com\/fr\/cryptomonnaie-andorre\/","og_locale":"fr_FR","og_type":"article","og_title":"Cryptomonnaie en Andorre - Investir ou mining an Andorre","og_description":"Quel avenir pour les cryptomonnaies en Andorre ? La r\u00e9glementation r\u00e9gissant l'investissement ou le minage en Andorre restent \u00e0 d\u00e9finir.","og_url":"https:\/\/www.andorra-solutions.com\/fr\/cryptomonnaie-andorre\/","og_site_name":"ANDORRE INVEST","article_publisher":"https:\/\/es-la.facebook.com\/andorrasolutions\/","article_modified_time":"2025-07-11T10:39:44+00:00","twitter_misc":{"Dur\u00e9e de lecture estim\u00e9e":"5 minutes"},"schema":{"@context":"https:\/\/schema.org","@graph":[{"@type":"WebPage","@id":"https:\/\/www.andorra-solutions.com\/fr\/cryptomonnaie-andorre\/","url":"https:\/\/www.andorra-solutions.com\/fr\/cryptomonnaie-andorre\/","name":"Cryptomonnaie en Andorre - Investir ou mining an Andorre","isPartOf":{"@id":"https:\/\/www.andorra-solutions.com\/fr\/#website"},"datePublished":"2021-05-10T09:57:26+00:00","dateModified":"2025-07-11T10:39:44+00:00","description":"Quel avenir pour les cryptomonnaies en Andorre ? La r\u00e9glementation r\u00e9gissant l'investissement ou le minage en Andorre restent \u00e0 d\u00e9finir.","breadcrumb":{"@id":"https:\/\/www.andorra-solutions.com\/fr\/cryptomonnaie-andorre\/#breadcrumb"},"inLanguage":"fr-FR","potentialAction":[{"@type":"ReadAction","target":["https:\/\/www.andorra-solutions.com\/fr\/cryptomonnaie-andorre\/"]}]},{"@type":"BreadcrumbList","@id":"https:\/\/www.andorra-solutions.com\/fr\/cryptomonnaie-andorre\/#breadcrumb","itemListElement":[{"@type":"ListItem","position":1,"name":"Home","item":"https:\/\/www.andorra-solutions.com\/fr\/"},{"@type":"ListItem","position":2,"name":"Cryptomonnaie en Andorre"}]},{"@type":"WebSite","@id":"https:\/\/www.andorra-solutions.com\/fr\/#website","url":"https:\/\/www.andorra-solutions.com\/fr\/","name":"ANDORRE INVEST","description":"","publisher":{"@id":"https:\/\/www.andorra-solutions.com\/fr\/#organization"},"potentialAction":[{"@type":"SearchAction","target":{"@type":"EntryPoint","urlTemplate":"https:\/\/www.andorra-solutions.com\/fr\/?s={search_term_string}"},"query-input":{"@type":"PropertyValueSpecification","valueRequired":true,"valueName":"search_term_string"}}],"inLanguage":"fr-FR"},{"@type":"Organization","@id":"https:\/\/www.andorra-solutions.com\/fr\/#organization","name":"ANDORRE INVEST","url":"https:\/\/www.andorra-solutions.com\/fr\/","logo":{"@type":"ImageObject","inLanguage":"fr-FR","@id":"https:\/\/www.andorra-solutions.com\/fr\/#\/schema\/logo\/image\/","url":"https:\/\/www.andorra-solutions.com\/wp-content\/uploads\/2021\/04\/logo-abast-andorra-solutions-peq.png","contentUrl":"https:\/\/www.andorra-solutions.com\/wp-content\/uploads\/2021\/04\/logo-abast-andorra-solutions-peq.png","width":211,"height":58,"caption":"ANDORRE INVEST"},"image":{"@id":"https:\/\/www.andorra-solutions.com\/fr\/#\/schema\/logo\/image\/"},"sameAs":["https:\/\/es-la.facebook.com\/andorrasolutions\/","https:\/\/x.com\/andorrasolution","https:\/\/www.linkedin.com\/company\/andorra-solutions\/","https:\/\/www.youtube.com\/c\/AndorraSolutions"]}]}},"_links":{"self":[{"href":"https:\/\/www.andorra-solutions.com\/fr\/wp-json\/wp\/v2\/pages\/14138","targetHints":{"allow":["GET"]}}],"collection":[{"href":"https:\/\/www.andorra-solutions.com\/fr\/wp-json\/wp\/v2\/pages"}],"about":[{"href":"https:\/\/www.andorra-solutions.com\/fr\/wp-json\/wp\/v2\/types\/page"}],"author":[{"embeddable":true,"href":"https:\/\/www.andorra-solutions.com\/fr\/wp-json\/wp\/v2\/users\/2"}],"replies":[{"embeddable":true,"href":"https:\/\/www.andorra-solutions.com\/fr\/wp-json\/wp\/v2\/comments?post=14138"}],"version-history":[{"count":2,"href":"https:\/\/www.andorra-solutions.com\/fr\/wp-json\/wp\/v2\/pages\/14138\/revisions"}],"predecessor-version":[{"id":18951,"href":"https:\/\/www.andorra-solutions.com\/fr\/wp-json\/wp\/v2\/pages\/14138\/revisions\/18951"}],"wp:attachment":[{"href":"https:\/\/www.andorra-solutions.com\/fr\/wp-json\/wp\/v2\/media?parent=14138"}],"curies":[{"name":"wp","href":"https:\/\/api.w.org\/{rel}","templated":true}]}}