{"id":13346,"date":"2021-04-26T07:53:04","date_gmt":"2021-04-26T07:53:04","guid":{"rendered":"https:\/\/www.andorra-solutions.com\/invest-in-andorra\/"},"modified":"2022-03-18T14:20:17","modified_gmt":"2022-03-18T14:20:17","slug":"investir-andorre","status":"publish","type":"page","link":"https:\/\/www.andorra-solutions.com\/fr\/investir-andorre\/","title":{"rendered":"Investir en Andorre"},"content":{"rendered":"<p>[vc_row css_animation=\u00a0\u00bbfadeIn\u00a0\u00bb][vc_column][vc_custom_heading text=\u00a0\u00bbPourquoi investir en Andorre ?\u00a0\u00bb font_container=\u00a0\u00bbtag:h2|text_align:center\u00a0\u00bb use_theme_fonts=\u00a0\u00bbyes\u00a0\u00bb el_class=\u00a0\u00bbcorporativo\u00a0\u00bb][vc_custom_heading text=\u00a0\u00bbStabilit\u00e9 politique et l\u00e9gislative\u00a0\u00bb use_theme_fonts=\u00a0\u00bbyes\u00a0\u00bb][vc_column_text]L\u2019Andorre est l\u2019un des plus vieux pays du monde. Depuis sa fondation en 1278, l\u2019Andorre n\u2019a jamais vu ses fronti\u00e8res modifi\u00e9es, n\u2019a jamais \u00e9t\u00e9 envahie ou m\u00eame impliqu\u00e9e dans une guerre. Ce petit pays, voisin de l\u2019Espagne et de la France, est rest\u00e9 neutre et a gard\u00e9 des relations pacifiques avec les autres pays depuis plus de 700 ans. Cela en dit long sur sa stabilit\u00e9 politique et l\u00e9gale qui est un aspect fondamental pour tout investissement en territoire \u00e9tranger.[\/vc_column_text][vc_empty_space height=\u00a0\u00bb15px\u00a0\u00bb][vc_custom_heading text=\u00a0\u00bbUne \u00e9conomie qui souhaite attirer les investissements \u00e9trangers\u00a0\u00bb use_theme_fonts=\u00a0\u00bbyes\u00a0\u00bb][vc_column_text]Depuis 2012, plusieurs r\u00e9formes \u00e9conomiques ont \u00e9t\u00e9 adopt\u00e9es dans le but d\u2019attirer les investissements \u00e9trangers et les entreprises souhaitant s\u2019installer en Andorre. L\u2019Andorre est un pays tr\u00e8s ouvert aux capitaux \u00e9trangers (propri\u00e9t\u00e9 \u00e9trang\u00e8re incluse). Il n\u2019y a aucune restriction dans aucun secteur.[\/vc_column_text][vc_empty_space height=\u00a0\u00bb15px\u00a0\u00bb][vc_custom_heading text=\u00a0\u00bbL\u2019une des r\u00e9gions les moins tax\u00e9es en Europe et \u00e0 travers le monde\u00a0\u00bb use_theme_fonts=\u00a0\u00bbyes\u00a0\u00bb][vc_column_text]La\u00a0<a href=\"https:\/\/www.andorra-solutions.com\/fr\/avantages-fiscaux-andorre\/\">politique fiscale de l\u2019Andorre<\/a>\u00a0est l\u2019une des plus favorables \u00e0 travers le monde. Un taux d\u2019imp\u00f4t sur le revenu se situant entre 5% et 10%, un imp\u00f4t pour les entreprises allant de 2% \u00e0 10%, ainsi qu\u2019une taxe sur valeur ajout\u00e9e la plus basse d\u2019Europe conf\u00e8rent un s\u00e9rieux avantage comp\u00e9titif \u00e0 ce pays et in\u00e9gal\u00e9 en Europe.[\/vc_column_text][vc_empty_space height=\u00a0\u00bb15px\u00a0\u00bb][\/vc_column][\/vc_row][vc_row css_animation=\u00a0\u00bbfadeIn\u00a0\u00bb][vc_column width=\u00a0\u00bb1\/2&Prime;][vc_custom_heading text=\u00a0\u00bbL\u2019emplacement, un facteur cl\u00e9\u00a0\u00bb use_theme_fonts=\u00a0\u00bbyes\u00a0\u00bb][vc_column_text]Pour toute entreprise qui fait des \u00e9changes, l\u2019emplacement est primordial. L\u2019Andorre se classe parmi les premiers pays dans ce domaine gr\u00e2ce notamment \u00e0 ses infrastructures et ses moyens de t\u00e9l\u00e9communication, ses nombreux bureaux disponibles, son syst\u00e8me de sant\u00e9, ses \u00e9coles de qualit\u00e9 ainsi que son acc\u00e8s toujours plus facile.<\/p>\n<p>Comme mentionn\u00e9 pr\u00e9c\u00e9demment, on se rend facilement en Andorre. La Principaut\u00e9 se trouve seulement \u00e0 2 heures des grandes villes Barcelone et Toulouse, et si vous d\u00e9cidez de vous y rendre en h\u00e9licopt\u00e8re ou bien de prendre un vol local, le temps de trajet n\u2019est plus que de 20 minutes. Ainsi, vous atteindrez l\u2019Andorre plus facilement d\u2019une ville europ\u00e9enne majeure que depuis Malte ou Chypre par exemple, \u00e9tant donn\u00e9 que l\u2019Andorre se trouve entre la troisi\u00e8me et la cinqui\u00e8me \u00e9conomie de l\u2019Union Europ\u00e9enne, respectivement la France et l\u2019Espagne.<\/p>\n<p>Les investisseurs et\u00a0<a href=\"https:\/\/www.andorra-solutions.com\/fr\/residence-fiscale-andorre\/\">r\u00e9sidents de l\u2019Andorre<\/a> sauront trouver des avantages uniques en ce pays. La Principaut\u00e9 se classe en troisi\u00e8me position lorsque l\u2019on s\u2019int\u00e9resse \u00e0 l\u2019esp\u00e9rance de vie puisque la s\u00e9curit\u00e9 prime, le crime est quasi-inexistant, la qualit\u00e9 de vie est tr\u00e8s bonne (de bons syst\u00e8mes d&rsquo;\u00e9ducation et de sant\u00e9, la qualit\u00e9 de l\u2019air etc.). De plus, si vous aimez les montagnes, vous ne pourrez trouver de meilleur endroit pour vous installer. Si ce paysage finit par vous lasser, vous pouvez alors vous rendre en seulement deux heures de route sur l\u2019une des plages de Barcelone et savourer la mer M\u00e9diterran\u00e9e.[\/vc_column_text][vc_empty_space height=\u00a0\u00bb15px\u00a0\u00bb][\/vc_column][vc_column width=\u00a0\u00bb1\/2&Prime;][vc_empty_space height=\u00a0\u00bb70px\u00a0\u00bb][vc_single_image image=\u00a0\u00bb13282&Prime; img_size=\u00a0\u00bb900&#215;500&Prime; alignment=\u00a0\u00bbcenter\u00a0\u00bb][\/vc_column][\/vc_row][vc_row css_animation=\u00a0\u00bbfadeIn\u00a0\u00bb][vc_column][vc_custom_heading text=\u00a0\u00bbLe syst\u00e8me financier\u00a0\u00bb use_theme_fonts=\u00a0\u00bbyes\u00a0\u00bb][vc_column_text]L\u2019Andorre utilise l\u2019euro comme monnaie officielle. Ses cinq banques nationales sont parmi les plus rentables en Europe et se conforment rigoureusement aux normes internationales en mati\u00e8re de blanchiment d\u2019argent. Il est vrai que le pass\u00e9 de l\u2019Andorre est entach\u00e9 par des histoires d\u2019argent cach\u00e9\u00a0en Andorre dans les ann\u00e9es 90 mais les investigations men\u00e9es par le gouvernement espagnol ont transform\u00e9 ce pays en l\u2019une des juridictions financi\u00e8res les plus strictes d\u2019Europe. Cela assure la durabilit\u00e9 de son syst\u00e8me financier et devient ainsi une force motrice pour l\u2019ouverture de son \u00e9conomie aux capitaux \u00e9trangers.[\/vc_column_text][vc_empty_space height=\u00a0\u00bb15px\u00a0\u00bb][vc_custom_heading text=\u00a0\u00bbComment faire pour investir en Andorre ?\u00a0\u00bb font_container=\u00a0\u00bbtag:h2|text_align:center\u00a0\u00bb use_theme_fonts=\u00a0\u00bbyes\u00a0\u00bb el_class=\u00a0\u00bbcorporativo\u00a0\u00bb][vc_custom_heading text=\u00a0\u00bbD\u00e9tenir une soci\u00e9t\u00e9 holding ou une entreprise d\u2019import-export\u00a0\u00bb use_theme_fonts=\u00a0\u00bbyes\u00a0\u00bb][vc_column_text]\u00c9largissez votre commerce international en \u00e9tablissant une\u00a0<a href=\"https:\/\/www.andorra-solutions.com\/fr\/societe-commerce-international-andorre\/\">compagnie d\u2019import-export<\/a>\u00a0en Andorre, puisque les taxes commerciales ne se situent qu\u2019entre 2% et 10%. Vous pouvez encore \u00e9tablir une soci\u00e9t\u00e9 holding pour vos investissements internationaux qui eux seront exempts d\u2019imp\u00f4ts, tout comme le sont les dividendes pour les r\u00e9sidents de l\u2019Andorre.[\/vc_column_text][vc_empty_space height=\u00a0\u00bb15px\u00a0\u00bb][\/vc_column][\/vc_row][vc_row css_animation=\u00a0\u00bbfadeIn\u00a0\u00bb][vc_column width=\u00a0\u00bb1\/2&Prime;][vc_empty_space height=\u00a0\u00bb30px\u00a0\u00bb][vc_single_image image=\u00a0\u00bb13221&Prime; img_size=\u00a0\u00bb1000&#215;400&Prime;][\/vc_column][vc_column width=\u00a0\u00bb1\/2&Prime;][vc_custom_heading text=\u00a0\u00bbInvestir dans l\u2019immobilier en Andorre\u00a0\u00bb use_theme_fonts=\u00a0\u00bbyes\u00a0\u00bb][vc_column_text]Durant la p\u00e9riode de la crise \u00e9conomique en Espagne, c\u2019est-\u00e0-dire entre 2008 et 2013, les prix des biens immobiliers ont diminu\u00e9 de mani\u00e8re cons\u00e9quente en Andorre. Depuis, gr\u00e2ce \u00e0 une ouverture sans cesse grandissante de l\u2019\u00e9conomie andorrane, \u00e0 une reprise timide mais soutenue de l\u2019\u00e9conomie espagnole, ainsi qu\u2019\u00e0 une augmentation g\u00e9n\u00e9rale de la demande en provenance des pays comme la Chine, la Russie, le Royaume-Uni et la France, ont provoqu\u00e9 une hausse constante des prix, surtout dans le march\u00e9 haut-de-gamme, rendant ainsi tout investissement tr\u00e8s int\u00e9ressant.<\/p>\n<p>Il est \u00e9vident qu\u2019un plus grand nombre d\u2019investissements directs \u00e9trangers entrainera une demande accrue pour des propri\u00e9t\u00e9s r\u00e9sidentielles, puisque pour toute cr\u00e9ation d\u2019entreprise des exigences de substance sont requises m\u00eame pour le cas de petites entreprises enregistr\u00e9es au sein de r\u00e9sidences priv\u00e9es. La demande de r\u00e9sidences ou appartements priv\u00e9s va continuer \u00e0 progresser. De plus, suite aux multiples initiatives men\u00e9es par le gouvernement andorran pour attirer les touristes et les entreprises, les premi\u00e8res retomb\u00e9es \u00e9conomiques comme la stabilisation et une croissance durable du march\u00e9 immobilier se font ressentir et ce malgr\u00e9 les fluctuations saisonni\u00e8res.<\/p>\n<p>[\/vc_column_text][vc_empty_space height=\u00a0\u00bb15px\u00a0\u00bb][\/vc_column][\/vc_row][vc_row css_animation=\u00a0\u00bbfadeIn\u00a0\u00bb][vc_column][vc_custom_heading text=\u00a0\u00bbInvestir dans votre bonheur personnel\u00a0\u00bb use_theme_fonts=\u00a0\u00bbyes\u00a0\u00bb][vc_column_text]En plus du retour financier positif, les investisseurs qui cherchent \u00e0 s\u2019installer en Andorre prennent \u00e9galement d\u2019autres crit\u00e8res en compte, comme la qualit\u00e9 de vie, la fiscalit\u00e9 et l\u2019accessibilit\u00e9 du pays. L\u2019Andorre est ainsi tr\u00e8s attractive au vu de sa qualit\u00e9 de vie imbattable, un imp\u00f4t sur le revenu tr\u00e8s bas, des exemptions d\u2019imp\u00f4t sur les dividendes per\u00e7us, sans oublier sa proximit\u00e9 avec les grands centres urbains europ\u00e9ens. Par ailleurs, les pays non-membres de l\u2019Union Europ\u00e9enne b\u00e9n\u00e9ficient eux aussi de la possibilit\u00e9 de voyager sans visa dans les pays de l\u2019espace Schengen. Les centres culturels majeurs comme la France, l\u2019Espagne et l\u2019Italie sont facilement accessibles par voie des a\u00e9rienne ou terrestre. L\u2019Andorre est la solution id\u00e9ale qui combine les paysages montagneux des Pyr\u00e9n\u00e9es et la mer M\u00e9diterran\u00e9e.[\/vc_column_text][vc_empty_space height=\u00a0\u00bb15px\u00a0\u00bb][vc_custom_heading text=\u00a0\u00bbQuel futur pour l\u2019Andorre et ses investisseurs ?\u00a0\u00bb font_container=\u00a0\u00bbtag:h2|text_align:center\u00a0\u00bb use_theme_fonts=\u00a0\u00bbyes\u00a0\u00bb el_class=\u00a0\u00bbcorporativo\u00a0\u00bb][\/vc_column][\/vc_row][vc_row css_animation=\u00a0\u00bbfadeIn\u00a0\u00bb][vc_column width=\u00a0\u00bb1\/2&Prime;][vc_column_text]L\u2019Andorre a entam\u00e9 des proc\u00e9dures importantes pour l\u2019ouverture et l\u2019harmonisation de son \u00e9conomie avec celles du reste du monde, sans possibilit\u00e9 de faire machine arri\u00e8re. Malgr\u00e9 l\u2019ajustement de sa politique fiscale avec les r\u00e8gles de l\u2019OCDE, l\u2019Andorre reste un pays tr\u00e8s attractif et comp\u00e9titif aussi bien pour les entreprises que pour les particuliers. De plus, son \u00e9conomie offre d\u00e9sormais plus d\u2019opportunit\u00e9s que jamais gr\u00e2ce \u00e0 la signature de plusieurs\u00a0<a href=\"https:\/\/www.andorra-solutions.com\/fr\/conventions-fiscales-double-imposition-andorre\/\">trait\u00e9s contre la double taxation<\/a>\u00a0avec l\u2019Espagne, la France, le Portugal, le Luxembourg, le Liechtenstein, la Malte, la Chypre, les \u00c9mirats arabes unis, le Saint-Marin et plusieurs autres sont en cours.<\/p>\n<p>Par ailleurs, l\u2019Andorre est en train de n\u00e9gocier un contrat d\u2019association avec l\u2019Union Europ\u00e9enne. Cependant, cela ne signifie pas qu\u2019elle entre dans la Communaut\u00e9, mais plut\u00f4t que le pays va b\u00e9n\u00e9ficier de certains avantages tels que la libre circulation de biens (m\u00eame si techniquement la libre circulation est d\u00e9j\u00e0 en vigueur), voire m\u00eame potentiellement le libre \u00e9change d\u2019\u00e9tudiants et de main-d\u2019\u0153uvre comme le souhaite la Banque Centrale Europ\u00e9enne (BCE), l\u2019Andorre devenant ainsi un membre \u00e0 part enti\u00e8re de l\u2019espace Schengen.<\/p>\n<p>Tous ces d\u00e9veloppements vont \u00eatre avoir une influence positive sur l\u2019Andorre en tant que pays r\u00e9cepteur d\u2019investissements \u00e9trangers. Il va sans dire que la croissance andorrane sera certainement moins prononc\u00e9e que dans certains pays \u00ab\u00a0en d\u00e9veloppement\u00a0\u00bb du Moyen-Orient ou de la zone m\u00e9diterran\u00e9enne o\u00f9 la pression fiscale est moins forte, mais elle y sera nettement plus durable. Le fait est que l\u2019Andorre se conforme fortement aux politiques de lutte contre le blanchiment d\u2019argent et le pays met en places les directives du projet BEPS de l\u2019OCDE, la pr\u00e9parant ainsi parfaitement \u00e0 accueillir les investisseurs.[\/vc_column_text][vc_empty_space height=\u00a0\u00bb40px\u00a0\u00bb][\/vc_column][vc_column width=\u00a0\u00bb1\/2&Prime;][vc_single_image image=\u00a0\u00bb12229&Prime; img_size=\u00a0\u00bb900&#215;500&Prime;][\/vc_column][\/vc_row][vc_column][\/vc_column]<\/p>\n","protected":false},"excerpt":{"rendered":"<p>[vc_row css_animation=\u00a0\u00bbfadeIn\u00a0\u00bb][vc_column][vc_custom_heading text=\u00a0\u00bbPourquoi investir en Andorre ?\u00a0\u00bb font_container=\u00a0\u00bbtag:h2|text_align:center\u00a0\u00bb use_theme_fonts=\u00a0\u00bbyes\u00a0\u00bb el_class=\u00a0\u00bbcorporativo\u00a0\u00bb][vc_custom_heading text=\u00a0\u00bbStabilit\u00e9 politique et l\u00e9gislative\u00a0\u00bb use_theme_fonts=\u00a0\u00bbyes\u00a0\u00bb][vc_column_text]L\u2019Andorre est l\u2019un des plus vieux pays du monde. Depuis sa fondation en 1278, l\u2019Andorre n\u2019a jamais vu ses fronti\u00e8res modifi\u00e9es, n\u2019a jamais \u00e9t\u00e9 envahie ou m\u00eame impliqu\u00e9e dans une guerre. Ce petit pays, voisin de l\u2019Espagne et de la France,<\/p>\n","protected":false},"author":1,"featured_media":0,"parent":0,"menu_order":0,"comment_status":"closed","ping_status":"closed","template":"","meta":{"_monsterinsights_skip_tracking":false,"_monsterinsights_sitenote_active":false,"_monsterinsights_sitenote_note":"","_monsterinsights_sitenote_category":0,"footnotes":""},"class_list":["post-13346","page","type-page","status-publish","hentry"],"acf":[],"yoast_head":"<!-- This site is optimized with the Yoast SEO plugin v25.9 - https:\/\/yoast.com\/wordpress\/plugins\/seo\/ -->\n<title>Investir en Andorre avec avantage financier et juridique<\/title>\n<meta name=\"description\" content=\"Vous envisagez d&#039;investir en Andorre et vous avez besoin d&#039;informations sur la mani\u00e8re de le faire ? Les r\u00e9ponses avec ANDORRE INVEST\" \/>\n<meta name=\"robots\" content=\"index, follow, max-snippet:-1, max-image-preview:large, max-video-preview:-1\" \/>\n<link rel=\"canonical\" href=\"https:\/\/www.andorra-solutions.com\/fr\/investir-andorre\/\" \/>\n<meta property=\"og:locale\" content=\"fr_FR\" \/>\n<meta property=\"og:type\" content=\"article\" \/>\n<meta property=\"og:title\" content=\"Investir en Andorre avec avantage financier et juridique\" \/>\n<meta property=\"og:description\" content=\"Vous envisagez d&#039;investir en Andorre et vous avez besoin d&#039;informations sur la mani\u00e8re de le faire ? Les r\u00e9ponses avec ANDORRE INVEST\" \/>\n<meta property=\"og:url\" content=\"https:\/\/www.andorra-solutions.com\/fr\/investir-andorre\/\" \/>\n<meta property=\"og:site_name\" content=\"ANDORRE INVEST\" \/>\n<meta property=\"article:publisher\" content=\"https:\/\/es-la.facebook.com\/andorrasolutions\/\" \/>\n<meta property=\"article:modified_time\" content=\"2022-03-18T14:20:17+00:00\" \/>\n<meta name=\"twitter:label1\" content=\"Dur\u00e9e de lecture estim\u00e9e\" \/>\n\t<meta name=\"twitter:data1\" content=\"6 minutes\" \/>\n<!-- \/ Yoast SEO plugin. -->","yoast_head_json":{"title":"Investir en Andorre avec avantage financier et juridique","description":"Vous envisagez d'investir en Andorre et vous avez besoin d'informations sur la mani\u00e8re de le faire ? Les r\u00e9ponses avec ANDORRE INVEST","robots":{"index":"index","follow":"follow","max-snippet":"max-snippet:-1","max-image-preview":"max-image-preview:large","max-video-preview":"max-video-preview:-1"},"canonical":"https:\/\/www.andorra-solutions.com\/fr\/investir-andorre\/","og_locale":"fr_FR","og_type":"article","og_title":"Investir en Andorre avec avantage financier et juridique","og_description":"Vous envisagez d'investir en Andorre et vous avez besoin d'informations sur la mani\u00e8re de le faire ? Les r\u00e9ponses avec ANDORRE INVEST","og_url":"https:\/\/www.andorra-solutions.com\/fr\/investir-andorre\/","og_site_name":"ANDORRE INVEST","article_publisher":"https:\/\/es-la.facebook.com\/andorrasolutions\/","article_modified_time":"2022-03-18T14:20:17+00:00","twitter_misc":{"Dur\u00e9e de lecture estim\u00e9e":"6 minutes"},"schema":{"@context":"https:\/\/schema.org","@graph":[{"@type":"WebPage","@id":"https:\/\/www.andorra-solutions.com\/fr\/investir-andorre\/","url":"https:\/\/www.andorra-solutions.com\/fr\/investir-andorre\/","name":"Investir en Andorre avec avantage financier et juridique","isPartOf":{"@id":"https:\/\/www.andorra-solutions.com\/fr\/#website"},"datePublished":"2021-04-26T07:53:04+00:00","dateModified":"2022-03-18T14:20:17+00:00","description":"Vous envisagez d'investir en Andorre et vous avez besoin d'informations sur la mani\u00e8re de le faire ? Les r\u00e9ponses avec ANDORRE INVEST","breadcrumb":{"@id":"https:\/\/www.andorra-solutions.com\/fr\/investir-andorre\/#breadcrumb"},"inLanguage":"fr-FR","potentialAction":[{"@type":"ReadAction","target":["https:\/\/www.andorra-solutions.com\/fr\/investir-andorre\/"]}]},{"@type":"BreadcrumbList","@id":"https:\/\/www.andorra-solutions.com\/fr\/investir-andorre\/#breadcrumb","itemListElement":[{"@type":"ListItem","position":1,"name":"Home","item":"https:\/\/www.andorra-solutions.com\/fr\/"},{"@type":"ListItem","position":2,"name":"Investir en Andorre"}]},{"@type":"WebSite","@id":"https:\/\/www.andorra-solutions.com\/fr\/#website","url":"https:\/\/www.andorra-solutions.com\/fr\/","name":"ANDORRE INVEST","description":"","publisher":{"@id":"https:\/\/www.andorra-solutions.com\/fr\/#organization"},"potentialAction":[{"@type":"SearchAction","target":{"@type":"EntryPoint","urlTemplate":"https:\/\/www.andorra-solutions.com\/fr\/?s={search_term_string}"},"query-input":{"@type":"PropertyValueSpecification","valueRequired":true,"valueName":"search_term_string"}}],"inLanguage":"fr-FR"},{"@type":"Organization","@id":"https:\/\/www.andorra-solutions.com\/fr\/#organization","name":"ANDORRE INVEST","url":"https:\/\/www.andorra-solutions.com\/fr\/","logo":{"@type":"ImageObject","inLanguage":"fr-FR","@id":"https:\/\/www.andorra-solutions.com\/fr\/#\/schema\/logo\/image\/","url":"https:\/\/www.andorra-solutions.com\/wp-content\/uploads\/2021\/04\/logo-abast-andorra-solutions-peq.png","contentUrl":"https:\/\/www.andorra-solutions.com\/wp-content\/uploads\/2021\/04\/logo-abast-andorra-solutions-peq.png","width":211,"height":58,"caption":"ANDORRE INVEST"},"image":{"@id":"https:\/\/www.andorra-solutions.com\/fr\/#\/schema\/logo\/image\/"},"sameAs":["https:\/\/es-la.facebook.com\/andorrasolutions\/","https:\/\/x.com\/andorrasolution","https:\/\/www.linkedin.com\/company\/andorra-solutions\/","https:\/\/www.youtube.com\/c\/AndorraSolutions"]}]}},"_links":{"self":[{"href":"https:\/\/www.andorra-solutions.com\/fr\/wp-json\/wp\/v2\/pages\/13346","targetHints":{"allow":["GET"]}}],"collection":[{"href":"https:\/\/www.andorra-solutions.com\/fr\/wp-json\/wp\/v2\/pages"}],"about":[{"href":"https:\/\/www.andorra-solutions.com\/fr\/wp-json\/wp\/v2\/types\/page"}],"author":[{"embeddable":true,"href":"https:\/\/www.andorra-solutions.com\/fr\/wp-json\/wp\/v2\/users\/1"}],"replies":[{"embeddable":true,"href":"https:\/\/www.andorra-solutions.com\/fr\/wp-json\/wp\/v2\/comments?post=13346"}],"version-history":[{"count":0,"href":"https:\/\/www.andorra-solutions.com\/fr\/wp-json\/wp\/v2\/pages\/13346\/revisions"}],"wp:attachment":[{"href":"https:\/\/www.andorra-solutions.com\/fr\/wp-json\/wp\/v2\/media?parent=13346"}],"curies":[{"name":"wp","href":"https:\/\/api.w.org\/{rel}","templated":true}]}}