{"id":11738,"date":"2020-05-29T12:32:54","date_gmt":"2020-05-29T12:32:54","guid":{"rendered":"https:\/\/www.andorra-solutions.com\/quienes-somos\/"},"modified":"2025-09-15T10:27:55","modified_gmt":"2025-09-15T10:27:55","slug":"qui-sommes-nous-andorra-solutions","status":"publish","type":"page","link":"https:\/\/www.andorra-solutions.com\/fr\/qui-sommes-nous-andorra-solutions\/","title":{"rendered":"Notre \u00e9quipe"},"content":{"rendered":"<p>[vc_row gap=\u00a0\u00bb35&Prime; content_placement=\u00a0\u00bbmiddle\u00a0\u00bb css_animation=\u00a0\u00bbfadeIn\u00a0\u00bb el_class=\u00a0\u00bbordenar\u00a0\u00bb][vc_column css_animation=\u00a0\u00bbfadeInRight\u00a0\u00bb width=\u00a0\u00bb1\/2&Prime; el_class=\u00a0\u00bborder-0&Prime;][vc_single_image image=\u00a0\u00bb11633&Prime; img_size=\u00a0\u00bbfull\u00a0\u00bb alignment=\u00a0\u00bbcenter\u00a0\u00bb][\/vc_column][vc_column css_animation=\u00a0\u00bbfadeInLeft\u00a0\u00bb width=\u00a0\u00bb1\/2&Prime; el_class=\u00a0\u00bborder-1&Prime;][vc_custom_heading text=\u00a0\u00bbQui sommes-nous\u00a0\u00bb use_theme_fonts=\u00a0\u00bbyes\u00a0\u00bb el_class=\u00a0\u00bbcorporativo\u00a0\u00bb][vc_column_text]<strong>ANDORRE INVEST<\/strong> est la plateforme en ligne <strong>d&rsquo;Abast Global SL<\/strong>, une soci\u00e9t\u00e9 bas\u00e9e dans la Principaut\u00e9 d&rsquo;Andorre. Nous fournissons des services professionnels complets aux particuliers et aux entreprises d\u00e9j\u00e0 actifs en Andorre ou qui envisagent de s&rsquo;y installer.<\/p>\n<p>Nous disposons d&rsquo;une \u00e9quipe de <strong>plus de 35 professionnels hautement sp\u00e9cialis\u00e9s, comprenant des avocats, des \u00e9conomistes, des comptables et des conseillers fiscaux<\/strong>, tous dot\u00e9s d&rsquo;une vaste exp\u00e9rience nationale et internationale.<\/p>\n<p>Nous pouvons vous aider en <strong>espagnol, catalan, fran\u00e7ais, anglais, allemand et portugais<\/strong>. D\u00e8s le d\u00e9part, notre priorit\u00e9 est de vous mettre en relation avec le membre appropri\u00e9 de notre \u00e9quipe afin de bien comprendre vos besoins et de vous fournir une analyse pr\u00e9cise de votre situation.<\/p>\n<p>Nous nous engageons \u00e0 fournir des conseils personnalis\u00e9s et de haute qualit\u00e9, en tirant parti de toute la force de notre \u00e9quipe interne pour vous proposer les solutions les mieux adapt\u00e9es \u00e0 votre situation particuli\u00e8re.[\/vc_column_text][\/vc_column][\/vc_row][vc_row gap=\u00a0\u00bb35&Prime; content_placement=\u00a0\u00bbtop\u00a0\u00bb css_animation=\u00a0\u00bbfadeIn\u00a0\u00bb][vc_column css_animation=\u00a0\u00bbfadeInLeft\u00a0\u00bb width=\u00a0\u00bb1\/2&Prime; el_class=\u00a0\u00bbtexto-valores-quienes-somos\u00a0\u00bb][vc_custom_heading text=\u00a0\u00bbPhilosophie et valeurs\u00a0\u00bb font_container=\u00a0\u00bbtag:h2|text_align:left|color:%23040d1c\u00a0\u00bb][vc_separator][vc_column_text]<strong>Valeur ajout\u00e9e et engagement<\/strong><br \/>\nNous proposons des solutions \u00e0 haute valeur ajout\u00e9e, au moyen d\u2019interventions pragmatiques et d\u00e9cisives. Nous savons que le client a besoin de conseils utiles, efficaces, pr\u00e9cis et pratiques. L\u2019excellence dans le travail et le respect des engagements pris envers les clients sont essentiels.[\/vc_column_text][vc_column_text]<strong>Travail, \u00e9quipe et innovation<\/strong><br \/>\nCette valeur ajout\u00e9e repose sur la pr\u00e9sence d\u2019une \u00e9quipe dot\u00e9e d\u2019une grande capacit\u00e9 professionnelle et hautement sp\u00e9cialis\u00e9e, d\u2019un esprit d\u2019\u00e9quipe et d\u2019une \u00e9norme capacit\u00e9 d\u2019adaptation et d\u2019innovation.[\/vc_column_text][vc_column_text]<strong>Loyaut\u00e9 et confidentialit\u00e9<\/strong><br \/>\nLa loyaut\u00e9 et la confidentialit\u00e9 sont strictement n\u00e9cessaires, de m\u00eame que l\u2019identification, l\u2019\u00e9valuation et la gestion des conflits d\u2019int\u00e9r\u00eats pour garantir un avis strictement ind\u00e9pendant.[\/vc_column_text][vc_column_text]<strong>Honn\u00eatet\u00e9 et transparence<\/strong><br \/>\nL\u2019honn\u00eatet\u00e9 et la transparence avec le client dans nos approches sont fondamentales pour instaurer la confiance n\u00e9cessaire et pour forger des relations \u00e0 long terme.[\/vc_column_text][\/vc_column][vc_column css_animation=\u00a0\u00bbfadeInRight\u00a0\u00bb width=\u00a0\u00bb1\/2&Prime;][vc_custom_heading text=\u00a0\u00bbNotre expertise interne couvre des domaines cl\u00e9s tels que :\u00a0\u00bb font_container=\u00a0\u00bbtag:h2|text_align:left|color:%23040d1c\u00a0\u00bb][vc_separator][vc_progress_bar values=\u00a0\u00bb%5B%7B%22label%22%3A%22Fiscalit%C3%A9%20(planification%20fiscale%20locale%20et%20internationale)%22%2C%22value%22%3A%2284%22%7D%2C%7B%22label%22%3A%22Constitution%20de%20soci%C3%A9t%C3%A9s%20et%20fusions-acquisitions%20de%20soci%C3%A9t%C3%A9s%22%2C%22value%22%3A%2275%22%7D%2C%7B%22label%22%3A%22Comptabilit%C3%A9%20et%20gestion%20fiscale%22%2C%22value%22%3A%2273%22%7D%2C%7B%22label%22%3A%22R%C3%A9sidence%20et%20transferts%20de%20r%C3%A9sidence%22%2C%22value%22%3A%2260%22%7D%2C%7B%22label%22%3A%22Innovation%20et%20blockchain%2C%20avec%20le%20statut%20de%20superviseur%20num%C3%A9rique%20agr%C3%A9%C3%A9%20(V-002)%20par%20l&rsquo;Autorit%C3%A9%20financi%C3%A8re%20d&rsquo;Andorre%22%2C%22value%22%3A%2258%22%7D%2C%7B%22label%22%3A%22Conseil%20aux%20start-ups%20et%20aux%20entreprises%20en%20phase%20de%20d%C3%A9marrage%22%2C%22value%22%3A%2280%22%7D%5D\u00a0\u00bb bgcolor=\u00a0\u00bbcustom\u00a0\u00bb custombgcolor=\u00a0\u00bb#3f8ee2&Prime; customtxtcolor=\u00a0\u00bb#707070&Prime; el_class=\u00a0\u00bbtexto-18px\u00a0\u00bb units=\u00a0\u00bb%\u00a0\u00bb][\/vc_column][\/vc_row][vc_row css_animation=\u00a0\u00bbfadeIn\u00a0\u00bb][vc_column][vc_empty_space height=\u00a0\u00bb100px\u00a0\u00bb][vc_custom_heading text=\u00a0\u00bbAssoci\u00e9s et Collaborateurs\u00a0\u00bb font_container=\u00a0\u00bbtag:h2|text_align:center\u00a0\u00bb use_theme_fonts=\u00a0\u00bbyes\u00a0\u00bb][vc_empty_space height=\u00a0\u00bb50px\u00a0\u00bb][\/vc_column][\/vc_row][vc_row css_animation=\u00a0\u00bbfadeIn\u00a0\u00bb][vc_column][vc_basic_grid post_type=\u00a0\u00bbstm_staff\u00a0\u00bb max_items=\u00a0\u00bb32&Prime; element_width=\u00a0\u00bb3&Prime; order=\u00a0\u00bbASC\u00a0\u00bb item=\u00a0\u00bb10482&Prime; grid_id=\u00a0\u00bbvc_gid:1757931595551-7a996bc1-f5c1-4&Prime; el_class=\u00a0\u00bbgrid_staff\u00a0\u00bb][vc_empty_space height=\u00a0\u00bb100px\u00a0\u00bb][\/vc_column][\/vc_row][vc_row][vc_column]<div class=\"templatera_shortcode\"><div data-vc-full-width=\"true\" data-vc-full-width-init=\"false\" class=\"vc_row wpb_row vc_row-fluid fondo-contactanos wpb_animate_when_almost_visible wpb_fadeIn fadeIn vc_custom_1612872695917 vc_row-has-fill\"><div class=\"wpb_column vc_column_container vc_col-sm-2\"><div class=\"vc_column-inner \"><div class=\"wpb_wrapper\"><\/div><\/div><\/div><div class=\"wpb_column vc_column_container vc_col-sm-8\"><div class=\"vc_column-inner \"><div class=\"wpb_wrapper\"><div class=\"vc_empty_space\"   style=\"height: 50px\"><span class=\"vc_empty_space_inner\"><\/span><\/div><div class=\"vc_row wpb_row vc_inner vc_row-fluid vc_row-o-content-bottom vc_row-flex\"><div class=\"wpb_column vc_column_container vc_col-sm-8\"><div class=\"vc_column-inner\"><div class=\"wpb_wrapper\"><div class=\"vc_custom_heading decoracion-top decoracion-blanco text_align_left stripe_top_bottom\" ><h2 style=\"font-size: 32px;color: #ffffff;text-align: left\" class=\"consulting-custom-title\">Voudriez-vous prendre contact avec nous ?<\/h2><\/div><\/div><\/div><\/div><div class=\"wpb_column vc_column_container vc_col-sm-4\"><div class=\"vc_column-inner\"><div class=\"wpb_wrapper\"><div class=\"vc_btn3-container  boton-azul vc_btn3-right\" ><a style=\"background-color:#ffffff; color:#053274;\" class=\"vc_general vc_btn3 vc_btn3-size-md vc_btn3-shape-rounded vc_btn3-style-custom\" href=\"https:\/\/www.andorra-solutions.com\/fr\/contact-avec-andorra-solutions\/\" title=\"\">CONTACTEZ-NOUS ><\/a><\/div><\/div><\/div><\/div><\/div><div class=\"vc_empty_space\"   style=\"height: 50px\"><span class=\"vc_empty_space_inner\"><\/span><\/div><\/div><\/div><\/div><div class=\"wpb_column vc_column_container vc_col-sm-2\"><div class=\"vc_column-inner \"><div class=\"wpb_wrapper\"><\/div><\/div><\/div><\/div><div class=\"vc_row-full-width vc_clearfix\"><\/div>\r\n<\/div>[\/vc_column][\/vc_row]<\/p>\n","protected":false},"excerpt":{"rendered":"Voudriez-vous prendre contact avec nous ?CONTACTEZ-NOUS >","protected":false},"author":1,"featured_media":0,"parent":0,"menu_order":0,"comment_status":"closed","ping_status":"open","template":"","meta":{"_monsterinsights_skip_tracking":false,"_monsterinsights_sitenote_active":false,"_monsterinsights_sitenote_note":"","_monsterinsights_sitenote_category":0,"footnotes":""},"class_list":["post-11738","page","type-page","status-publish","hentry"],"acf":[],"yoast_head":"<!-- This site is optimized with the Yoast SEO plugin v25.9 - https:\/\/yoast.com\/wordpress\/plugins\/seo\/ -->\n<title>Notre \u00e9quipe de professionnels exp\u00e9riment\u00e9s | ANDORRE INVEST<\/title>\n<meta name=\"description\" content=\"Notre \u00e9quipe de professionels \u00e0 ANDORRE INVEST: plus 10 ans d&#039;experience dans les conseil fiscal et constitution de soci\u00e9t\u00e9s en Andorre.\" \/>\n<meta name=\"robots\" content=\"index, follow, max-snippet:-1, max-image-preview:large, max-video-preview:-1\" \/>\n<link rel=\"canonical\" href=\"https:\/\/www.andorra-solutions.com\/fr\/qui-sommes-nous-andorra-solutions\/\" \/>\n<meta property=\"og:locale\" content=\"fr_FR\" \/>\n<meta property=\"og:type\" content=\"article\" \/>\n<meta property=\"og:title\" content=\"Notre \u00e9quipe de professionnels exp\u00e9riment\u00e9s | ANDORRE INVEST\" \/>\n<meta property=\"og:description\" content=\"Notre \u00e9quipe de professionels \u00e0 ANDORRE INVEST: plus 10 ans d&#039;experience dans les conseil fiscal et constitution de soci\u00e9t\u00e9s en Andorre.\" \/>\n<meta property=\"og:url\" content=\"https:\/\/www.andorra-solutions.com\/fr\/qui-sommes-nous-andorra-solutions\/\" \/>\n<meta property=\"og:site_name\" content=\"ANDORRE INVEST\" \/>\n<meta property=\"article:publisher\" content=\"https:\/\/es-la.facebook.com\/andorrasolutions\/\" \/>\n<meta property=\"article:modified_time\" content=\"2025-09-15T10:27:55+00:00\" \/>\n<meta name=\"twitter:label1\" content=\"Dur\u00e9e de lecture estim\u00e9e\" \/>\n\t<meta name=\"twitter:data1\" content=\"2 minutes\" \/>\n<!-- \/ Yoast SEO plugin. -->","yoast_head_json":{"title":"Notre \u00e9quipe de professionnels exp\u00e9riment\u00e9s | ANDORRE INVEST","description":"Notre \u00e9quipe de professionels \u00e0 ANDORRE INVEST: plus 10 ans d'experience dans les conseil fiscal et constitution de soci\u00e9t\u00e9s en Andorre.","robots":{"index":"index","follow":"follow","max-snippet":"max-snippet:-1","max-image-preview":"max-image-preview:large","max-video-preview":"max-video-preview:-1"},"canonical":"https:\/\/www.andorra-solutions.com\/fr\/qui-sommes-nous-andorra-solutions\/","og_locale":"fr_FR","og_type":"article","og_title":"Notre \u00e9quipe de professionnels exp\u00e9riment\u00e9s | ANDORRE INVEST","og_description":"Notre \u00e9quipe de professionels \u00e0 ANDORRE INVEST: plus 10 ans d'experience dans les conseil fiscal et constitution de soci\u00e9t\u00e9s en Andorre.","og_url":"https:\/\/www.andorra-solutions.com\/fr\/qui-sommes-nous-andorra-solutions\/","og_site_name":"ANDORRE INVEST","article_publisher":"https:\/\/es-la.facebook.com\/andorrasolutions\/","article_modified_time":"2025-09-15T10:27:55+00:00","twitter_misc":{"Dur\u00e9e de lecture estim\u00e9e":"2 minutes"},"schema":{"@context":"https:\/\/schema.org","@graph":[{"@type":"WebPage","@id":"https:\/\/www.andorra-solutions.com\/fr\/qui-sommes-nous-andorra-solutions\/","url":"https:\/\/www.andorra-solutions.com\/fr\/qui-sommes-nous-andorra-solutions\/","name":"Notre \u00e9quipe de professionnels exp\u00e9riment\u00e9s | ANDORRE INVEST","isPartOf":{"@id":"https:\/\/www.andorra-solutions.com\/fr\/#website"},"datePublished":"2020-05-29T12:32:54+00:00","dateModified":"2025-09-15T10:27:55+00:00","description":"Notre \u00e9quipe de professionels \u00e0 ANDORRE INVEST: plus 10 ans d'experience dans les conseil fiscal et constitution de soci\u00e9t\u00e9s en Andorre.","breadcrumb":{"@id":"https:\/\/www.andorra-solutions.com\/fr\/qui-sommes-nous-andorra-solutions\/#breadcrumb"},"inLanguage":"fr-FR","potentialAction":[{"@type":"ReadAction","target":["https:\/\/www.andorra-solutions.com\/fr\/qui-sommes-nous-andorra-solutions\/"]}]},{"@type":"BreadcrumbList","@id":"https:\/\/www.andorra-solutions.com\/fr\/qui-sommes-nous-andorra-solutions\/#breadcrumb","itemListElement":[{"@type":"ListItem","position":1,"name":"Home","item":"https:\/\/www.andorra-solutions.com\/fr\/"},{"@type":"ListItem","position":2,"name":"Notre \u00e9quipe"}]},{"@type":"WebSite","@id":"https:\/\/www.andorra-solutions.com\/fr\/#website","url":"https:\/\/www.andorra-solutions.com\/fr\/","name":"ANDORRE INVEST","description":"","publisher":{"@id":"https:\/\/www.andorra-solutions.com\/fr\/#organization"},"potentialAction":[{"@type":"SearchAction","target":{"@type":"EntryPoint","urlTemplate":"https:\/\/www.andorra-solutions.com\/fr\/?s={search_term_string}"},"query-input":{"@type":"PropertyValueSpecification","valueRequired":true,"valueName":"search_term_string"}}],"inLanguage":"fr-FR"},{"@type":"Organization","@id":"https:\/\/www.andorra-solutions.com\/fr\/#organization","name":"ANDORRE INVEST","url":"https:\/\/www.andorra-solutions.com\/fr\/","logo":{"@type":"ImageObject","inLanguage":"fr-FR","@id":"https:\/\/www.andorra-solutions.com\/fr\/#\/schema\/logo\/image\/","url":"https:\/\/www.andorra-solutions.com\/wp-content\/uploads\/2021\/04\/logo-abast-andorra-solutions-peq.png","contentUrl":"https:\/\/www.andorra-solutions.com\/wp-content\/uploads\/2021\/04\/logo-abast-andorra-solutions-peq.png","width":211,"height":58,"caption":"ANDORRE INVEST"},"image":{"@id":"https:\/\/www.andorra-solutions.com\/fr\/#\/schema\/logo\/image\/"},"sameAs":["https:\/\/es-la.facebook.com\/andorrasolutions\/","https:\/\/x.com\/andorrasolution","https:\/\/www.linkedin.com\/company\/andorra-solutions\/","https:\/\/www.youtube.com\/c\/AndorraSolutions"]}]}},"_links":{"self":[{"href":"https:\/\/www.andorra-solutions.com\/fr\/wp-json\/wp\/v2\/pages\/11738","targetHints":{"allow":["GET"]}}],"collection":[{"href":"https:\/\/www.andorra-solutions.com\/fr\/wp-json\/wp\/v2\/pages"}],"about":[{"href":"https:\/\/www.andorra-solutions.com\/fr\/wp-json\/wp\/v2\/types\/page"}],"author":[{"embeddable":true,"href":"https:\/\/www.andorra-solutions.com\/fr\/wp-json\/wp\/v2\/users\/1"}],"replies":[{"embeddable":true,"href":"https:\/\/www.andorra-solutions.com\/fr\/wp-json\/wp\/v2\/comments?post=11738"}],"version-history":[{"count":5,"href":"https:\/\/www.andorra-solutions.com\/fr\/wp-json\/wp\/v2\/pages\/11738\/revisions"}],"predecessor-version":[{"id":19063,"href":"https:\/\/www.andorra-solutions.com\/fr\/wp-json\/wp\/v2\/pages\/11738\/revisions\/19063"}],"wp:attachment":[{"href":"https:\/\/www.andorra-solutions.com\/fr\/wp-json\/wp\/v2\/media?parent=11738"}],"curies":[{"name":"wp","href":"https:\/\/api.w.org\/{rel}","templated":true}]}}