{"id":7948,"date":"2020-05-29T12:32:54","date_gmt":"2020-05-29T12:32:54","guid":{"rendered":"https:\/\/www.andorra-solutions.com\/?page_id=7948"},"modified":"2025-09-15T10:19:19","modified_gmt":"2025-09-15T10:19:19","slug":"quienes-somos","status":"publish","type":"page","link":"https:\/\/www.andorra-solutions.com\/es\/quienes-somos\/","title":{"rendered":"Nuestro equipo"},"content":{"rendered":"<p>[vc_row gap=\u00bb35&#8243; content_placement=\u00bbmiddle\u00bb css_animation=\u00bbfadeIn\u00bb el_class=\u00bbordenar\u00bb][vc_column css_animation=\u00bbfadeInRight\u00bb width=\u00bb1\/2&#8243; el_class=\u00bborder-0&#8243;][vc_single_image image=\u00bb11638&#8243; img_size=\u00bbfull\u00bb alignment=\u00bbcenter\u00bb][\/vc_column][vc_column css_animation=\u00bbfadeInLeft\u00bb width=\u00bb1\/2&#8243; el_class=\u00bborder-1&#8243;][vc_custom_heading text=\u00bbQuienes somos\u00bb use_theme_fonts=\u00bbyes\u00bb el_class=\u00bbcorporativo\u00bb][vc_column_text]<strong>ANDORRE INVEST<\/strong> es la plataforma online de <strong>Abast Global SL<\/strong>, despacho con sede en el Principado de Andorra. Prestamos servicios profesionales integrales tanto a particulares como a empresas ya activas en Andorra o que planean establecerse aqu\u00ed.<\/p>\n<p>Contamos con un equipo de <strong>m\u00e1s de 35 profesionales altamente especializados, entre los que se incluyen abogados, economistas, contables y asesores fiscales<\/strong>, todos ellos con amplia experiencia nacional e internacional.<\/p>\n<p>Podemos atenderle en <strong>espa\u00f1ol, catal\u00e1n, franc\u00e9s, ingl\u00e9s, alem\u00e1n y portugu\u00e9s<\/strong>. Desde el principio, nuestra prioridad es ponerle en contacto con el miembro adecuado de nuestro equipo para que podamos comprender plenamente sus necesidades y ofrecerle un an\u00e1lisis preciso de su situaci\u00f3n.<\/p>\n<p>Nos comprometemos a proporcionar un asesoramiento personalizado y de alta calidad, aprovechando toda la fuerza de nuestro equipo interno para ofrecer las soluciones que mejor se adapten a sus circunstancias espec\u00edficas.[\/vc_column_text][\/vc_column][\/vc_row][vc_row gap=\u00bb35&#8243; content_placement=\u00bbtop\u00bb css_animation=\u00bbfadeIn\u00bb][vc_column css_animation=\u00bbfadeInLeft\u00bb width=\u00bb1\/2&#8243; el_class=\u00bbtexto-valores-quienes-somos\u00bb][vc_custom_heading text=\u00bbFilosof\u00eda y valores\u00bb font_container=\u00bbtag:h2|text_align:left|color:%23040d1c\u00bb][vc_separator][vc_column_text]<strong>Valor a\u00f1adido y Compromiso<\/strong><br \/>\nOfrecemos soluciones de alto valor a\u00f1adido, mediante intervenciones pragm\u00e1ticas y resolutivas. Sabemos que el cliente precisa de un asesoramiento \u00fatil, \u00e1gil, riguroso y pr\u00e1ctico. La excelencia en el trabajo y el cumplimiento de los compromisos para con los clientes resulta esencial.[\/vc_column_text][vc_column_text]<strong>Trabajo, Equipo e Innovaci\u00f3n<\/strong><br \/>\nLa aportaci\u00f3n de valor se sustenta en la creaci\u00f3n de un equipo humano con gran capacidad de trabajo y altamente especializado, con un esp\u00edritu de equipo y una enorme capacidad de adaptaci\u00f3n e innovaci\u00f3n.[\/vc_column_text][vc_column_text]<strong>Lealtad y Confidencialidad<\/strong><br \/>\nLa lealtad y la confidencialidad son estrictamente necesarias, as\u00ed como la identificaci\u00f3n, valoraci\u00f3n y gesti\u00f3n de los conflictos de inter\u00e9s para garantizar un asesoramiento estrictamente independiente.[\/vc_column_text][vc_column_text]<strong>Honestidad y Transparencia<\/strong><br \/>\nLa honestidad y la transparencia con el cliente en nuestros planteamientos es fundamental para generar la confianza necesaria y para forjar relaciones a largo plazo.[\/vc_column_text][\/vc_column][vc_column css_animation=\u00bbfadeInRight\u00bb width=\u00bb1\/2&#8243;][vc_custom_heading text=\u00bbNuestra experiencia interna abarca \u00e1reas clave como:\u00bb font_container=\u00bbtag:h2|text_align:left|color:%23040d1c\u00bb][vc_separator][vc_progress_bar values=\u00bb%5B%7B%22label%22%3A%22Fiscalidad%20(planificaci%C3%B3n%20fiscal%20local%20e%20internacional)%22%2C%22value%22%3A%2284%22%7D%2C%7B%22label%22%3A%22Constituci%C3%B3n%20de%20Sociedades%20y%20Corporate%20M%26A%22%2C%22value%22%3A%2275%22%7D%2C%7B%22label%22%3A%22Gesti%C3%B3n%20contable%20y%20fiscal%22%2C%22value%22%3A%2273%22%7D%2C%7B%22label%22%3A%22Residencia%20y%20traslados%20de%20residencia%22%2C%22value%22%3A%2260%22%7D%2C%7B%22label%22%3A%22Innovaci%C3%B3n%20y%20Blockchain%2C%20con%20el%20estatus%20de%20Supervisor%20Digital%20autorizado%20(V-002)%20por%20la%20Autoridad%20Financiera%20Andorrana%22%2C%22value%22%3A%2258%22%7D%2C%7B%22label%22%3A%22Asesoramiento%20a%20start-ups%20y%20empresas%20en%20fase%20inicial%22%2C%22value%22%3A%2280%22%7D%5D\u00bb bgcolor=\u00bbcustom\u00bb custombgcolor=\u00bb#3f8ee2&#8243; customtxtcolor=\u00bb#707070&#8243; el_class=\u00bbtexto-18px\u00bb units=\u00bb%\u00bb][\/vc_column][\/vc_row][vc_row css_animation=\u00bbfadeIn\u00bb][vc_column][vc_empty_space height=\u00bb100px\u00bb][vc_custom_heading text=\u00bbSocios y Asociados\u00bb font_container=\u00bbtag:h2|text_align:center\u00bb use_theme_fonts=\u00bbyes\u00bb][vc_empty_space height=\u00bb50px\u00bb][\/vc_column][\/vc_row][vc_row css_animation=\u00bbfadeIn\u00bb][vc_column][vc_basic_grid post_type=\u00bbstm_staff\u00bb max_items=\u00bb32&#8243; element_width=\u00bb3&#8243; orderby=\u00bbmeta_value_num\u00bb order=\u00bbASC\u00bb item=\u00bb10482&#8243; grid_id=\u00bbvc_gid:1757931339349-095ea89c-35a3-7&#8243; el_class=\u00bbgrid_staff\u00bb][vc_empty_space height=\u00bb100px\u00bb][\/vc_column][\/vc_row][vc_row][vc_column]<div class=\"templatera_shortcode\"><div data-vc-full-width=\"true\" data-vc-full-width-init=\"false\" class=\"vc_row wpb_row vc_row-fluid fondo-contactanos wpb_animate_when_almost_visible wpb_fadeIn fadeIn vc_custom_1612872695917 vc_row-has-fill\"><div class=\"wpb_column vc_column_container vc_col-sm-2\"><div class=\"vc_column-inner \"><div class=\"wpb_wrapper\"><\/div><\/div><\/div><div class=\"wpb_column vc_column_container vc_col-sm-8\"><div class=\"vc_column-inner \"><div class=\"wpb_wrapper\"><div class=\"vc_empty_space\"   style=\"height: 50px\"><span class=\"vc_empty_space_inner\"><\/span><\/div><div class=\"vc_row wpb_row vc_inner vc_row-fluid vc_row-o-content-bottom vc_row-flex\"><div class=\"wpb_column vc_column_container vc_col-sm-8\"><div class=\"vc_column-inner\"><div class=\"wpb_wrapper\"><div class=\"vc_custom_heading decoracion-top decoracion-blanco text_align_left stripe_top_bottom\" ><h2 style=\"font-size: 32px;color: #ffffff;text-align: left\" class=\"consulting-custom-title\">\u00bfQuiere ponerse en contacto con nosotros?<\/h2><\/div><\/div><\/div><\/div><div class=\"wpb_column vc_column_container vc_col-sm-4\"><div class=\"vc_column-inner\"><div class=\"wpb_wrapper\"><div class=\"vc_btn3-container  boton-azul vc_btn3-right\" ><a style=\"background-color:#ffffff; color:#053274;\" class=\"vc_general vc_btn3 vc_btn3-size-md vc_btn3-shape-rounded vc_btn3-style-custom\" href=\"https:\/\/www.andorra-solutions.com\/es\/contactenos\/\" title=\"Cont\u00e1ctenos\">HAZ CLIC AQU\u00cd<\/a><\/div><\/div><\/div><\/div><\/div><div class=\"vc_empty_space\"   style=\"height: 50px\"><span class=\"vc_empty_space_inner\"><\/span><\/div><\/div><\/div><\/div><div class=\"wpb_column vc_column_container vc_col-sm-2\"><div class=\"vc_column-inner \"><div class=\"wpb_wrapper\"><\/div><\/div><\/div><\/div><div class=\"vc_row-full-width vc_clearfix\"><\/div>\r\n<\/div>[\/vc_column][\/vc_row]<\/p>\n","protected":false},"excerpt":{"rendered":"\u00bfQuiere ponerse en contacto con nosotros?HAZ CLIC AQU\u00cd","protected":false},"author":1,"featured_media":0,"parent":0,"menu_order":0,"comment_status":"closed","ping_status":"open","template":"","meta":{"_monsterinsights_skip_tracking":false,"_monsterinsights_sitenote_active":false,"_monsterinsights_sitenote_note":"","_monsterinsights_sitenote_category":0,"footnotes":""},"class_list":["post-7948","page","type-page","status-publish","hentry"],"acf":[],"yoast_head":"<!-- This site is optimized with the Yoast SEO plugin v25.9 - https:\/\/yoast.com\/wordpress\/plugins\/seo\/ -->\n<title>Nuestro equipo de profesionales experimentados | ANDORRE INVEST<\/title>\n<meta name=\"description\" content=\"Nuestro equipo de profesionales en ANDORRE INVEST: m\u00e1s de 10 a\u00f1os ofreciendo asesoramiento fiscal y constituci\u00f3n de empresas en Andorra.\" \/>\n<meta name=\"robots\" content=\"index, follow, max-snippet:-1, max-image-preview:large, max-video-preview:-1\" \/>\n<link rel=\"canonical\" href=\"https:\/\/www.andorra-solutions.com\/es\/quienes-somos\/\" \/>\n<meta property=\"og:locale\" content=\"es_ES\" \/>\n<meta property=\"og:type\" content=\"article\" \/>\n<meta property=\"og:title\" content=\"Nuestro equipo de profesionales experimentados | ANDORRE INVEST\" \/>\n<meta property=\"og:description\" content=\"Nuestro equipo de profesionales en ANDORRE INVEST: m\u00e1s de 10 a\u00f1os ofreciendo asesoramiento fiscal y constituci\u00f3n de empresas en Andorra.\" \/>\n<meta property=\"og:url\" content=\"https:\/\/www.andorra-solutions.com\/es\/quienes-somos\/\" \/>\n<meta property=\"og:site_name\" content=\"ANDORRE INVEST\" \/>\n<meta property=\"article:publisher\" content=\"https:\/\/es-la.facebook.com\/andorrasolutions\/\" \/>\n<meta property=\"article:modified_time\" content=\"2025-09-15T10:19:19+00:00\" \/>\n<meta name=\"twitter:label1\" content=\"Tiempo de lectura\" \/>\n\t<meta name=\"twitter:data1\" content=\"2 minutos\" \/>\n<!-- \/ Yoast SEO plugin. -->","yoast_head_json":{"title":"Nuestro equipo de profesionales experimentados | ANDORRE INVEST","description":"Nuestro equipo de profesionales en ANDORRE INVEST: m\u00e1s de 10 a\u00f1os ofreciendo asesoramiento fiscal y constituci\u00f3n de empresas en Andorra.","robots":{"index":"index","follow":"follow","max-snippet":"max-snippet:-1","max-image-preview":"max-image-preview:large","max-video-preview":"max-video-preview:-1"},"canonical":"https:\/\/www.andorra-solutions.com\/es\/quienes-somos\/","og_locale":"es_ES","og_type":"article","og_title":"Nuestro equipo de profesionales experimentados | ANDORRE INVEST","og_description":"Nuestro equipo de profesionales en ANDORRE INVEST: m\u00e1s de 10 a\u00f1os ofreciendo asesoramiento fiscal y constituci\u00f3n de empresas en Andorra.","og_url":"https:\/\/www.andorra-solutions.com\/es\/quienes-somos\/","og_site_name":"ANDORRE INVEST","article_publisher":"https:\/\/es-la.facebook.com\/andorrasolutions\/","article_modified_time":"2025-09-15T10:19:19+00:00","twitter_misc":{"Tiempo de lectura":"2 minutos"},"schema":{"@context":"https:\/\/schema.org","@graph":[{"@type":"WebPage","@id":"https:\/\/www.andorra-solutions.com\/es\/quienes-somos\/","url":"https:\/\/www.andorra-solutions.com\/es\/quienes-somos\/","name":"Nuestro equipo de profesionales experimentados | ANDORRE INVEST","isPartOf":{"@id":"https:\/\/www.andorra-solutions.com\/es\/#website"},"datePublished":"2020-05-29T12:32:54+00:00","dateModified":"2025-09-15T10:19:19+00:00","description":"Nuestro equipo de profesionales en ANDORRE INVEST: m\u00e1s de 10 a\u00f1os ofreciendo asesoramiento fiscal y constituci\u00f3n de empresas en Andorra.","breadcrumb":{"@id":"https:\/\/www.andorra-solutions.com\/es\/quienes-somos\/#breadcrumb"},"inLanguage":"es","potentialAction":[{"@type":"ReadAction","target":["https:\/\/www.andorra-solutions.com\/es\/quienes-somos\/"]}]},{"@type":"BreadcrumbList","@id":"https:\/\/www.andorra-solutions.com\/es\/quienes-somos\/#breadcrumb","itemListElement":[{"@type":"ListItem","position":1,"name":"Home","item":"https:\/\/www.andorra-solutions.com\/es\/"},{"@type":"ListItem","position":2,"name":"Nuestro equipo"}]},{"@type":"WebSite","@id":"https:\/\/www.andorra-solutions.com\/es\/#website","url":"https:\/\/www.andorra-solutions.com\/es\/","name":"ANDORRE INVEST","description":"","publisher":{"@id":"https:\/\/www.andorra-solutions.com\/es\/#organization"},"potentialAction":[{"@type":"SearchAction","target":{"@type":"EntryPoint","urlTemplate":"https:\/\/www.andorra-solutions.com\/es\/?s={search_term_string}"},"query-input":{"@type":"PropertyValueSpecification","valueRequired":true,"valueName":"search_term_string"}}],"inLanguage":"es"},{"@type":"Organization","@id":"https:\/\/www.andorra-solutions.com\/es\/#organization","name":"ANDORRE INVEST","url":"https:\/\/www.andorra-solutions.com\/es\/","logo":{"@type":"ImageObject","inLanguage":"es","@id":"https:\/\/www.andorra-solutions.com\/es\/#\/schema\/logo\/image\/","url":"https:\/\/www.andorra-solutions.com\/wp-content\/uploads\/2021\/04\/logo-abast-andorra-solutions-peq.png","contentUrl":"https:\/\/www.andorra-solutions.com\/wp-content\/uploads\/2021\/04\/logo-abast-andorra-solutions-peq.png","width":211,"height":58,"caption":"ANDORRE INVEST"},"image":{"@id":"https:\/\/www.andorra-solutions.com\/es\/#\/schema\/logo\/image\/"},"sameAs":["https:\/\/es-la.facebook.com\/andorrasolutions\/","https:\/\/x.com\/andorrasolution","https:\/\/www.linkedin.com\/company\/andorra-solutions\/","https:\/\/www.youtube.com\/c\/AndorraSolutions"]}]}},"_links":{"self":[{"href":"https:\/\/www.andorra-solutions.com\/es\/wp-json\/wp\/v2\/pages\/7948","targetHints":{"allow":["GET"]}}],"collection":[{"href":"https:\/\/www.andorra-solutions.com\/es\/wp-json\/wp\/v2\/pages"}],"about":[{"href":"https:\/\/www.andorra-solutions.com\/es\/wp-json\/wp\/v2\/types\/page"}],"author":[{"embeddable":true,"href":"https:\/\/www.andorra-solutions.com\/es\/wp-json\/wp\/v2\/users\/1"}],"replies":[{"embeddable":true,"href":"https:\/\/www.andorra-solutions.com\/es\/wp-json\/wp\/v2\/comments?post=7948"}],"version-history":[{"count":4,"href":"https:\/\/www.andorra-solutions.com\/es\/wp-json\/wp\/v2\/pages\/7948\/revisions"}],"predecessor-version":[{"id":19061,"href":"https:\/\/www.andorra-solutions.com\/es\/wp-json\/wp\/v2\/pages\/7948\/revisions\/19061"}],"wp:attachment":[{"href":"https:\/\/www.andorra-solutions.com\/es\/wp-json\/wp\/v2\/media?parent=7948"}],"curies":[{"name":"wp","href":"https:\/\/api.w.org\/{rel}","templated":true}]}}