{"id":14900,"date":"2021-05-19T16:11:40","date_gmt":"2021-05-19T16:11:40","guid":{"rendered":"https:\/\/www.andorra-solutions.com\/?page_id=14900"},"modified":"2021-05-19T16:12:52","modified_gmt":"2021-05-19T16:12:52","slug":"teletrabajo-andorra","status":"publish","type":"page","link":"https:\/\/www.andorra-solutions.com\/es\/teletrabajo-andorra\/","title":{"rendered":"Teletrabajo desde Andorra"},"content":{"rendered":"<p>[vc_row css_animation=\u00bbfadeIn\u00bb][vc_column][vc_custom_heading text=\u00bbEl teletrabajo para empleados y profesionales desde Andorra\u00bb font_container=\u00bbtag:h2|text_align:center\u00bb use_theme_fonts=\u00bbyes\u00bb el_class=\u00bbcorporativo\u00bb][vc_column_text]El teletrabajo desde Andorra se ha popularizado debido a las medidas adoptadas mundialmente para evitar el contagio durante la pandemia del COVID19. Es cierto que hay pa\u00edses como Estados Unidos, Jap\u00f3n o Francia donde la pr\u00e1ctica del teletrabajo est\u00e1 integrada en el mundo laboral desde hace un tiempo. Incluso por contrato los empleados pueden tener pactado que unos d\u00edas de la jornada laboral ser\u00e1n presenciales y otros de manera \u201cvirtual\u201d.<\/p>\n<p>A medida que las nuevas tecnolog\u00edas han ido avanzando, el teletrabajo se parece cada vez m\u00e1s a trabajar desde la misma oficina. Por lo tanto el acceso a los dispositivos remotos, datos e incluso la participaci\u00f3n en las reuniones de empresa son posibles y seguras, con una sensaci\u00f3n muy cercana a la presencial.[\/vc_column_text][vc_custom_heading text=\u00bb\u00bfQu\u00e9 significa teletrabajo actualmente en Andorra?\u00bb use_theme_fonts=\u00bbyes\u00bb][vc_column_text]El t\u00e9rmino \u201cteletrabajo\u201d se ha generalizado tanto para los empleados que trabajan desde casa o desde otro pa\u00eds como para los profesionales que desarrollan su actividad sin necesidad de estar cerca o incluso en el mismo pa\u00eds que sus clientes. Son situaciones distintas ya que en el caso de un empleado que trabaja desde el extranjero, hay unas condiciones propias que est\u00e1n relacionadas con su residencia fiscal, la Seguridad Social y cuestiones legales y fiscales que a su empleador competen y debe revisar en detalle. Es fundamental tambi\u00e9n revisar si existe un Convenio de Doble Imposici\u00f3n en vigor entre ambos pa\u00edses para entender como son las responsabilidades de cada parte involucrada. Por esto la intervenci\u00f3n de un especialista en el ramo laboral y fiscal ser\u00e1 necesaria.[\/vc_column_text][vc_custom_heading text=\u00bb\u00bfC\u00f3mo es el teletrabajo para trabajadores virtuales en Andorra?\u00bb use_theme_fonts=\u00bbyes\u00bb][vc_column_text]Tenemos a los profesionales que debido a la naturaleza de su actividad, pueden prestar sus servicios a sus clientes desde Andorra sin ning\u00fan inconveniente. Usualmente est\u00e1n relacionados con el marketing online, ingenier\u00eda del software, CEO de empresas digitales, traders, youtubers, inversores en criptomonedas, brokers, periodistas, telemedicina, tutores de universidades virtuales, etc. Hay un sinf\u00edn de profesiones y cada vez se suman m\u00e1s gracias a los avances de las tecnolog\u00edas de la informaci\u00f3n. Para todos ellos lo m\u00e1s b\u00e1sico para trabajar es contar con un ordenador y tener una buena conexi\u00f3n a Internet.[\/vc_column_text][vc_custom_heading text=\u00bbVentajas de trabajar desde Andorra a distancia\u00bb font_container=\u00bbtag:h2|text_align:center\u00bb use_theme_fonts=\u00bbyes\u00bb el_class=\u00bbcorporativo\u00bb][vc_column_text]Andorra cuenta con una infraestructura de telecomunicaciones fiable y de alta calidad, haciendo que el trabajo a distancia sea posible y seguro. La cobertura de Internet a trav\u00e9s de fibra \u00f3ptica es total en todo el pa\u00eds. Tambi\u00e9n hay cobertura m\u00f3vil en pr\u00e1cticamente todo el Principado. Para las personas que establezcan su residencia fiscal en Andorra se beneficiar\u00e1n de la baja fiscalidad que el Principado ofrece. El IGI (IVA andorrano) es del 4,5%, la m\u00e1xima retenci\u00f3n del IRPF es del 10% y el Impuesto de Sociedades es de un 10% fijo sobre las ganancias generadas. En general Andorra cuenta con impuestos m\u00e1s bajos que muchos de los pa\u00edses en Europa, resaltando a los pa\u00edses vecinos Espa\u00f1a y Francia.[\/vc_column_text][vc_custom_heading text=\u00bb\u00bfC\u00f3mo es la Sanidad p\u00fablica y la Calidad de vida en Andorra?\u00bb use_theme_fonts=\u00bbyes\u00bb][vc_column_text]La Sanidad p\u00fablica es de las mejores de Europa. Seg\u00fan la OMS, Andorra se encuentra en el puesto n\u00famero 4 sobre eficiencia en la sanidad. Adem\u00e1s la esperanza de vida esta sobre los 82 a\u00f1os. Sumemos a esto el contacto directo con la monta\u00f1a y la naturaleza, la buena calidad del aire. Son incontables los beneficios personales que tienen los habitantes que viven en Andorra.[\/vc_column_text][vc_custom_heading text=\u00bb\u00bfC\u00f3mo son las v\u00edas de comunicaci\u00f3n en Andorra con Espa\u00f1a, Francia y el mundo?\u00bb use_theme_fonts=\u00bbyes\u00bb][vc_column_text]Las v\u00edas de comunicaci\u00f3n con los pa\u00edses vecinos, Espa\u00f1a y Francia, est\u00e1n formadas por una red de carreteras. Aunque Andorra no disponga de aeropuerto propio, los aeropuertos de Barcelona y Toulouse est\u00e1n aproximadamente a 3 horas en coche. Sea por coche o avi\u00f3n, podr\u00e1 trasladarse sin mayor dificultad al lugar que necesite desde Andorra.[\/vc_column_text][vc_custom_heading text=\u00bb\u00bfQu\u00e9 idiomas se hablan t\u00edpicamente en Andorra?\u00bb use_theme_fonts=\u00bbyes\u00bb][vc_column_text]La poblaci\u00f3n extranjera residente en Andorra est\u00e1 encabezada por espa\u00f1oles, seguidos de portugueses y franceses. Esta multiculturalidad est\u00e1 presente en el d\u00eda a d\u00eda e integrada en la sociedad andorrana. En el sistema educativo p\u00fablico se puede elegir entre el andorrano, franc\u00e9s o espa\u00f1ol. Tambi\u00e9n hay escuelas privadas cuyo idioma principal es el ingl\u00e9s. Esto proporciona unas facilidades de integraci\u00f3n a los extranjeros que otros pa\u00edses no tienen.[\/vc_column_text][vc_custom_heading text=\u00bbRequisitos que se deben cumplir para ser residente fiscal en Andorra\u00bb font_container=\u00bbtag:h2|text_align:center\u00bb use_theme_fonts=\u00bbyes\u00bb el_class=\u00bbcorporativo\u00bb][vc_column_text]Hay varios tipos de residencia y por ello recomendamos solicite los servicios de una asesor\u00eda local como ANDORRE INVEST para que le informen de la opci\u00f3n m\u00e1s adecuada. Dependiendo de su inter\u00e9s puede optar por la\u00a0<a href=\"https:\/\/www.andorra-solutions.com\/es\/residencia-no-lucrativa-permiso-residencia\/\" target=\"_blank\" rel=\"noreferrer noopener\">residencia pasiva en Andorra<\/a>\u00a0o la\u00a0<a href=\"https:\/\/www.andorra-solutions.com\/es\/residencia-por-cuenta-propia-permiso-trabajo-y-residencia\/\" target=\"_blank\" rel=\"noreferrer noopener\">residencia activa en Andorra<\/a>.<\/p>\n<p>Entre los factores m\u00e1s importantes para la residencia fiscal en Andorra se encuentran:<\/p>\n<ol>\n<li>Tiempo m\u00ednimo de permanencia en Andorra de 183 d\u00edas al a\u00f1o.<\/li>\n<li>Localizar su centro de inter\u00e9s econ\u00f3mico en Andorra.<\/li>\n<li>Mantener su centro de inter\u00e9s vivencial en Andorra.<\/li>\n<\/ol>\n<p>Existen m\u00e1s condiciones y requisitos que debe cumplir para solicitar la residencia en Andorra, para lo cual consideramos que la asistencia de especialistas locales es fundamental.[\/vc_column_text][vc_custom_heading text=\u00bb\u00bfC\u00f3mo es el certificado electr\u00f3nico en Andorra y tr\u00e1mite para solicitarlo?\u00bb use_theme_fonts=\u00bbyes\u00bb][vc_column_text]Otro avance para las personas que no quieren perder tiempo desplaz\u00e1ndose y haciendo colas es disponer de una identificaci\u00f3n electr\u00f3nica que le permitir\u00e1 realizar tr\u00e1mites de manera c\u00f3moda y no presencial. Si no puede salir o se encuentra fuera por trabajo, podr\u00e1 utilizar esta herramienta para identificarse y autorizar sus gestiones.<\/p>\n<p>Puede solicitar su\u00a0<a href=\"https:\/\/www.signaturaelectronica.ad\/\" target=\"_blank\" rel=\"noreferrer noopener\">certificado electr\u00f3nico<\/a>\u00a0para realizar los tr\u00e1mites relacionados con la administraci\u00f3n p\u00fablica y entidades privadas en Andorra. Con la firma electr\u00f3nica podr\u00e1 realizar sus tr\u00e1mites sin desplazarse, en l\u00ednea, \u00a0ajust\u00e1ndose a sus horarios y tendr\u00e1 una identificaci\u00f3n \u00fanica tanto para la administraci\u00f3n p\u00fablica como para entidades privadas.<\/p>\n<p>Los tipos de certificados en Andorra son individuales, corporativos y de representaci\u00f3n. Para solicitarlo tendr\u00e1 que contactar por tel\u00e9fono al 150 para acordar una cita o contactar por correo electr\u00f3nico a: info.tramits@govern.ad.[\/vc_column_text][vc_custom_heading text=\u00bbOtras consideraciones al teletrabajo en Andorra\u00bb use_theme_fonts=\u00bbyes\u00bb][vc_column_text]Actualmente se est\u00e1n creando comunidades interesantes en Andorra relacionadas con las profesiones digitales como la de youtubers y traders, fomentando el networking entre profesionales con intereses comunes. Por ello no es de sorprender que \u00faltimamente se est\u00e9 produciendo un mayor desplazamiento e instalaci\u00f3n en Andorra de estos perfiles profesionales. Obviamente est\u00e1n atra\u00eddos tambi\u00e9n por las ventajas que Andorra les ofrece y que en sus pa\u00edses de origen no tienen. De todos modos no se puede generalizar y cada cambio de residencia debe ser tratado por separado, siempre cumpliendo las leyes de cada pa\u00eds. En ANDORRE INVEST estamos preparados para atender estas solicitudes y ofrecer la informaci\u00f3n y servicios necesarios para que la transici\u00f3n sea correcta y acorde a las leyes vigentes.[\/vc_column_text][vc_empty_space][\/vc_column][\/vc_row]<\/p>\n","protected":false},"excerpt":{"rendered":"<p>[vc_row css_animation=\u00bbfadeIn\u00bb][vc_column][vc_custom_heading text=\u00bbEl teletrabajo para empleados y profesionales desde Andorra\u00bb font_container=\u00bbtag:h2|text_align:center\u00bb use_theme_fonts=\u00bbyes\u00bb el_class=\u00bbcorporativo\u00bb][vc_column_text]El teletrabajo desde Andorra se ha popularizado debido a las medidas adoptadas mundialmente para evitar el contagio durante la pandemia del COVID19. Es cierto que hay pa\u00edses como Estados Unidos, Jap\u00f3n o Francia donde la pr\u00e1ctica del teletrabajo est\u00e1 integrada en el mundo<\/p>\n","protected":false},"author":2,"featured_media":0,"parent":0,"menu_order":0,"comment_status":"closed","ping_status":"closed","template":"","meta":{"_monsterinsights_skip_tracking":false,"_monsterinsights_sitenote_active":false,"_monsterinsights_sitenote_note":"","_monsterinsights_sitenote_category":0,"footnotes":""},"class_list":["post-14900","page","type-page","status-publish","hentry"],"acf":[],"yoast_head":"<!-- This site is optimized with the Yoast SEO plugin v25.9 - https:\/\/yoast.com\/wordpress\/plugins\/seo\/ -->\n<title>C\u00f3mo es el teletrabajo desde Andorra | ANDORRE INVEST<\/title>\n<meta name=\"description\" content=\"El teletrabajo desde Andorra es posible. Si la distancia no es un problema para su profesi\u00f3n, Andorra ofrece ventajas fiscales y personales.\" \/>\n<meta name=\"robots\" content=\"index, follow, max-snippet:-1, max-image-preview:large, max-video-preview:-1\" \/>\n<link rel=\"canonical\" href=\"https:\/\/www.andorra-solutions.com\/es\/teletrabajo-andorra\/\" \/>\n<meta property=\"og:locale\" content=\"es_ES\" \/>\n<meta property=\"og:type\" content=\"article\" \/>\n<meta property=\"og:title\" content=\"C\u00f3mo es el teletrabajo desde Andorra | ANDORRE INVEST\" \/>\n<meta property=\"og:description\" content=\"El teletrabajo desde Andorra es posible. Si la distancia no es un problema para su profesi\u00f3n, Andorra ofrece ventajas fiscales y personales.\" \/>\n<meta property=\"og:url\" content=\"https:\/\/www.andorra-solutions.com\/es\/teletrabajo-andorra\/\" \/>\n<meta property=\"og:site_name\" content=\"ANDORRE INVEST\" \/>\n<meta property=\"article:publisher\" content=\"https:\/\/es-la.facebook.com\/andorrasolutions\/\" \/>\n<meta property=\"article:modified_time\" content=\"2021-05-19T16:12:52+00:00\" \/>\n<meta name=\"twitter:label1\" content=\"Tiempo de lectura\" \/>\n\t<meta name=\"twitter:data1\" content=\"5 minutos\" \/>\n<!-- \/ Yoast SEO plugin. -->","yoast_head_json":{"title":"C\u00f3mo es el teletrabajo desde Andorra | ANDORRE INVEST","description":"El teletrabajo desde Andorra es posible. Si la distancia no es un problema para su profesi\u00f3n, Andorra ofrece ventajas fiscales y personales.","robots":{"index":"index","follow":"follow","max-snippet":"max-snippet:-1","max-image-preview":"max-image-preview:large","max-video-preview":"max-video-preview:-1"},"canonical":"https:\/\/www.andorra-solutions.com\/es\/teletrabajo-andorra\/","og_locale":"es_ES","og_type":"article","og_title":"C\u00f3mo es el teletrabajo desde Andorra | ANDORRE INVEST","og_description":"El teletrabajo desde Andorra es posible. Si la distancia no es un problema para su profesi\u00f3n, Andorra ofrece ventajas fiscales y personales.","og_url":"https:\/\/www.andorra-solutions.com\/es\/teletrabajo-andorra\/","og_site_name":"ANDORRE INVEST","article_publisher":"https:\/\/es-la.facebook.com\/andorrasolutions\/","article_modified_time":"2021-05-19T16:12:52+00:00","twitter_misc":{"Tiempo de lectura":"5 minutos"},"schema":{"@context":"https:\/\/schema.org","@graph":[{"@type":"WebPage","@id":"https:\/\/www.andorra-solutions.com\/es\/teletrabajo-andorra\/","url":"https:\/\/www.andorra-solutions.com\/es\/teletrabajo-andorra\/","name":"C\u00f3mo es el teletrabajo desde Andorra | ANDORRE INVEST","isPartOf":{"@id":"https:\/\/www.andorra-solutions.com\/es\/#website"},"datePublished":"2021-05-19T16:11:40+00:00","dateModified":"2021-05-19T16:12:52+00:00","description":"El teletrabajo desde Andorra es posible. Si la distancia no es un problema para su profesi\u00f3n, Andorra ofrece ventajas fiscales y personales.","breadcrumb":{"@id":"https:\/\/www.andorra-solutions.com\/es\/teletrabajo-andorra\/#breadcrumb"},"inLanguage":"es","potentialAction":[{"@type":"ReadAction","target":["https:\/\/www.andorra-solutions.com\/es\/teletrabajo-andorra\/"]}]},{"@type":"BreadcrumbList","@id":"https:\/\/www.andorra-solutions.com\/es\/teletrabajo-andorra\/#breadcrumb","itemListElement":[{"@type":"ListItem","position":1,"name":"Home","item":"https:\/\/www.andorra-solutions.com\/es\/"},{"@type":"ListItem","position":2,"name":"Teletrabajo desde Andorra"}]},{"@type":"WebSite","@id":"https:\/\/www.andorra-solutions.com\/es\/#website","url":"https:\/\/www.andorra-solutions.com\/es\/","name":"ANDORRE INVEST","description":"","publisher":{"@id":"https:\/\/www.andorra-solutions.com\/es\/#organization"},"potentialAction":[{"@type":"SearchAction","target":{"@type":"EntryPoint","urlTemplate":"https:\/\/www.andorra-solutions.com\/es\/?s={search_term_string}"},"query-input":{"@type":"PropertyValueSpecification","valueRequired":true,"valueName":"search_term_string"}}],"inLanguage":"es"},{"@type":"Organization","@id":"https:\/\/www.andorra-solutions.com\/es\/#organization","name":"ANDORRE INVEST","url":"https:\/\/www.andorra-solutions.com\/es\/","logo":{"@type":"ImageObject","inLanguage":"es","@id":"https:\/\/www.andorra-solutions.com\/es\/#\/schema\/logo\/image\/","url":"https:\/\/www.andorra-solutions.com\/wp-content\/uploads\/2021\/04\/logo-abast-andorra-solutions-peq.png","contentUrl":"https:\/\/www.andorra-solutions.com\/wp-content\/uploads\/2021\/04\/logo-abast-andorra-solutions-peq.png","width":211,"height":58,"caption":"ANDORRE INVEST"},"image":{"@id":"https:\/\/www.andorra-solutions.com\/es\/#\/schema\/logo\/image\/"},"sameAs":["https:\/\/es-la.facebook.com\/andorrasolutions\/","https:\/\/x.com\/andorrasolution","https:\/\/www.linkedin.com\/company\/andorra-solutions\/","https:\/\/www.youtube.com\/c\/AndorraSolutions"]}]}},"_links":{"self":[{"href":"https:\/\/www.andorra-solutions.com\/es\/wp-json\/wp\/v2\/pages\/14900","targetHints":{"allow":["GET"]}}],"collection":[{"href":"https:\/\/www.andorra-solutions.com\/es\/wp-json\/wp\/v2\/pages"}],"about":[{"href":"https:\/\/www.andorra-solutions.com\/es\/wp-json\/wp\/v2\/types\/page"}],"author":[{"embeddable":true,"href":"https:\/\/www.andorra-solutions.com\/es\/wp-json\/wp\/v2\/users\/2"}],"replies":[{"embeddable":true,"href":"https:\/\/www.andorra-solutions.com\/es\/wp-json\/wp\/v2\/comments?post=14900"}],"version-history":[{"count":0,"href":"https:\/\/www.andorra-solutions.com\/es\/wp-json\/wp\/v2\/pages\/14900\/revisions"}],"wp:attachment":[{"href":"https:\/\/www.andorra-solutions.com\/es\/wp-json\/wp\/v2\/media?parent=14900"}],"curies":[{"name":"wp","href":"https:\/\/api.w.org\/{rel}","templated":true}]}}