{"id":14809,"date":"2021-05-19T13:22:29","date_gmt":"2021-05-19T13:22:29","guid":{"rendered":"https:\/\/www.andorra-solutions.com\/?page_id=14809"},"modified":"2025-09-15T10:59:10","modified_gmt":"2025-09-15T10:59:10","slug":"aviso-legal","status":"publish","type":"page","link":"https:\/\/www.andorra-solutions.com\/es\/aviso-legal\/","title":{"rendered":"Aviso legal"},"content":{"rendered":"<p>[vc_row][vc_column][vc_custom_heading text=\u00bb1.- INFORMACI\u00d3N LEGAL\u00bb use_theme_fonts=\u00bbyes\u00bb][vc_column_text]A continuaci\u00f3n, se indican los datos de informaci\u00f3n general de este SITIO WEB:<\/p>\n<ul>\n<li>Titular: ANDORRE INVEST GLOBAL, S.L.<\/li>\n<li>NRT: L-714444-T<\/li>\n<li>Direcci\u00f3n: Passeig Arnaldeta de Caboet, 11, piso 2 pta. 1, (AD700) Escaldes-Engordany, Principado de Andorra.<\/li>\n<li>Tel\u00e9fono: (+376) 737 837<\/li>\n<li>Correo electr\u00f3nico: central@andorre-invest.com<\/li>\n<\/ul>\n<p>La visita a este SITIO WEB atribuye la condici\u00f3n de \u201cUSUARIO\u201d al visitante, con independencia de la condici\u00f3n de \u201cCLIENTE\u201d que este usuario pueda tener con ANDORRE INVEST GLOBAL, S.L.<\/p>\n<p>El objetivo de este SITIO WEB es ofrecer a los CLIENTES y\/o USUARIOS informaci\u00f3n relativa a productos y servicios de ANDORRE INVEST GLOBAL, S.L.<\/p>\n<p>El USUARIO, mediante el acceso a todos los contenidos que forman parte del SITIO WEB, puede visitar, obtener informaci\u00f3n de productos y servicios, y dirigir solicitudes y\/o comunicaciones a ANDORRE INVEST GLOBAL, S.L. Este acceso implica la aceptaci\u00f3n llena y sin reservas de todas las disposiciones y los t\u00e9rminos de uso que contiene este \u201cAviso legal\u201d.[\/vc_column_text][vc_empty_space][\/vc_column][\/vc_row][vc_row][vc_column][vc_custom_heading text=\u00bb2.- PROPIEDAD INTELECTUAL E INDUSTRIAL\u00bb use_theme_fonts=\u00bbyes\u00bb][vc_column_text]Todos los contenidos del SITIO WEB, entendiendo por estos a t\u00edtulo meramente enunciativo, los textos, fotograf\u00edas, gr\u00e1ficos, im\u00e1genes, iconos, tecnolog\u00eda, software, enlaces y otros contenidos audiovisuales o sonoros, as\u00ed como su dise\u00f1o gr\u00e1fico y c\u00f3digos fuente (de ahora en adelante, los \u201cCONTENIDOS\u201d), son propiedad intelectual de ANDORRE INVEST GLOBAL, S.L. o de terceros.<\/p>\n<p>Las marcas, nombres comerciales o signos distintivos son titularidad de ANDORRE INVEST GLOBAL, S.L. o terceros, sin que pueda entenderse que el acceso al SITIO WEB atribuya ning\u00fan derecho sobre las marcas, nombres comerciales y\/o signos distintivos.<\/p>\n<p>La violaci\u00f3n de los anteriores derechos ser\u00e1 perseguida conforme a la legislaci\u00f3n vigente.<\/p>\n<p>A efectos de preservar los posibles derechos de propiedad intelectual, en el supuesto de que cualquier USUARIO o un tercero considere que se ha producido una violaci\u00f3n de sus leg\u00edtimos derechos por la introducci\u00f3n de un determinado contenido en el SITIO WEB, tendr\u00e1 que notificar esta circunstancia a ANDORRE INVEST GLOBAL, S.L.<\/p>\n<p>En cualquier caso, ANDORRE INVEST GLOBAL, S.L. no asumir\u00e1 responsabilidad respecto de los derechos de Propiedad Intelectual o Industrial titularidad de terceros, que se puedan ver infringidos por un tercero o por el USUARIO.[\/vc_column_text][vc_empty_space][\/vc_column][\/vc_row][vc_row][vc_column][vc_custom_heading text=\u00bb3.- CONDICIONES DE USO DEL SITIO WEB\u00bb use_theme_fonts=\u00bbyes\u00bb][vc_column_text el_class=\u00bbnegrita-corporativo texto-15px\u00bb]<strong>CONDICIONES GENERALES<\/strong><\/p>\n<p>El USUARIO se obliga a hacer un uso correcto del SITIO WEB en conformidad con la Ley y las presentes condiciones de uso. El USUARIO responder\u00e1 frente a ANDORRE INVEST GLOBAL, S.L., o frente a terceros, de cualesquier da\u00f1os y perjuicios que pudieran acontecer a consecuencia del incumplimiento de esta obligaci\u00f3n.<\/p>\n<p>Queda expresamente prohibido el uso del SITIO WEB con fines lesivas de bienes o intereses de ANDORRE INVEST GLOBAL, S.L. o de terceros, o que de cualquier otra forma sobrecarguen, da\u00f1en o inutilicen las redes, servidores y otros equipos inform\u00e1ticos o productos y aplicaciones inform\u00e1ticas de la entidad o de terceros.<\/p>\n<p><strong>CONTENIDOS<\/strong><\/p>\n<p>El USUARIO se compromete a utilizar los Contenidos en conformidad con la Ley y el presente Aviso legal, as\u00ed como con las otras condiciones, reglamentos e instrucciones que, en su caso pudieron ser aplicable.[\/vc_column_text][vc_empty_space][\/vc_column][\/vc_row][vc_row][vc_column][vc_custom_heading text=\u00bb4.- EXCLUSI\u00d3N DE RESPONSABILIDAD\u00bb use_theme_fonts=\u00bbyes\u00bb][vc_column_text el_class=\u00bbnegrita-corporativo texto-15px\u00bb]<strong>INFORMACI\u00d3N<\/strong><\/p>\n<p>El acceso al SITIO WEB no implica la obligaci\u00f3n por parte de ANDORRE INVEST GLOBAL, S.L. de comprobar la veracidad, exactitud, adecuaci\u00f3n, idoneidad, exhaustividad y actualidad de la informaci\u00f3n suministrada a trav\u00e9s de este. En este sentido, ANDORRE INVEST GLOBAL, S.L. no garantiza que los contenidos del website tengan que estar permanentemente actualizados, ni que carezcan de cualquier clase de error.<\/p>\n<p>ANDORRE INVEST GLOBAL, S.L. no se responsabiliza por cualquier mal y\/o perjuicio y\/o beneficio dejado de obtener por el USUARIO o por cualquier tercero que se vea perjudicado a consecuencia de estos.<\/p>\n<p><strong>CALIDAD DEL SERVICIO<\/strong><\/p>\n<p>El acceso al SITIO WEB no implica la obligaci\u00f3n por parte de ANDORRE INVEST GLOBAL, S.L. de controlar la ausencia de virus, gusanos o cualquier otro elemento inform\u00e1tico nocivo. Corresponde al USUARIO, la disponibilidad de herramientas adecuadas para la detecci\u00f3n y desinfecci\u00f3n de programas inform\u00e1ticos nocivos.<\/p>\n<p>ANDORRE INVEST GLOBAL, S.L. no se responsabiliza de los da\u00f1os producidos en los equipos inform\u00e1ticos de los USUARIOS o de terceros durante la prestaci\u00f3n del servicio del SITIO WEB.<\/p>\n<p><strong>DISPONIBILIDAD DEL SERVICIO<\/strong><\/p>\n<p>El acceso al SITIO WEB requiere servicios y suministros de terceros, incluidas las redes de telecomunicaciones. Por lo tanto, su fiabilidad, calidad, continuidad y funcionamiento depende de terceros. En este sentido, los contenidos prove\u00eddos a trav\u00e9s del SITIO WEB pueden ser suspendidos, cancelados o resultar inaccesibles.<\/p>\n<p>ANDORRE INVEST GLOBAL, S.L. no se responsabiliza de los da\u00f1os o perjuicios de cualquier tipo, producidos por errores o desconexiones en las redes de telecomunicaciones, que puedan producir por la suspensi\u00f3n, cancelaci\u00f3n o interrupci\u00f3n del servicio del SITIO WEB.[\/vc_column_text][vc_empty_space][\/vc_column][\/vc_row][vc_row][vc_column][vc_custom_heading text=\u00bb5.- PROTECCI\u00d3N DE DATOS\u00bb use_theme_fonts=\u00bbyes\u00bb][vc_column_text]Ver la correspondiente \u201cPol\u00edtica de Privacidad\u201d.[\/vc_column_text][vc_empty_space][\/vc_column][\/vc_row][vc_row][vc_column][vc_custom_heading text=\u00bb6.- JURISDICCI\u00d3N Y LEY APLICABLE\u00bb use_theme_fonts=\u00bbyes\u00bb][vc_column_text]Este Aviso Legal se rige por la legislaci\u00f3n andorrana.<\/p>\n<p>Los USUARIOS de este SITIO WEB se someten a la jurisdicci\u00f3n andorrana, con renuncia expr\u00e9s a cualquier otro fuero que, conforme a Derecho, los pudiera corresponder.<\/p>\n<p>ANDORRE INVEST GLOBAL, S.L. se reserva la facultad de efectuar, en cualquier momento y sin necesidad de aviso previo, modificaciones y actualizaciones de la informaci\u00f3n que contiene el SITIO WEB o de la configuraci\u00f3n y\/o presentaci\u00f3n de este.[\/vc_column_text][vc_empty_space height=\u00bb50px\u00bb][\/vc_column][\/vc_row]<\/p>\n","protected":false},"excerpt":{"rendered":"<p>[vc_row][vc_column][vc_custom_heading text=\u00bb1.- INFORMACI\u00d3N LEGAL\u00bb use_theme_fonts=\u00bbyes\u00bb][vc_column_text]A continuaci\u00f3n, se indican los datos de informaci\u00f3n general de este SITIO WEB: Titular: ANDORRE INVEST GLOBAL, S.L. NRT: L-714444-T Direcci\u00f3n: Passeig Arnaldeta de Caboet, 11, piso 2 pta. 1, (AD700) Escaldes-Engordany, Principado de Andorra. Tel\u00e9fono: (+376) 737 837 Correo electr\u00f3nico: central@andorre-invest.com La visita a este SITIO WEB atribuye la condici\u00f3n de<\/p>\n","protected":false},"author":2,"featured_media":0,"parent":0,"menu_order":0,"comment_status":"closed","ping_status":"open","template":"","meta":{"_monsterinsights_skip_tracking":false,"_monsterinsights_sitenote_active":false,"_monsterinsights_sitenote_note":"","_monsterinsights_sitenote_category":0,"footnotes":""},"class_list":["post-14809","page","type-page","status-publish","hentry"],"acf":[],"yoast_head":"<!-- This site is optimized with the Yoast SEO plugin v25.9 - https:\/\/yoast.com\/wordpress\/plugins\/seo\/ -->\n<title>Aviso legal para los usuarios de la web | ANDORRE INVEST<\/title>\n<meta name=\"description\" content=\"Aviso legal de la empresa para usuarios y clientes que visiten nuestra p\u00e1gina web. Si quiere m\u00e1s informaci\u00f3n, contacte con nosotros.\" \/>\n<meta name=\"robots\" content=\"index, follow, max-snippet:-1, max-image-preview:large, max-video-preview:-1\" \/>\n<link rel=\"canonical\" href=\"https:\/\/www.andorra-solutions.com\/es\/aviso-legal\/\" \/>\n<meta property=\"og:locale\" content=\"es_ES\" \/>\n<meta property=\"og:type\" content=\"article\" \/>\n<meta property=\"og:title\" content=\"Aviso legal para los usuarios de la web | ANDORRE INVEST\" \/>\n<meta property=\"og:description\" content=\"Aviso legal de la empresa para usuarios y clientes que visiten nuestra p\u00e1gina web. Si quiere m\u00e1s informaci\u00f3n, contacte con nosotros.\" \/>\n<meta property=\"og:url\" content=\"https:\/\/www.andorra-solutions.com\/es\/aviso-legal\/\" \/>\n<meta property=\"og:site_name\" content=\"ANDORRE INVEST\" \/>\n<meta property=\"article:publisher\" content=\"https:\/\/es-la.facebook.com\/andorrasolutions\/\" \/>\n<meta property=\"article:modified_time\" content=\"2025-09-15T10:59:10+00:00\" \/>\n<meta name=\"twitter:label1\" content=\"Tiempo de lectura\" \/>\n\t<meta name=\"twitter:data1\" content=\"4 minutos\" \/>\n<!-- \/ Yoast SEO plugin. -->","yoast_head_json":{"title":"Aviso legal para los usuarios de la web | ANDORRE INVEST","description":"Aviso legal de la empresa para usuarios y clientes que visiten nuestra p\u00e1gina web. Si quiere m\u00e1s informaci\u00f3n, contacte con nosotros.","robots":{"index":"index","follow":"follow","max-snippet":"max-snippet:-1","max-image-preview":"max-image-preview:large","max-video-preview":"max-video-preview:-1"},"canonical":"https:\/\/www.andorra-solutions.com\/es\/aviso-legal\/","og_locale":"es_ES","og_type":"article","og_title":"Aviso legal para los usuarios de la web | ANDORRE INVEST","og_description":"Aviso legal de la empresa para usuarios y clientes que visiten nuestra p\u00e1gina web. Si quiere m\u00e1s informaci\u00f3n, contacte con nosotros.","og_url":"https:\/\/www.andorra-solutions.com\/es\/aviso-legal\/","og_site_name":"ANDORRE INVEST","article_publisher":"https:\/\/es-la.facebook.com\/andorrasolutions\/","article_modified_time":"2025-09-15T10:59:10+00:00","twitter_misc":{"Tiempo de lectura":"4 minutos"},"schema":{"@context":"https:\/\/schema.org","@graph":[{"@type":"WebPage","@id":"https:\/\/www.andorra-solutions.com\/es\/aviso-legal\/","url":"https:\/\/www.andorra-solutions.com\/es\/aviso-legal\/","name":"Aviso legal para los usuarios de la web | ANDORRE INVEST","isPartOf":{"@id":"https:\/\/www.andorra-solutions.com\/es\/#website"},"datePublished":"2021-05-19T13:22:29+00:00","dateModified":"2025-09-15T10:59:10+00:00","description":"Aviso legal de la empresa para usuarios y clientes que visiten nuestra p\u00e1gina web. Si quiere m\u00e1s informaci\u00f3n, contacte con nosotros.","breadcrumb":{"@id":"https:\/\/www.andorra-solutions.com\/es\/aviso-legal\/#breadcrumb"},"inLanguage":"es","potentialAction":[{"@type":"ReadAction","target":["https:\/\/www.andorra-solutions.com\/es\/aviso-legal\/"]}]},{"@type":"BreadcrumbList","@id":"https:\/\/www.andorra-solutions.com\/es\/aviso-legal\/#breadcrumb","itemListElement":[{"@type":"ListItem","position":1,"name":"Home","item":"https:\/\/www.andorra-solutions.com\/es\/"},{"@type":"ListItem","position":2,"name":"Aviso legal"}]},{"@type":"WebSite","@id":"https:\/\/www.andorra-solutions.com\/es\/#website","url":"https:\/\/www.andorra-solutions.com\/es\/","name":"ANDORRE INVEST","description":"","publisher":{"@id":"https:\/\/www.andorra-solutions.com\/es\/#organization"},"potentialAction":[{"@type":"SearchAction","target":{"@type":"EntryPoint","urlTemplate":"https:\/\/www.andorra-solutions.com\/es\/?s={search_term_string}"},"query-input":{"@type":"PropertyValueSpecification","valueRequired":true,"valueName":"search_term_string"}}],"inLanguage":"es"},{"@type":"Organization","@id":"https:\/\/www.andorra-solutions.com\/es\/#organization","name":"ANDORRE INVEST","url":"https:\/\/www.andorra-solutions.com\/es\/","logo":{"@type":"ImageObject","inLanguage":"es","@id":"https:\/\/www.andorra-solutions.com\/es\/#\/schema\/logo\/image\/","url":"https:\/\/www.andorra-solutions.com\/wp-content\/uploads\/2021\/04\/logo-abast-andorra-solutions-peq.png","contentUrl":"https:\/\/www.andorra-solutions.com\/wp-content\/uploads\/2021\/04\/logo-abast-andorra-solutions-peq.png","width":211,"height":58,"caption":"ANDORRE INVEST"},"image":{"@id":"https:\/\/www.andorra-solutions.com\/es\/#\/schema\/logo\/image\/"},"sameAs":["https:\/\/es-la.facebook.com\/andorrasolutions\/","https:\/\/x.com\/andorrasolution","https:\/\/www.linkedin.com\/company\/andorra-solutions\/","https:\/\/www.youtube.com\/c\/AndorraSolutions"]}]}},"_links":{"self":[{"href":"https:\/\/www.andorra-solutions.com\/es\/wp-json\/wp\/v2\/pages\/14809","targetHints":{"allow":["GET"]}}],"collection":[{"href":"https:\/\/www.andorra-solutions.com\/es\/wp-json\/wp\/v2\/pages"}],"about":[{"href":"https:\/\/www.andorra-solutions.com\/es\/wp-json\/wp\/v2\/types\/page"}],"author":[{"embeddable":true,"href":"https:\/\/www.andorra-solutions.com\/es\/wp-json\/wp\/v2\/users\/2"}],"replies":[{"embeddable":true,"href":"https:\/\/www.andorra-solutions.com\/es\/wp-json\/wp\/v2\/comments?post=14809"}],"version-history":[{"count":1,"href":"https:\/\/www.andorra-solutions.com\/es\/wp-json\/wp\/v2\/pages\/14809\/revisions"}],"predecessor-version":[{"id":19068,"href":"https:\/\/www.andorra-solutions.com\/es\/wp-json\/wp\/v2\/pages\/14809\/revisions\/19068"}],"wp:attachment":[{"href":"https:\/\/www.andorra-solutions.com\/es\/wp-json\/wp\/v2\/media?parent=14809"}],"curies":[{"name":"wp","href":"https:\/\/api.w.org\/{rel}","templated":true}]}}