{"id":14768,"date":"2021-04-26T07:53:04","date_gmt":"2021-04-26T07:53:04","guid":{"rendered":"https:\/\/www.andorra-solutions.com\/invest-andorra\/"},"modified":"2022-03-18T14:14:08","modified_gmt":"2022-03-18T14:14:08","slug":"invertir-en-andorra","status":"publish","type":"page","link":"https:\/\/www.andorra-solutions.com\/es\/invertir-en-andorra\/","title":{"rendered":"Invertir en Andorra"},"content":{"rendered":"<p>[vc_row css_animation=\u00bbfadeIn\u00bb][vc_column][vc_custom_heading text=\u00bb\u00bfPor qu\u00e9 invertir en Andorra?\u00bb font_container=\u00bbtag:h2|text_align:center\u00bb use_theme_fonts=\u00bbyes\u00bb el_class=\u00bbcorporativo\u00bb][vc_custom_heading text=\u00bbEstabilidad pol\u00edtica y legislativa\u00bb use_theme_fonts=\u00bbyes\u00bb][vc_column_text]Andorra es uno de los pa\u00edses m\u00e1s antiguos del mundo. Desde su creaci\u00f3n en 1278, sus fronteras nunca se modificaron, tampoco nunca fue invadida o implicada en una guerra. El peque\u00f1o pa\u00eds que cuenta con Francia y Espa\u00f1a como vecinos ha sido neutro y mantuvo relaciones pacificas con otros pa\u00edses desde hace m\u00e1s de 700 a\u00f1os. Esto ilustra muy bien su estabilidad pol\u00edtica y legal, lo que es un aspecto fundamental cuando se planea una inversi\u00f3n en un territorio extranjero.[\/vc_column_text][vc_empty_space height=\u00bb15px\u00bb][vc_custom_heading text=\u00bbUna econom\u00eda que desea atraer a las inversiones extranjeras\u00bb use_theme_fonts=\u00bbyes\u00bb][vc_column_text]Desde 2012, varias reformas econ\u00f3micas han sido adoptadas con el fin de atraer inversiones extranjeras y empresas que desean instalarse en Andorra. La principalidad es un territorio muy abierto a los capitales extranjeros y a la propiedad. No hay ninguna restricci\u00f3n en ning\u00fan sector.[\/vc_column_text][vc_empty_space height=\u00bb15px\u00bb][vc_custom_heading text=\u00bbUna de las regiones con impuestos m\u00e1s bajos en Europa y en el mundo\u00bb use_theme_fonts=\u00bbyes\u00bb][vc_column_text]La pol\u00edtica fiscal de Andorra es una de las m\u00e1s favorables del mundo. Una tasa de imposici\u00f3n sobre los ingresos que es de entre un 5% y un 10%, un impuesto sobre las sociedades entre el 2% y el 10%, y adem\u00e1s el impuesto sobre el valor a\u00f1adido m\u00e1s bajo de Europa confieren a este pa\u00eds una ventaja competitiva cierta e inigualada en el continente.[\/vc_column_text][vc_empty_space height=\u00bb15px\u00bb][\/vc_column][\/vc_row][vc_row css_animation=\u00bbfadeIn\u00bb][vc_column width=\u00bb1\/2&#8243;][vc_custom_heading text=\u00bbLa ubicaci\u00f3n, un factor clave\u00bb use_theme_fonts=\u00bbyes\u00bb][vc_column_text]La ubicaci\u00f3n es un elemento fundamental para cualquier empresa que desarrolla intercambios econ\u00f3micos. Andorra forma parte de los primeros pa\u00edses en este campo\u00a0 gracias a sus infraestructuras y sus medios de comunicaci\u00f3n, sus numerosas oficinas disponibles, su sistema de salud y la calidad de sus escuelas.<\/p>\n<p>Acceder a Andorra no es lo m\u00e1s f\u00e1cil del \u00faltimo tramo entre aeropuertos internacionales y llegar a sus fronteras. Esto significa que 2 horas son necesarias desde los aeropuertos de Barcelona y de Toulouse si quiere venir utilizando el transporte p\u00fablico. Este tiempo se puede reducir a 20 minutos con un helic\u00f3ptero o un vuelo dom\u00e9stico hasta el aeropuerto de La Seu. Sin embargo, se llega a Andorra m\u00e1s r\u00e1pidamente desde la mayor\u00eda de las ciudades europeas que a Malta o Chipre por ejemplo, dado que Andorra se sit\u00faa entre la tercera y la quinta econom\u00eda de la Uni\u00f3n Europea, respectivamente Francia y Espa\u00f1a.<\/p>\n<p>Los inversores y residentes de Andorra podr\u00e1n encontrar ventajas \u00fanicas en ese pa\u00eds. Se da mucha importancia a la seguridad, el crimen casi no existe, la calidad de vida es muy elevada (buenos sistemas de educaci\u00f3n y de salud, calidad del aire, \u2026). Adem\u00e1s, si le gustan las monta\u00f1as, no podr\u00e1 encontrar mejor sitio para instalarse. Si este paisaje le aburre, puede llegar a las playas de Barcelona en solo 2 horas y disfrutar del mar Mediterr\u00e1neo.[\/vc_column_text][vc_empty_space height=\u00bb15px\u00bb][\/vc_column][vc_column width=\u00bb1\/2&#8243;][vc_single_image image=\u00bb13282&#8243; img_size=\u00bb900&#215;500&#8243; alignment=\u00bbcenter\u00bb][\/vc_column][\/vc_row][vc_row css_animation=\u00bbfadeIn\u00bb][vc_column][vc_custom_heading text=\u00bbEl sistema financiero\u00bb use_theme_fonts=\u00bbyes\u00bb][vc_column_text]La moneda oficial de Andorra es el euro. Sus cinco bancos nacionales son de los m\u00e1s rentables de Europa y cumplen rigurosamente con las normas internacionales en materia de anti-blanqueo de capitales. Es verdad que durante los a\u00f1os 90 Andorra fue un pa\u00eds para esconder dinero, sin embargo las investigaciones desarrolladas por el gobierno espa\u00f1ol han cambiado el pa\u00eds en una de las jurisdicciones m\u00e1s estrictas de Europa. Asegura la sostenibilidad de su sistema financiero y se convierte en una fuerza motriz para la apertura de su econom\u00eda a capitales extranjeros.[\/vc_column_text][vc_empty_space height=\u00bb15px\u00bb][vc_custom_heading text=\u00bb\u00bfC\u00f3mo invertir en Andorra?\u00bb font_container=\u00bbtag:h2|text_align:center\u00bb use_theme_fonts=\u00bbyes\u00bb el_class=\u00bbcorporativo\u00bb][vc_custom_heading text=\u00bbTener una sociedad holding o una empresa de importaci\u00f3n y exportaci\u00f3n\u00bb use_theme_fonts=\u00bbyes\u00bb][vc_column_text]Ampli\u00e9 su comercio internacional con el establecimiento de una empresa de importaci\u00f3n y exportaci\u00f3n, puesto que los impuestos comerciales se sit\u00faan entre un 2% y un 10%.\u00a0 Adem\u00e1s tiene la posibilidad de establecer una sociedad holding para sus inversiones extranjeras que ser\u00e1n exentos de impuestos, como los dividendos para los residentes de Andorra.[\/vc_column_text][vc_empty_space height=\u00bb15px\u00bb][\/vc_column][\/vc_row][vc_row css_animation=\u00bbfadeIn\u00bb][vc_column width=\u00bb1\/2&#8243;][vc_single_image image=\u00bb13221&#8243; img_size=\u00bb1000&#215;400&#8243;][\/vc_column][vc_column width=\u00bb1\/2&#8243;][vc_custom_heading text=\u00bbInvertir en el sector inmobiliario andorrano\u00bb use_theme_fonts=\u00bbyes\u00bb][vc_column_text]Durante los a\u00f1os de crisis en Espa\u00f1a de 2008 a 2013, los precios de los bienes inmuebles de Andorra se han disminuido de manera considerable. Desde este periodo, gracias a la apertura , cada vez m\u00e1s importante, de la econom\u00eda andorrana se ha producido un aumento general de la demanda de inmuebles por parte de los pa\u00edses como China, Rusia, Reino Unido y Francia, provocando un incremento constante de los precios sobretodo en el mercado de gama alta, haciendo as\u00ed cada inversi\u00f3n m\u00e1s interesante.<\/p>\n<p>Es obvio que un n\u00famero m\u00e1s grande de inversiones directas extranjeras ocasionara una demanda m\u00e1s importante de propiedades residenciales, dado que para cada creaci\u00f3n de empresa se exige substancia aun con las empresas m\u00e1s peque\u00f1as registradas en residencias privadas. La demanda de residencias o apartamentos privados seguir\u00e1 aumentando. Adem\u00e1s, despu\u00e9s de las m\u00faltiples incentivas desarrolladas por el gobierno andorrano para atraer turistas y empresas. Las primeras repercusiones econ\u00f3micas como la estabilizaci\u00f3n y un crecimiento sostenible del mercado inmobiliario se notan a pesar de las fluctuaciones estacionales.[\/vc_column_text][vc_empty_space height=\u00bb15px\u00bb][\/vc_column][\/vc_row][vc_row css_animation=\u00bbfadeIn\u00bb][vc_column][vc_custom_heading text=\u00bbInvertir en su felicidad personal\u00bb use_theme_fonts=\u00bbyes\u00bb][vc_column_text]Adem\u00e1s del retorno financiero positivo, los inversores que quieren instalarse en Andorra consideran tambi\u00e9n otros criterios como la calidad de vida, la fiscalidad y la accesibilidad del pa\u00eds. As\u00ed, Andorra es muy atractiva dado una calidad de vida imbatible, un impuesto sobre los ingresos muy bajo, las exenciones de impuestos sobre los dividendos recibidos, sin olvidar su proximidad con los grandes centros urbanos europeos. Adem\u00e1s, los pa\u00edses que no pertenecen a la Uni\u00f3n Europea se benefician tambi\u00e9n de la posibilidad de viajar sin visa en los pa\u00edses del espacio Schengen. Los centros culturales mayores como Francia, Espa\u00f1a, e Italia son muy accesibles por v\u00eda \u00e1rea o terrestre. Andorra es la soluci\u00f3n ideal que combina los pa\u00edses de monta\u00f1a de los Pirineos y el mar Mediterr\u00e1neo.[\/vc_column_text][vc_empty_space height=\u00bb15px\u00bb][vc_custom_heading text=\u00bb\u00bfQu\u00e9 futuro hay para Andorra y sus inversores?\u00bb font_container=\u00bbtag:h2|text_align:center\u00bb use_theme_fonts=\u00bbyes\u00bb el_class=\u00bbcorporativo\u00bb][\/vc_column][\/vc_row][vc_row css_animation=\u00bbfadeIn\u00bb][vc_column width=\u00bb1\/2&#8243;][vc_column_text]Andorra inici\u00f3 tr\u00e1mites importantes para la apertura y la armonizaci\u00f3n de su econom\u00eda con las del resto del mundo sin posibilidad de dar marcha atr\u00e1s. A pesar del ajuste de su pol\u00edtica fiscal con las reglas de la OCDE, Andorra sigue siendo un pa\u00eds muy atractivo y competitivo tanto por las empresas como por los particulares. Adem\u00e1s, su econom\u00eda ofrece m\u00e1s oportunidades que nunca, gracias a la firma de varios <a href=\"https:\/\/www.andorra-solutions.com\/es\/convenios-fiscales-doble-imposicion-andorra\/\">tratados contra la doble imposici\u00f3n<\/a> con Espa\u00f1a, Francia, Portugal, Luxemburgo, Liechtenstein, Malta, Chipre, los Emiratos \u00c1rabes Unidos, San Marino y con otros pa\u00edses est\u00e1n en proceso de negociaciones.<\/p>\n<p>Por otra parte, Andorra est\u00e1 negociando un contrato de asociaci\u00f3n con la Uni\u00f3n Europea. Sin embargo, esto no significa que va a entrar en la Comunidad, sino que el pa\u00eds se beneficiar\u00e1 de varias ventajas como la libre circulaci\u00f3n de bienes (aunque t\u00e9cnicamente la libre circulaci\u00f3n ya est\u00e9 en vigor), o incluso potenciar el intercambio de estudiantes y la mano de obra como lo desee el Banco Central\u00a0 Europeo (BCE), convirtiendo as\u00ed Andorra en un miembro de pleno derecho del espacio Schengen.<\/p>\n<p>Todos estos desarrollos tendr\u00e1n una influencia muy positiva sobre Andorra como pa\u00eds receptor de inversiones extranjeras. Falta decir que el crecimiento andorrano ser\u00e1 probablemente menos importante que en algunos pa\u00edses \u2018en desarrollo\u2019 del Oriente Medio o de la zona mediterr\u00e1nea d\u00f3nde la presi\u00f3n fiscal es menos fuerte, pero ser\u00e1 mucho m\u00e1s sostenible. En efecto, Andorra se conforma estrictamente a las pol\u00edticas de lucha contra el blanqueo de capitales\u00a0y el pa\u00eds est\u00e1 implementando las directivas del proyecto BEPS de la OCDE, prepar\u00e1ndose as\u00ed perfectamente para acoger inversores.[\/vc_column_text][vc_empty_space height=\u00bb40px\u00bb][\/vc_column][vc_column width=\u00bb1\/2&#8243;][vc_single_image image=\u00bb12229&#8243; img_size=\u00bb900&#215;500&#8243;][\/vc_column][\/vc_row][vc_column][\/vc_column]<\/p>\n","protected":false},"excerpt":{"rendered":"<p>[vc_row css_animation=\u00bbfadeIn\u00bb][vc_column][vc_custom_heading text=\u00bb\u00bfPor qu\u00e9 invertir en Andorra?\u00bb font_container=\u00bbtag:h2|text_align:center\u00bb use_theme_fonts=\u00bbyes\u00bb el_class=\u00bbcorporativo\u00bb][vc_custom_heading text=\u00bbEstabilidad pol\u00edtica y legislativa\u00bb use_theme_fonts=\u00bbyes\u00bb][vc_column_text]Andorra es uno de los pa\u00edses m\u00e1s antiguos del mundo. Desde su creaci\u00f3n en 1278, sus fronteras nunca se modificaron, tampoco nunca fue invadida o implicada en una guerra. El peque\u00f1o pa\u00eds que cuenta con Francia y Espa\u00f1a como vecinos ha<\/p>\n","protected":false},"author":1,"featured_media":0,"parent":0,"menu_order":0,"comment_status":"closed","ping_status":"closed","template":"","meta":{"_monsterinsights_skip_tracking":false,"_monsterinsights_sitenote_active":false,"_monsterinsights_sitenote_note":"","_monsterinsights_sitenote_category":0,"footnotes":""},"class_list":["post-14768","page","type-page","status-publish","hentry"],"acf":[],"yoast_head":"<!-- This site is optimized with the Yoast SEO plugin v25.9 - https:\/\/yoast.com\/wordpress\/plugins\/seo\/ -->\n<title>Invertir en Andorra con ventajas financieras y legales<\/title>\n<meta name=\"description\" content=\"Est\u00e1 pensando en invertir en Andorra y necesita informaciones sobre como hacerlo? Todas las respuestas est\u00e1n en ANDORRE INVEST.\" \/>\n<meta name=\"robots\" content=\"index, follow, max-snippet:-1, max-image-preview:large, max-video-preview:-1\" \/>\n<link rel=\"canonical\" href=\"https:\/\/www.andorra-solutions.com\/es\/invertir-en-andorra\/\" \/>\n<meta property=\"og:locale\" content=\"es_ES\" \/>\n<meta property=\"og:type\" content=\"article\" \/>\n<meta property=\"og:title\" content=\"Invertir en Andorra con ventajas financieras y legales\" \/>\n<meta property=\"og:description\" content=\"Est\u00e1 pensando en invertir en Andorra y necesita informaciones sobre como hacerlo? Todas las respuestas est\u00e1n en ANDORRE INVEST.\" \/>\n<meta property=\"og:url\" content=\"https:\/\/www.andorra-solutions.com\/es\/invertir-en-andorra\/\" \/>\n<meta property=\"og:site_name\" content=\"ANDORRE INVEST\" \/>\n<meta property=\"article:publisher\" content=\"https:\/\/es-la.facebook.com\/andorrasolutions\/\" \/>\n<meta property=\"article:modified_time\" content=\"2022-03-18T14:14:08+00:00\" \/>\n<meta name=\"twitter:label1\" content=\"Tiempo de lectura\" \/>\n\t<meta name=\"twitter:data1\" content=\"6 minutos\" \/>\n<!-- \/ Yoast SEO plugin. -->","yoast_head_json":{"title":"Invertir en Andorra con ventajas financieras y legales","description":"Est\u00e1 pensando en invertir en Andorra y necesita informaciones sobre como hacerlo? Todas las respuestas est\u00e1n en ANDORRE INVEST.","robots":{"index":"index","follow":"follow","max-snippet":"max-snippet:-1","max-image-preview":"max-image-preview:large","max-video-preview":"max-video-preview:-1"},"canonical":"https:\/\/www.andorra-solutions.com\/es\/invertir-en-andorra\/","og_locale":"es_ES","og_type":"article","og_title":"Invertir en Andorra con ventajas financieras y legales","og_description":"Est\u00e1 pensando en invertir en Andorra y necesita informaciones sobre como hacerlo? Todas las respuestas est\u00e1n en ANDORRE INVEST.","og_url":"https:\/\/www.andorra-solutions.com\/es\/invertir-en-andorra\/","og_site_name":"ANDORRE INVEST","article_publisher":"https:\/\/es-la.facebook.com\/andorrasolutions\/","article_modified_time":"2022-03-18T14:14:08+00:00","twitter_misc":{"Tiempo de lectura":"6 minutos"},"schema":{"@context":"https:\/\/schema.org","@graph":[{"@type":"WebPage","@id":"https:\/\/www.andorra-solutions.com\/es\/invertir-en-andorra\/","url":"https:\/\/www.andorra-solutions.com\/es\/invertir-en-andorra\/","name":"Invertir en Andorra con ventajas financieras y legales","isPartOf":{"@id":"https:\/\/www.andorra-solutions.com\/es\/#website"},"datePublished":"2021-04-26T07:53:04+00:00","dateModified":"2022-03-18T14:14:08+00:00","description":"Est\u00e1 pensando en invertir en Andorra y necesita informaciones sobre como hacerlo? Todas las respuestas est\u00e1n en ANDORRE INVEST.","breadcrumb":{"@id":"https:\/\/www.andorra-solutions.com\/es\/invertir-en-andorra\/#breadcrumb"},"inLanguage":"es","potentialAction":[{"@type":"ReadAction","target":["https:\/\/www.andorra-solutions.com\/es\/invertir-en-andorra\/"]}]},{"@type":"BreadcrumbList","@id":"https:\/\/www.andorra-solutions.com\/es\/invertir-en-andorra\/#breadcrumb","itemListElement":[{"@type":"ListItem","position":1,"name":"Home","item":"https:\/\/www.andorra-solutions.com\/es\/"},{"@type":"ListItem","position":2,"name":"Invertir en Andorra"}]},{"@type":"WebSite","@id":"https:\/\/www.andorra-solutions.com\/es\/#website","url":"https:\/\/www.andorra-solutions.com\/es\/","name":"ANDORRE INVEST","description":"","publisher":{"@id":"https:\/\/www.andorra-solutions.com\/es\/#organization"},"potentialAction":[{"@type":"SearchAction","target":{"@type":"EntryPoint","urlTemplate":"https:\/\/www.andorra-solutions.com\/es\/?s={search_term_string}"},"query-input":{"@type":"PropertyValueSpecification","valueRequired":true,"valueName":"search_term_string"}}],"inLanguage":"es"},{"@type":"Organization","@id":"https:\/\/www.andorra-solutions.com\/es\/#organization","name":"ANDORRE INVEST","url":"https:\/\/www.andorra-solutions.com\/es\/","logo":{"@type":"ImageObject","inLanguage":"es","@id":"https:\/\/www.andorra-solutions.com\/es\/#\/schema\/logo\/image\/","url":"https:\/\/www.andorra-solutions.com\/wp-content\/uploads\/2021\/04\/logo-abast-andorra-solutions-peq.png","contentUrl":"https:\/\/www.andorra-solutions.com\/wp-content\/uploads\/2021\/04\/logo-abast-andorra-solutions-peq.png","width":211,"height":58,"caption":"ANDORRE INVEST"},"image":{"@id":"https:\/\/www.andorra-solutions.com\/es\/#\/schema\/logo\/image\/"},"sameAs":["https:\/\/es-la.facebook.com\/andorrasolutions\/","https:\/\/x.com\/andorrasolution","https:\/\/www.linkedin.com\/company\/andorra-solutions\/","https:\/\/www.youtube.com\/c\/AndorraSolutions"]}]}},"_links":{"self":[{"href":"https:\/\/www.andorra-solutions.com\/es\/wp-json\/wp\/v2\/pages\/14768","targetHints":{"allow":["GET"]}}],"collection":[{"href":"https:\/\/www.andorra-solutions.com\/es\/wp-json\/wp\/v2\/pages"}],"about":[{"href":"https:\/\/www.andorra-solutions.com\/es\/wp-json\/wp\/v2\/types\/page"}],"author":[{"embeddable":true,"href":"https:\/\/www.andorra-solutions.com\/es\/wp-json\/wp\/v2\/users\/1"}],"replies":[{"embeddable":true,"href":"https:\/\/www.andorra-solutions.com\/es\/wp-json\/wp\/v2\/comments?post=14768"}],"version-history":[{"count":0,"href":"https:\/\/www.andorra-solutions.com\/es\/wp-json\/wp\/v2\/pages\/14768\/revisions"}],"wp:attachment":[{"href":"https:\/\/www.andorra-solutions.com\/es\/wp-json\/wp\/v2\/media?parent=14768"}],"curies":[{"name":"wp","href":"https:\/\/api.w.org\/{rel}","templated":true}]}}