{"id":14271,"date":"2021-05-10T15:52:06","date_gmt":"2021-05-10T15:52:06","guid":{"rendered":"https:\/\/www.andorra-solutions.com\/personal-income-tax-declaration-andorra\/"},"modified":"2025-08-18T09:23:53","modified_gmt":"2025-08-18T09:23:53","slug":"declaracion-renta-irpf-andorra","status":"publish","type":"page","link":"https:\/\/www.andorra-solutions.com\/es\/declaracion-renta-irpf-andorra\/","title":{"rendered":"Declaraci\u00f3n de la renta IRPF en Andorra"},"content":{"rendered":"<p>[vc_row css_animation=\u00bbfadeIn\u00bb][vc_column][vc_column_text]Informaci\u00f3n importante para los obligados tributarios: la declaraci\u00f3n de la renta en Andorra (impuesto sobre la renta de las personas f\u00edsicas -IRPF) se puede presentar entre el 1 de abril de 2025 hasta el 30 de septiembre 2025 y corresponde al ejercicio fiscal 2024.<\/p>\n<p>En la declaraci\u00f3n del IRPF en Andorra se deben integrar todas las rentas, ganancias y p\u00e9rdidas de capital percibidas, sin importar el pa\u00eds de origen, ya que en Andorra se tributa por \u201crentas mundiales\u201d. Posteriormente, se aplicar\u00e1n las deducciones correspondientes, eliminando la doble imposici\u00f3n internacional de acuerdo a los convenios existentes.[\/vc_column_text][vc_custom_heading text=\u00bb\u00bfQui\u00e9n debe hacer la declaraci\u00f3n de renta en Andorra?\u00bb use_theme_fonts=\u00bbyes\u00bb][vc_column_text]1. Las personas f\u00edsicas que tengan su residencia fiscal en Andorra. Esto significa:<\/p>\n<ul>\n<li>Vivir en Andorra m\u00e1s de 183 d\u00edas al a\u00f1o.<\/li>\n<li>Tener su n\u00facleo principal o la base de sus actividades econ\u00f3micas o sus intereses econ\u00f3micos de manera directa o indirectamente en territorio andorrano.<\/li>\n<\/ul>\n<p>2. Las rentas que provengan de sociedades civiles, comunidades de bienes, herencias y patrimonios aut\u00f3nomos regulados por el ordenamiento tributario.[\/vc_column_text][vc_empty_space height=\u00bb15px\u00bb][\/vc_column][\/vc_row][vc_row css_animation=\u00bbfadeIn\u00bb][vc_column][vc_custom_heading text=\u00bb\u00bfCu\u00e1l es la retenci\u00f3n de IRPF que se aplica en Andorra?\u00bb use_theme_fonts=\u00bbyes\u00bb][vc_column_text]El tipo general es del 10%, sin embargo hay que destacar que la retenci\u00f3n va por tramos:<\/p>\n<ul>\n<li>El tramo hasta los 24.000 euros est\u00e1 exento de impuestos.<\/li>\n<li>Entre 24.001 y 40.000 euros anuales se aplica un tipo reducido del 5%. La bonificaci\u00f3n aplicada es de un m\u00e1ximo de 800 euros.<\/li>\n<li>Para las rentas netas sobre los 40.001 euros, el tipo a aplicar es del 10%.<\/li>\n<\/ul>\n<p>De la base de tributaci\u00f3n del ahorro, los primeros 3.000 euros est\u00e1n exentos y al resto se aplica el tipo del 10%.[\/vc_column_text][vc_empty_space height=\u00bb15px\u00bb][\/vc_column][\/vc_row][vc_row css_animation=\u00bbfadeIn\u00bb][vc_column][vc_custom_heading text=\u00bb\u00bfCu\u00e1les son las deducciones que puedo hacer en la declaraci\u00f3n del IRPF en Andorra?\u00bb use_theme_fonts=\u00bbyes\u00bb][vc_column_text]En el caso de los trabajadores se pueden deducir las aportaciones al CASS (solo la parte del trabajador) y sobre el 3% de gastos generales en determinados rendimientos \u00edntegros con un m\u00e1ximo de 400 euros.<\/p>\n<p>En cuanto a las reducciones de la base general, si el c\u00f3nyuge no ingresa renta alguna, el m\u00ednimo exento de 24.000 euros puede llegar hasta los 40.000 euros. Las cargas familiares tambi\u00e9n pueden deducirse con 750 euros por cada descendiente menor de 25 a\u00f1os o ascendente mayor de 65 a\u00f1os, siempre y cuando convivan juntos y que no obtenga rentas anuales superiores a 12.000 euros. Otras reducciones aplicables se relacionan con familiares directos con discapacidad, hipoteca sobre vivienda principal, plan de pensiones, etc.<\/p>\n<p>Adem\u00e1s, la cuota de tributaci\u00f3n puede bajar con deducciones para evitar la doble imposici\u00f3n interna e internacional, creaci\u00f3n de puestos de trabajo y por realizar nuevas inversiones.[\/vc_column_text][vc_custom_heading text=\u00bb\u00bfQu\u00e9 se necesita para hacer la declaraci\u00f3n del IRPF en Andorra en el a\u00f1o 2025?\u00bb use_theme_fonts=\u00bbyes\u00bb][vc_column_text]Es importante tener preparados los siguientes documentos para poder hacer la declaraci\u00f3n del IRPF en Andorra sin problemas:<\/p>\n<ul>\n<li>Todas las n\u00f3minas recibidas.<\/li>\n<li>Certificado de retenciones emitido por su empleador.<\/li>\n<li>Certificados bancarios.<\/li>\n<li>Certificado de pensiones.<\/li>\n<li>La propuesta de liquidaci\u00f3n proporcionada por el departamento de tributos.<\/li>\n<li>Libro de resultados contables de las actividades econ\u00f3micas.<\/li>\n<li>Documentos que sostengan las reducciones a la cuota de tributaci\u00f3n que va a solicitar.<\/li>\n<li>Documentos relacionados con la obtenci\u00f3n de rentas.<\/li>\n<\/ul>\n<p>[\/vc_column_text][vc_empty_space height=\u00bb15px\u00bb][\/vc_column][\/vc_row][vc_row css_animation=\u00bbfadeIn\u00bb][vc_column][vc_custom_heading text=\u00bb\u00bfC\u00f3mo hacer la declaraci\u00f3n de la renta en Andorra?\u00bb use_theme_fonts=\u00bbyes\u00bb][vc_column_text]Hay dos maneras de realizar la declaraci\u00f3n del IRPF en Andorra, de manera presencial o de manera online. Si dispone de su usuario y contrase\u00f1a del M\u00f3dulo de Identificaci\u00f3n en L\u00ednea (MIL) o certificado electr\u00f3nico de la Administraci\u00f3n a la Oficina Virtual del DTF, puede hacer su tr\u00e1mite de manera online. Para hacer el tr\u00e1mite presencialmente debe previamente solicitar una cita desde la web del Gobierno de Andorra:\u00a0<a href=\"https:\/\/www.e-tramits.ad\/tramits\/impostos\/irpf\">https:\/\/www.e-tramits.ad\/tramits\/impostos\/irpf<\/a>. La direcci\u00f3n a presentarse es Baixada del Mol\u00ed, 26, Andorra la Vella, Departament de Tribtuts i de Fronteres. El horario es de lunes a jueves de 8:00 a 15:00 y los viernes de 8:00 a 14:30.[\/vc_column_text][vc_custom_heading text=\u00bbServicio de declaraci\u00f3n de la renta\u00bb use_theme_fonts=\u00bbyes\u00bb][vc_column_text el_class=\u00bbnegrita-corporativo texto-15px\u00bb]Nuestra asesor\u00eda fiscal\u00a0<strong>Abast Global \u2013 ANDORRE INVEST<\/strong>\u00a0le puede asistir en la preparaci\u00f3n de su declaraci\u00f3n de renta IRPF en Andorra. Estamos especializados en la declaraci\u00f3n de rentas en el extranjero y la aplicaci\u00f3n de impuestos de no-residentes IRNR en estado de la fuente. Le recordamos que <strong>el plazo para presentar su declaraci\u00f3n de la renta es antes del 30 de septiembre de 2025<\/strong>. Para ello, puede ponerse en contacto con nuestro equipo fiscal o nuestros contables <a href=\"https:\/\/www.andorra-solutions.com\/es\/contactenos\/\" target=\"_blank\" rel=\"noopener\">aqu\u00ed<\/a>.[\/vc_column_text][vc_empty_space height=\u00bb15px\u00bb][\/vc_column][\/vc_row][vc_column][\/vc_column]<\/p>\n","protected":false},"excerpt":{"rendered":"<p>[vc_row css_animation=\u00bbfadeIn\u00bb][vc_column][vc_column_text]Informaci\u00f3n importante para los obligados tributarios: la declaraci\u00f3n de la renta en Andorra (impuesto sobre la renta de las personas f\u00edsicas -IRPF) se puede presentar entre el 1 de abril de 2025 hasta el 30 de septiembre 2025 y corresponde al ejercicio fiscal 2024. En la declaraci\u00f3n del IRPF en Andorra se deben integrar<\/p>\n","protected":false},"author":2,"featured_media":0,"parent":0,"menu_order":0,"comment_status":"closed","ping_status":"closed","template":"","meta":{"_monsterinsights_skip_tracking":false,"_monsterinsights_sitenote_active":false,"_monsterinsights_sitenote_note":"","_monsterinsights_sitenote_category":0,"footnotes":""},"class_list":["post-14271","page","type-page","status-publish","hentry"],"acf":[],"yoast_head":"<!-- This site is optimized with the Yoast SEO plugin v25.9 - https:\/\/yoast.com\/wordpress\/plugins\/seo\/ -->\n<title>Asistencia para la declaraci\u00f3n de la renta en Andorra IRPF 2023<\/title>\n<meta name=\"description\" content=\"Informaci\u00f3n relevante sobre la declaraci\u00f3n de la renta IRPF en Andorra para los contribuyentes con residencia fiscal en Andorra.\" \/>\n<meta name=\"robots\" content=\"index, follow, max-snippet:-1, max-image-preview:large, max-video-preview:-1\" \/>\n<link rel=\"canonical\" href=\"https:\/\/www.andorra-solutions.com\/es\/declaracion-renta-irpf-andorra\/\" \/>\n<meta property=\"og:locale\" content=\"es_ES\" \/>\n<meta property=\"og:type\" content=\"article\" \/>\n<meta property=\"og:title\" content=\"Asistencia para la declaraci\u00f3n de la renta en Andorra IRPF 2023\" \/>\n<meta property=\"og:description\" content=\"Informaci\u00f3n relevante sobre la declaraci\u00f3n de la renta IRPF en Andorra para los contribuyentes con residencia fiscal en Andorra.\" \/>\n<meta property=\"og:url\" content=\"https:\/\/www.andorra-solutions.com\/es\/declaracion-renta-irpf-andorra\/\" \/>\n<meta property=\"og:site_name\" content=\"ANDORRE INVEST\" \/>\n<meta property=\"article:publisher\" content=\"https:\/\/es-la.facebook.com\/andorrasolutions\/\" \/>\n<meta property=\"article:modified_time\" content=\"2025-08-18T09:23:53+00:00\" \/>\n<meta name=\"twitter:label1\" content=\"Tiempo de lectura\" \/>\n\t<meta name=\"twitter:data1\" content=\"4 minutos\" \/>\n<!-- \/ Yoast SEO plugin. -->","yoast_head_json":{"title":"Asistencia para la declaraci\u00f3n de la renta en Andorra IRPF 2023","description":"Informaci\u00f3n relevante sobre la declaraci\u00f3n de la renta IRPF en Andorra para los contribuyentes con residencia fiscal en Andorra.","robots":{"index":"index","follow":"follow","max-snippet":"max-snippet:-1","max-image-preview":"max-image-preview:large","max-video-preview":"max-video-preview:-1"},"canonical":"https:\/\/www.andorra-solutions.com\/es\/declaracion-renta-irpf-andorra\/","og_locale":"es_ES","og_type":"article","og_title":"Asistencia para la declaraci\u00f3n de la renta en Andorra IRPF 2023","og_description":"Informaci\u00f3n relevante sobre la declaraci\u00f3n de la renta IRPF en Andorra para los contribuyentes con residencia fiscal en Andorra.","og_url":"https:\/\/www.andorra-solutions.com\/es\/declaracion-renta-irpf-andorra\/","og_site_name":"ANDORRE INVEST","article_publisher":"https:\/\/es-la.facebook.com\/andorrasolutions\/","article_modified_time":"2025-08-18T09:23:53+00:00","twitter_misc":{"Tiempo de lectura":"4 minutos"},"schema":{"@context":"https:\/\/schema.org","@graph":[{"@type":"WebPage","@id":"https:\/\/www.andorra-solutions.com\/es\/declaracion-renta-irpf-andorra\/","url":"https:\/\/www.andorra-solutions.com\/es\/declaracion-renta-irpf-andorra\/","name":"Asistencia para la declaraci\u00f3n de la renta en Andorra IRPF 2023","isPartOf":{"@id":"https:\/\/www.andorra-solutions.com\/es\/#website"},"datePublished":"2021-05-10T15:52:06+00:00","dateModified":"2025-08-18T09:23:53+00:00","description":"Informaci\u00f3n relevante sobre la declaraci\u00f3n de la renta IRPF en Andorra para los contribuyentes con residencia fiscal en Andorra.","breadcrumb":{"@id":"https:\/\/www.andorra-solutions.com\/es\/declaracion-renta-irpf-andorra\/#breadcrumb"},"inLanguage":"es","potentialAction":[{"@type":"ReadAction","target":["https:\/\/www.andorra-solutions.com\/es\/declaracion-renta-irpf-andorra\/"]}]},{"@type":"BreadcrumbList","@id":"https:\/\/www.andorra-solutions.com\/es\/declaracion-renta-irpf-andorra\/#breadcrumb","itemListElement":[{"@type":"ListItem","position":1,"name":"Home","item":"https:\/\/www.andorra-solutions.com\/es\/"},{"@type":"ListItem","position":2,"name":"Declaraci\u00f3n de la renta IRPF en Andorra"}]},{"@type":"WebSite","@id":"https:\/\/www.andorra-solutions.com\/es\/#website","url":"https:\/\/www.andorra-solutions.com\/es\/","name":"ANDORRE INVEST","description":"","publisher":{"@id":"https:\/\/www.andorra-solutions.com\/es\/#organization"},"potentialAction":[{"@type":"SearchAction","target":{"@type":"EntryPoint","urlTemplate":"https:\/\/www.andorra-solutions.com\/es\/?s={search_term_string}"},"query-input":{"@type":"PropertyValueSpecification","valueRequired":true,"valueName":"search_term_string"}}],"inLanguage":"es"},{"@type":"Organization","@id":"https:\/\/www.andorra-solutions.com\/es\/#organization","name":"ANDORRE INVEST","url":"https:\/\/www.andorra-solutions.com\/es\/","logo":{"@type":"ImageObject","inLanguage":"es","@id":"https:\/\/www.andorra-solutions.com\/es\/#\/schema\/logo\/image\/","url":"https:\/\/www.andorra-solutions.com\/wp-content\/uploads\/2021\/04\/logo-abast-andorra-solutions-peq.png","contentUrl":"https:\/\/www.andorra-solutions.com\/wp-content\/uploads\/2021\/04\/logo-abast-andorra-solutions-peq.png","width":211,"height":58,"caption":"ANDORRE INVEST"},"image":{"@id":"https:\/\/www.andorra-solutions.com\/es\/#\/schema\/logo\/image\/"},"sameAs":["https:\/\/es-la.facebook.com\/andorrasolutions\/","https:\/\/x.com\/andorrasolution","https:\/\/www.linkedin.com\/company\/andorra-solutions\/","https:\/\/www.youtube.com\/c\/AndorraSolutions"]}]}},"_links":{"self":[{"href":"https:\/\/www.andorra-solutions.com\/es\/wp-json\/wp\/v2\/pages\/14271","targetHints":{"allow":["GET"]}}],"collection":[{"href":"https:\/\/www.andorra-solutions.com\/es\/wp-json\/wp\/v2\/pages"}],"about":[{"href":"https:\/\/www.andorra-solutions.com\/es\/wp-json\/wp\/v2\/types\/page"}],"author":[{"embeddable":true,"href":"https:\/\/www.andorra-solutions.com\/es\/wp-json\/wp\/v2\/users\/2"}],"replies":[{"embeddable":true,"href":"https:\/\/www.andorra-solutions.com\/es\/wp-json\/wp\/v2\/comments?post=14271"}],"version-history":[{"count":3,"href":"https:\/\/www.andorra-solutions.com\/es\/wp-json\/wp\/v2\/pages\/14271\/revisions"}],"predecessor-version":[{"id":18996,"href":"https:\/\/www.andorra-solutions.com\/es\/wp-json\/wp\/v2\/pages\/14271\/revisions\/18996"}],"wp:attachment":[{"href":"https:\/\/www.andorra-solutions.com\/es\/wp-json\/wp\/v2\/media?parent=14271"}],"curies":[{"name":"wp","href":"https:\/\/api.w.org\/{rel}","templated":true}]}}