{"id":14184,"date":"2021-05-10T15:07:29","date_gmt":"2021-05-10T15:07:29","guid":{"rendered":"https:\/\/www.andorra-solutions.com\/?page_id=14184"},"modified":"2022-07-20T14:50:37","modified_gmt":"2022-07-20T14:50:37","slug":"notarias-andorra","status":"publish","type":"page","link":"https:\/\/www.andorra-solutions.com\/es\/notarias-andorra\/","title":{"rendered":"Notar\u00edas en el Principado de Andorra"},"content":{"rendered":"<p>[vc_row css_animation=\u00bbfadeIn\u00bb][vc_column][vc_column_text el_class=\u00bbnegrita-corporativo texto-15px\u00bb]Muchas de las gestiones relacionadas con la creaci\u00f3n de una empresa en Andorra, tr\u00e1mites ante el Registro Mercantil andorrano, tr\u00e1mites relacionados con el derecho civil y mercantil, legitimaci\u00f3n de documentos, redacci\u00f3n de poderes, compraventa de bienes inmuebles, etc. requieren la intervenci\u00f3n de un notario en Andorra. Adem\u00e1s, las responsabilidades de los notarios en Andorra son m\u00e1s amplias a las que realizan sus hom\u00f3logos en otros pa\u00edses. Por ejemplo, los notarios andorranos gestionan, financian y organizan el Registro Central de \u00daltimas Voluntades y solo ellos pueden emitir certificados de este Registro.<\/p>\n<p>Otra particularidad es que en Andorra no existe un Registro p\u00fablico de propiedad inmobiliaria como en otros pa\u00edses, solo el Registro notarial donde se anota el catastro comunal y grav\u00e1menes entre otras.<\/p>\n<p>Tambi\u00e9n se encargan de recaudar y liquidar los impuestos que tienen que ver con la prestaci\u00f3n del servicio notarial: la plusval\u00eda inmobiliaria, el impuesto de transmisiones inmobiliarias, el IGI inmobiliario y la tasa de sociedades.<\/p>\n<p>Actualmente el Principado de Andorra cuenta con 5 notarios en activo:<\/p>\n<p><strong>Notar\u00eda Bartumeu<\/strong><br \/>\nDirecci\u00f3n: Calle Prat de la Creu 36, 2do piso, AD500 Andorra la Vella<br \/>\nTel\u00e9fono: +376 801 000<\/p>\n<p><strong>Notar\u00eda Ferr\u00e0ndiz<\/strong><br \/>\nDirecci\u00f3n: Baixada del Mol\u00ed, 7 \u2013 9 \u2013 11, Planta 1\u00aa, despacho A-5, AD500 Andorra la Vella<br \/>\nTel\u00e9fono: +376 802 660<\/p>\n<p><strong>Notar\u00eda Rodr\u00edguez Mi\u00f1ana<\/strong><br \/>\nDirecci\u00f3n: Av. Carlemany, 105, 5-3, AD700 Escaldes-Engordany<br \/>\nTel\u00e9fono: +376 890 030<\/p>\n<p><strong>Notar\u00eda Jordi Par\u00eds Aguil\u00f3<\/strong><br \/>\nDirecci\u00f3n: Calle Prat de la Creu 8, 3er piso, 306-307, AD500 Andorra la Vella<br \/>\nTel\u00e9fono: +376 721 001<\/p>\n<p><strong>Notar\u00eda Jordi Junyer Ricart<\/strong><br \/>\nDirecci\u00f3n: Pla\u00e7a Pr\u00edncep Benlloch 5, 2n, AD500 Andorra la Vella<br \/>\nTel\u00e9fono: +376 750 050<\/p>\n<p>No dude en\u00a0<a href=\"https:\/\/www.andorra-solutions.com\/contactenos\/\" target=\"_blank\" rel=\"noopener noreferrer\">contactarnos<\/a>\u00a0para obtener m\u00e1s informaci\u00f3n.[\/vc_column_text][vc_empty_space][\/vc_column][\/vc_row]<\/p>\n","protected":false},"excerpt":{"rendered":"<p>[vc_row css_animation=\u00bbfadeIn\u00bb][vc_column][vc_column_text el_class=\u00bbnegrita-corporativo texto-15px\u00bb]Muchas de las gestiones relacionadas con la creaci\u00f3n de una empresa en Andorra, tr\u00e1mites ante el Registro Mercantil andorrano, tr\u00e1mites relacionados con el derecho civil y mercantil, legitimaci\u00f3n de documentos, redacci\u00f3n de poderes, compraventa de bienes inmuebles, etc. requieren la intervenci\u00f3n de un notario en Andorra. Adem\u00e1s, las responsabilidades de los notarios<\/p>\n","protected":false},"author":2,"featured_media":0,"parent":0,"menu_order":0,"comment_status":"closed","ping_status":"closed","template":"","meta":{"_monsterinsights_skip_tracking":false,"_monsterinsights_sitenote_active":false,"_monsterinsights_sitenote_note":"","_monsterinsights_sitenote_category":0,"footnotes":""},"class_list":["post-14184","page","type-page","status-publish","hentry"],"acf":[],"yoast_head":"<!-- This site is optimized with the Yoast SEO plugin v25.9 - https:\/\/yoast.com\/wordpress\/plugins\/seo\/ -->\n<title>Las 5 notar\u00edas activas en Andorra para sus gestiones legales<\/title>\n<meta name=\"description\" content=\"Lista actualizada de notar\u00edas en Andorra para las gestiones legales que necesite realizar. M\u00e1s informaci\u00f3n en ANDORRE INVEST\" \/>\n<meta name=\"robots\" content=\"index, follow, max-snippet:-1, max-image-preview:large, max-video-preview:-1\" \/>\n<link rel=\"canonical\" href=\"https:\/\/www.andorra-solutions.com\/es\/notarias-andorra\/\" \/>\n<meta property=\"og:locale\" content=\"es_ES\" \/>\n<meta property=\"og:type\" content=\"article\" \/>\n<meta property=\"og:title\" content=\"Las 5 notar\u00edas activas en Andorra para sus gestiones legales\" \/>\n<meta property=\"og:description\" content=\"Lista actualizada de notar\u00edas en Andorra para las gestiones legales que necesite realizar. M\u00e1s informaci\u00f3n en ANDORRE INVEST\" \/>\n<meta property=\"og:url\" content=\"https:\/\/www.andorra-solutions.com\/es\/notarias-andorra\/\" \/>\n<meta property=\"og:site_name\" content=\"ANDORRE INVEST\" \/>\n<meta property=\"article:publisher\" content=\"https:\/\/es-la.facebook.com\/andorrasolutions\/\" \/>\n<meta property=\"article:modified_time\" content=\"2022-07-20T14:50:37+00:00\" \/>\n<meta name=\"twitter:label1\" content=\"Tiempo de lectura\" \/>\n\t<meta name=\"twitter:data1\" content=\"2 minutos\" \/>\n<!-- \/ Yoast SEO plugin. -->","yoast_head_json":{"title":"Las 5 notar\u00edas activas en Andorra para sus gestiones legales","description":"Lista actualizada de notar\u00edas en Andorra para las gestiones legales que necesite realizar. M\u00e1s informaci\u00f3n en ANDORRE INVEST","robots":{"index":"index","follow":"follow","max-snippet":"max-snippet:-1","max-image-preview":"max-image-preview:large","max-video-preview":"max-video-preview:-1"},"canonical":"https:\/\/www.andorra-solutions.com\/es\/notarias-andorra\/","og_locale":"es_ES","og_type":"article","og_title":"Las 5 notar\u00edas activas en Andorra para sus gestiones legales","og_description":"Lista actualizada de notar\u00edas en Andorra para las gestiones legales que necesite realizar. M\u00e1s informaci\u00f3n en ANDORRE INVEST","og_url":"https:\/\/www.andorra-solutions.com\/es\/notarias-andorra\/","og_site_name":"ANDORRE INVEST","article_publisher":"https:\/\/es-la.facebook.com\/andorrasolutions\/","article_modified_time":"2022-07-20T14:50:37+00:00","twitter_misc":{"Tiempo de lectura":"2 minutos"},"schema":{"@context":"https:\/\/schema.org","@graph":[{"@type":"WebPage","@id":"https:\/\/www.andorra-solutions.com\/es\/notarias-andorra\/","url":"https:\/\/www.andorra-solutions.com\/es\/notarias-andorra\/","name":"Las 5 notar\u00edas activas en Andorra para sus gestiones legales","isPartOf":{"@id":"https:\/\/www.andorra-solutions.com\/es\/#website"},"datePublished":"2021-05-10T15:07:29+00:00","dateModified":"2022-07-20T14:50:37+00:00","description":"Lista actualizada de notar\u00edas en Andorra para las gestiones legales que necesite realizar. M\u00e1s informaci\u00f3n en ANDORRE INVEST","breadcrumb":{"@id":"https:\/\/www.andorra-solutions.com\/es\/notarias-andorra\/#breadcrumb"},"inLanguage":"es","potentialAction":[{"@type":"ReadAction","target":["https:\/\/www.andorra-solutions.com\/es\/notarias-andorra\/"]}]},{"@type":"BreadcrumbList","@id":"https:\/\/www.andorra-solutions.com\/es\/notarias-andorra\/#breadcrumb","itemListElement":[{"@type":"ListItem","position":1,"name":"Home","item":"https:\/\/www.andorra-solutions.com\/es\/"},{"@type":"ListItem","position":2,"name":"Notar\u00edas en el Principado de Andorra"}]},{"@type":"WebSite","@id":"https:\/\/www.andorra-solutions.com\/es\/#website","url":"https:\/\/www.andorra-solutions.com\/es\/","name":"ANDORRE INVEST","description":"","publisher":{"@id":"https:\/\/www.andorra-solutions.com\/es\/#organization"},"potentialAction":[{"@type":"SearchAction","target":{"@type":"EntryPoint","urlTemplate":"https:\/\/www.andorra-solutions.com\/es\/?s={search_term_string}"},"query-input":{"@type":"PropertyValueSpecification","valueRequired":true,"valueName":"search_term_string"}}],"inLanguage":"es"},{"@type":"Organization","@id":"https:\/\/www.andorra-solutions.com\/es\/#organization","name":"ANDORRE INVEST","url":"https:\/\/www.andorra-solutions.com\/es\/","logo":{"@type":"ImageObject","inLanguage":"es","@id":"https:\/\/www.andorra-solutions.com\/es\/#\/schema\/logo\/image\/","url":"https:\/\/www.andorra-solutions.com\/wp-content\/uploads\/2021\/04\/logo-abast-andorra-solutions-peq.png","contentUrl":"https:\/\/www.andorra-solutions.com\/wp-content\/uploads\/2021\/04\/logo-abast-andorra-solutions-peq.png","width":211,"height":58,"caption":"ANDORRE INVEST"},"image":{"@id":"https:\/\/www.andorra-solutions.com\/es\/#\/schema\/logo\/image\/"},"sameAs":["https:\/\/es-la.facebook.com\/andorrasolutions\/","https:\/\/x.com\/andorrasolution","https:\/\/www.linkedin.com\/company\/andorra-solutions\/","https:\/\/www.youtube.com\/c\/AndorraSolutions"]}]}},"_links":{"self":[{"href":"https:\/\/www.andorra-solutions.com\/es\/wp-json\/wp\/v2\/pages\/14184","targetHints":{"allow":["GET"]}}],"collection":[{"href":"https:\/\/www.andorra-solutions.com\/es\/wp-json\/wp\/v2\/pages"}],"about":[{"href":"https:\/\/www.andorra-solutions.com\/es\/wp-json\/wp\/v2\/types\/page"}],"author":[{"embeddable":true,"href":"https:\/\/www.andorra-solutions.com\/es\/wp-json\/wp\/v2\/users\/2"}],"replies":[{"embeddable":true,"href":"https:\/\/www.andorra-solutions.com\/es\/wp-json\/wp\/v2\/comments?post=14184"}],"version-history":[{"count":0,"href":"https:\/\/www.andorra-solutions.com\/es\/wp-json\/wp\/v2\/pages\/14184\/revisions"}],"wp:attachment":[{"href":"https:\/\/www.andorra-solutions.com\/es\/wp-json\/wp\/v2\/media?parent=14184"}],"curies":[{"name":"wp","href":"https:\/\/api.w.org\/{rel}","templated":true}]}}