{"id":14133,"date":"2021-05-10T09:57:26","date_gmt":"2021-05-10T09:57:26","guid":{"rendered":"https:\/\/www.andorra-solutions.com\/?page_id=14133"},"modified":"2021-09-22T08:41:02","modified_gmt":"2021-09-22T08:41:02","slug":"criptomonedas-andorra","status":"publish","type":"page","link":"https:\/\/www.andorra-solutions.com\/es\/criptomonedas-andorra\/","title":{"rendered":"Criptomonedas en Andorra"},"content":{"rendered":"<p>[vc_row css_animation=\u00bbfadeIn\u00bb][vc_column][vc_custom_heading text=\u00bbInvertir con criptomonedas en Andorra\u00bb font_container=\u00bbtag:h2|text_align:center\u00bb use_theme_fonts=\u00bbyes\u00bb][vc_custom_heading text=\u00bbLas ventajas del trading de criptomonedas o mining de criptomonedas en Andorra\u00bb use_theme_fonts=\u00bbyes\u00bb][vc_column_text]Es evidente que Andorra tiene muchas ventajas para los proyectos relacionados con las criptomonedas y la tecnolog\u00eda blockchain, con empresarios y profesionales que vienen a residir en Andorra. La creaci\u00f3n de una empresa tecnol\u00f3gica es atractiva por m\u00faltiples razones. La seguridad, el entorno, la cultura y tambi\u00e9n la fiscalidad hacen que Andorra sea muy atractiva como ubicaci\u00f3n para su actividad relacionada con las criptomonedas. Puede leer m\u00e1s sobre las ventajas fiscales relacionadas con Andorra\u00a0<a href=\"https:\/\/www.andorra-solutions.com\/es\/ventajas-fiscales-andorra\/\">discutidas aqu\u00ed<\/a>. Sin embargo, la inversi\u00f3n en criptomonedas en Andorra es un tema que debemos analizar por separado de los factores tradicionales que hacen que una jurisdicci\u00f3n sea competitiva.[\/vc_column_text][vc_custom_heading text=\u00bbProfesionales de las criptomonedas con residencia en Andorra\u00bb use_theme_fonts=\u00bbyes\u00bb][vc_column_text]Si es un trader que invierte en monedas digitales, por supuesto puedes seguir haciendo trading siendo residente en Andorra. La residencia en Andorra es una opci\u00f3n atractiva para varios perfiles y estilos de vida.<\/p>\n<p>Los profesionales que trabajan como desarrolladores, consultores especialistas en TI y en I+D relacionados con la tecnolog\u00eda blockchain y los criptoactivos est\u00e1n considerando cada vez m\u00e1s Andorra como sede de su actividad. Trabajar para start ups con una estrategia de adquisici\u00f3n de tokens (vesting) y contratos flexibles para elegir su ubicaci\u00f3n est\u00e1 llevando a los especialistas en criptomonedas a Andorra.<\/p>\n<p>Por favor revise aqu\u00ed las\u00a0<a href=\"https:\/\/www.andorra-solutions.com\/es\/clientes-y-soluciones\/\">diferentes opciones<\/a>\u00a0disponibles para las personas en activo as\u00ed como retirados pasivos o traders.<\/p>\n<p>Al ser residente en Andorra est\u00e1 totalmente sujeto a impuestos a la renta sobre sus ingresos mundiales. Sin embargo, hay ingresos que pueden calificar para exenciones de impuestos que incluyen ganancias de capital de acciones cotizadas en bolsa bajo ciertas condiciones. Recomendamos un an\u00e1lisis inicial de sus actividades comerciales, tipos de inversi\u00f3n y veh\u00edculos para evaluar adecuadamente sus posibles implicaciones fiscales en Andorra. La negociaci\u00f3n de criptomonedas tiene un tratamiento diferente, ya que estos activos no entran en la misma categor\u00eda que los veh\u00edculos de inversi\u00f3n colectiva, como muchas rentas del capital mobiliario.<\/p>\n<p>En \u00faltima instancia, su residencia debe mantenerse adecuadamente bajo las normas de los convenios fiscales internacionales, y la definici\u00f3n de una residencia fiscal en Andorra con respecto a los pa\u00edses vecinos est\u00e1 bastante clara.[\/vc_column_text][vc_custom_heading text=\u00bbEl marco regulatorio de las actividades relacionadas con las criptomonedas en Andorra\u00bb use_theme_fonts=\u00bbyes\u00bb][vc_column_text]La legislaci\u00f3n y el marco regulatorio de las criptomonedas sigue siendo un territorio desconocido en gran parte del mundo. A medida que las monedas como el bitcoin han multiplicado su valor durante el a\u00f1o pasado, las autoridades bancarias y los gobiernos est\u00e1n prestando mucha atenci\u00f3n y est\u00e1n trabajando en un marco regulatorio. El cumplimiento de los bancos ha sido muy cuidadoso ya que espec\u00edficamente el bitcoin se ha utilizado en transacciones que son dudosas o directamente con fines de lavado de dinero. Andorra, en ese sentido, es muy sensible a este tema con su mayor vulnerabilidad como pa\u00eds peque\u00f1o y peque\u00f1o sistema financiero independiente del BCE. La mayor conformidad y constante estado de alerta para evitar cualquier incidente tambi\u00e9n tiene un impacto en la actitud general hacia cualquier negocio o actividad comercial con criptomonedas.<\/p>\n<p>El organismo regulador y supervisor financiero de Andorra llamado AFA est\u00e1 monitoreando de cerca los desarrollos, pero a\u00fan no se ha pronunciado formalmente sobre las reglas para establecer compa\u00f1\u00edas con actividades relacionadas con las criptomonedas. La asociaci\u00f3n empresarial local ha adoptado un enfoque proactivo para instar a las autoridades andorranas a establecer un marco legal y reducir la incertidumbre para aquellas empresas especializadas en ICO, tecnolog\u00eda blockchain y mining que desean establecerse en Andorra.[\/vc_column_text][vc_custom_heading text=\u00bbNovedades para la regulaci\u00f3n\u00bb use_theme_fonts=\u00bbyes\u00bb][vc_column_text]Se espera un nuevo marco regulatorio para 2023 con incentivos para atraer y facilitar inversi\u00f3n, ICOs y proyectos vinculados a la tecnolog\u00eda blockchain. El parlamento andorrano deber\u00eda legislar durante el a\u00f1o 2022 sobre la nueva ley.[\/vc_column_text][vc_custom_heading text=\u00bbCriptomoneda-explotaci\u00f3n \/ mining en Andorra\u00bb use_theme_fonts=\u00bbyes\u00bb][vc_column_text]Adem\u00e1s del estilo de vida y los beneficios fiscales, Andorra tambi\u00e9n puede proporcionar una infraestructura adecuada para esta actividad de futuro que cada vez adquiere m\u00e1s importancia. Seg\u00fan los n\u00fameros oficiales de Eurostat, Andorra tiene uno de los precios de electricidad m\u00e1s bajos de Europa. El peque\u00f1o principado tiene un precio de 0.134 EUR por kilovatio hora (kWh), mientras que el promedio en Europa es algo superior a 0.20 euros por kWh.<\/p>\n<p>Aparte de esto, la infraestructura el\u00e9ctrica de Andorra es extremadamente estable y los apagones o tiempo de inactividad son bastante poco comunes cuando se compara con Espa\u00f1a, por poner un ejemplo.<\/p>\n<p>Hay propiedades industriales disponibles para alquiler y pueden instalarse en condiciones adecuadas una infraestructura de servidor y TI.<\/p>\n<p>Finalmente Andorra es uno de los pocos pa\u00edses en el mundo que ofrece cobertura con fibra \u00f3ptica al 100%.<\/p>\n<p>Estos y otros factores relacionados con su estilo de vida pueden hacer de Andorra un destino adecuado para su proyecto de moneda digital \/ criptomoneda.[\/vc_column_text][vc_custom_heading text=\u00bb\u00bfC\u00f3mo tributan las criptomonedas en Andorra?\u00bb use_theme_fonts=\u00bbyes\u00bb][vc_column_text el_class=\u00bbnegrita-corporativo texto-15px\u00bb]Las ganancias de capital de la compraventa (trading) de criptomonedas tributan al tipo m\u00e1ximo del IRPF de 10% en Andorra. Las ganancias se calculan de la manera siguiente. Cuando se compra o vende una criptomoneda el titular obtiene una ganancia \/ p\u00e9rdida de capital calculada como el valor de la criptomoneda en la operaci\u00f3n de venta menos el valor de la compra. En la declaraci\u00f3n de la renta se pueden compensar ganancias y p\u00e9rdidas de todas las operaciones y se obtiene la renta neta \/ base imponible sujeta a tributaci\u00f3n de un 10%. Existe la opci\u00f3n de incluir gastos de las transacciones.[\/vc_column_text][vc_custom_heading text=\u00bb\u00bfC\u00f3mo hacerme residente en Andorra siendo inversor y trader de criptomonedas?\u00bb use_theme_fonts=\u00bbyes\u00bb][vc_column_text el_class=\u00bbnegrita-corporativo texto-15px\u00bb]Existen varios tipos de residencia. En funci\u00f3n de su perfil podemos recomendar la residencia pasiva o no lucrativa como perfil m\u00e1s patrimonial o la\u00a0<a href=\"https:\/\/www.andorra-solutions.com\/es\/residencia-fiscal-andorra\/\">residencia activa en Andorra<\/a>\u00a0para un perfil que tiene una actividad comercial.[\/vc_column_text][vc_custom_heading text=\u00bb\u00bfCu\u00e1l es la posici\u00f3n del sistema bancario andorrano en relaci\u00f3n con las criptomonedas y el blockchain?\u00bb use_theme_fonts=\u00bbyes\u00bb][vc_column_text el_class=\u00bbnegrita-corporativo texto-15px\u00bb]Los bancos andorranos siguen sensibles a una exposici\u00f3n excesiva a los criptoactivos. Dado que el sistema financiero del peque\u00f1o pa\u00eds puede ser vulnerable a cualquier riesgo potencial, como las cuestiones relacionadas con el blanqueo de dinero, est\u00e1 aplicando ferozmente pol\u00edticas de lucha contra el blanqueo de capitales, rechazando en ocasiones proyectos y patrimonios de origen completamente l\u00edcito.[\/vc_column_text][vc_custom_heading text=\u00bb\u00bfCu\u00e1l es el futuro de los proyectos relacionados con las criptomonedas y el blockchain en Andorra?\u00bb use_theme_fonts=\u00bbyes\u00bb][vc_column_text el_class=\u00bbnegrita-corporativo texto-15px\u00bb]El gobierno de Andorra quiere posicionar al pa\u00eds como una jurisdicci\u00f3n progresista para promover la tecnolog\u00eda blockchain. Es muy probable que con el avance de la legislaci\u00f3n en el marco regulador y con una mejora de eficiencia a nivel de AML haya un entorno cada vez m\u00e1s favorable a las criptomonedas en lo que hoy ya es uno de los entornos fiscales m\u00e1s competitivos de Europa Occidental.[\/vc_column_text][vc_empty_space][\/vc_column][\/vc_row]<\/p>\n","protected":false},"excerpt":{"rendered":"<p>[vc_row css_animation=\u00bbfadeIn\u00bb][vc_column][vc_custom_heading text=\u00bbInvertir con criptomonedas en Andorra\u00bb font_container=\u00bbtag:h2|text_align:center\u00bb use_theme_fonts=\u00bbyes\u00bb][vc_custom_heading text=\u00bbLas ventajas del trading de criptomonedas o mining de criptomonedas en Andorra\u00bb use_theme_fonts=\u00bbyes\u00bb][vc_column_text]Es evidente que Andorra tiene muchas ventajas para los proyectos relacionados con las criptomonedas y la tecnolog\u00eda blockchain, con empresarios y profesionales que vienen a residir en Andorra. La creaci\u00f3n de una empresa tecnol\u00f3gica<\/p>\n","protected":false},"author":2,"featured_media":0,"parent":0,"menu_order":0,"comment_status":"closed","ping_status":"closed","template":"","meta":{"_monsterinsights_skip_tracking":false,"_monsterinsights_sitenote_active":false,"_monsterinsights_sitenote_note":"","_monsterinsights_sitenote_category":0,"footnotes":""},"class_list":["post-14133","page","type-page","status-publish","hentry"],"acf":[],"yoast_head":"<!-- This site is optimized with the Yoast SEO plugin v25.9 - https:\/\/yoast.com\/wordpress\/plugins\/seo\/ -->\n<title>Criptomoneda en Andorra - Invertir o mining en Andorra<\/title>\n<meta name=\"description\" content=\"\u00bfHay futuro para las Criptomonedas en Andorra? Las regulaciones y marco de trabajo para invertir o mining en Andorra est\u00e1n por determinarse.\" \/>\n<meta name=\"robots\" content=\"index, follow, max-snippet:-1, max-image-preview:large, max-video-preview:-1\" \/>\n<link rel=\"canonical\" href=\"https:\/\/www.andorra-solutions.com\/es\/criptomonedas-andorra\/\" \/>\n<meta property=\"og:locale\" content=\"es_ES\" \/>\n<meta property=\"og:type\" content=\"article\" \/>\n<meta property=\"og:title\" content=\"Criptomoneda en Andorra - Invertir o mining en Andorra\" \/>\n<meta property=\"og:description\" content=\"\u00bfHay futuro para las Criptomonedas en Andorra? Las regulaciones y marco de trabajo para invertir o mining en Andorra est\u00e1n por determinarse.\" \/>\n<meta property=\"og:url\" content=\"https:\/\/www.andorra-solutions.com\/es\/criptomonedas-andorra\/\" \/>\n<meta property=\"og:site_name\" content=\"ANDORRE INVEST\" \/>\n<meta property=\"article:publisher\" content=\"https:\/\/es-la.facebook.com\/andorrasolutions\/\" \/>\n<meta property=\"article:modified_time\" content=\"2021-09-22T08:41:02+00:00\" \/>\n<meta name=\"twitter:label1\" content=\"Tiempo de lectura\" \/>\n\t<meta name=\"twitter:data1\" content=\"5 minutos\" \/>\n<!-- \/ Yoast SEO plugin. -->","yoast_head_json":{"title":"Criptomoneda en Andorra - Invertir o mining en Andorra","description":"\u00bfHay futuro para las Criptomonedas en Andorra? Las regulaciones y marco de trabajo para invertir o mining en Andorra est\u00e1n por determinarse.","robots":{"index":"index","follow":"follow","max-snippet":"max-snippet:-1","max-image-preview":"max-image-preview:large","max-video-preview":"max-video-preview:-1"},"canonical":"https:\/\/www.andorra-solutions.com\/es\/criptomonedas-andorra\/","og_locale":"es_ES","og_type":"article","og_title":"Criptomoneda en Andorra - Invertir o mining en Andorra","og_description":"\u00bfHay futuro para las Criptomonedas en Andorra? Las regulaciones y marco de trabajo para invertir o mining en Andorra est\u00e1n por determinarse.","og_url":"https:\/\/www.andorra-solutions.com\/es\/criptomonedas-andorra\/","og_site_name":"ANDORRE INVEST","article_publisher":"https:\/\/es-la.facebook.com\/andorrasolutions\/","article_modified_time":"2021-09-22T08:41:02+00:00","twitter_misc":{"Tiempo de lectura":"5 minutos"},"schema":{"@context":"https:\/\/schema.org","@graph":[{"@type":"WebPage","@id":"https:\/\/www.andorra-solutions.com\/es\/criptomonedas-andorra\/","url":"https:\/\/www.andorra-solutions.com\/es\/criptomonedas-andorra\/","name":"Criptomoneda en Andorra - Invertir o mining en Andorra","isPartOf":{"@id":"https:\/\/www.andorra-solutions.com\/es\/#website"},"datePublished":"2021-05-10T09:57:26+00:00","dateModified":"2021-09-22T08:41:02+00:00","description":"\u00bfHay futuro para las Criptomonedas en Andorra? Las regulaciones y marco de trabajo para invertir o mining en Andorra est\u00e1n por determinarse.","breadcrumb":{"@id":"https:\/\/www.andorra-solutions.com\/es\/criptomonedas-andorra\/#breadcrumb"},"inLanguage":"es","potentialAction":[{"@type":"ReadAction","target":["https:\/\/www.andorra-solutions.com\/es\/criptomonedas-andorra\/"]}]},{"@type":"BreadcrumbList","@id":"https:\/\/www.andorra-solutions.com\/es\/criptomonedas-andorra\/#breadcrumb","itemListElement":[{"@type":"ListItem","position":1,"name":"Home","item":"https:\/\/www.andorra-solutions.com\/es\/"},{"@type":"ListItem","position":2,"name":"Criptomonedas en Andorra"}]},{"@type":"WebSite","@id":"https:\/\/www.andorra-solutions.com\/es\/#website","url":"https:\/\/www.andorra-solutions.com\/es\/","name":"ANDORRE INVEST","description":"","publisher":{"@id":"https:\/\/www.andorra-solutions.com\/es\/#organization"},"potentialAction":[{"@type":"SearchAction","target":{"@type":"EntryPoint","urlTemplate":"https:\/\/www.andorra-solutions.com\/es\/?s={search_term_string}"},"query-input":{"@type":"PropertyValueSpecification","valueRequired":true,"valueName":"search_term_string"}}],"inLanguage":"es"},{"@type":"Organization","@id":"https:\/\/www.andorra-solutions.com\/es\/#organization","name":"ANDORRE INVEST","url":"https:\/\/www.andorra-solutions.com\/es\/","logo":{"@type":"ImageObject","inLanguage":"es","@id":"https:\/\/www.andorra-solutions.com\/es\/#\/schema\/logo\/image\/","url":"https:\/\/www.andorra-solutions.com\/wp-content\/uploads\/2021\/04\/logo-abast-andorra-solutions-peq.png","contentUrl":"https:\/\/www.andorra-solutions.com\/wp-content\/uploads\/2021\/04\/logo-abast-andorra-solutions-peq.png","width":211,"height":58,"caption":"ANDORRE INVEST"},"image":{"@id":"https:\/\/www.andorra-solutions.com\/es\/#\/schema\/logo\/image\/"},"sameAs":["https:\/\/es-la.facebook.com\/andorrasolutions\/","https:\/\/x.com\/andorrasolution","https:\/\/www.linkedin.com\/company\/andorra-solutions\/","https:\/\/www.youtube.com\/c\/AndorraSolutions"]}]}},"_links":{"self":[{"href":"https:\/\/www.andorra-solutions.com\/es\/wp-json\/wp\/v2\/pages\/14133","targetHints":{"allow":["GET"]}}],"collection":[{"href":"https:\/\/www.andorra-solutions.com\/es\/wp-json\/wp\/v2\/pages"}],"about":[{"href":"https:\/\/www.andorra-solutions.com\/es\/wp-json\/wp\/v2\/types\/page"}],"author":[{"embeddable":true,"href":"https:\/\/www.andorra-solutions.com\/es\/wp-json\/wp\/v2\/users\/2"}],"replies":[{"embeddable":true,"href":"https:\/\/www.andorra-solutions.com\/es\/wp-json\/wp\/v2\/comments?post=14133"}],"version-history":[{"count":0,"href":"https:\/\/www.andorra-solutions.com\/es\/wp-json\/wp\/v2\/pages\/14133\/revisions"}],"wp:attachment":[{"href":"https:\/\/www.andorra-solutions.com\/es\/wp-json\/wp\/v2\/media?parent=14133"}],"curies":[{"name":"wp","href":"https:\/\/api.w.org\/{rel}","templated":true}]}}