{"id":10057,"date":"2020-12-02T15:20:39","date_gmt":"2020-12-02T15:20:39","guid":{"rendered":"https:\/\/www.andorra-solutions.com\/?page_id=10057"},"modified":"2021-05-21T11:03:27","modified_gmt":"2021-05-21T11:03:27","slug":"politica-cookies","status":"publish","type":"page","link":"https:\/\/www.andorra-solutions.com\/es\/politica-cookies\/","title":{"rendered":"Pol\u00edtica de cookies"},"content":{"rendered":"<p>[vc_row][vc_column][vc_custom_heading text=\u00bb1.- CONCEPTO COOKIES\u00bb][vc_column_text]<\/p>\n<p>Se advierte al Usuario que esta web utiliza cookies. Una cookie es un archivo que se descarga en su ordenador al acceder a determinadas p\u00e1ginas web. Las cookies permiten en una p\u00e1gina web, entre otras cosas, almacenar y recuperar informaci\u00f3n sobre los h\u00e1bitos de navegaci\u00f3n del usuario o de su ordenador y, dependiendo de la informaci\u00f3n que contengan y de la forma en que se utilice su ordenador, pueden utilizarse para reconocer al usuario.<\/p>\n<p>[\/vc_column_text][vc_empty_space][\/vc_column][\/vc_row][vc_row][vc_column][vc_custom_heading text=\u00bb2.- TIPOLOGIA DE COOKIES\u00bb][vc_column_text el_class=\u00bbnegrita-corporativo texto-15px\u00bb]<\/p>\n<ul>\n<li><strong data-rich-text-format-boundary=\"true\">Cookies de personalizaci\u00f3n de interfaz de usuario<\/strong>: Esta p\u00e1gina web contiene una cookie de \u00ablengua de preferencia\u00bb que se utiliza para recordar la lengua seleccionada. Se suele utilizar este tipo de cookies en portales multiling\u00fces.<\/li>\n<li><strong>Cookies t\u00e9cnicas<\/strong>: Son aquellas que permiten al usuario la navegaci\u00f3n a trav\u00e9s de la p\u00e1gina web o aplicaci\u00f3n y la utilizaci\u00f3n de las diferentes opciones o servicios que en ella existen. Por ejemplo, controlar el tr\u00e1fico y la comunicaci\u00f3n de datos, identificar la sesi\u00f3n, acceder a las partes web de acceso restringido, recordar los elementos que integran un pedido, realizar la solicitud de inscripci\u00f3n o participaci\u00f3n en un acontecimiento, utilizar elementos de seguridad durante la navegaci\u00f3n y almacenar contenidos para la difusi\u00f3n de videos o sonido o compartir contenidos a trav\u00e9s de las redes sociales.<\/li>\n<li><strong>Cookies de an\u00e1lisis<\/strong>: Son aquellas que permiten al responsable de estas, el seguimiento y an\u00e1lisis del comportamiento de los usuarios de los sitios web a los cuales est\u00e1n vinculadas. La informaci\u00f3n recogida mediante este tipo de cookies se utiliza en la medici\u00f3n de la actividad de los sitios web, aplicaci\u00f3n o plataforma y para la elaboraci\u00f3n de perfiles de navegaci\u00f3n de los usuarios de estos lugares, aplicaciones y plataformas, con el fin de introducir mejoras en funci\u00f3n del an\u00e1lisis de los datos de uso que hacen los usuarios del servicio.<\/li>\n<\/ul>\n<p>[\/vc_column_text][vc_empty_space][\/vc_column][\/vc_row][vc_row][vc_column][vc_custom_heading text=\u00bb3.- INFORMACI\u00d3N DE COOKIES\u00bb][vc_column_text]<\/p>\n<p>NOMBRE: _ga<br data-rich-text-line-break=\"true\" \/>ORIGEN: Google<br data-rich-text-line-break=\"true\" \/>FINALIDAD: Forma parte de Google Analytics. Se usa para distinguir a los usuarios. (<a href=\"https:\/\/developers.google.com\/analytics\/devguides\/collection\/analyticsjs\/cookie-usage?hl=es-419#analyticsjs\">M\u00e1s informaci\u00f3n<\/a>)<br data-rich-text-line-break=\"true\" \/>INFORMACI\u00d3N: De an\u00e1lisis. Persistente.<br data-rich-text-line-break=\"true\" \/>CONSERVACI\u00d3N: 2 a\u00f1os<\/p>\n<p>NOMBRE: _gat<br data-rich-text-line-break=\"true\" \/>ORIGEN: Google<br data-rich-text-line-break=\"true\" \/>FINALIDAD: Forma parte de Google Analytics. Se usa para limitar el porcentaje de solicitudes. (<a href=\"https:\/\/developers.google.com\/analytics\/devguides\/collection\/analyticsjs\/cookie-usage?hl=es-419#analyticsjs\">M\u00e1s informaci\u00f3n<\/a>)<br data-rich-text-line-break=\"true\" \/>INFORMACI\u00d3N: De an\u00e1lisis. Persistente.<br data-rich-text-line-break=\"true\" \/>CONSERVACI\u00d3N: 10 minutos<\/p>\n<p>NOMBRE: _gid<br data-rich-text-line-break=\"true\" \/>ORIGEN: Google<br data-rich-text-line-break=\"true\" \/>FINALIDAD: Forma parte de Google Analytics. Se usa para distinguir a los usuarios. (<a href=\"https:\/\/developers.google.com\/analytics\/devguides\/collection\/gajs\/cookie-usage#analyticsjs\">M\u00e1s informaci\u00f3n<\/a>)<br data-rich-text-line-break=\"true\" \/>INFORMACI\u00d3N: De an\u00e1lisis. Persistente.<br data-rich-text-line-break=\"true\" \/>CONSERVACI\u00d3N: 24 horas<\/p>\n<p>NOMBRE: _zldp<br data-rich-text-line-break=\"true\" \/>ORIGEN: Zoho<br data-rich-text-line-break=\"true\" \/>FINALIDAD: Forma parte de Zoho SalesIQ. Se usa para distinguir a los usuarios. (<a href=\"https:\/\/www.zoho.com\/salesiq\/terms.html\">M\u00e1s informaci\u00f3n<\/a>)<br data-rich-text-line-break=\"true\" \/>INFORMACI\u00d3N: De an\u00e1lisis. Persistente.<br data-rich-text-line-break=\"true\" \/>CONSERVACI\u00d3N: 2 a\u00f1os<\/p>\n<p>NOMBRE: _zldt<br data-rich-text-line-break=\"true\" \/>ORIGEN: Zoho<br data-rich-text-line-break=\"true\" \/>FINALIDAD: Forma parte de Zoho SalesIQ. Se usa para distinguir a los usuarios. (<a href=\"https:\/\/www.zoho.com\/salesiq\/terms.html\">M\u00e1s informaci\u00f3n<\/a>)<br data-rich-text-line-break=\"true\" \/>INFORMACI\u00d3N: De an\u00e1lisis. Persistente.<br data-rich-text-line-break=\"true\" \/>CONSERVACI\u00d3N: 1 d\u00eda<\/p>\n<p>[\/vc_column_text][vc_empty_space][\/vc_column][\/vc_row][vc_row][vc_column][vc_custom_heading text=\u00bb4.- DESACTIVACI\u00d3N DE COOKIES\u00bb][vc_column_text]<\/p>\n<p>Se puede permitir bloquear o eliminar las cookies instaladas de su ordenador mediante la configuraci\u00f3n de las opciones del navegador que tiene instalado. A continuaci\u00f3n, se muestran los pasos a seguro para desactivar o eliminar las cookies en los principales navegadores:<\/p>\n<p>Para configurar los permisos relacionados con las cookies instaladas en el navegador Google Chome puede pulsar en el siguiente <a href=\"https:\/\/support.google.com\/chrome\/answer\/95647?hl=es\">enlace<\/a>.<\/p>\n<p>Para configurar los permisos relacionados con las cookies instaladas en el navegador Mozilla Firefox puede pulsar en el siguiente <a href=\"https:\/\/support.mozilla.org\/es\/kb\/habilitar-y-deshabilitar-cookies-sitios-web-rastrear-preferencias?redirectslug=habilitar-y-deshabilitar-cookies-que-los-sitios-we&amp;redirectlocale=es\">enlace<\/a>.<\/p>\n<p>Para configurar los permisos relacionados con las cookies instaladas en el navegador Microsoft Internet Explorer puede pulsar en el siguiente <a href=\"https:\/\/support.microsoft.com\/es-es\/topic\/eliminar-y-administrar-cookies-168dab11-0753-043d-7c16-ede5947fc64d\">enlace<\/a>.<\/p>\n<p>Para configurar los permisos relacionados con las cookies instaladas en el navegador Safari puede pulsar en el siguiente <a href=\"https:\/\/support.apple.com\/es-es\/HT201265\">enlace<\/a>.<\/p>\n<p><strong data-rich-text-format-boundary=\"true\">ATENCI\u00d3N<\/strong>: En caso de Bloqueo las cookies de su navegador es posible que determinados servicios o funcionalidades de la p\u00e1gina web no se encuentren disponibles.<\/p>\n<p>[\/vc_column_text][vc_empty_space height=\u00bb50px\u00bb][\/vc_column][\/vc_row]<\/p>\n","protected":false},"excerpt":{"rendered":"<p>[vc_row][vc_column][vc_custom_heading text=\u00bb1.- CONCEPTO COOKIES\u00bb][vc_column_text] Se advierte al Usuario que esta web utiliza cookies. Una cookie es un archivo que se descarga en su ordenador al acceder a determinadas p\u00e1ginas web. Las cookies permiten en una p\u00e1gina web, entre otras cosas, almacenar y recuperar informaci\u00f3n sobre los h\u00e1bitos de navegaci\u00f3n del usuario o de su ordenador<\/p>\n","protected":false},"author":1,"featured_media":0,"parent":0,"menu_order":0,"comment_status":"closed","ping_status":"open","template":"","meta":{"_monsterinsights_skip_tracking":false,"_monsterinsights_sitenote_active":false,"_monsterinsights_sitenote_note":"","_monsterinsights_sitenote_category":0,"footnotes":""},"class_list":["post-10057","page","type-page","status-publish","hentry"],"acf":[],"yoast_head":"<!-- This site is optimized with the Yoast SEO plugin v25.9 - https:\/\/yoast.com\/wordpress\/plugins\/seo\/ -->\n<title>Pol\u00edtica de cookies y detalles para usuarios | ANDORRE INVEST<\/title>\n<meta name=\"description\" content=\"Informaci\u00f3n sobre las cookies y c\u00f3mo ANDORRE INVEST las usa. Detalles para usuarios interesados en deshabilitar, rechazar o borrar cookies.\" \/>\n<meta name=\"robots\" content=\"index, follow, max-snippet:-1, max-image-preview:large, max-video-preview:-1\" \/>\n<link rel=\"canonical\" href=\"https:\/\/www.andorra-solutions.com\/es\/politica-cookies\/\" \/>\n<meta property=\"og:locale\" content=\"es_ES\" \/>\n<meta property=\"og:type\" content=\"article\" \/>\n<meta property=\"og:title\" content=\"Pol\u00edtica de cookies y detalles para usuarios | ANDORRE INVEST\" \/>\n<meta property=\"og:description\" content=\"Informaci\u00f3n sobre las cookies y c\u00f3mo ANDORRE INVEST las usa. Detalles para usuarios interesados en deshabilitar, rechazar o borrar cookies.\" \/>\n<meta property=\"og:url\" content=\"https:\/\/www.andorra-solutions.com\/es\/politica-cookies\/\" \/>\n<meta property=\"og:site_name\" content=\"ANDORRE INVEST\" \/>\n<meta property=\"article:publisher\" content=\"https:\/\/es-la.facebook.com\/andorrasolutions\/\" \/>\n<meta property=\"article:modified_time\" content=\"2021-05-21T11:03:27+00:00\" \/>\n<meta name=\"twitter:label1\" content=\"Tiempo de lectura\" \/>\n\t<meta name=\"twitter:data1\" content=\"3 minutos\" \/>\n<!-- \/ Yoast SEO plugin. -->","yoast_head_json":{"title":"Pol\u00edtica de cookies y detalles para usuarios | ANDORRE INVEST","description":"Informaci\u00f3n sobre las cookies y c\u00f3mo ANDORRE INVEST las usa. Detalles para usuarios interesados en deshabilitar, rechazar o borrar cookies.","robots":{"index":"index","follow":"follow","max-snippet":"max-snippet:-1","max-image-preview":"max-image-preview:large","max-video-preview":"max-video-preview:-1"},"canonical":"https:\/\/www.andorra-solutions.com\/es\/politica-cookies\/","og_locale":"es_ES","og_type":"article","og_title":"Pol\u00edtica de cookies y detalles para usuarios | ANDORRE INVEST","og_description":"Informaci\u00f3n sobre las cookies y c\u00f3mo ANDORRE INVEST las usa. Detalles para usuarios interesados en deshabilitar, rechazar o borrar cookies.","og_url":"https:\/\/www.andorra-solutions.com\/es\/politica-cookies\/","og_site_name":"ANDORRE INVEST","article_publisher":"https:\/\/es-la.facebook.com\/andorrasolutions\/","article_modified_time":"2021-05-21T11:03:27+00:00","twitter_misc":{"Tiempo de lectura":"3 minutos"},"schema":{"@context":"https:\/\/schema.org","@graph":[{"@type":"WebPage","@id":"https:\/\/www.andorra-solutions.com\/es\/politica-cookies\/","url":"https:\/\/www.andorra-solutions.com\/es\/politica-cookies\/","name":"Pol\u00edtica de cookies y detalles para usuarios | ANDORRE INVEST","isPartOf":{"@id":"https:\/\/www.andorra-solutions.com\/es\/#website"},"datePublished":"2020-12-02T15:20:39+00:00","dateModified":"2021-05-21T11:03:27+00:00","description":"Informaci\u00f3n sobre las cookies y c\u00f3mo ANDORRE INVEST las usa. Detalles para usuarios interesados en deshabilitar, rechazar o borrar cookies.","breadcrumb":{"@id":"https:\/\/www.andorra-solutions.com\/es\/politica-cookies\/#breadcrumb"},"inLanguage":"es","potentialAction":[{"@type":"ReadAction","target":["https:\/\/www.andorra-solutions.com\/es\/politica-cookies\/"]}]},{"@type":"BreadcrumbList","@id":"https:\/\/www.andorra-solutions.com\/es\/politica-cookies\/#breadcrumb","itemListElement":[{"@type":"ListItem","position":1,"name":"Home","item":"https:\/\/www.andorra-solutions.com\/es\/"},{"@type":"ListItem","position":2,"name":"Pol\u00edtica de cookies"}]},{"@type":"WebSite","@id":"https:\/\/www.andorra-solutions.com\/es\/#website","url":"https:\/\/www.andorra-solutions.com\/es\/","name":"ANDORRE INVEST","description":"","publisher":{"@id":"https:\/\/www.andorra-solutions.com\/es\/#organization"},"potentialAction":[{"@type":"SearchAction","target":{"@type":"EntryPoint","urlTemplate":"https:\/\/www.andorra-solutions.com\/es\/?s={search_term_string}"},"query-input":{"@type":"PropertyValueSpecification","valueRequired":true,"valueName":"search_term_string"}}],"inLanguage":"es"},{"@type":"Organization","@id":"https:\/\/www.andorra-solutions.com\/es\/#organization","name":"ANDORRE INVEST","url":"https:\/\/www.andorra-solutions.com\/es\/","logo":{"@type":"ImageObject","inLanguage":"es","@id":"https:\/\/www.andorra-solutions.com\/es\/#\/schema\/logo\/image\/","url":"https:\/\/www.andorra-solutions.com\/wp-content\/uploads\/2021\/04\/logo-abast-andorra-solutions-peq.png","contentUrl":"https:\/\/www.andorra-solutions.com\/wp-content\/uploads\/2021\/04\/logo-abast-andorra-solutions-peq.png","width":211,"height":58,"caption":"ANDORRE INVEST"},"image":{"@id":"https:\/\/www.andorra-solutions.com\/es\/#\/schema\/logo\/image\/"},"sameAs":["https:\/\/es-la.facebook.com\/andorrasolutions\/","https:\/\/x.com\/andorrasolution","https:\/\/www.linkedin.com\/company\/andorra-solutions\/","https:\/\/www.youtube.com\/c\/AndorraSolutions"]}]}},"_links":{"self":[{"href":"https:\/\/www.andorra-solutions.com\/es\/wp-json\/wp\/v2\/pages\/10057","targetHints":{"allow":["GET"]}}],"collection":[{"href":"https:\/\/www.andorra-solutions.com\/es\/wp-json\/wp\/v2\/pages"}],"about":[{"href":"https:\/\/www.andorra-solutions.com\/es\/wp-json\/wp\/v2\/types\/page"}],"author":[{"embeddable":true,"href":"https:\/\/www.andorra-solutions.com\/es\/wp-json\/wp\/v2\/users\/1"}],"replies":[{"embeddable":true,"href":"https:\/\/www.andorra-solutions.com\/es\/wp-json\/wp\/v2\/comments?post=10057"}],"version-history":[{"count":0,"href":"https:\/\/www.andorra-solutions.com\/es\/wp-json\/wp\/v2\/pages\/10057\/revisions"}],"wp:attachment":[{"href":"https:\/\/www.andorra-solutions.com\/es\/wp-json\/wp\/v2\/media?parent=10057"}],"curies":[{"name":"wp","href":"https:\/\/api.w.org\/{rel}","templated":true}]}}