{"id":10055,"date":"2020-12-02T15:08:47","date_gmt":"2020-12-02T15:08:47","guid":{"rendered":"https:\/\/www.andorra-solutions.com\/?page_id=10055"},"modified":"2022-07-19T15:09:48","modified_gmt":"2022-07-19T15:09:48","slug":"politica-privacidad","status":"publish","type":"page","link":"https:\/\/www.andorra-solutions.com\/es\/politica-privacidad\/","title":{"rendered":"Pol\u00edtica de privacidad"},"content":{"rendered":"<p>[vc_row][vc_column][vc_column_text]<\/p>\n<p style=\"text-align: center;\">POL\u00cdTICA DE PRIVACIDAD<\/p>\n<p style=\"text-align: center;\">RESPONSABLE DEL TRATAMIENTO: CONSULTORS SOLUCIONS MA, S.L.U.<\/p>\n<p style=\"text-align: center;\">FINALIDAD: Gestionar las consultas de los Usuarios. Incluirlo al listado de subscriptores de nuestra Newsletter.<\/p>\n<p style=\"text-align: center;\">BASE JUR\u00cdDICA: El consentimiento del Usuario de la web.<\/p>\n<p style=\"text-align: center;\">DESTINATARIOS: Sus datos se ceder\u00e1n a ANDORRE INVEST GLOBAL, S.L.<\/p>\n<p style=\"text-align: center;\">CONSERVACI\u00d3N: Per\u00edodo legal m\u00e1ximo establecido.<\/p>\n<p style=\"text-align: center;\">DERECHOS DE LOS INTERESADOS: Acceder, rectificar y cancelar los datos referentes a su persona, oponerse al tratamiento de los datos, solicitar la limitaci\u00f3n del tratamiento, o portabilidad de los datos.<\/p>\n<p>[\/vc_column_text][vc_empty_space][\/vc_column][\/vc_row][vc_row][vc_column][vc_custom_heading text=\u00bbPOL\u00cdTICA DE PRIVACIDAD\u00bb][vc_column_text]Para mayor facilidad y transparencia con el usuario hemos separado las pol\u00edticas de protecci\u00f3n de datos en tres apartados diferentes en funci\u00f3n de la finalidad del tratamiento:<\/p>\n<p>Apartado: <em>\u00abContacto\u00bb<\/em>;<br data-rich-text-line-break=\"true\" \/>Apartado: <em>\u00abInscripci\u00f3n a la Newsletter\u00bb<\/em>;<br data-rich-text-line-break=\"true\" \/>Apartado: <em>\u00abC\u00e1maras de videovigilancia\u00bb<\/em>.[\/vc_column_text][vc_empty_space][\/vc_column][\/vc_row][vc_row][vc_column][vc_custom_heading text=\u00bbFORMULARIO DE CONTACTO\u00bb][vc_column_text]De acuerdo con lo establecido en la Ley 15\/2003, de 18 de diciembre, Calificada de Protecci\u00f3n de Datos personales (LQPD) y el Reglamento de la Agencia Andorrana de Protecci\u00f3n de Datos que la desarrolla, as\u00ed como del Reglamento (UE) 2016\/679 del Parlamento Europeo y del Consejo, de 27 de abril de 2016, Reglamento General de Protecci\u00f3n de Datos (GDPR), lo informamos que sus datos de car\u00e1cter personal recogidas a trav\u00e9s del \u201cFormulario de Contacto\u201d, han sido incorporadas a los ficheros debidamente inscritos ante la Agencia de Protecci\u00f3n de Datos de Andorra (APDA), y ser\u00e1n tratadas por el Responsable del Tratamiento: CONSULTORS SOLUCIONS MA, S.L.U.<\/p>\n<p>Sus datos ser\u00e1n tratados con el fin de gestionar la solicitud y\/o consultas del usuario. Si es necesario contactarle lo haremos por email.<\/p>\n<p>El tratamiento de estos datos est\u00e1 basado en el consentimiento del usuario. Sus datos ser\u00e1n cedidos a la compa\u00f1\u00eda ANDORRE INVEST GLOBAL, S.L. para dar respuesta a su consulta por parte de profesionales. Los datos proporcionados se conservar\u00e1n durante el periodo m\u00e1ximo de 12 meses.<\/p>\n<p>As\u00ed mismo, le recordamos que tiene derecho en cualquier momento a acceder, rectificar y cancelar, los datos referentes a su persona, as\u00ed como a oponerse al tratamiento de estos en la forma y con las limitaciones previstas en la ley, a solicitar la limitaci\u00f3n del tratamiento o portabilidad de los datos, dirigi\u00e9ndose por escrito a CONSULTORS SOLUCIONS MA, S.L.U. con domicilio a Avda. Pr\u00edncipe Benlloch, 26-30, 1 piso, (AD500) Andorra la Vieja, Principado de Andorra, o por email a info@consultors-solucions.com<\/p>\n<p>Se lo informa especialmente que CONSULTORS SOLUCIONS MA, S.L.U. no toma decisiones automatizadas sobre este tipo de datos. Se recuerda el derecho del usuario a presentar una reclamaci\u00f3n ante la Agencia de Protecci\u00f3n de Datos Andorrana (ADPA) en caso de que considere que se ha vulnerado alguno de sus derechos bajo las vigentes disposiciones legales.[\/vc_column_text][vc_empty_space][\/vc_column][\/vc_row][vc_row][vc_column][vc_custom_heading text=\u00bbFORMULARIO DE SUBSCRIPCI\u00d3N A LA NEWSLETTER\u00bb][vc_column_text]De acuerdo con lo establecido en la Ley 15\/2003, de 18 de diciembre, Calificada de Protecci\u00f3n de Datos personales (LQPD) y el Reglamento de la Agencia Andorrana de Protecci\u00f3n de Datos que la desarrolla, as\u00ed como del Reglamento (UE) 2016\/679 del Parlamento Europeo y del Consejo, de 27 de abril de 2016, Reglamento General de Protecci\u00f3n de Datos (GDPR), lo informamos que sus datos de car\u00e1cter personal recogidas a trav\u00e9s del \u201cFormulario de suscripci\u00f3n a la Newsletter\u201d, han sido incorporadas a los ficheros debidamente inscritos ante la Agencia de Protecci\u00f3n de Datos de Andorra (APDA), y ser\u00e1n tratadas por el Responsable del Tratamiento: CONSULTORS SOLUCIONS MA, S.L.U.<\/p>\n<p>Sus datos ser\u00e1n tratados con el fin de incluirle en el listado de receptores de nuestra Newsletter informativa que se remite de manera electr\u00f3nica.<\/p>\n<p>El tratamiento de estos datos est\u00e1 basado en el consentimiento del interesado al facilitar sus datos. Sus datos ser\u00e1n cedidos a la compa\u00f1\u00eda ANDORRE INVEST GLOBAL, S.L. para hacerle llegar las novedades jur\u00eddicas por parte de los profesionales titulares de la Newsletter. Los datos proporcionados se conservar\u00e1n indefinidamente hasta que Usted se d\u00e9 de baja como receptor de la Newsletter.<\/p>\n<p>As\u00ed mismo, le recordamos que tiene derecho en cualquier momento a acceder, rectificar y cancelar, los datos referentes a su persona, as\u00ed como oponerse al tratamiento de estos, solicitar la limitaci\u00f3n del tratamiento o portabilidad de los datos, dirigi\u00e9ndose por escrito a CONSULTORS SOLUCIONS MA, S.L.U. con domicilio a Avda. Pr\u00edncipe Benlloch, 26-30, 1 piso, (AD500) Andorra la Vieja, Principado de Andorra, o por email a info@consultors-solucions.com<\/p>\n<p>Se lo informa especialmente que CONSULTORS SOLUCIONS MA, S.L.U. no toma decisiones automatizadas sobre sus usuarios. Se recuerda a los usuarios su derecho a presentar una reclamaci\u00f3n ante la Agencia de Protecci\u00f3n de Datos Andorrana (APDA) en caso de que considere que se ha vulnerado alguno de sus derechos bajo las vigentes disposiciones legales.[\/vc_column_text][vc_empty_space height=\u00bb50px\u00bb][\/vc_column][\/vc_row][vc_row][vc_column][vc_custom_heading text=\u00bbC\u00c1MARAS DE VIDEOVIGILANCIA\u00bb][vc_column_text]De acuerdo con la normativa vigente andorrana, principalmente la Ley 15\/2003, de 18 de diciembre, Calificada de Protecci\u00f3n de Datos Personales (LQPD) y el Reglamento de la Agencia Andorrana de Protecci\u00f3n de Datos que la desarrolla, as\u00ed como del Reglamento (UE) 2016\/679 del Parlamento Europeo y del Consejo, de 27 de abril de 2016, Reglamento General de Protecci\u00f3n de Datos (GDPR), CONSULTORS SOLUCIONS MA, S.L.U. les informa que las instalaciones cuentan con un sistema de videovigilancia y que, por lo tanto, el tratamiento de su imagen, como dato de car\u00e1cter personal recogida a trav\u00e9s del sistema llamado, se ha incorporado al fichero de VIDEOVIGILANCIA inscrito ante la Agencia de Protecci\u00f3n de Datos de Andorra (APDA).<\/p>\n<p>Los datos del Responsable del Tratamiento son las siguientes:<\/p>\n<ul>\n<li>Responsable del tratamiento: CONSULTORS SOLUCIONS MA, S.L.U.<\/li>\n<li>NRT: 709340-K<\/li>\n<li>Direcci\u00f3n postal: Avda. Pr\u00edncipe Benlloch, 26-30, 1 piso, (AD500) Andorra la Vieja, Principado de Andorra.<\/li>\n<li>Tel\u00e9fono: (+376) 866 770<\/li>\n<li>Direcci\u00f3n electr\u00f3nica: info@consultors-solucions.com<\/li>\n<\/ul>\n<p>Sus datos ser\u00e1n tratados con la finalidad proteger la seguridad del establecimiento, y en concreto para garantizar la seguridad de las personas y los bienes al espacio privado que se encuentra videovigilado. La base legitimadora del tratamiento de sus datos personales se fundamenta en el inter\u00e9s leg\u00edtimo (art\u00edculo 6 GDPR).<\/p>\n<p>Sus datos ser\u00e1n tratados con la finalidad proteger la seguridad del establecimiento, y en concreto para garantizar la seguridad de las personas y los bienes al espacio privado que se encuentra videovigilado. La base legitimadora del tratamiento de sus datos personales se fundamenta en el inter\u00e9s leg\u00edtimo (art\u00edculo 6 GDPR).<\/p>\n<p>El tratamiento de los datos no comporta decisiones automatizadas, ni la elaboraci\u00f3n de perfiles con fines predictivos de preferencias personales, comportamientos o actitudes.<\/p>\n<p>Sus datos no ser\u00e1n cedidos a otros responsables, nacionales y\/o internacionales; a excepci\u00f3n de aquellos casos en que exista una obligaci\u00f3n legal de hacerlo.<\/p>\n<p>Sus datos ser\u00e1n conservados un m\u00e1ximo de un mes, a excepci\u00f3n de aquellos casos en que exista una obligaci\u00f3n legal de conservaci\u00f3n. Transcurridos los plazos m\u00e1ximos de conservaci\u00f3n establecidos legalmente, sus datos ser\u00e1n supresos.<\/p>\n<p>En cualquier caso, se pueden ejercer los derechos de acceso, rectificaci\u00f3n, oposici\u00f3n, supresi\u00f3n, limitaci\u00f3n, y portabilidad, as\u00ed como su decisi\u00f3n a no ser objeto de decisiones individuales automatizadas; poni\u00e9ndose en contacto con el Responsable del Tratamiento a trav\u00e9s del correo electr\u00f3nico info@consultors-solucions.com, o a trav\u00e9s de correo ordinario. As\u00ed mismo, en caso de no poder ejercer sus derechos ante el Responsable del Tratamiento, tiene usted derecho a dirigir su reclamaci\u00f3n a la Agencia de Protecci\u00f3n de Datos Andorrana (APDA).[\/vc_column_text][vc_empty_space height=\u00bb50px\u00bb][\/vc_column][\/vc_row]<\/p>\n","protected":false},"excerpt":{"rendered":"<p>[vc_row][vc_column][vc_column_text] POL\u00cdTICA DE PRIVACIDAD RESPONSABLE DEL TRATAMIENTO: CONSULTORS SOLUCIONS MA, S.L.U. FINALIDAD: Gestionar las consultas de los Usuarios. Incluirlo al listado de subscriptores de nuestra Newsletter. BASE JUR\u00cdDICA: El consentimiento del Usuario de la web. DESTINATARIOS: Sus datos se ceder\u00e1n a ANDORRE INVEST GLOBAL, S.L. CONSERVACI\u00d3N: Per\u00edodo legal m\u00e1ximo establecido. DERECHOS DE LOS INTERESADOS: Acceder, rectificar<\/p>\n","protected":false},"author":1,"featured_media":0,"parent":0,"menu_order":0,"comment_status":"closed","ping_status":"open","template":"","meta":{"_monsterinsights_skip_tracking":false,"_monsterinsights_sitenote_active":false,"_monsterinsights_sitenote_note":"","_monsterinsights_sitenote_category":0,"footnotes":""},"class_list":["post-10055","page","type-page","status-publish","hentry"],"acf":[],"yoast_head":"<!-- This site is optimized with the Yoast SEO plugin v25.9 - https:\/\/yoast.com\/wordpress\/plugins\/seo\/ -->\n<title>Pol\u00edtica privacidad y derechos de Usuarios ANDORRE INVEST<\/title>\n<meta name=\"description\" content=\"Informaci\u00f3n de nuestra pol\u00edtica de privacidad, procesamiento de los datos y derechos de los usuarios usando la web de ANDORRE INVEST.\" \/>\n<meta name=\"robots\" content=\"index, follow, max-snippet:-1, max-image-preview:large, max-video-preview:-1\" \/>\n<link rel=\"canonical\" href=\"https:\/\/www.andorra-solutions.com\/es\/politica-privacidad\/\" \/>\n<meta property=\"og:locale\" content=\"es_ES\" \/>\n<meta property=\"og:type\" content=\"article\" \/>\n<meta property=\"og:title\" content=\"Pol\u00edtica privacidad y derechos de Usuarios ANDORRE INVEST\" \/>\n<meta property=\"og:description\" content=\"Informaci\u00f3n de nuestra pol\u00edtica de privacidad, procesamiento de los datos y derechos de los usuarios usando la web de ANDORRE INVEST.\" \/>\n<meta property=\"og:url\" content=\"https:\/\/www.andorra-solutions.com\/es\/politica-privacidad\/\" \/>\n<meta property=\"og:site_name\" content=\"ANDORRE INVEST\" \/>\n<meta property=\"article:publisher\" content=\"https:\/\/es-la.facebook.com\/andorrasolutions\/\" \/>\n<meta property=\"article:modified_time\" content=\"2022-07-19T15:09:48+00:00\" \/>\n<meta name=\"twitter:label1\" content=\"Tiempo de lectura\" \/>\n\t<meta name=\"twitter:data1\" content=\"6 minutos\" \/>\n<!-- \/ Yoast SEO plugin. -->","yoast_head_json":{"title":"Pol\u00edtica privacidad y derechos de Usuarios ANDORRE INVEST","description":"Informaci\u00f3n de nuestra pol\u00edtica de privacidad, procesamiento de los datos y derechos de los usuarios usando la web de ANDORRE INVEST.","robots":{"index":"index","follow":"follow","max-snippet":"max-snippet:-1","max-image-preview":"max-image-preview:large","max-video-preview":"max-video-preview:-1"},"canonical":"https:\/\/www.andorra-solutions.com\/es\/politica-privacidad\/","og_locale":"es_ES","og_type":"article","og_title":"Pol\u00edtica privacidad y derechos de Usuarios ANDORRE INVEST","og_description":"Informaci\u00f3n de nuestra pol\u00edtica de privacidad, procesamiento de los datos y derechos de los usuarios usando la web de ANDORRE INVEST.","og_url":"https:\/\/www.andorra-solutions.com\/es\/politica-privacidad\/","og_site_name":"ANDORRE INVEST","article_publisher":"https:\/\/es-la.facebook.com\/andorrasolutions\/","article_modified_time":"2022-07-19T15:09:48+00:00","twitter_misc":{"Tiempo de lectura":"6 minutos"},"schema":{"@context":"https:\/\/schema.org","@graph":[{"@type":"WebPage","@id":"https:\/\/www.andorra-solutions.com\/es\/politica-privacidad\/","url":"https:\/\/www.andorra-solutions.com\/es\/politica-privacidad\/","name":"Pol\u00edtica privacidad y derechos de Usuarios ANDORRE INVEST","isPartOf":{"@id":"https:\/\/www.andorra-solutions.com\/es\/#website"},"datePublished":"2020-12-02T15:08:47+00:00","dateModified":"2022-07-19T15:09:48+00:00","description":"Informaci\u00f3n de nuestra pol\u00edtica de privacidad, procesamiento de los datos y derechos de los usuarios usando la web de ANDORRE INVEST.","breadcrumb":{"@id":"https:\/\/www.andorra-solutions.com\/es\/politica-privacidad\/#breadcrumb"},"inLanguage":"es","potentialAction":[{"@type":"ReadAction","target":["https:\/\/www.andorra-solutions.com\/es\/politica-privacidad\/"]}]},{"@type":"BreadcrumbList","@id":"https:\/\/www.andorra-solutions.com\/es\/politica-privacidad\/#breadcrumb","itemListElement":[{"@type":"ListItem","position":1,"name":"Home","item":"https:\/\/www.andorra-solutions.com\/es\/"},{"@type":"ListItem","position":2,"name":"Pol\u00edtica de privacidad"}]},{"@type":"WebSite","@id":"https:\/\/www.andorra-solutions.com\/es\/#website","url":"https:\/\/www.andorra-solutions.com\/es\/","name":"ANDORRE INVEST","description":"","publisher":{"@id":"https:\/\/www.andorra-solutions.com\/es\/#organization"},"potentialAction":[{"@type":"SearchAction","target":{"@type":"EntryPoint","urlTemplate":"https:\/\/www.andorra-solutions.com\/es\/?s={search_term_string}"},"query-input":{"@type":"PropertyValueSpecification","valueRequired":true,"valueName":"search_term_string"}}],"inLanguage":"es"},{"@type":"Organization","@id":"https:\/\/www.andorra-solutions.com\/es\/#organization","name":"ANDORRE INVEST","url":"https:\/\/www.andorra-solutions.com\/es\/","logo":{"@type":"ImageObject","inLanguage":"es","@id":"https:\/\/www.andorra-solutions.com\/es\/#\/schema\/logo\/image\/","url":"https:\/\/www.andorra-solutions.com\/wp-content\/uploads\/2021\/04\/logo-abast-andorra-solutions-peq.png","contentUrl":"https:\/\/www.andorra-solutions.com\/wp-content\/uploads\/2021\/04\/logo-abast-andorra-solutions-peq.png","width":211,"height":58,"caption":"ANDORRE INVEST"},"image":{"@id":"https:\/\/www.andorra-solutions.com\/es\/#\/schema\/logo\/image\/"},"sameAs":["https:\/\/es-la.facebook.com\/andorrasolutions\/","https:\/\/x.com\/andorrasolution","https:\/\/www.linkedin.com\/company\/andorra-solutions\/","https:\/\/www.youtube.com\/c\/AndorraSolutions"]}]}},"_links":{"self":[{"href":"https:\/\/www.andorra-solutions.com\/es\/wp-json\/wp\/v2\/pages\/10055","targetHints":{"allow":["GET"]}}],"collection":[{"href":"https:\/\/www.andorra-solutions.com\/es\/wp-json\/wp\/v2\/pages"}],"about":[{"href":"https:\/\/www.andorra-solutions.com\/es\/wp-json\/wp\/v2\/types\/page"}],"author":[{"embeddable":true,"href":"https:\/\/www.andorra-solutions.com\/es\/wp-json\/wp\/v2\/users\/1"}],"replies":[{"embeddable":true,"href":"https:\/\/www.andorra-solutions.com\/es\/wp-json\/wp\/v2\/comments?post=10055"}],"version-history":[{"count":0,"href":"https:\/\/www.andorra-solutions.com\/es\/wp-json\/wp\/v2\/pages\/10055\/revisions"}],"wp:attachment":[{"href":"https:\/\/www.andorra-solutions.com\/es\/wp-json\/wp\/v2\/media?parent=10055"}],"curies":[{"name":"wp","href":"https:\/\/api.w.org\/{rel}","templated":true}]}}