{"id":16180,"date":"2021-05-10T09:57:26","date_gmt":"2021-05-10T09:57:26","guid":{"rendered":"https:\/\/www.andorra-solutions.com\/criptomonedas-andorra\/"},"modified":"2021-10-06T14:37:01","modified_gmt":"2021-10-06T14:37:01","slug":"kryptowaehrungen-andorra","status":"publish","type":"page","link":"https:\/\/www.andorra-solutions.com\/de\/kryptowaehrungen-andorra\/","title":{"rendered":"Kryptow\u00e4hrungen in Andorra"},"content":{"rendered":"<p>[vc_row css_animation=&#8220;fadeIn&#8220;][vc_column][vc_custom_heading text=&#8220;Investieren Sie mit Kryptow\u00e4hrungen in Andorra&#8220; font_container=&#8220;tag:h2|text_align:center&#8220; use_theme_fonts=&#8220;yes&#8220;][vc_custom_heading text=&#8220;Die Vorteile des Handels oder Minings mit Kryptow\u00e4hrungen in Andorra&#8220; use_theme_fonts=&#8220;yes&#8220;][vc_column_text]Andorra bietet eindeutig viele Vorteile f\u00fcr Projekte im Bereich von Krypto- und Blockchain-Technologie, sodass sich immer mehr Unternehmer und H\u00e4ndler in Andorra niederlassen. Die Gr\u00fcndung eines Technologiekonzerns ist aus mehreren Gr\u00fcnden interessant. Sicherheit, Umwelt, Kultur, aber auch Steuern machen Andorra als Standort f\u00fcr Ihre Kryptoaktivit\u00e4ten sehr attraktiv. <a href=\"https:\/\/www.andorra-solutions.com\/de\/andorra-steuervorteile\/\">Hier<\/a> k\u00f6nnen Sie mehr \u00fcber die Steuervorteile lesen, die f\u00fcr Andorra sprechen. Die Investition in Kryptow\u00e4hrungen in Andorra ist jedoch ein Thema, das wir getrennt von den traditionellen Faktoren einer wettbewerbsf\u00e4higen Rechtsordnung diskutieren sollten.[\/vc_column_text][vc_custom_heading text=&#8220;Kryptoexperten mit Wohnsitz in Andorra&#8220; use_theme_fonts=&#8220;yes&#8220;][vc_column_text]Wenn Sie ein H\u00e4ndler sind, der in digitale W\u00e4hrungen investiert, k\u00f6nnen Sie nat\u00fcrlich auch in Andorra wohnen und handeln. Der Wohnsitz in Andorra ist eine attraktive Option f\u00fcr verschiedene Berufsbilder und Lebensstile.<\/p>\n<p>Viele Fachleute ziehen eine Residenz in Andorra zunehmend in Betracht. Dazu z\u00e4hlen Entwickler, IT-Spezialisten, Berater und Experten, die in der Forschung und Entwicklung im Zusammenhang mit Blockchain-Technologie und Krypto-Assets arbeiten. Die Arbeit f\u00fcr Start-ups mit einer Freiz\u00fcgigkeitsstrategie f\u00fcr Token und flexiblen Vertr\u00e4gen zur Wahl des Standorts bringen Krypto-Spezialisten nach Andorra.<\/p>\n<p>Informieren Sie sich hier \u00fcber die\u00a0<a href=\"https:\/\/www.andorra-solutions.com\/de\/kundenprofile-und-loesungen\/\">verschiedenen Optionen<\/a>, die sowohl f\u00fcr aktive Gesch\u00e4ftsleute oder Gewerbetreibende zur Verf\u00fcgung stehen.<\/p>\n<p>Wenn Sie in Andorra wohnen, sind Sie mit Ihrem weltweiten Einkommen voll einkommenssteuerpflichtig. Es gibt jedoch Eink\u00fcnfte, die unter bestimmten Bedingungen f\u00fcr eine Steuerbefreiung in Frage kommen, darunter Kapitalgewinne aus b\u00f6rsennotierten Aktien. Wir empfehlen eine erste Analyse Ihrer Handelsaktivit\u00e4ten und Anlagearten, um Ihre potenziellen steuerlichen Belastungen in Andorra richtig einsch\u00e4tzen zu k\u00f6nnen. Der Handel mit Kryptow\u00e4hrungen wird anders behandelt, da diese Verm\u00f6genswerte nicht unter die gleiche Kategorie fallen wie Aktien.<\/p>\n<p>Letztlich muss Ihr Wohnsitz in Andorra nach den Regeln der internationalen Steuerabkommen ordnungsgem\u00e4\u00df aufrechterhalten werden. Die Definition eines steuerlichen Wohnsitzes in Andorra im Vergleich zu den Nachbarl\u00e4ndern ist recht eindeutig.[\/vc_column_text][vc_custom_heading text=&#8220;Der Rechtsrahmen f\u00fcr Aktivit\u00e4ten im Zusammenhang mit Kryptow\u00e4hrungen in Andorra&#8220; use_theme_fonts=&#8220;yes&#8220;][vc_column_text]Die Gesetzgebung und der Rechtsrahmen f\u00fcr Kryptow\u00e4hrungen sind in weiten Teilen der Welt noch Neuland. Da W\u00e4hrungen wie der Bitcoin ihren Wert im vergangenen Jahr vervielfacht haben, werden Banken und Regierungen aufmerksam und arbeiten an einem Rechtsrahmen. Die Einhaltung der Vorschriften in den Banken wurde sehr sorgf\u00e4ltig \u00fcberwacht, da insbesondere der Bitcoin in Transaktionen verwendet wurde, die fragw\u00fcrdig sind oder direkt der Geldw\u00e4sche dienen. Andorra ist in dieser Hinsicht sehr vorsichtig, da es als kleines Land mit einem winzigen, von der EZB unabh\u00e4ngigen Finanzsystem besonders gef\u00e4hrdet ist. Die verst\u00e4rkte Einhaltung der Vorschriften und die st\u00e4ndige Alarmbereitschaft zur Verhinderung jeglicher Zwischenf\u00e4lle wirken sich auch auf die allgemeine Haltung gegen\u00fcber Gesch\u00e4ften oder Handelsaktivit\u00e4ten mit Kryptow\u00e4hrungen aus.<\/p>\n<p>Die andorranische Finanzregulierungs- und Aufsichtsbeh\u00f6rde AFA beobachtet die Entwicklungen genau, hat sich aber noch nicht offiziell zu den Regeln f\u00fcr die Gr\u00fcndung von Unternehmen mit Aktivit\u00e4ten im Zusammenhang mit Kryptow\u00e4hrungen ge\u00e4u\u00dfert. Der lokale Wirtschaftsverband hat einen proaktiven Ansatz gew\u00e4hlt, um die andorranischen Beh\u00f6rden zu dr\u00e4ngen, einen rechtlichen Rahmen zu schaffen. Dieser soll die Unsicherheit f\u00fcr Unternehmen verringern, die sich auf ICOs, Blockchain-Technologie und Mining spezialisiert haben und sich in Andorra niederlassen m\u00f6chten.[\/vc_column_text][vc_custom_heading text=&#8220;Gesetzliche Entwicklungen&#8220; use_theme_fonts=&#8220;yes&#8220;][vc_column_text]Bis 2023 wird ein neuer Rechtsrahmen mit Anreizen erwartet, um Investitionen, ICOs und Projekte im Zusammenhang mit der Blockchain-Technologie zu f\u00f6rdern und zu erleichtern. Das andorranische Parlament sollte das neue Gesetz im Laufe des Jahres 2022 verabschieden, damit es danach in Kraft treten kann.[\/vc_column_text][vc_custom_heading text=&#8220;Kryptow\u00e4hrungs-Mining in Andorra&#8220; use_theme_fonts=&#8220;yes&#8220;][vc_column_text]Neben dem Lebensstil und den steuerlichen Vorteilen kann Andorra auch die geeignete Infrastruktur f\u00fcr diese zuk\u00fcnftige T\u00e4tigkeit bieten, die zunehmend an Bedeutung gewinnt. Nach den offiziellen Zahlen von Eurostat hat Andorra mit die niedrigsten Strompreise in Europa. Das kleine F\u00fcrstentum liegt bei einem Preis von 0,134 EUR f\u00fcr die Kilowattstunde (kWh), w\u00e4hrend der Durchschnitt in Europa bei etwas \u00fcber 0,20 Euro f\u00fcr eine kWh liegt.<\/p>\n<p>Abgesehen davon ist die Stromversorgung in Andorra \u00e4u\u00dferst stabil und Stromausf\u00e4lle sind im Vergleich zu Spanien eher selten.<\/p>\n<p>Gewerbliche Immobilien k\u00f6nnen gemietet werden und Server sowie IT-Infrastruktur k\u00f6nnen unter angemessenen Bedingungen installiert werden.<\/p>\n<p>Wenn Sie Zugang zu einem Ger\u00e4t wie dem Mini-Doge Home Miner haben, kann das Mining und der anschlie\u00dfende Handel mit Kryptow\u00e4hrungen dazu beitragen, dass Sie in eine sichere finanzielle Zukunft schauen. Wenn Sie dies schon probiert haben, werden Sie wissen, welchen Unterschied dieses Ger\u00e4t f\u00fcr Ihre Finanzen machen kann.<\/p>\n<p>Schlie\u00dflich bietet Andorra als eines der wenigen L\u00e4nder der Welt eine Abdeckung mit 100 % Glasfaser.<\/p>\n<p>Diese und andere Faktoren, die mit Ihrem Lebensstil zusammenh\u00e4ngen, k\u00f6nnen Andorra zu einem geeigneten Ziel f\u00fcr Ihr Kryptow\u00e4hrungs-\/Digital Coin Projekte machen.[\/vc_column_text][vc_custom_heading text=&#8220;Wie werden Kryptow\u00e4hrungen in Andorra besteuert?&#8220; use_theme_fonts=&#8220;yes&#8220;][vc_column_text el_class=&#8220;negrita-corporativo texto-15px&#8220;]Kapitalgewinne aus dem Handel mit Kryptow\u00e4hrungen werden in Andorra mit dem maximalen pers\u00f6nlichen Einkommensteuersatz von 10 % besteuert. Die Gewinne werden wie folgt berechnet. Beim Kauf oder Verkauf einer Kryptow\u00e4hrung erzielt der Inhaber einen Kapitalgewinn\/-verlust, der sich aus dem Wert der Kryptow\u00e4hrung bei der Verkaufstransaktion abz\u00fcglich des Wertes beim Kauf ergibt. In der Steuererkl\u00e4rung k\u00f6nnen Gewinne und Verluste aus allen Transaktionen verrechnet werden. So erhalten Sie das Nettoeinkommen\/steuerpflichtige Einkommen, das einer Besteuerung von 10 % unterliegt. Es besteht die M\u00f6glichkeit, Transaktionskosten einzubeziehen.[\/vc_column_text][vc_custom_heading text=&#8220;Wie kann ich als Anleger und H\u00e4ndler von Kryptow\u00e4hrungen in Andorra ans\u00e4ssig werden?&#8220; use_theme_fonts=&#8220;yes&#8220;][vc_column_text el_class=&#8220;negrita-corporativo texto-15px&#8220;]Es gibt verschiedene Arten der Residenz. Je nach Ihrem Einkommen und Verm\u00f6gen k\u00f6nnen wir Ihnen eine passive oder gemeinn\u00fctzige Residenz f\u00fcr wohlhabende Personen oder eine\u00a0<a href=\"https:\/\/www.andorra-solutions.com\/de\/aktive-residenz-andorra\/\">aktive Residenz in Andorra<\/a>\u00a0f\u00fcr Interessenten mit einer gewerblichen T\u00e4tigkeit empfehlen.[\/vc_column_text][vc_custom_heading text=&#8220;Welche Position vertritt das andorranische Bankensystem in Bezug auf Krypto und Blockchain?&#8220; use_theme_fonts=&#8220;yes&#8220;][vc_column_text el_class=&#8220;negrita-corporativo texto-15px&#8220;]Andorras Banken sind immer noch z\u00f6gerlich, was ein zu gro\u00dfes Engagement im Bereich der Kryptoanlagen angeht. Da das kleine Finanzsystem des Landes anf\u00e4llig f\u00fcr potenzielle Risiken wie Geldw\u00e4sche ist, setzt es die AML-Richtlinien rigoros um und lehnt gelegentlich echte Projekte und Verm\u00f6gen ab.[\/vc_column_text][vc_custom_heading text=&#8220;Wie sieht die Zukunft von Krypto- und Blockchain-Projekten in Andorra aus?&#8220; use_theme_fonts=&#8220;yes&#8220;][vc_column_text el_class=&#8220;negrita-corporativo texto-15px&#8220;]Andorras Regierung m\u00f6chte das Land als fortschrittliche Rechtsprechung zur F\u00f6rderung der Blockchain-Technologie positionieren. Es ist sehr wahrscheinlich, dass mit dem Voranschreiten der Gesetzgebung und der AML-Standards im regulierten Finanzsektor ein zunehmend kryptofreundliches Umfeld in diesem Land entstehen wird, das bereits heute eines der wettbewerbsf\u00e4higsten Steuergebiete in Westeuropa ist.[\/vc_column_text][vc_empty_space][\/vc_column][\/vc_row]<\/p>\n","protected":false},"excerpt":{"rendered":"<p>[vc_row css_animation=&#8220;fadeIn&#8220;][vc_column][vc_custom_heading text=&#8220;Investieren Sie mit Kryptow\u00e4hrungen in Andorra&#8220; font_container=&#8220;tag:h2|text_align:center&#8220; use_theme_fonts=&#8220;yes&#8220;][vc_custom_heading text=&#8220;Die Vorteile des Handels oder Minings mit Kryptow\u00e4hrungen in Andorra&#8220; use_theme_fonts=&#8220;yes&#8220;][vc_column_text]Andorra bietet eindeutig viele Vorteile f\u00fcr Projekte im Bereich von Krypto- und Blockchain-Technologie, sodass sich immer mehr Unternehmer und H\u00e4ndler in Andorra niederlassen. Die Gr\u00fcndung eines Technologiekonzerns ist aus mehreren Gr\u00fcnden interessant. Sicherheit, Umwelt, Kultur,<\/p>\n","protected":false},"author":2,"featured_media":0,"parent":0,"menu_order":0,"comment_status":"closed","ping_status":"closed","template":"","meta":{"_monsterinsights_skip_tracking":false,"_monsterinsights_sitenote_active":false,"_monsterinsights_sitenote_note":"","_monsterinsights_sitenote_category":0,"footnotes":""},"class_list":["post-16180","page","type-page","status-publish","hentry"],"acf":[],"yoast_head":"<!-- This site is optimized with the Yoast SEO plugin v25.9 - https:\/\/yoast.com\/wordpress\/plugins\/seo\/ -->\n<title>Kryptow\u00e4hrungen in Andorra - Investieren oder Minings in Andorra<\/title>\n<meta name=\"description\" content=\"Die Vorschriften und Rahmenbedingungen f\u00fcr Investitionen oder Mining in Andorra m\u00fcssen in Zukunft noch festgelegt werden.\" \/>\n<meta name=\"robots\" content=\"index, follow, max-snippet:-1, max-image-preview:large, max-video-preview:-1\" \/>\n<link rel=\"canonical\" href=\"https:\/\/www.andorra-solutions.com\/de\/kryptowaehrungen-andorra\/\" \/>\n<meta property=\"og:locale\" content=\"de_DE\" \/>\n<meta property=\"og:type\" content=\"article\" \/>\n<meta property=\"og:title\" content=\"Kryptow\u00e4hrungen in Andorra - Investieren oder Minings in Andorra\" \/>\n<meta property=\"og:description\" content=\"Die Vorschriften und Rahmenbedingungen f\u00fcr Investitionen oder Mining in Andorra m\u00fcssen in Zukunft noch festgelegt werden.\" \/>\n<meta property=\"og:url\" content=\"https:\/\/www.andorra-solutions.com\/de\/kryptowaehrungen-andorra\/\" \/>\n<meta property=\"og:site_name\" content=\"ANDORRE INVEST\" \/>\n<meta property=\"article:publisher\" content=\"https:\/\/es-la.facebook.com\/andorrasolutions\/\" \/>\n<meta property=\"article:modified_time\" content=\"2021-10-06T14:37:01+00:00\" \/>\n<meta name=\"twitter:label1\" content=\"Gesch\u00e4tzte Lesezeit\" \/>\n\t<meta name=\"twitter:data1\" content=\"5\u00a0Minuten\" \/>\n<!-- \/ Yoast SEO plugin. -->","yoast_head_json":{"title":"Kryptow\u00e4hrungen in Andorra - Investieren oder Minings in Andorra","description":"Die Vorschriften und Rahmenbedingungen f\u00fcr Investitionen oder Mining in Andorra m\u00fcssen in Zukunft noch festgelegt werden.","robots":{"index":"index","follow":"follow","max-snippet":"max-snippet:-1","max-image-preview":"max-image-preview:large","max-video-preview":"max-video-preview:-1"},"canonical":"https:\/\/www.andorra-solutions.com\/de\/kryptowaehrungen-andorra\/","og_locale":"de_DE","og_type":"article","og_title":"Kryptow\u00e4hrungen in Andorra - Investieren oder Minings in Andorra","og_description":"Die Vorschriften und Rahmenbedingungen f\u00fcr Investitionen oder Mining in Andorra m\u00fcssen in Zukunft noch festgelegt werden.","og_url":"https:\/\/www.andorra-solutions.com\/de\/kryptowaehrungen-andorra\/","og_site_name":"ANDORRE INVEST","article_publisher":"https:\/\/es-la.facebook.com\/andorrasolutions\/","article_modified_time":"2021-10-06T14:37:01+00:00","twitter_misc":{"Gesch\u00e4tzte Lesezeit":"5\u00a0Minuten"},"schema":{"@context":"https:\/\/schema.org","@graph":[{"@type":"WebPage","@id":"https:\/\/www.andorra-solutions.com\/de\/kryptowaehrungen-andorra\/","url":"https:\/\/www.andorra-solutions.com\/de\/kryptowaehrungen-andorra\/","name":"Kryptow\u00e4hrungen in Andorra - Investieren oder Minings in Andorra","isPartOf":{"@id":"https:\/\/www.andorra-solutions.com\/de\/#website"},"datePublished":"2021-05-10T09:57:26+00:00","dateModified":"2021-10-06T14:37:01+00:00","description":"Die Vorschriften und Rahmenbedingungen f\u00fcr Investitionen oder Mining in Andorra m\u00fcssen in Zukunft noch festgelegt werden.","breadcrumb":{"@id":"https:\/\/www.andorra-solutions.com\/de\/kryptowaehrungen-andorra\/#breadcrumb"},"inLanguage":"de","potentialAction":[{"@type":"ReadAction","target":["https:\/\/www.andorra-solutions.com\/de\/kryptowaehrungen-andorra\/"]}]},{"@type":"BreadcrumbList","@id":"https:\/\/www.andorra-solutions.com\/de\/kryptowaehrungen-andorra\/#breadcrumb","itemListElement":[{"@type":"ListItem","position":1,"name":"Home","item":"https:\/\/www.andorra-solutions.com\/de\/"},{"@type":"ListItem","position":2,"name":"Kryptow\u00e4hrungen in Andorra"}]},{"@type":"WebSite","@id":"https:\/\/www.andorra-solutions.com\/de\/#website","url":"https:\/\/www.andorra-solutions.com\/de\/","name":"ANDORRE INVEST","description":"","publisher":{"@id":"https:\/\/www.andorra-solutions.com\/de\/#organization"},"potentialAction":[{"@type":"SearchAction","target":{"@type":"EntryPoint","urlTemplate":"https:\/\/www.andorra-solutions.com\/de\/?s={search_term_string}"},"query-input":{"@type":"PropertyValueSpecification","valueRequired":true,"valueName":"search_term_string"}}],"inLanguage":"de"},{"@type":"Organization","@id":"https:\/\/www.andorra-solutions.com\/de\/#organization","name":"ANDORRE INVEST","url":"https:\/\/www.andorra-solutions.com\/de\/","logo":{"@type":"ImageObject","inLanguage":"de","@id":"https:\/\/www.andorra-solutions.com\/de\/#\/schema\/logo\/image\/","url":"https:\/\/www.andorra-solutions.com\/wp-content\/uploads\/2021\/04\/logo-abast-andorra-solutions-peq.png","contentUrl":"https:\/\/www.andorra-solutions.com\/wp-content\/uploads\/2021\/04\/logo-abast-andorra-solutions-peq.png","width":211,"height":58,"caption":"ANDORRE INVEST"},"image":{"@id":"https:\/\/www.andorra-solutions.com\/de\/#\/schema\/logo\/image\/"},"sameAs":["https:\/\/es-la.facebook.com\/andorrasolutions\/","https:\/\/x.com\/andorrasolution","https:\/\/www.linkedin.com\/company\/andorra-solutions\/","https:\/\/www.youtube.com\/c\/AndorraSolutions"]}]}},"_links":{"self":[{"href":"https:\/\/www.andorra-solutions.com\/de\/wp-json\/wp\/v2\/pages\/16180","targetHints":{"allow":["GET"]}}],"collection":[{"href":"https:\/\/www.andorra-solutions.com\/de\/wp-json\/wp\/v2\/pages"}],"about":[{"href":"https:\/\/www.andorra-solutions.com\/de\/wp-json\/wp\/v2\/types\/page"}],"author":[{"embeddable":true,"href":"https:\/\/www.andorra-solutions.com\/de\/wp-json\/wp\/v2\/users\/2"}],"replies":[{"embeddable":true,"href":"https:\/\/www.andorra-solutions.com\/de\/wp-json\/wp\/v2\/comments?post=16180"}],"version-history":[{"count":0,"href":"https:\/\/www.andorra-solutions.com\/de\/wp-json\/wp\/v2\/pages\/16180\/revisions"}],"wp:attachment":[{"href":"https:\/\/www.andorra-solutions.com\/de\/wp-json\/wp\/v2\/media?parent=16180"}],"curies":[{"name":"wp","href":"https:\/\/api.w.org\/{rel}","templated":true}]}}