{"id":16138,"date":"2021-07-23T11:04:30","date_gmt":"2021-07-23T11:04:30","guid":{"rendered":"https:\/\/www.andorra-solutions.com\/vivir-en-andorra-nuevo\/"},"modified":"2023-02-15T16:05:45","modified_gmt":"2023-02-15T16:05:45","slug":"auswandern-andorra","status":"publish","type":"page","link":"https:\/\/www.andorra-solutions.com\/de\/auswandern-andorra\/","title":{"rendered":"Auswandern nach Andorra"},"content":{"rendered":"<p>[vc_row][vc_column][vc_column_text]Auswandern nach Andorra kann zweifellos eine sinnvolle Entscheidung sein. Vor dieser gro\u00dfen Lebensumstellung stellen sich jedoch viele Fragen. Wo liegt der ideale Ort f\u00fcr Sie, welche Gemeinde in Andorra eignet sich f\u00fcr Ihren Wohnsitz oder das B\u00fcro? Wird die fremde Sprache im Alltag ein gro\u00dfes Hindernis darstellen? Wird sich die Familie an das neue Land gew\u00f6hnen? Diese und viele weitere Fragen, besch\u00e4ftigen Sie, wenn Sie ans Auswandern nach Andorra denken. Aus diesem Grund haben wir f\u00fcr Sie einige allgemeine Informationen zusammengestellt, um das F\u00fcrstentum besser kennenzulernen.<\/p>\n<p>Es ist nicht nur sinnvoll, sich \u00fcber die steuerlichen Formalit\u00e4ten zu informieren, sondern auch \u00fcber die rechtlichen Vorschriften, die Sie f\u00fcr einen Wohnsitz in Andorra brauchen. Ein weiteres wichtiges Thema ist der Kauf oder die Miete einer Immobilie in Andorra.[\/vc_column_text][vc_column_text]<\/p>\n<div class=\"vc_custom_heading corporativo text_align_center\">\n<h2 class=\"consulting-custom-title\" style=\"text-align: center;\"><img loading=\"lazy\" decoding=\"async\" class=\"vc_single_image-img attachment-thumbnail\" src=\"https:\/\/www.andorra-solutions.com\/wp-content\/uploads\/2021\/07\/logo-40x40-1.jpg\" alt=\"\" width=\"30\" height=\"30\" \/> Kurzbeschreibung von Andorra <img loading=\"lazy\" decoding=\"async\" class=\"vc_single_image-img attachment-thumbnail\" src=\"https:\/\/www.andorra-solutions.com\/wp-content\/uploads\/2021\/07\/logo-40x40-1.jpg\" alt=\"\" width=\"30\" height=\"30\" \/><\/h2>\n<\/div>\n<p>[\/vc_column_text][vc_column_text]Offiziell ist das Land als F\u00fcrstentum Andorra bekannt. Es handelt sich um eine parlamentarische Demokratie, in der das andorranische Volk der alleinige Staatssouver\u00e4n ist und der gew\u00e4hlte Pr\u00e4sident den Regierungschef stellt.<\/p>\n<p>Die Lage des Landes ist \u00e4u\u00dferst privilegiert. Hier sind Sie genau richtig, wenn Sie gerne Wintersport treiben, wandern oder einfach mit der Natur in Kontakt sein m\u00f6chten. Das Land liegt im Herzen der Pyren\u00e4en und grenzt an Spanien und Frankreich. Auf dem Landweg bietet Andorra hervorragende Verbindungen zu Metropolen wie Barcelona und Toulouse.<\/p>\n<p>Das F\u00fcrstentum teilt sich in sieben Gemeinden auf. In jeder dieser Gemeinden gibt es ein Rathaus, das sogenannte &#8222;Com\u00fa&#8220;, das f\u00fcr lokale Formalit\u00e4ten wie die Anmeldung von Einwohnern, das Grundbuchamt, die Er\u00f6ffnung von Gesch\u00e4ften usw. zust\u00e4ndig ist.[\/vc_column_text][vc_empty_space][\/vc_column][\/vc_row][vc_row][vc_column][vc_column_text]<\/p>\n<div class=\"vc_custom_heading corporativo text_align_center\">\n<h2 class=\"consulting-custom-title\" style=\"text-align: center;\"><img loading=\"lazy\" decoding=\"async\" class=\"vc_single_image-img attachment-thumbnail\" src=\"https:\/\/www.andorra-solutions.com\/wp-content\/uploads\/2021\/07\/logo-40x40-1.jpg\" alt=\"\" width=\"30\" height=\"30\" \/> Was Sie \u00fcber Andorra wissen sollten <img loading=\"lazy\" decoding=\"async\" class=\"vc_single_image-img attachment-thumbnail\" src=\"https:\/\/www.andorra-solutions.com\/wp-content\/uploads\/2021\/07\/logo-40x40-1.jpg\" alt=\"\" width=\"30\" height=\"30\" \/><\/h2>\n<\/div>\n<p>[\/vc_column_text][\/vc_column][\/vc_row][vc_row css_animation=&#8220;fadeIn&#8220;][vc_column][vc_custom_heading text=&#8220;Welche Sprache wird in Andorra gesprochen?&#8220; font_container=&#8220;tag:h4|text_align:left&#8220; use_theme_fonts=&#8220;yes&#8220;][vc_column_text]Die offizielle und vorherrschende Sprache in Andorra ist Katalanisch. Aufgrund der kulturellen Vielfalt der Einwohner, der bestehenden Bildungssysteme und des Zustroms von Touristen sind jedoch auch Spanisch, Franz\u00f6sisch und Portugiesisch im andorranischen Alltag pr\u00e4sent. Nach Angaben des andorranischen Statistikamtes belief sich die Gesamtbev\u00f6lkerung im Jahr 2022 auf 81.588 Einwohner, von denen 38.867 Andorraner sind und der Rest ausl\u00e4ndischer Herkunft. Die Spanier f\u00fchren die Liste der in Andorra lebenden Ausl\u00e4nder mit 20.216 an, gefolgt von Portugiesen mit 8.777 und Franzosen mit 3.665 Einwohnern.<\/p>\n<p>[\/vc_column_text][vc_custom_heading text=&#8220;Ist das Gesundheitssystem \u00f6ffentlich oder privat?&#8220; font_container=&#8220;tag:h4|text_align:left&#8220; use_theme_fonts=&#8220;yes&#8220;][vc_column_text]Personen, die ihren aktive Residenz in Andorra haben, profitieren von der \u00f6ffentlichen Gesundheitsversorgung. Sie sind verpflichtet, der CASS (Caixa Andorrana de Seguretat Social) beizutreten, die f\u00fcr die soziale Sicherheit in Andorra zust\u00e4ndig ist. Es ist wichtig zu wissen, dass die \u00f6ffentliche <a href=\"https:\/\/www.andorra-solutions.com\/blog\/2018\/08\/23\/andorra-healthcare-explained\/\">Gesundheitsversorgung in Andorra<\/a> zuzahlungspflichtig ist. Aus diesem Grund bieten die \u00f6rtlichen Versicherungsgesellschaften eine private Zusatzversicherung an, die den verbleibenden Teil \u00fcbernimmt, sodass eine vollst\u00e4ndige Deckung der Kosten erreicht wird.<\/p>\n<p>F\u00fcr Personen, die einen passive Residenz in Andorra haben, ist der Abschluss einer privaten Krankenversicherung eine Voraussetzung f\u00fcr die Erteilung des Visums.[\/vc_column_text][vc_custom_heading text=&#8220;Wie funktioniert der Immobilienmarkt in Andorra?&#8220; font_container=&#8220;tag:h4|text_align:left&#8220; use_theme_fonts=&#8220;yes&#8220;][vc_column_text]Ein wichtiger Schritt beim Umzug aus dem eigenen Land ist die Suche nach Immobilien in Andorra. Was ist besser f\u00fcr Ihre Umst\u00e4nde, ein Haus oder eine Wohnung in Andorra? Seit 2019 ist die Nachfrage nach Immobilien im F\u00fcrstentum gestiegen. Dies hat zu einem Anstieg der Preise im Vergleich zu den Vorjahren gef\u00fchrt. Hinzu kommt, dass die Baut\u00e4tigkeit in den letzten Jahren gering war. All diese Faktoren haben dazu gef\u00fchrt, dass H\u00e4user und Wohnungen, sowohl zur Miete als auch zum Kauf, etwas knapp geworden sind. Wir empfehlen Ihnen, sich von Immobilienmaklern beraten zu lassen, die in Andorra ordnungsgem\u00e4\u00df registriert sind. Diese k\u00f6nnen Ihnen die Vor- und Nachteile der sieben Gemeinden Andorras aufzeigen und Sie in Ihrer Entscheidung f\u00fcr die richtige Immobilie unterst\u00fctzen.[\/vc_column_text][vc_custom_heading text=&#8220;Wie kann ich eine Residenz in Andorra erhalten?&#8220; font_container=&#8220;tag:h4|text_align:left&#8220; use_theme_fonts=&#8220;yes&#8220;][vc_column_text]Das Verfahren f\u00fcr eine Residenz in Andorra ist sehr pr\u00e4zise. Es gibt keine Abk\u00fcrzungen, um die bestehenden Bedingungen f\u00fcr die Auswanderung nach Andorra zu beschleunigen. Wenn Sie beabsichtigen, Ihre wirtschaftliche T\u00e4tigkeit in Ihrem Herkunftsland beizubehalten und nur die Vorteile des Lebens in Andorra genie\u00dfen wollen, k\u00f6nnen Sie einen Antrag auf einen <a href=\"https:\/\/www.andorra-solutions.com\/de\/passive-residenz-andorra\/\">passive Residenz<\/a> stellen. Wenn Sie hingegen Ihr Unternehmen nach Andorra verlegen oder ein neues Unternehmen gr\u00fcnden wollen, handelt es sich um einen <a href=\"https:\/\/www.andorra-solutions.com\/de\/aktive-residenz-andorra\/\">aktive Residenz<\/a>. Das Verfahren zur Erlangung eines Residenzen in Andorra dauert etwa 2 Monate. Wir empfehlen Ihnen dringend, die Dienste von Spezialisten wie ANDORRE INVEST in Anspruch zu nehmen, die Sie bei allen formellen Schritten begleiten werden und unn\u00f6tige Verz\u00f6gerungen vermeiden.[\/vc_column_text][vc_custom_heading text=&#8220;Wie lange kann ich in Andorra leben?&#8220; font_container=&#8220;tag:h4|text_align:left&#8220; use_theme_fonts=&#8220;yes&#8220;][vc_column_text]Solange Sie die Bedingungen Ihrer Residenz erf\u00fcllen, k\u00f6nnen Sie so viele Jahre in Andorra leben, wie Sie m\u00f6chten. Die Aufenthaltsgenehmigungen in Andorra sind nicht dauerhaft. Das bedeutet, dass Sie sie regelm\u00e4\u00dfig erneuern m\u00fcssen. Zu Beginn erfolgt die Verl\u00e4ngerung je nach Fall alle 2 oder 3 Jahre. Aber mit der Zeit werden die Verl\u00e4ngerungen nur noch alle 10 Jahre durchgef\u00fchrt. Denken Sie daran, dass Sie jedes Mal aufs Neue nachweisen m\u00fcssen, dass Sie die Voraussetzungen f\u00fcr Ihren Wohnsitz weiterhin erf\u00fcllen, um die Verl\u00e4ngerung beantragen zu k\u00f6nnen. Es ist auch m\u00f6glich, die Residenz zu ver\u00e4ndern, z. B. von aktiv zu passiv, wenn sich Ihre Lebensumst\u00e4nde im Laufe der Zeit \u00e4ndern.[\/vc_column_text][vc_empty_space][\/vc_column][\/vc_row][vc_row][vc_column][vc_column_text]<\/p>\n<div class=\"vc_custom_heading corporativo text_align_center\">\n<h2 class=\"consulting-custom-title\" style=\"text-align: center;\"><img loading=\"lazy\" decoding=\"async\" class=\"vc_single_image-img attachment-thumbnail\" src=\"https:\/\/www.andorra-solutions.com\/wp-content\/uploads\/2021\/07\/logo-40x40-1.jpg\" alt=\"\" width=\"30\" height=\"30\" \/> Steuern in Andorra <img loading=\"lazy\" decoding=\"async\" class=\"vc_single_image-img attachment-thumbnail\" src=\"https:\/\/www.andorra-solutions.com\/wp-content\/uploads\/2021\/07\/logo-40x40-1.jpg\" alt=\"\" width=\"30\" height=\"30\" \/><\/h2>\n<\/div>\n<p>[\/vc_column_text][\/vc_column][\/vc_row][vc_row css_animation=&#8220;fadeIn&#8220;][vc_column][vc_custom_heading text=&#8220;Das Steuerwesen in Andorra&#8220; font_container=&#8220;tag:h4|text_align:left&#8220; use_theme_fonts=&#8220;yes&#8220;][vc_column_text]Wir m\u00fcssen einen der Faktoren hervorheben, der die meisten Einwohner in dieses Land lockt: das <a href=\"https:\/\/www.andorra-solutions.com\/de\/alles-uber-steuern-in-andorra\/\">Steuerwesen in Andorra<\/a>. Die gesetzlichen Regeln sind in dieser Hinsicht klar und deutlich. Aus diesem Grund boomt die Gr\u00fcndung neuer Unternehmen in Andorra weiterhin. Die <a href=\"https:\/\/www.andorra-solutions.com\/corporate-tax-andorra\/\">K\u00f6rperschaftssteuer in Andorra<\/a> ist eine der niedrigsten in Europa und liegt zwischen 2 % und 10 %, berechnet auf den vom Unternehmen erzielten Gewinn. Die <a href=\"https:\/\/www.andorra-solutions.com\/personal-income-tax-andorra\/\">Einkommensteuer in Andorra<\/a> (IRPF) ist \u00e4u\u00dferst g\u00fcnstig. Bis zu einem Jahreseinkommen von 24.000 Euro ist keine Steuer zu zahlen. F\u00fcr Einkommen zwischen 24.000 und 40.000 Euro pro Jahr betr\u00e4gt der Satz 5 % und f\u00fcr Einkommen \u00fcber 40.000 Euro pro Jahr 10 %. Die <a href=\"https:\/\/www.andorra-solutions.com\/vat-andorra\/\">Mehrwertsteuer in Andorra<\/a> (IGI) betr\u00e4gt nur 4,5 % und der erm\u00e4\u00dfigte Satz 1 %. Au\u00dferdem sind Schenkungen und Erbschaften in Andorra von der Steuer befreit.[\/vc_column_text][vc_empty_space][\/vc_column][\/vc_row][vc_row][vc_column][vc_column_text]<\/p>\n<div class=\"vc_custom_heading corporativo text_align_center\">\n<h2 class=\"consulting-custom-title\" style=\"text-align: center;\"><img loading=\"lazy\" decoding=\"async\" class=\"vc_single_image-img attachment-thumbnail\" src=\"https:\/\/www.andorra-solutions.com\/wp-content\/uploads\/2021\/07\/logo-40x40-1.jpg\" alt=\"\" width=\"30\" height=\"30\" \/> Die Infrastruktur in Andorra <img loading=\"lazy\" decoding=\"async\" class=\"vc_single_image-img attachment-thumbnail\" src=\"https:\/\/www.andorra-solutions.com\/wp-content\/uploads\/2021\/07\/logo-40x40-1.jpg\" alt=\"\" width=\"30\" height=\"30\" \/><\/h2>\n<\/div>\n<p>[\/vc_column_text][\/vc_column][\/vc_row][vc_row css_animation=&#8220;fadeIn&#8220;][vc_column][vc_custom_heading text=&#8220;Wie komme ich nach Andorra?&#8220; font_container=&#8220;tag:h4|text_align:left&#8220; use_theme_fonts=&#8220;yes&#8220;][vc_column_text]Das F\u00fcrstentum verf\u00fcgt \u00fcber ein gut ausgebautes Stra\u00dfennetz. Die Nachbarl\u00e4nder Spanien und Frankreich sind schnell und sicher zu erreichen. Auch der Bau eines Flughafens in Andorra wird bereits in Erw\u00e4gung gezogen.<\/p>\n<p>Zurzeit stehen den Einwohnern Andorras mehrere gro\u00dfe Flugh\u00e4fen zur Auswahl:<\/p>\n<ul>\n<li>Flughafen La Seu d&#8217;Urgell in Montferrer \u2013 Lleida, Spanien: Dieser Flughafen verf\u00fcgt \u00fcber die GPS-Anflugzertifizierung, die es in Zukunft erm\u00f6glichen wird, Fl\u00fcge mit einem Radius von bis zu 2 Stunden aus St\u00e4dten wie London, Frankfurt, Paris oder Amsterdam zu empfangen. Der Flughafen ist 32 Minuten mit dem Auto von der Hauptstadt Andorras entfernt.<\/li>\n<li>Internationaler Flughafen Toulouse \u2013 Blagnac, Frankreich: bietet Fl\u00fcge unter anderem nach Frankreich, in die T\u00fcrkei, nach Belgien, Deutschland, Italien, Spanien, Marokko und Tunesien.<\/li>\n<li>Internationaler Flughafen Barcelona \u2013 befindet sich in El Prat del Llobregat. Von hier aus k\u00f6nnen Sie praktisch in die ganze Welt reisen.<\/li>\n<\/ul>\n<p>[\/vc_column_text][vc_custom_heading text=&#8220;Lebensqualit\u00e4t und Sicherheit in Andorra&#8220; font_container=&#8220;tag:h4|text_align:left&#8220; use_theme_fonts=&#8220;yes&#8220;][vc_column_text]Nat\u00fcrlich spielt auch die pers\u00f6nliche Sicherheit in Andorra und die Lebensqualit\u00e4t eine gro\u00dfe Rolle beim Gedanken an eine Auswanderung. Was die Sicherheit betrifft, so kann Andorra mit einer praktisch nicht vorhandenen Kriminalit\u00e4tsrate punkten. Einheimische und Besucher f\u00fchlen sich sicher, wenn sie im Land unterwegs sind.<\/p>\n<p>Au\u00dferdem herrscht in Andorra ein trockenes, mediterranes Bergklima, das sehr angenehm ist. Die Temperaturen k\u00f6nnen im Winter auf bis zu -4\u00b0 Celsius fallen und im Sommer auf bis zu 34\u00b0 Celsius steigen. Dank der bergigen Natur und der geringen Luftverschmutzung k\u00f6nnen Sie das ganze Jahr \u00fcber reine Luft genie\u00dfen. Die Lebenserwartung in Andorra ist eine der h\u00f6chsten der Welt. All diese Faktoren tragen dazu bei, dass Sie von einer hohen Lebensqualit\u00e4t in Andorra profitieren.[\/vc_column_text][vc_empty_space][\/vc_column][\/vc_row][vc_row][vc_column][vc_column_text]<\/p>\n<div class=\"vc_custom_heading corporativo text_align_center\">\n<h2 class=\"consulting-custom-title\" style=\"text-align: center;\"><img loading=\"lazy\" decoding=\"async\" class=\"vc_single_image-img attachment-thumbnail\" src=\"https:\/\/www.andorra-solutions.com\/wp-content\/uploads\/2021\/07\/logo-40x40-1.jpg\" alt=\"\" width=\"30\" height=\"30\" \/> Wichtige Formalit\u00e4ten in Andorra <img loading=\"lazy\" decoding=\"async\" class=\"vc_single_image-img attachment-thumbnail\" src=\"https:\/\/www.andorra-solutions.com\/wp-content\/uploads\/2021\/07\/logo-40x40-1.jpg\" alt=\"\" width=\"30\" height=\"30\" \/><\/h2>\n<\/div>\n<p>[\/vc_column_text][\/vc_column][\/vc_row][vc_row][vc_column][vc_column_text]<a href=\"https:\/\/www.andorra-solutions.com\/family-reunification-andorra\/\" target=\"_blank\" rel=\"noopener\">Familienzusammenf\u00fchrung in Andorra<\/a> &#8211; in englischer Sprache<\/p>\n<p><a href=\"https:\/\/www.andorra-solutions.com\/driving-licenses-andorra\/\" target=\"_blank\" rel=\"noopener\">F\u00fchrerschein in Andorra<\/a> &#8211; in englischer Sprache<\/p>\n<p><a href=\"https:\/\/www.andorra-solutions.com\/import-vehicle-andorra\/\" target=\"_blank\" rel=\"noopener\">Einfuhr von Fahrzeugen nach Andorra<\/a> &#8211; in englischer Sprache<\/p>\n<p><a href=\"https:\/\/www.andorra-solutions.com\/official-documents-legalization-andorra\/\" target=\"_blank\" rel=\"noopener\">Legalisierung von Dokumenten in Andorra<\/a> &#8211; in englischer Sprache[\/vc_column_text][\/vc_column][\/vc_row][vc_row][vc_column][vc_empty_space][\/vc_column][\/vc_row][vc_row css_animation=&#8220;fadeIn&#8220;][vc_column][vc_custom_heading text=&#8220;Vor- und Nachteile \u2013 Auswanderung nach Andorra&#8220; font_container=&#8220;tag:h4|text_align:left&#8220; use_theme_fonts=&#8220;yes&#8220;][vc_column_text]Die Vorteile einer Auswanderung nach Andorra sind vielf\u00e4ltig. Sie wohnen an einem Ort, der das ganze Jahr \u00fcber sch\u00f6ne Ausblicke auf die Natur bietet, ein mediterranes Gebirgsklima, Sicherheit und Zugang zu hochwertigen Grundversorgungsleistungen. Dazu profitieren Sie von niedrigen Steuern und befinden sich eine kurze Autofahrt von Spanien und Frankreich entfernt.<\/p>\n<p>Es gibt jedoch Faktoren, die das Interesse an diesem Land d\u00e4mpfen k\u00f6nnen. Menschen, die gerne in gro\u00dfen St\u00e4dten leben, k\u00f6nnten sich in Andorra langweilen. Das Leben ist sehr ruhig. Es gibt das ganze Jahr \u00fcber lokale Veranstaltungen und Festivals von internationalem Interesse, aber das Angebot ist nicht so gro\u00df wie in anderen europ\u00e4ischen Gro\u00dfst\u00e4dten.<\/p>\n<p>Wenn Sie kein Unternehmer haben, sondern Arbeitnehmer sind, dann sind die Geh\u00e4lter in Andorra weniger kompetitiv als in anderen L\u00e4ndern. Die Job-Angebote konzentrieren sich auf qualifizierte Profile, insbesondere in den Bereichen Technologie, Steuern und Gesundheit.<\/p>\n<p>Wir empfehlen Ihnen, sich von den Spezialisten von ANDORRE INVEST beraten zu lassen, um eine pers\u00f6nliche Einsch\u00e4tzung zu erhalten und die richtige Entscheidung f\u00fcr eine Auswanderung nach Andorra zu treffen.[\/vc_column_text][vc_empty_space][\/vc_column][\/vc_row]<\/p>\n","protected":false},"excerpt":{"rendered":"<p>[vc_row][vc_column][vc_column_text]Auswandern nach Andorra kann zweifellos eine sinnvolle Entscheidung sein. Vor dieser gro\u00dfen Lebensumstellung stellen sich jedoch viele Fragen. Wo liegt der ideale Ort f\u00fcr Sie, welche Gemeinde in Andorra eignet sich f\u00fcr Ihren Wohnsitz oder das B\u00fcro? Wird die fremde Sprache im Alltag ein gro\u00dfes Hindernis darstellen? Wird sich die Familie an das neue Land<\/p>\n","protected":false},"author":1,"featured_media":0,"parent":0,"menu_order":0,"comment_status":"closed","ping_status":"closed","template":"","meta":{"_monsterinsights_skip_tracking":false,"_monsterinsights_sitenote_active":false,"_monsterinsights_sitenote_note":"","_monsterinsights_sitenote_category":0,"footnotes":""},"class_list":["post-16138","page","type-page","status-publish","hentry"],"acf":[],"yoast_head":"<!-- This site is optimized with the Yoast SEO plugin v25.9 - https:\/\/yoast.com\/wordpress\/plugins\/seo\/ -->\n<title>Auswandern nach Andorra und seine Vorteile - 2023<\/title>\n<meta name=\"description\" content=\"M\u00f6chten Sie mehr \u00fcber Auswandern nach Andorra erfahren? Auf dieser Seite informieren wir Sie \u00fcber seine Vorteile.\" \/>\n<meta name=\"robots\" content=\"index, follow, max-snippet:-1, max-image-preview:large, max-video-preview:-1\" \/>\n<link rel=\"canonical\" href=\"https:\/\/www.andorra-solutions.com\/de\/auswandern-andorra\/\" \/>\n<meta property=\"og:locale\" content=\"de_DE\" \/>\n<meta property=\"og:type\" content=\"article\" \/>\n<meta property=\"og:title\" content=\"Auswandern nach Andorra und seine Vorteile - 2023\" \/>\n<meta property=\"og:description\" content=\"M\u00f6chten Sie mehr \u00fcber Auswandern nach Andorra erfahren? Auf dieser Seite informieren wir Sie \u00fcber seine Vorteile.\" \/>\n<meta property=\"og:url\" content=\"https:\/\/www.andorra-solutions.com\/de\/auswandern-andorra\/\" \/>\n<meta property=\"og:site_name\" content=\"ANDORRE INVEST\" \/>\n<meta property=\"article:publisher\" content=\"https:\/\/es-la.facebook.com\/andorrasolutions\/\" \/>\n<meta property=\"article:modified_time\" content=\"2023-02-15T16:05:45+00:00\" \/>\n<meta property=\"og:image\" content=\"https:\/\/www.andorra-solutions.com\/wp-content\/uploads\/2021\/07\/logo-40x40-1.jpg\" \/>\n<meta name=\"twitter:label1\" content=\"Gesch\u00e4tzte Lesezeit\" \/>\n\t<meta name=\"twitter:data1\" content=\"9\u00a0Minuten\" \/>\n<!-- \/ Yoast SEO plugin. -->","yoast_head_json":{"title":"Auswandern nach Andorra und seine Vorteile - 2023","description":"M\u00f6chten Sie mehr \u00fcber Auswandern nach Andorra erfahren? Auf dieser Seite informieren wir Sie \u00fcber seine Vorteile.","robots":{"index":"index","follow":"follow","max-snippet":"max-snippet:-1","max-image-preview":"max-image-preview:large","max-video-preview":"max-video-preview:-1"},"canonical":"https:\/\/www.andorra-solutions.com\/de\/auswandern-andorra\/","og_locale":"de_DE","og_type":"article","og_title":"Auswandern nach Andorra und seine Vorteile - 2023","og_description":"M\u00f6chten Sie mehr \u00fcber Auswandern nach Andorra erfahren? Auf dieser Seite informieren wir Sie \u00fcber seine Vorteile.","og_url":"https:\/\/www.andorra-solutions.com\/de\/auswandern-andorra\/","og_site_name":"ANDORRE INVEST","article_publisher":"https:\/\/es-la.facebook.com\/andorrasolutions\/","article_modified_time":"2023-02-15T16:05:45+00:00","og_image":[{"url":"https:\/\/www.andorra-solutions.com\/wp-content\/uploads\/2021\/07\/logo-40x40-1.jpg","type":"","width":"","height":""}],"twitter_misc":{"Gesch\u00e4tzte Lesezeit":"9\u00a0Minuten"},"schema":{"@context":"https:\/\/schema.org","@graph":[{"@type":"WebPage","@id":"https:\/\/www.andorra-solutions.com\/de\/auswandern-andorra\/","url":"https:\/\/www.andorra-solutions.com\/de\/auswandern-andorra\/","name":"Auswandern nach Andorra und seine Vorteile - 2023","isPartOf":{"@id":"https:\/\/www.andorra-solutions.com\/de\/#website"},"primaryImageOfPage":{"@id":"https:\/\/www.andorra-solutions.com\/de\/auswandern-andorra\/#primaryimage"},"image":{"@id":"https:\/\/www.andorra-solutions.com\/de\/auswandern-andorra\/#primaryimage"},"thumbnailUrl":"https:\/\/www.andorra-solutions.com\/wp-content\/uploads\/2021\/07\/logo-40x40-1.jpg","datePublished":"2021-07-23T11:04:30+00:00","dateModified":"2023-02-15T16:05:45+00:00","description":"M\u00f6chten Sie mehr \u00fcber Auswandern nach Andorra erfahren? Auf dieser Seite informieren wir Sie \u00fcber seine Vorteile.","breadcrumb":{"@id":"https:\/\/www.andorra-solutions.com\/de\/auswandern-andorra\/#breadcrumb"},"inLanguage":"de","potentialAction":[{"@type":"ReadAction","target":["https:\/\/www.andorra-solutions.com\/de\/auswandern-andorra\/"]}]},{"@type":"ImageObject","inLanguage":"de","@id":"https:\/\/www.andorra-solutions.com\/de\/auswandern-andorra\/#primaryimage","url":"https:\/\/www.andorra-solutions.com\/wp-content\/uploads\/2021\/07\/logo-40x40-1.jpg","contentUrl":"https:\/\/www.andorra-solutions.com\/wp-content\/uploads\/2021\/07\/logo-40x40-1.jpg"},{"@type":"BreadcrumbList","@id":"https:\/\/www.andorra-solutions.com\/de\/auswandern-andorra\/#breadcrumb","itemListElement":[{"@type":"ListItem","position":1,"name":"Home","item":"https:\/\/www.andorra-solutions.com\/de\/"},{"@type":"ListItem","position":2,"name":"Auswandern nach Andorra"}]},{"@type":"WebSite","@id":"https:\/\/www.andorra-solutions.com\/de\/#website","url":"https:\/\/www.andorra-solutions.com\/de\/","name":"ANDORRE INVEST","description":"","publisher":{"@id":"https:\/\/www.andorra-solutions.com\/de\/#organization"},"potentialAction":[{"@type":"SearchAction","target":{"@type":"EntryPoint","urlTemplate":"https:\/\/www.andorra-solutions.com\/de\/?s={search_term_string}"},"query-input":{"@type":"PropertyValueSpecification","valueRequired":true,"valueName":"search_term_string"}}],"inLanguage":"de"},{"@type":"Organization","@id":"https:\/\/www.andorra-solutions.com\/de\/#organization","name":"ANDORRE INVEST","url":"https:\/\/www.andorra-solutions.com\/de\/","logo":{"@type":"ImageObject","inLanguage":"de","@id":"https:\/\/www.andorra-solutions.com\/de\/#\/schema\/logo\/image\/","url":"https:\/\/www.andorra-solutions.com\/wp-content\/uploads\/2021\/04\/logo-abast-andorra-solutions-peq.png","contentUrl":"https:\/\/www.andorra-solutions.com\/wp-content\/uploads\/2021\/04\/logo-abast-andorra-solutions-peq.png","width":211,"height":58,"caption":"ANDORRE INVEST"},"image":{"@id":"https:\/\/www.andorra-solutions.com\/de\/#\/schema\/logo\/image\/"},"sameAs":["https:\/\/es-la.facebook.com\/andorrasolutions\/","https:\/\/x.com\/andorrasolution","https:\/\/www.linkedin.com\/company\/andorra-solutions\/","https:\/\/www.youtube.com\/c\/AndorraSolutions"]}]}},"_links":{"self":[{"href":"https:\/\/www.andorra-solutions.com\/de\/wp-json\/wp\/v2\/pages\/16138","targetHints":{"allow":["GET"]}}],"collection":[{"href":"https:\/\/www.andorra-solutions.com\/de\/wp-json\/wp\/v2\/pages"}],"about":[{"href":"https:\/\/www.andorra-solutions.com\/de\/wp-json\/wp\/v2\/types\/page"}],"author":[{"embeddable":true,"href":"https:\/\/www.andorra-solutions.com\/de\/wp-json\/wp\/v2\/users\/1"}],"replies":[{"embeddable":true,"href":"https:\/\/www.andorra-solutions.com\/de\/wp-json\/wp\/v2\/comments?post=16138"}],"version-history":[{"count":0,"href":"https:\/\/www.andorra-solutions.com\/de\/wp-json\/wp\/v2\/pages\/16138\/revisions"}],"wp:attachment":[{"href":"https:\/\/www.andorra-solutions.com\/de\/wp-json\/wp\/v2\/media?parent=16138"}],"curies":[{"name":"wp","href":"https:\/\/api.w.org\/{rel}","templated":true}]}}