{"id":14767,"date":"2021-04-26T07:53:04","date_gmt":"2021-04-26T07:53:04","guid":{"rendered":"https:\/\/www.andorra-solutions.com\/invest-andorra\/"},"modified":"2021-06-22T09:55:06","modified_gmt":"2021-06-22T09:55:06","slug":"andorra-investieren","status":"publish","type":"page","link":"https:\/\/www.andorra-solutions.com\/de\/andorra-investieren\/","title":{"rendered":"In Andorra investieren"},"content":{"rendered":"<p>[vc_row css_animation=&#8220;fadeIn&#8220;][vc_column][vc_custom_heading text=&#8220;Warum ein Investitionsprojekt in Andorra?&#8220; font_container=&#8220;tag:h2|text_align:center&#8220; use_theme_fonts=&#8220;yes&#8220; el_class=&#8220;corporativo&#8220;][vc_custom_heading text=&#8220;Gesetzliche Sicherheit und Stabilit\u00e4t&#8220; use_theme_fonts=&#8220;yes&#8220;][vc_column_text]Andorra z\u00e4hlt zu den \u00e4ltesten L\u00e4ndern der Welt. Seit der Gr\u00fcndung im Jahre 1278 hat Andorra die Landesgrenzen nicht ver\u00e4ndert und wurde noch nie besetzt\u00a0oder in einen Krieg verwickelt. Diese kleine Enklave, umschlossen von seinen gro\u00dfen Nachbarn Spanien und Frankreich, lebt in Frieden und Neutralit\u00e4t seit \u00fcber 700 Jahren. Dies spricht f\u00fcr politische Stabilit\u00e4t und Rechtssicherheit die eine tragende Rolle f\u00fcr jedes Investment in einem fremden Land einnehmen.[\/vc_column_text][vc_empty_space height=&#8220;15px&#8220;][vc_custom_heading text=&#8220;Eine Wirtschaft die Auslandsinvestitionen anziehen will&#8220; use_theme_fonts=&#8220;yes&#8220;][vc_column_text]Seit 2012 sind zahlreiche Reformen verabschiedet worden, um Auslandsinvestitionen und ausl\u00e4ndische Unternehmen anzuziehen. Andorra ist 100%\u00a0offen f\u00fcr ausl\u00e4ndisches Kapital und Besitz. Es gibt keine Einschr\u00e4nkungen f\u00fcr Branchen jeglicher Art.[\/vc_column_text][vc_empty_space height=&#8220;15px&#8220;][vc_custom_heading text=&#8220;Andorra verf\u00fcgt \u00fcber eine der niedrigsten Steuerraten Europas und sogar weltweit&#8220; use_theme_fonts=&#8220;yes&#8220;][vc_column_text]Andorra hat\u00a0eines der weltweit wettbewerbsf\u00e4higstes Steuersystem. Eine Einkommensteuer zwischen 5% und 10%, Unternehmensbesteuerung zwischen 2% und 10% und die niedrigste Mehrwertsteuer Europas verleihen Andorra einen Wettbewerbsvorteil gegen\u00fcber allen europ\u00e4ischen L\u00e4ndern.[\/vc_column_text][vc_empty_space height=&#8220;15px&#8220;][\/vc_column][\/vc_row][vc_row css_animation=&#8220;fadeIn&#8220;][vc_column width=&#8220;1\/2&#8243;][vc_custom_heading text=&#8220;Standort&#8220; use_theme_fonts=&#8220;yes&#8220;][vc_column_text]Der Standort spielt eine fundamentale Rolle f\u00fcr jegliche Gesch\u00e4fte eines Handelsunternehmens. Einfache Erreichbarkeit\/Einstieg f\u00fcr Handelsunternehmen und zudem die einzigartige Infrastruktur in Bezug auf Telekommunikation, B\u00fcrofl\u00e4chen, Gesundheits- und Bildungssystem platzieren Andorra auf Augenh\u00f6he mit den f\u00fchrenden L\u00e4ndern Europas.<\/p>\n<p>Andorra ist nicht ohne weiteres zu erreichen wenn man die Entfernung internationaler Flugh\u00e4fen bis hin zu den andorranischen Landesgrenzen misst. Man ben\u00f6tigt etwa zwei Stunden von den internationalen Flugh\u00e4fen Barcelona und Toulouse bis nach Andorra wenn man \u00f6ffentliche Verkehrsmittel benutzt. Eine Verbindung via Helikopter oder Inlandsflug kann diese Zeit auf etwa 20 Minuten reduzieren. Nichtsdestotrotz erreicht man Andorra einfacher als zum Beispiel Zypern oder Malta und es befindet sich direkt zwischen der dritt- und f\u00fcnftgr\u00f6\u00dften Wirtschaftsnationen Europas (Frankreich und Spanien).<\/p>\n<p>F\u00fcr Investoren, die ihr Leben und ihren\u00a0<a href=\"https:\/\/www.andorra-solutions.com\/de\/wohnsitz-andorra-relocation\/\">Wohnsitz in Andorra<\/a>\u00a0in Erw\u00e4gung ziehen, ergeben sich einzigartige Vorteile. Sicherheit und die fast nicht existierende Kriminalit\u00e4t kombiniert mit einer hohen Lebensqualit\u00e4t (Gesundheits- und Bildungssystem, Luftqualit\u00e4t, usw.) machen Andorra zu einem der Top drei L\u00e4nder mit der h\u00f6chsten Lebenserwartung. Bei hoher Sympathie zu Bergen und Gebirgen ist Andorra sicherlich der richtige Platz. Falls die Berge mal zu viel werden, sollte man nicht vergessen, dass man sich innerhalb von nur 2 Stunden in einem Mediterranen Umfeld und in einer europ\u00e4ischen Metropole (Barcelona) befindet.[\/vc_column_text][vc_empty_space height=&#8220;15px&#8220;][\/vc_column][vc_column width=&#8220;1\/2&#8243;][vc_empty_space height=&#8220;60px&#8220;][vc_single_image image=&#8220;13282&#8243; img_size=&#8220;900&#215;500&#8243; alignment=&#8220;center&#8220;][\/vc_column][\/vc_row][vc_row css_animation=&#8220;fadeIn&#8220;][vc_column][vc_custom_heading text=&#8220;Finanzsystem&#8220; use_theme_fonts=&#8220;yes&#8220;][vc_column_text]Die offizielle W\u00e4hrung in Andorra ist der Euro. Die f\u00fcnf nationalen Banken geh\u00f6ren zu den kreditw\u00fcrdigsten in ganz Europa und folgen streng den internationalen Geldw\u00e4sche-Richtlinien. Die Vergangenheit mit undurchsichtigen Finanzanlagen, die in Andorra geparkt wurden, rund um die 90er Jahre, hat dazu gef\u00fchrt, dass Andorra nun zu den strengsten Rechtssystemen in Sachen Compliance z\u00e4hlt. Dies wird die Nachhaltigkeit des Bankensystems gew\u00e4hrleisten und zudem ein antreibender Faktor hinsichtlich der Attraktivit\u00e4t f\u00fcr Auslandsinvestitionen in Andorra darstellen.[\/vc_column_text][vc_empty_space height=&#8220;15px&#8220;][vc_custom_heading text=&#8220;Wie kann man in Andorra investieren?&#8220; font_container=&#8220;tag:h2|text_align:center&#8220; use_theme_fonts=&#8220;yes&#8220; el_class=&#8220;corporativo&#8220;][vc_custom_heading text=&#8220;Gr\u00fcndung eines Handelsunternehmens oder einer Beteiligungsgesellschaft (Holding)&#8220; use_theme_fonts=&#8220;yes&#8220;][vc_column_text]Erweitern Sie Ihr internationales Unternehmen mit der Gr\u00fcndung einer Firma in Andorra. Die Unternehmensbesteuerung betr\u00e4gt zwischen 2% und 10%. Oder die Gr\u00fcndung eines Beteiligungsunternehmens (Holding) f\u00fcr internationale Investments durch Beteiligungen, die von Steuern in Andorra befreit sind. Dividenden, die an Personen mit Wohnsitz in Andorra ausgezahlt werden sind ebenfalls von der Steuer befreit.[\/vc_column_text][vc_empty_space height=&#8220;15px&#8220;][\/vc_column][\/vc_row][vc_row css_animation=&#8220;fadeIn&#8220;][vc_column width=&#8220;1\/2&#8243;][vc_single_image image=&#8220;13221&#8243; img_size=&#8220;1000&#215;400&#8243;][\/vc_column][vc_column width=&#8220;1\/2&#8243;][vc_custom_heading text=&#8220;Investieren in den andorranischen Immobilienmarkt&#8220; use_theme_fonts=&#8220;yes&#8220;][vc_column_text]Preise f\u00fcr andorranische Immobilien sind w\u00e4hrend der Rezession in Spanien zwischen 2008 und 2013 stark gefallen. Seitdem haben Immobilien ein niedriges Preisniveau erreicht, welches Investitionen sehr attraktiv macht. Desweiteren wird mit der \u00d6ffnung der andorranischen Wirtschaft, der langsam aufschwingenden Wirtschaft in Spanien und einer insgesamt steigenden Nachfrage aus L\u00e4ndern wie Frankreich, Gro\u00dfbritannien, Russland und sogar China, speziell f\u00fcr Immobilien im oberen Marktsegment ein durchaus nachhaltiges Wachstum vorausgesagt. Fakt ist, dass eine Zunahme an Auslandsinvestitionen in Andorra eine steigende Nachfrage im Wohnungsmarkt mit sich ziehen wird, da eine gewisse Substanz f\u00fcr eine Firmengr\u00fcndung vorausgesetzt wird, auch wenn dies eine Anmeldung einer Firma in einem Privathaus bedeutet. Privath\u00e4user und \u2013wohnungen werden ben\u00f6tigt und die Nachfrage wird steigen. Zuletzt zeigt sich langsam der Einfluss der zahlreichen Initiativen der andorranischen Regierung verst\u00e4rkt Touristen und Unternehmen anzulocken auf den Wohnungsmarkt und neben den saisonalen Schwankungen ist ein nachhaltiger Aufw\u00e4rtstrend auf dem Immobilienmarkt zu erkennen.[\/vc_column_text][vc_empty_space height=&#8220;15px&#8220;][\/vc_column][\/vc_row][vc_row css_animation=&#8220;fadeIn&#8220;][vc_column][vc_custom_heading text=&#8220;Investition in die eigene Lebensfreude&#8220; use_theme_fonts=&#8220;yes&#8220;][vc_column_text]Neben einem positiven finanziellen Ertrag Ihrer Kapitalanlage werden Investoren zudem einen Wohnsitz in Erw\u00e4gung ziehen der den h\u00f6chsten Anspr\u00fcchen an Lebensqualit\u00e4t, Besteuerung\u00a0und Erreichbarkeit von verschiedenen Standorten entspricht. Zum Beispiel Andorra mit einer unschlagbaren Lebensqualit\u00e4t, niedriger Einkommenssteuer, nicht zu versteuernder Dividenden und einer unmittelbaren Entfernung zu den meisten europ\u00e4ischen St\u00e4dte. Nicht aus der EU stammende Ausl\u00e4nder profitieren ebenfalls von einer visumsfreien Reiseerlaubnis innerhalb der Schengener Staaten. Kulturelle Zentren wie zum Beispiel Frankreich, Spanien und Italien sind leicht per Flug- oder Bodentransport zu erreichen. Umgeben von einer optimalen Mischung zwischen Hochgebirge (Pyren\u00e4en) und Mediterranem Meer.[\/vc_column_text][vc_empty_space height=&#8220;15px&#8220;][vc_custom_heading text=&#8220;Die Zukunft Andorras und seiner Investoren&#8220; font_container=&#8220;tag:h2|text_align:center&#8220; use_theme_fonts=&#8220;yes&#8220; el_class=&#8220;corporativo&#8220;][\/vc_column][\/vc_row][vc_row css_animation=&#8220;fadeIn&#8220;][vc_column width=&#8220;1\/2&#8243;][vc_column_text]Andorra hat einen nicht aufhaltbaren Weg hin zu einer Anpassung der Wirtschaft mit dem Rest der Welt eingeschlagen. Trotz der \u00c4nderungen des Steuersystems und der Wirtschaftsregelungen zu OECD Standards bleibt Andorra weiterhin sehr wettbewerbsf\u00e4hig auf dem Steuerlevel f\u00fcr Unternehmen und Individuen. Zudem bietet die Wirtschaft mehr M\u00f6glichkeiten indem es zahlreiche <a href=\"https:\/\/www.andorra-solutions.com\/de\/doppelbesteuerungsabkommen-andorra\/\">Doppelbesteuerungsabkommen (DBA)<\/a> mit Spanien, Frankreich, Portugal, Luxemburg, Liechtenstein, Malta, Zypern, den Vereinigten Arabischen Emiraten und San Marino unterzeichnet hat und sich weitere mit anderen Nationen in Verhandlung befinden.<\/p>\n<p>Zu den zahlreichen Steuerabkommen ist Andorra zudem in einem Prozess zu einem Partnerschaftsabkommen mit der EU. Dies bedeutet nicht direkt ein Mitglied der EU zu werden, bietet jedoch potenzielle Vorteile wie zum Beispiel freier Warenverkehr, vollst\u00e4ndige Schengener Mitgliedschaft (theoretisch besteht schon freier Transit), potenzieller freier Austausch von Studenten und Arbeitskr\u00e4ften und die lang erhoffte Unterst\u00fctzung der EZB ( Europ\u00e4ischen Zentralbank).<\/p>\n<p>Diese Entwicklungen haben einen positiven Einfluss auf Andorra als eine Investmentm\u00f6glichkeit. Das Wachstum wird zwar schw\u00e4cher als in manchen Entwicklungsl\u00e4ndern mit niedrigeren Steuern, wie zum Beispiel im mittleren Osten oder manchen mediterranen Offshore-Finanzzentren der Vergangenheit, nichtsdestotrotz wird Andorra aber eine nachhaltigere Entwicklung haben. Die Tatsache, dass Andorra strikt den Geldw\u00e4sche-Richtlinien entspricht und die Erf\u00fcllung der Voraussetzungen der BEPS und der Substanz der OECD direkt zu Beginn verlangt, macht es f\u00fcr die Zukunft gewappnet und bietet optimale Voraussetzungen f\u00fcr Investoren.[\/vc_column_text][vc_empty_space height=&#8220;40px&#8220;][\/vc_column][vc_column width=&#8220;1\/2&#8243;][vc_single_image image=&#8220;12229&#8243; img_size=&#8220;900&#215;500&#8243;][\/vc_column][\/vc_row][vc_column][\/vc_column]<\/p>\n","protected":false},"excerpt":{"rendered":"<p>[vc_row css_animation=&#8220;fadeIn&#8220;][vc_column][vc_custom_heading text=&#8220;Warum ein Investitionsprojekt in Andorra?&#8220; font_container=&#8220;tag:h2|text_align:center&#8220; use_theme_fonts=&#8220;yes&#8220; el_class=&#8220;corporativo&#8220;][vc_custom_heading text=&#8220;Gesetzliche Sicherheit und Stabilit\u00e4t&#8220; use_theme_fonts=&#8220;yes&#8220;][vc_column_text]Andorra z\u00e4hlt zu den \u00e4ltesten L\u00e4ndern der Welt. Seit der Gr\u00fcndung im Jahre 1278 hat Andorra die Landesgrenzen nicht ver\u00e4ndert und wurde noch nie besetzt\u00a0oder in einen Krieg verwickelt. Diese kleine Enklave, umschlossen von seinen gro\u00dfen Nachbarn Spanien und Frankreich, lebt<\/p>\n","protected":false},"author":1,"featured_media":0,"parent":0,"menu_order":0,"comment_status":"closed","ping_status":"closed","template":"","meta":{"_monsterinsights_skip_tracking":false,"_monsterinsights_sitenote_active":false,"_monsterinsights_sitenote_note":"","_monsterinsights_sitenote_category":0,"footnotes":""},"class_list":["post-14767","page","type-page","status-publish","hentry"],"acf":[],"yoast_head":"<!-- This site is optimized with the Yoast SEO plugin v25.9 - https:\/\/yoast.com\/wordpress\/plugins\/seo\/ -->\n<title>Investieren Sie in Andorra mit finanziellen und rechtlichen Vorteilen<\/title>\n<meta name=\"description\" content=\"Investieren Sie in Andorra und ben\u00f6tigen Sie Informationen dar\u00fcber, wie Sie es tun k\u00f6nnen? ANDORRE INVEST antwortet.\" \/>\n<meta name=\"robots\" content=\"index, follow, max-snippet:-1, max-image-preview:large, max-video-preview:-1\" \/>\n<link rel=\"canonical\" href=\"https:\/\/www.andorra-solutions.com\/de\/andorra-investieren\/\" \/>\n<meta property=\"og:locale\" content=\"de_DE\" \/>\n<meta property=\"og:type\" content=\"article\" \/>\n<meta property=\"og:title\" content=\"Investieren Sie in Andorra mit finanziellen und rechtlichen Vorteilen\" \/>\n<meta property=\"og:description\" content=\"Investieren Sie in Andorra und ben\u00f6tigen Sie Informationen dar\u00fcber, wie Sie es tun k\u00f6nnen? ANDORRE INVEST antwortet.\" \/>\n<meta property=\"og:url\" content=\"https:\/\/www.andorra-solutions.com\/de\/andorra-investieren\/\" \/>\n<meta property=\"og:site_name\" content=\"ANDORRE INVEST\" \/>\n<meta property=\"article:publisher\" content=\"https:\/\/es-la.facebook.com\/andorrasolutions\/\" \/>\n<meta property=\"article:modified_time\" content=\"2021-06-22T09:55:06+00:00\" \/>\n<meta name=\"twitter:label1\" content=\"Gesch\u00e4tzte Lesezeit\" \/>\n\t<meta name=\"twitter:data1\" content=\"5\u00a0Minuten\" \/>\n<!-- \/ Yoast SEO plugin. -->","yoast_head_json":{"title":"Investieren Sie in Andorra mit finanziellen und rechtlichen Vorteilen","description":"Investieren Sie in Andorra und ben\u00f6tigen Sie Informationen dar\u00fcber, wie Sie es tun k\u00f6nnen? ANDORRE INVEST antwortet.","robots":{"index":"index","follow":"follow","max-snippet":"max-snippet:-1","max-image-preview":"max-image-preview:large","max-video-preview":"max-video-preview:-1"},"canonical":"https:\/\/www.andorra-solutions.com\/de\/andorra-investieren\/","og_locale":"de_DE","og_type":"article","og_title":"Investieren Sie in Andorra mit finanziellen und rechtlichen Vorteilen","og_description":"Investieren Sie in Andorra und ben\u00f6tigen Sie Informationen dar\u00fcber, wie Sie es tun k\u00f6nnen? ANDORRE INVEST antwortet.","og_url":"https:\/\/www.andorra-solutions.com\/de\/andorra-investieren\/","og_site_name":"ANDORRE INVEST","article_publisher":"https:\/\/es-la.facebook.com\/andorrasolutions\/","article_modified_time":"2021-06-22T09:55:06+00:00","twitter_misc":{"Gesch\u00e4tzte Lesezeit":"5\u00a0Minuten"},"schema":{"@context":"https:\/\/schema.org","@graph":[{"@type":"WebPage","@id":"https:\/\/www.andorra-solutions.com\/de\/andorra-investieren\/","url":"https:\/\/www.andorra-solutions.com\/de\/andorra-investieren\/","name":"Investieren Sie in Andorra mit finanziellen und rechtlichen Vorteilen","isPartOf":{"@id":"https:\/\/www.andorra-solutions.com\/de\/#website"},"datePublished":"2021-04-26T07:53:04+00:00","dateModified":"2021-06-22T09:55:06+00:00","description":"Investieren Sie in Andorra und ben\u00f6tigen Sie Informationen dar\u00fcber, wie Sie es tun k\u00f6nnen? ANDORRE INVEST antwortet.","breadcrumb":{"@id":"https:\/\/www.andorra-solutions.com\/de\/andorra-investieren\/#breadcrumb"},"inLanguage":"de","potentialAction":[{"@type":"ReadAction","target":["https:\/\/www.andorra-solutions.com\/de\/andorra-investieren\/"]}]},{"@type":"BreadcrumbList","@id":"https:\/\/www.andorra-solutions.com\/de\/andorra-investieren\/#breadcrumb","itemListElement":[{"@type":"ListItem","position":1,"name":"Home","item":"https:\/\/www.andorra-solutions.com\/de\/"},{"@type":"ListItem","position":2,"name":"In Andorra investieren"}]},{"@type":"WebSite","@id":"https:\/\/www.andorra-solutions.com\/de\/#website","url":"https:\/\/www.andorra-solutions.com\/de\/","name":"ANDORRE INVEST","description":"","publisher":{"@id":"https:\/\/www.andorra-solutions.com\/de\/#organization"},"potentialAction":[{"@type":"SearchAction","target":{"@type":"EntryPoint","urlTemplate":"https:\/\/www.andorra-solutions.com\/de\/?s={search_term_string}"},"query-input":{"@type":"PropertyValueSpecification","valueRequired":true,"valueName":"search_term_string"}}],"inLanguage":"de"},{"@type":"Organization","@id":"https:\/\/www.andorra-solutions.com\/de\/#organization","name":"ANDORRE INVEST","url":"https:\/\/www.andorra-solutions.com\/de\/","logo":{"@type":"ImageObject","inLanguage":"de","@id":"https:\/\/www.andorra-solutions.com\/de\/#\/schema\/logo\/image\/","url":"https:\/\/www.andorra-solutions.com\/wp-content\/uploads\/2021\/04\/logo-abast-andorra-solutions-peq.png","contentUrl":"https:\/\/www.andorra-solutions.com\/wp-content\/uploads\/2021\/04\/logo-abast-andorra-solutions-peq.png","width":211,"height":58,"caption":"ANDORRE INVEST"},"image":{"@id":"https:\/\/www.andorra-solutions.com\/de\/#\/schema\/logo\/image\/"},"sameAs":["https:\/\/es-la.facebook.com\/andorrasolutions\/","https:\/\/x.com\/andorrasolution","https:\/\/www.linkedin.com\/company\/andorra-solutions\/","https:\/\/www.youtube.com\/c\/AndorraSolutions"]}]}},"_links":{"self":[{"href":"https:\/\/www.andorra-solutions.com\/de\/wp-json\/wp\/v2\/pages\/14767","targetHints":{"allow":["GET"]}}],"collection":[{"href":"https:\/\/www.andorra-solutions.com\/de\/wp-json\/wp\/v2\/pages"}],"about":[{"href":"https:\/\/www.andorra-solutions.com\/de\/wp-json\/wp\/v2\/types\/page"}],"author":[{"embeddable":true,"href":"https:\/\/www.andorra-solutions.com\/de\/wp-json\/wp\/v2\/users\/1"}],"replies":[{"embeddable":true,"href":"https:\/\/www.andorra-solutions.com\/de\/wp-json\/wp\/v2\/comments?post=14767"}],"version-history":[{"count":0,"href":"https:\/\/www.andorra-solutions.com\/de\/wp-json\/wp\/v2\/pages\/14767\/revisions"}],"wp:attachment":[{"href":"https:\/\/www.andorra-solutions.com\/de\/wp-json\/wp\/v2\/media?parent=14767"}],"curies":[{"name":"wp","href":"https:\/\/api.w.org\/{rel}","templated":true}]}}