{"id":12841,"date":"2020-05-29T12:32:54","date_gmt":"2020-05-29T12:32:54","guid":{"rendered":"https:\/\/www.andorra-solutions.com\/quienes-somos\/"},"modified":"2025-09-15T10:30:36","modified_gmt":"2025-09-15T10:30:36","slug":"ueber-uns","status":"publish","type":"page","link":"https:\/\/www.andorra-solutions.com\/de\/ueber-uns\/","title":{"rendered":"Team \u2013 Kanzlei"},"content":{"rendered":"<p>[vc_row gap=&#8220;35&#8243; content_placement=&#8220;middle&#8220; css_animation=&#8220;fadeIn&#8220; el_class=&#8220;ordenar&#8220;][vc_column css_animation=&#8220;fadeInRight&#8220; width=&#8220;1\/2&#8243; el_class=&#8220;order-0&#8243;][vc_single_image image=&#8220;11634&#8243; img_size=&#8220;full&#8220; alignment=&#8220;center&#8220;][\/vc_column][vc_column css_animation=&#8220;fadeInLeft&#8220; width=&#8220;1\/2&#8243; el_class=&#8220;order-1&#8243;][vc_custom_heading text=&#8220;\u00dcber Uns&#8220; use_theme_fonts=&#8220;yes&#8220; el_class=&#8220;corporativo&#8220;][vc_column_text]<strong>ANDORRE INVEST<\/strong> ist die Online-Plattform von <strong>Abast Global SL<\/strong>, einem Unternehmen mit Sitz im F\u00fcrstentum Andorra. Wir bieten umfassende professionelle Dienstleistungen f\u00fcr Privatpersonen und Unternehmen, die bereits in Andorra t\u00e4tig sind oder sich hier niederlassen m\u00f6chten.<\/p>\n<p>Wir verf\u00fcgen \u00fcber ein Team von <strong>mehr als 35 hochspezialisierten Fachleuten, darunter Rechtsanw\u00e4lte, Wirtschaftswissenschaftler, Wirtschaftspr\u00fcfer und Steuerberater<\/strong>, die alle \u00fcber umfangreiche nationale und internationale Erfahrung verf\u00fcgen.<\/p>\n<p>Wir k\u00f6nnen Sie auf <strong>Spanisch, Katalanisch, Franz\u00f6sisch, Englisch, Deutsch und Portugiesisch<\/strong> unterst\u00fctzen. Von Anfang an ist es unser vorrangiges Ziel, Sie mit dem richtigen Mitglied unseres Teams in Verbindung zu bringen, damit wir Ihre Bed\u00fcrfnisse vollst\u00e4ndig verstehen und eine pr\u00e4zise Analyse Ihrer Situation erstellen k\u00f6nnen.<\/p>\n<p>Wir sind bestrebt, Ihnen eine ma\u00dfgeschneiderte, hochwertige Beratung zu bieten und nutzen die gesamte Kompetenz unseres internen Teams, um Ihnen die f\u00fcr Ihre spezifischen Umst\u00e4nde am besten geeigneten L\u00f6sungen zu liefern.[\/vc_column_text][\/vc_column][\/vc_row][vc_row gap=&#8220;35&#8243; content_placement=&#8220;top&#8220; css_animation=&#8220;fadeIn&#8220;][vc_column css_animation=&#8220;fadeInLeft&#8220; width=&#8220;1\/2&#8243; el_class=&#8220;texto-valores-quienes-somos&#8220;][vc_custom_heading text=&#8220;Werte und Unternehmensphilosophie&#8220; font_container=&#8220;tag:h2|text_align:left|color:%23040d1c&#8220;][vc_separator][vc_column_text]<strong>Mehrwert und Engagement<\/strong><br \/>\nWir bieten L\u00f6sungen mit hohem Mehrwert durch pragmatische und entschlossene Umsetzungen.<\/p>\n<p>[\/vc_column_text][vc_column_text]<strong>Arbeit, Team und Innovation<\/strong><br \/>\nUnser Mehrwert basiert auf der Arbeit eines spezialisierten und qualifizierten Teams mit Unternehmergeist und einer Anpassungs- und Innovationsf\u00e4higkeit f\u00fcr viele unserer Kundenprofile.[\/vc_column_text][vc_column_text]<strong>Vertraulichkeit und Kundentreue<\/strong><br \/>\nVertraulichkeit sowie der Umgang mit Interessenkonflikten sind unbedingt erforderlich, um eine unabh\u00e4ngige Beratung und langfristige Kundentreue zu gew\u00e4hrleisten.<\/p>\n<p>[\/vc_column_text][vc_column_text]<strong>Ehrlichkeit und Transparenz<\/strong><br \/>\nNicht immer sind alle Projekte umsetzbar oder langfristig rentabel. Ehrlichkeit und Transparenz gegen\u00fcber dem Kunden in unseren Ans\u00e4tzen sind unerl\u00e4sslich, um das notwendige Vertrauen zu schaffen und langfristige Beziehungen aufzubauen.[\/vc_column_text][\/vc_column][vc_column css_animation=&#8220;fadeInRight&#8220; width=&#8220;1\/2&#8243;][vc_custom_heading text=&#8220;Unsere interne Expertise deckt wichtige Bereiche ab, wie zum Beispiel:&#8220; font_container=&#8220;tag:h2|text_align:left|color:%23040d1c&#8220;][vc_separator][vc_progress_bar values=&#8220;%5B%7B%22label%22%3A%22Steuern%20(lokale%20und%20internationale%20Steuerplanung)%22%2C%22value%22%3A%2284%22%7D%2C%7B%22label%22%3A%22Unternehmensgr%C3%BCndung%20und%20Unternehmensfusionen%20und%20-%C3%BCbernahmen%22%2C%22value%22%3A%2275%22%7D%2C%7B%22label%22%3A%22Buchhaltung%20und%20Steuerverwaltung%22%2C%22value%22%3A%2273%22%7D%2C%7B%22label%22%3A%22Wohnsitz%20und%20Wohnsitzverlegung%22%2C%22value%22%3A%2260%22%7D%2C%7B%22label%22%3A%22Innovation%20und%20Blockchain%2C%20mit%20dem%20Status%20eines%20autorisierten%20Digital%20Overseer%20(V-002)%20durch%20die%20andorranische%20Finanzbeh%C3%B6rde%22%2C%22value%22%3A%2258%22%7D%2C%7B%22label%22%3A%22Start-ups%20und%20Beratung%20f%C3%BCr%20Unternehmen%20in%20der%20Fr%C3%BChphase%22%2C%22value%22%3A%2280%22%7D%5D&#8220; bgcolor=&#8220;custom&#8220; custombgcolor=&#8220;#3f8ee2&#8243; customtxtcolor=&#8220;#707070&#8243; el_class=&#8220;texto-18px&#8220; units=&#8220;%&#8220;][\/vc_column][\/vc_row][vc_row css_animation=&#8220;fadeIn&#8220;][vc_column][vc_empty_space height=&#8220;100px&#8220;][vc_custom_heading text=&#8220;Partner&#8220; font_container=&#8220;tag:h2|text_align:center&#8220; use_theme_fonts=&#8220;yes&#8220;][vc_empty_space height=&#8220;50px&#8220;][\/vc_column][\/vc_row][vc_row css_animation=&#8220;fadeIn&#8220;][vc_column][vc_basic_grid post_type=&#8220;stm_staff&#8220; max_items=&#8220;32&#8243; element_width=&#8220;3&#8243; order=&#8220;ASC&#8220; item=&#8220;10482&#8243; grid_id=&#8220;vc_gid:1757932092523-0a4f3282-1ae6-8&#8243; el_class=&#8220;grid_staff&#8220;][vc_empty_space height=&#8220;100px&#8220;][\/vc_column][\/vc_row][vc_row][vc_column]<div class=\"templatera_shortcode\"><div data-vc-full-width=\"true\" data-vc-full-width-init=\"false\" class=\"vc_row wpb_row vc_row-fluid fondo-contactanos wpb_animate_when_almost_visible wpb_fadeIn fadeIn vc_custom_1612872695917 vc_row-has-fill\"><div class=\"wpb_column vc_column_container vc_col-sm-2\"><div class=\"vc_column-inner \"><div class=\"wpb_wrapper\"><\/div><\/div><\/div><div class=\"wpb_column vc_column_container vc_col-sm-8\"><div class=\"vc_column-inner \"><div class=\"wpb_wrapper\"><div class=\"vc_empty_space\"   style=\"height: 50px\"><span class=\"vc_empty_space_inner\"><\/span><\/div><div class=\"vc_row wpb_row vc_inner vc_row-fluid vc_row-o-content-bottom vc_row-flex\"><div class=\"wpb_column vc_column_container vc_col-sm-8\"><div class=\"vc_column-inner\"><div class=\"wpb_wrapper\"><div class=\"vc_custom_heading decoracion-top decoracion-blanco text_align_left stripe_top_bottom\" ><h2 style=\"font-size: 32px;color: #ffffff;text-align: left\" class=\"consulting-custom-title\">M\u00f6chten Sie uns gerne kontaktieren?<\/h2><\/div><\/div><\/div><\/div><div class=\"wpb_column vc_column_container vc_col-sm-4\"><div class=\"vc_column-inner\"><div class=\"wpb_wrapper\"><div class=\"vc_btn3-container  boton-azul vc_btn3-right\" ><a style=\"background-color:#ffffff; color:#053274;\" class=\"vc_general vc_btn3 vc_btn3-size-md vc_btn3-shape-rounded vc_btn3-style-custom\" href=\"https:\/\/www.andorra-solutions.com\/de\/kontakt\/\" title=\"\">HIER KLICKEN<\/a><\/div><\/div><\/div><\/div><\/div><div class=\"vc_empty_space\"   style=\"height: 50px\"><span class=\"vc_empty_space_inner\"><\/span><\/div><\/div><\/div><\/div><div class=\"wpb_column vc_column_container vc_col-sm-2\"><div class=\"vc_column-inner \"><div class=\"wpb_wrapper\"><\/div><\/div><\/div><\/div><div class=\"vc_row-full-width vc_clearfix\"><\/div>\r\n<\/div>[\/vc_column][\/vc_row]<\/p>\n","protected":false},"excerpt":{"rendered":"M\u00f6chten Sie uns gerne kontaktieren?HIER KLICKEN","protected":false},"author":1,"featured_media":0,"parent":0,"menu_order":0,"comment_status":"closed","ping_status":"open","template":"","meta":{"_monsterinsights_skip_tracking":false,"_monsterinsights_sitenote_active":false,"_monsterinsights_sitenote_note":"","_monsterinsights_sitenote_category":0,"footnotes":""},"class_list":["post-12841","page","type-page","status-publish","hentry"],"acf":[],"yoast_head":"<!-- This site is optimized with the Yoast SEO plugin v25.9 - https:\/\/yoast.com\/wordpress\/plugins\/seo\/ -->\n<title>Unser Team erfahrener Experten | ANDORRE INVEST<\/title>\n<meta name=\"description\" content=\"\u00dcber ANDORRE INVEST: Mehr als 10 Jahre Erfahrung in den Bereichen Steuerberatung in Andorra und Unternehmensgr\u00fcndung.\" \/>\n<meta name=\"robots\" content=\"index, follow, max-snippet:-1, max-image-preview:large, max-video-preview:-1\" \/>\n<link rel=\"canonical\" href=\"https:\/\/www.andorra-solutions.com\/de\/ueber-uns\/\" \/>\n<meta property=\"og:locale\" content=\"de_DE\" \/>\n<meta property=\"og:type\" content=\"article\" \/>\n<meta property=\"og:title\" content=\"Unser Team erfahrener Experten | ANDORRE INVEST\" \/>\n<meta property=\"og:description\" content=\"\u00dcber ANDORRE INVEST: Mehr als 10 Jahre Erfahrung in den Bereichen Steuerberatung in Andorra und Unternehmensgr\u00fcndung.\" \/>\n<meta property=\"og:url\" content=\"https:\/\/www.andorra-solutions.com\/de\/ueber-uns\/\" \/>\n<meta property=\"og:site_name\" content=\"ANDORRE INVEST\" \/>\n<meta property=\"article:publisher\" content=\"https:\/\/es-la.facebook.com\/andorrasolutions\/\" \/>\n<meta property=\"article:modified_time\" content=\"2025-09-15T10:30:36+00:00\" \/>\n<meta name=\"twitter:label1\" content=\"Gesch\u00e4tzte Lesezeit\" \/>\n\t<meta name=\"twitter:data1\" content=\"2\u00a0Minuten\" \/>\n<!-- \/ Yoast SEO plugin. -->","yoast_head_json":{"title":"Unser Team erfahrener Experten | ANDORRE INVEST","description":"\u00dcber ANDORRE INVEST: Mehr als 10 Jahre Erfahrung in den Bereichen Steuerberatung in Andorra und Unternehmensgr\u00fcndung.","robots":{"index":"index","follow":"follow","max-snippet":"max-snippet:-1","max-image-preview":"max-image-preview:large","max-video-preview":"max-video-preview:-1"},"canonical":"https:\/\/www.andorra-solutions.com\/de\/ueber-uns\/","og_locale":"de_DE","og_type":"article","og_title":"Unser Team erfahrener Experten | ANDORRE INVEST","og_description":"\u00dcber ANDORRE INVEST: Mehr als 10 Jahre Erfahrung in den Bereichen Steuerberatung in Andorra und Unternehmensgr\u00fcndung.","og_url":"https:\/\/www.andorra-solutions.com\/de\/ueber-uns\/","og_site_name":"ANDORRE INVEST","article_publisher":"https:\/\/es-la.facebook.com\/andorrasolutions\/","article_modified_time":"2025-09-15T10:30:36+00:00","twitter_misc":{"Gesch\u00e4tzte Lesezeit":"2\u00a0Minuten"},"schema":{"@context":"https:\/\/schema.org","@graph":[{"@type":"WebPage","@id":"https:\/\/www.andorra-solutions.com\/de\/ueber-uns\/","url":"https:\/\/www.andorra-solutions.com\/de\/ueber-uns\/","name":"Unser Team erfahrener Experten | ANDORRE INVEST","isPartOf":{"@id":"https:\/\/www.andorra-solutions.com\/de\/#website"},"datePublished":"2020-05-29T12:32:54+00:00","dateModified":"2025-09-15T10:30:36+00:00","description":"\u00dcber ANDORRE INVEST: Mehr als 10 Jahre Erfahrung in den Bereichen Steuerberatung in Andorra und Unternehmensgr\u00fcndung.","breadcrumb":{"@id":"https:\/\/www.andorra-solutions.com\/de\/ueber-uns\/#breadcrumb"},"inLanguage":"de","potentialAction":[{"@type":"ReadAction","target":["https:\/\/www.andorra-solutions.com\/de\/ueber-uns\/"]}]},{"@type":"BreadcrumbList","@id":"https:\/\/www.andorra-solutions.com\/de\/ueber-uns\/#breadcrumb","itemListElement":[{"@type":"ListItem","position":1,"name":"Home","item":"https:\/\/www.andorra-solutions.com\/de\/"},{"@type":"ListItem","position":2,"name":"Team \u2013 Kanzlei"}]},{"@type":"WebSite","@id":"https:\/\/www.andorra-solutions.com\/de\/#website","url":"https:\/\/www.andorra-solutions.com\/de\/","name":"ANDORRE INVEST","description":"","publisher":{"@id":"https:\/\/www.andorra-solutions.com\/de\/#organization"},"potentialAction":[{"@type":"SearchAction","target":{"@type":"EntryPoint","urlTemplate":"https:\/\/www.andorra-solutions.com\/de\/?s={search_term_string}"},"query-input":{"@type":"PropertyValueSpecification","valueRequired":true,"valueName":"search_term_string"}}],"inLanguage":"de"},{"@type":"Organization","@id":"https:\/\/www.andorra-solutions.com\/de\/#organization","name":"ANDORRE INVEST","url":"https:\/\/www.andorra-solutions.com\/de\/","logo":{"@type":"ImageObject","inLanguage":"de","@id":"https:\/\/www.andorra-solutions.com\/de\/#\/schema\/logo\/image\/","url":"https:\/\/www.andorra-solutions.com\/wp-content\/uploads\/2021\/04\/logo-abast-andorra-solutions-peq.png","contentUrl":"https:\/\/www.andorra-solutions.com\/wp-content\/uploads\/2021\/04\/logo-abast-andorra-solutions-peq.png","width":211,"height":58,"caption":"ANDORRE INVEST"},"image":{"@id":"https:\/\/www.andorra-solutions.com\/de\/#\/schema\/logo\/image\/"},"sameAs":["https:\/\/es-la.facebook.com\/andorrasolutions\/","https:\/\/x.com\/andorrasolution","https:\/\/www.linkedin.com\/company\/andorra-solutions\/","https:\/\/www.youtube.com\/c\/AndorraSolutions"]}]}},"_links":{"self":[{"href":"https:\/\/www.andorra-solutions.com\/de\/wp-json\/wp\/v2\/pages\/12841","targetHints":{"allow":["GET"]}}],"collection":[{"href":"https:\/\/www.andorra-solutions.com\/de\/wp-json\/wp\/v2\/pages"}],"about":[{"href":"https:\/\/www.andorra-solutions.com\/de\/wp-json\/wp\/v2\/types\/page"}],"author":[{"embeddable":true,"href":"https:\/\/www.andorra-solutions.com\/de\/wp-json\/wp\/v2\/users\/1"}],"replies":[{"embeddable":true,"href":"https:\/\/www.andorra-solutions.com\/de\/wp-json\/wp\/v2\/comments?post=12841"}],"version-history":[{"count":5,"href":"https:\/\/www.andorra-solutions.com\/de\/wp-json\/wp\/v2\/pages\/12841\/revisions"}],"predecessor-version":[{"id":19065,"href":"https:\/\/www.andorra-solutions.com\/de\/wp-json\/wp\/v2\/pages\/12841\/revisions\/19065"}],"wp:attachment":[{"href":"https:\/\/www.andorra-solutions.com\/de\/wp-json\/wp\/v2\/media?parent=12841"}],"curies":[{"name":"wp","href":"https:\/\/api.w.org\/{rel}","templated":true}]}}