{"id":19070,"date":"2020-05-29T12:32:54","date_gmt":"2020-05-29T12:32:54","guid":{"rendered":"https:\/\/www.andorra-solutions.com\/quienes-somos\/"},"modified":"2025-09-15T13:54:24","modified_gmt":"2025-09-15T13:54:24","slug":"qui-som","status":"publish","type":"page","link":"https:\/\/www.andorra-solutions.com\/ca\/qui-som\/","title":{"rendered":"El nostre equip"},"content":{"rendered":"<p>[vc_row gap=&#8221;35&#8243; content_placement=&#8221;middle&#8221; css_animation=&#8221;fadeIn&#8221; el_class=&#8221;ordenar&#8221;][vc_column css_animation=&#8221;fadeInRight&#8221; width=&#8221;1\/2&#8243; el_class=&#8221;order-0&#8243;][vc_single_image image=&#8221;11632&#8243; img_size=&#8221;full&#8221; alignment=&#8221;center&#8221;][\/vc_column][vc_column css_animation=&#8221;fadeInLeft&#8221; width=&#8221;1\/2&#8243; el_class=&#8221;order-1&#8243;][vc_custom_heading text=&#8221;Qui som&#8221; use_theme_fonts=&#8221;yes&#8221; el_class=&#8221;corporativo&#8221;][vc_column_text]<strong>ANDORRE INVEST<\/strong> \u00e9s la plataforma en l\u00ednia <strong>d&#8217;Abast Global SL<\/strong>, despatx amb seu al Principat d&#8217;Andorra. Prestem serveis professionals integrals tant a particulars com a empreses ja actives a Andorra o que planegen establir-s&#8217;hi.<\/p>\n<p>Comptem amb un equip de <strong>m\u00e9s de 35 professionals altament especialitzats, entre els quals s&#8217;inclouen advocats, economistes, comptables i assessors fiscals<\/strong>, tots amb \u00e0mplia experi\u00e8ncia nacional i internacional.<\/p>\n<p>Podem atendre&#8217;l en <strong>espanyol, catal\u00e0, franc\u00e8s, angl\u00e8s, alemany i portugu\u00e8s<\/strong>. Des del principi, la nostra prioritat \u00e9s posar-vos en contacte amb el membre adequat del nostre equip perqu\u00e8 puguem comprendre plenament les vostres necessitats i oferir-vos una an\u00e0lisi precisa de la vostra situaci\u00f3.<\/p>\n<p>Ens comprometem a proporcionar un assessorament personalitzat i d&#8217;alta qualitat, aprofitant tota la for\u00e7a del nostre equip intern per oferir les solucions que millor s&#8217;adaptin a les vostres circumst\u00e0ncies espec\u00edfiques.[\/vc_column_text][\/vc_column][\/vc_row][vc_row gap=&#8221;35&#8243; content_placement=&#8221;top&#8221; css_animation=&#8221;fadeIn&#8221;][vc_column css_animation=&#8221;fadeInLeft&#8221; width=&#8221;1\/2&#8243; el_class=&#8221;texto-valores-quienes-somos&#8221;][vc_custom_heading text=&#8221;Filosofia i valors&#8221; font_container=&#8221;tag:h2|text_align:left|color:%23040d1c&#8221;][vc_separator][vc_column_text]<strong>Valor afegit i Comprom\u00eds<\/strong><br \/>\nOferim solucions d&#8217;alt valor afegit mitjan\u00e7ant intervencions pragm\u00e0tiques i resolutives. Sabem que el client necessita un assessorament \u00fatil, \u00e0gil, rigor\u00f3s i pr\u00e0ctic. L&#8217;excel\u00b7l\u00e8ncia en el treball i el compliment dels compromisos envers els clients \u00e9s essencial.[\/vc_column_text][vc_column_text]<strong>Treball, Equip i Innovaci\u00f3<\/strong><br \/>\nL\u00b4aportaci\u00f3 de valor se sustenta en la creaci\u00f3 d\u00b4un equip hum\u00e0 amb gran capacitat de treball i altament especialitzat, amb un esperit d\u00b4equip i una enorme capacitat d\u00b4adaptaci\u00f3 i innovaci\u00f3.[\/vc_column_text][vc_column_text]<strong>Lleialtat i Confidencialitat<\/strong><br \/>\nLa lleialtat i la confidencialitat s\u00f3n estrictament necess\u00e0ries, aix\u00ed com la identificaci\u00f3, la valoraci\u00f3 i la gesti\u00f3 dels conflictes d&#8217;inter\u00e8s per garantir un assessorament estrictament independent.[\/vc_column_text][vc_column_text]<strong>Honestedat i Transpar\u00e8ncia<\/strong><br \/>\nL&#8217;honestedat i la transpar\u00e8ncia amb el client en els nostres plantejaments s\u00f3n fonamentals per generar la confian\u00e7a necess\u00e0ria i per forjar relacions a llarg termini.[\/vc_column_text][\/vc_column][vc_column css_animation=&#8221;fadeInRight&#8221; width=&#8221;1\/2&#8243;][vc_custom_heading text=&#8221;La nostra experi\u00e8ncia interna abasta \u00e0rees clau com:&#8221; font_container=&#8221;tag:h2|text_align:left|color:%23040d1c&#8221;][vc_separator][vc_progress_bar values=&#8221;%5B%7B%22label%22%3A%22Fiscalitat%20(planificaci%C3%B3%20fiscal%20local%20i%20internacional)%22%2C%22value%22%3A%2284%22%7D%2C%7B%22label%22%3A%22Constituci%C3%B3%20de%20Societats%20i%20Corporate%20M%26A%22%2C%22value%22%3A%2275%22%7D%2C%7B%22label%22%3A%22Gesti%C3%B3%20comptable%20i%20fiscal%22%2C%22value%22%3A%2273%22%7D%2C%7B%22label%22%3A%22Resid%C3%A8ncia%20i%20trasllats%20de%20resid%C3%A8ncia%22%2C%22value%22%3A%2260%22%7D%2C%7B%22label%22%3A%22Innovaci%C3%B3%20i%20Blockchain%2C%20amb%20l&#8217;estatus%20de%20Supervisor%20Digital%20autoritzat%20(V-002)%20per%20l&#8217;Autoritat%20Financera%20Andorrana%22%2C%22value%22%3A%2258%22%7D%2C%7B%22label%22%3A%22Assessorament%20a%20start-ups%20i%20empreses%20en%20fase%20inicial%22%2C%22value%22%3A%2280%22%7D%5D&#8221; bgcolor=&#8221;custom&#8221; custombgcolor=&#8221;#3f8ee2&#8243; customtxtcolor=&#8221;#707070&#8243; el_class=&#8221;texto-18px&#8221; units=&#8221;%&#8221;][\/vc_column][\/vc_row][vc_row css_animation=&#8221;fadeIn&#8221;][vc_column][vc_empty_space height=&#8221;100px&#8221;][vc_custom_heading text=&#8221;Socis i Associats&#8221; font_container=&#8221;tag:h2|text_align:center&#8221; use_theme_fonts=&#8221;yes&#8221;][vc_empty_space height=&#8221;50px&#8221;][\/vc_column][\/vc_row][vc_row css_animation=&#8221;fadeIn&#8221;][vc_column][vc_basic_grid post_type=&#8221;stm_staff&#8221; max_items=&#8221;32&#8243; element_width=&#8221;3&#8243; orderby=&#8221;meta_value_num&#8221; order=&#8221;ASC&#8221; item=&#8221;10482&#8243; grid_id=&#8221;vc_gid:1757942719573-f0f957b9-091c-2&#8243; el_class=&#8221;grid_staff&#8221;][vc_empty_space height=&#8221;100px&#8221;][\/vc_column][\/vc_row][vc_row][vc_column]<div class=\"templatera_shortcode\"><div data-vc-full-width=\"true\" data-vc-full-width-init=\"false\" class=\"vc_row wpb_row vc_row-fluid fondo-contactanos wpb_animate_when_almost_visible wpb_fadeIn fadeIn vc_custom_1612872695917 vc_row-has-fill\"><div class=\"wpb_column vc_column_container vc_col-sm-2\"><div class=\"vc_column-inner \"><div class=\"wpb_wrapper\"><\/div><\/div><\/div><div class=\"wpb_column vc_column_container vc_col-sm-8\"><div class=\"vc_column-inner \"><div class=\"wpb_wrapper\"><div class=\"vc_empty_space\"   style=\"height: 50px\"><span class=\"vc_empty_space_inner\"><\/span><\/div><div class=\"vc_row wpb_row vc_inner vc_row-fluid vc_row-o-content-bottom vc_row-flex\"><div class=\"wpb_column vc_column_container vc_col-sm-8\"><div class=\"vc_column-inner\"><div class=\"wpb_wrapper\"><div class=\"vc_custom_heading decoracion-top decoracion-blanco text_align_left stripe_top_bottom\" ><h2 style=\"font-size: 32px;color: #ffffff;text-align: left\" class=\"consulting-custom-title\">Vol posar-se en contacte amb nosaltres?<\/h2><\/div><\/div><\/div><\/div><div class=\"wpb_column vc_column_container vc_col-sm-4\"><div class=\"vc_column-inner\"><div class=\"wpb_wrapper\"><div class=\"vc_btn3-container  boton-azul vc_btn3-right\" ><a style=\"background-color:#ffffff; color:#053274;\" class=\"vc_general vc_btn3 vc_btn3-size-md vc_btn3-shape-rounded vc_btn3-style-custom\" href=\"https:\/\/www.andorra-solutions.com\/ca\/contacte\/\" title=\"Contacte\">CLIQUEU AQU\u00cd<\/a><\/div><\/div><\/div><\/div><\/div><div class=\"vc_empty_space\"   style=\"height: 50px\"><span class=\"vc_empty_space_inner\"><\/span><\/div><\/div><\/div><\/div><div class=\"wpb_column vc_column_container vc_col-sm-2\"><div class=\"vc_column-inner \"><div class=\"wpb_wrapper\"><\/div><\/div><\/div><\/div><div class=\"vc_row-full-width vc_clearfix\"><\/div>\r\n<\/div>[\/vc_column][\/vc_row]<\/p>\n","protected":false},"excerpt":{"rendered":"Vol posar-se en contacte amb nosaltres?CLIQUEU AQU\u00cd","protected":false},"author":1,"featured_media":0,"parent":0,"menu_order":0,"comment_status":"closed","ping_status":"open","template":"","meta":{"_monsterinsights_skip_tracking":false,"_monsterinsights_sitenote_active":false,"_monsterinsights_sitenote_note":"","_monsterinsights_sitenote_category":0,"footnotes":""},"class_list":["post-19070","page","type-page","status-publish","hentry"],"acf":[],"yoast_head":"<!-- This site is optimized with the Yoast SEO plugin v25.9 - https:\/\/yoast.com\/wordpress\/plugins\/seo\/ -->\n<title>El nostre equip de professionals especialitzats | ANDORRE INVEST<\/title>\n<meta name=\"description\" content=\"El nostre equip de professionals a ANDORRE INVEST: m\u00e9s de 10 anys oferint assessorament fiscal i constituci\u00f3 d&#039;empreses a Andorra.\" \/>\n<meta name=\"robots\" content=\"index, follow, max-snippet:-1, max-image-preview:large, max-video-preview:-1\" \/>\n<link rel=\"canonical\" href=\"https:\/\/www.andorra-solutions.com\/ca\/qui-som\/\" \/>\n<meta property=\"og:locale\" content=\"ca_ES\" \/>\n<meta property=\"og:type\" content=\"article\" \/>\n<meta property=\"og:title\" content=\"El nostre equip de professionals especialitzats | ANDORRE INVEST\" \/>\n<meta property=\"og:description\" content=\"El nostre equip de professionals a ANDORRE INVEST: m\u00e9s de 10 anys oferint assessorament fiscal i constituci\u00f3 d&#039;empreses a Andorra.\" \/>\n<meta property=\"og:url\" content=\"https:\/\/www.andorra-solutions.com\/ca\/qui-som\/\" \/>\n<meta property=\"og:site_name\" content=\"ANDORRE INVEST\" \/>\n<meta property=\"article:publisher\" content=\"https:\/\/es-la.facebook.com\/andorrasolutions\/\" \/>\n<meta property=\"article:modified_time\" content=\"2025-09-15T13:54:24+00:00\" \/>\n<meta name=\"twitter:label1\" content=\"Temps estimat de lectura\" \/>\n\t<meta name=\"twitter:data1\" content=\"2 minuts\" \/>\n<!-- \/ Yoast SEO plugin. -->","yoast_head_json":{"title":"El nostre equip de professionals especialitzats | ANDORRE INVEST","description":"El nostre equip de professionals a ANDORRE INVEST: m\u00e9s de 10 anys oferint assessorament fiscal i constituci\u00f3 d'empreses a Andorra.","robots":{"index":"index","follow":"follow","max-snippet":"max-snippet:-1","max-image-preview":"max-image-preview:large","max-video-preview":"max-video-preview:-1"},"canonical":"https:\/\/www.andorra-solutions.com\/ca\/qui-som\/","og_locale":"ca_ES","og_type":"article","og_title":"El nostre equip de professionals especialitzats | ANDORRE INVEST","og_description":"El nostre equip de professionals a ANDORRE INVEST: m\u00e9s de 10 anys oferint assessorament fiscal i constituci\u00f3 d'empreses a Andorra.","og_url":"https:\/\/www.andorra-solutions.com\/ca\/qui-som\/","og_site_name":"ANDORRE INVEST","article_publisher":"https:\/\/es-la.facebook.com\/andorrasolutions\/","article_modified_time":"2025-09-15T13:54:24+00:00","twitter_misc":{"Temps estimat de lectura":"2 minuts"},"schema":{"@context":"https:\/\/schema.org","@graph":[{"@type":"WebPage","@id":"https:\/\/www.andorra-solutions.com\/ca\/qui-som\/","url":"https:\/\/www.andorra-solutions.com\/ca\/qui-som\/","name":"El nostre equip de professionals especialitzats | ANDORRE INVEST","isPartOf":{"@id":"https:\/\/www.andorra-solutions.com\/ca\/#website"},"datePublished":"2020-05-29T12:32:54+00:00","dateModified":"2025-09-15T13:54:24+00:00","description":"El nostre equip de professionals a ANDORRE INVEST: m\u00e9s de 10 anys oferint assessorament fiscal i constituci\u00f3 d'empreses a Andorra.","breadcrumb":{"@id":"https:\/\/www.andorra-solutions.com\/ca\/qui-som\/#breadcrumb"},"inLanguage":"ca","potentialAction":[{"@type":"ReadAction","target":["https:\/\/www.andorra-solutions.com\/ca\/qui-som\/"]}]},{"@type":"BreadcrumbList","@id":"https:\/\/www.andorra-solutions.com\/ca\/qui-som\/#breadcrumb","itemListElement":[{"@type":"ListItem","position":1,"name":"Home","item":"https:\/\/www.andorra-solutions.com\/ca\/"},{"@type":"ListItem","position":2,"name":"El nostre equip"}]},{"@type":"WebSite","@id":"https:\/\/www.andorra-solutions.com\/ca\/#website","url":"https:\/\/www.andorra-solutions.com\/ca\/","name":"ANDORRE INVEST","description":"","publisher":{"@id":"https:\/\/www.andorra-solutions.com\/ca\/#organization"},"potentialAction":[{"@type":"SearchAction","target":{"@type":"EntryPoint","urlTemplate":"https:\/\/www.andorra-solutions.com\/ca\/?s={search_term_string}"},"query-input":{"@type":"PropertyValueSpecification","valueRequired":true,"valueName":"search_term_string"}}],"inLanguage":"ca"},{"@type":"Organization","@id":"https:\/\/www.andorra-solutions.com\/ca\/#organization","name":"ANDORRE INVEST","url":"https:\/\/www.andorra-solutions.com\/ca\/","logo":{"@type":"ImageObject","inLanguage":"ca","@id":"https:\/\/www.andorra-solutions.com\/ca\/#\/schema\/logo\/image\/","url":"https:\/\/www.andorra-solutions.com\/wp-content\/uploads\/2021\/04\/logo-abast-andorra-solutions-peq.png","contentUrl":"https:\/\/www.andorra-solutions.com\/wp-content\/uploads\/2021\/04\/logo-abast-andorra-solutions-peq.png","width":211,"height":58,"caption":"ANDORRE INVEST"},"image":{"@id":"https:\/\/www.andorra-solutions.com\/ca\/#\/schema\/logo\/image\/"},"sameAs":["https:\/\/es-la.facebook.com\/andorrasolutions\/","https:\/\/x.com\/andorrasolution","https:\/\/www.linkedin.com\/company\/andorra-solutions\/","https:\/\/www.youtube.com\/c\/AndorraSolutions"]}]}},"_links":{"self":[{"href":"https:\/\/www.andorra-solutions.com\/ca\/wp-json\/wp\/v2\/pages\/19070","targetHints":{"allow":["GET"]}}],"collection":[{"href":"https:\/\/www.andorra-solutions.com\/ca\/wp-json\/wp\/v2\/pages"}],"about":[{"href":"https:\/\/www.andorra-solutions.com\/ca\/wp-json\/wp\/v2\/types\/page"}],"author":[{"embeddable":true,"href":"https:\/\/www.andorra-solutions.com\/ca\/wp-json\/wp\/v2\/users\/1"}],"replies":[{"embeddable":true,"href":"https:\/\/www.andorra-solutions.com\/ca\/wp-json\/wp\/v2\/comments?post=19070"}],"version-history":[{"count":4,"href":"https:\/\/www.andorra-solutions.com\/ca\/wp-json\/wp\/v2\/pages\/19070\/revisions"}],"predecessor-version":[{"id":19072,"href":"https:\/\/www.andorra-solutions.com\/ca\/wp-json\/wp\/v2\/pages\/19070\/revisions\/19072"}],"wp:attachment":[{"href":"https:\/\/www.andorra-solutions.com\/ca\/wp-json\/wp\/v2\/media?parent=19070"}],"curies":[{"name":"wp","href":"https:\/\/api.w.org\/{rel}","templated":true}]}}