{"id":14974,"date":"2020-12-02T15:20:39","date_gmt":"2020-12-02T15:20:39","guid":{"rendered":"https:\/\/www.andorra-solutions.com\/politica-cookies\/"},"modified":"2022-01-24T12:59:08","modified_gmt":"2022-01-24T12:59:08","slug":"politica-cookies","status":"publish","type":"page","link":"https:\/\/www.andorra-solutions.com\/ca\/politica-cookies\/","title":{"rendered":"Pol\u00edtica de cookies"},"content":{"rendered":"<p>[vc_row][vc_column][vc_custom_heading text=&#8221;1.- CONCEPTE COOKIES&#8221;][vc_column_text]S\u2019adverteix a l\u2019Usuari que aquesta web utilitza cookies. Una cookie \u00e9s un arxiu que es descarrega en el seu ordinador en accedir a determinades p\u00e0gines web. Les cookies permeten a una p\u00e0gina web, entre altres coses, emmagatzemar i recuperar informaci\u00f3 sobre els h\u00e0bits de navegaci\u00f3 de l&#8217;usuari o del seu ordinador i, depenent de la informaci\u00f3 que continguin i de la forma en qu\u00e8 s&#8217;utilitzi el seu ordinador, poden utilitzar-se per a recon\u00e8ixer a l&#8217;usuari.[\/vc_column_text][vc_empty_space][\/vc_column][\/vc_row][vc_row][vc_column][vc_custom_heading text=&#8221;2.- TIPOLOGIA DE COOKIES&#8221;][vc_column_text el_class=&#8221;negrita-corporativo texto-15px&#8221;]<\/p>\n<ul>\n<li><strong data-rich-text-format-boundary=\"true\">Cookies de personalitzaci\u00f3 d&#8217;interf\u00edcie d&#8217;usuari<\/strong>: Aquesta p\u00e0gina web cont\u00e9 una cookie de \u00abllengua de prefer\u00e8ncia\u00bb que s&#8217;utilitza per a recordar la llengua seleccionada. Se sol utilitzar aquest tipus de cookies en portals multiling\u00fces.<\/li>\n<li><strong>Cookies t\u00e8cniques<\/strong>: S\u00f3n aquelles que permeten a l&#8217;usuari la navegaci\u00f3 a trav\u00e9s de la p\u00e0gina web o aplicaci\u00f3 i la utilitzaci\u00f3 de les diferents opcions o serveis que en ella existeixen. Per exemple, controlar el tr\u00e0nsit i la comunicaci\u00f3 de dades, identificar la sessi\u00f3, accedir a les parts web d&#8217;acc\u00e9s restringit, recordar els elements que integren una comanda, realitzar la sol\u00b7licitud d&#8217;inscripci\u00f3 o participaci\u00f3 en un esdeveniment, utilitzar elements de seguretat durant la navegaci\u00f3 i emmagatzemar continguts per a la difusi\u00f3 de v\u00eddeos o so o compartir continguts a trav\u00e9s de les xarxes socials.<\/li>\n<li><strong>Cookies d&#8217;an\u00e0lisis<\/strong>: S\u00f3n aquelles que permeten al responsable d&#8217;aquestes, el seguiment i an\u00e0lisi del comportament dels usuaris dels llocs web als quals estan vinculades. La informaci\u00f3 recollida mitjan\u00e7ant aquesta mena de cookies s&#8217;utilitza en el mesurament de l&#8217;activitat dels llocs web, aplicaci\u00f3 o plataforma i per a l&#8217;elaboraci\u00f3 de perfils de navegaci\u00f3 dels usuaris d&#8217;aquests llocs, aplicacions i plataformes, amb la finalitat d&#8217;introduir millores en funci\u00f3 de l&#8217;an\u00e0lisi de les dades d&#8217;\u00fas que fan els usuaris del servei.<\/li>\n<\/ul>\n<p>[\/vc_column_text][vc_empty_space][\/vc_column][\/vc_row][vc_row][vc_column][vc_custom_heading text=&#8221;3.- INFORMACI\u00d3 DE COOKIES&#8221;][vc_column_text]NOM: _ga<br data-rich-text-line-break=\"true\" \/>ORIGEN: Google<br data-rich-text-line-break=\"true\" \/>FINALITAT: Forma part de Google Analytics. S&#8217;usa per a distingir als usuaris. (<a href=\"https:\/\/developers.google.com\/analytics\/devguides\/collection\/analyticsjs\/cookie-usage?hl=es-419#analyticsjs\">M\u00e9s informaci\u00f3<\/a>)<br data-rich-text-line-break=\"true\" \/>INFORMACI\u00d3: D&#8217;an\u00e0lisi. Persistent.<br data-rich-text-line-break=\"true\" \/>CONSERVACI\u00d3: 2 anys<\/p>\n<p>NOM: _gat<br data-rich-text-line-break=\"true\" \/>ORIGEN: Google<br data-rich-text-line-break=\"true\" \/>FINALITAT: Forma part de Google Analytics. S&#8217;usa per a limitar el percentatge de sol\u00b7licituds. (<a href=\"https:\/\/developers.google.com\/analytics\/devguides\/collection\/analyticsjs\/cookie-usage?hl=es-419#analyticsjs\">M\u00e9s informaci\u00f3<\/a>)<br data-rich-text-line-break=\"true\" \/>INFORMACI\u00d3: D&#8217;an\u00e0lisi. Persistent.<br data-rich-text-line-break=\"true\" \/>CONSERVACI\u00d3: 10 minuts<\/p>\n<p>NOM: _gid<br data-rich-text-line-break=\"true\" \/>ORIGEN: Google<br data-rich-text-line-break=\"true\" \/>FINALITAT: Forma part de Google Analytics. S&#8217;usa per a distingir als usuaris. (<a href=\"https:\/\/developers.google.com\/analytics\/devguides\/collection\/gajs\/cookie-usage#analyticsjs\">M\u00e9s informaci\u00f3<\/a>)<br data-rich-text-line-break=\"true\" \/>INFORMACI\u00d3: D&#8217;an\u00e0lisi. Persistent.<br data-rich-text-line-break=\"true\" \/>CONSERVACI\u00d3: 24 hores<\/p>\n<p>NOM: _zldp<br data-rich-text-line-break=\"true\" \/>ORIGEN: Zoho<br data-rich-text-line-break=\"true\" \/>FINALITAT: Forma part de Zoho SalesIQ. S&#8217;usa per a distingir als usuaris. (<a href=\"https:\/\/www.zoho.com\/salesiq\/terms.html\">M\u00e9s informaci\u00f3<\/a>)<br data-rich-text-line-break=\"true\" \/>INFORMACI\u00d3: D&#8217;an\u00e0lisi. Persistent.<br data-rich-text-line-break=\"true\" \/>CONSERVACI\u00d3: 2 anys<\/p>\n<p>NOM: _zldt<br data-rich-text-line-break=\"true\" \/>ORIGEN: Zoho<br data-rich-text-line-break=\"true\" \/>FINALITAT: Forma part de Zoho SalesIQ. S&#8217;usa per distingir als usuaris. (<a href=\"https:\/\/www.zoho.com\/salesiq\/terms.html\">M\u00e9s informaci\u00f3<\/a>)<br data-rich-text-line-break=\"true\" \/>INFORMACI\u00d3: D&#8217;an\u00e0lisi. Persistent.<br data-rich-text-line-break=\"true\" \/>CONSERVACI\u00d3: 1 dia[\/vc_column_text][vc_empty_space][\/vc_column][\/vc_row][vc_row][vc_column][vc_custom_heading text=&#8221;4.- DESACTIVACI\u00d3 DE COOKIES&#8221;][vc_column_text]Es pot permetre bloquejar o eliminar les cookies instal\u00b7lades del seu ordinador mitjan\u00e7ant la configuraci\u00f3 de les opcions del navegador que t\u00e9 instal\u00b7lat. A continuaci\u00f3 es mostren els passos a asseguran\u00e7a per a desactivar o eliminar les cookies en els principals navegadors:<\/p>\n<p>Per a configurar els permisos relacionats amb les cookies instal\u00b7lades en el navegador Google Chome pot pr\u00e9mer en el seg\u00fcent <a href=\"https:\/\/support.google.com\/chrome\/answer\/95647?hl=ca\">enlla\u00e7<\/a>.<\/p>\n<p>Per a configurar els permisos relacionats amb les cookies instal\u00b7lades en el navegador Mozilla Firefox pot pr\u00e9mer en el seg\u00fcent <a href=\"https:\/\/support.mozilla.org\/es\/kb\/habilitar-y-deshabilitar-cookies-sitios-web-rastrear-preferencias?redirectslug=habilitar-y-deshabilitar-cookies-que-los-sitios-we&amp;redirectlocale=es\">enlla\u00e7<\/a>.<\/p>\n<p>Per a configurar els permisos relacionats amb les cookies instal\u00b7lades en el navegador Microsoft Internet Explorer pot pr\u00e9mer en el seg\u00fcent <a href=\"https:\/\/support.microsoft.com\/es-es\/topic\/eliminar-y-administrar-cookies-168dab11-0753-043d-7c16-ede5947fc64d\">enlla\u00e7<\/a>.<\/p>\n<p>Per a configurar els permisos relacionats amb les cookies instal\u00b7lades en el navegador Safari pot pr\u00e9mer en el seg\u00fcent <a href=\"https:\/\/support.apple.com\/es-es\/HT201265\">enlla\u00e7<\/a>.<\/p>\n<p><strong data-rich-text-format-boundary=\"true\">ATENCI\u00d3<\/strong>: En cas de Bloqueig les cookies del seu navegador \u00e9s possible que determinats serveis o funcionalitats de la p\u00e0gina web no es trobin disponibles.[\/vc_column_text][vc_empty_space height=&#8221;50px&#8221;][\/vc_column][\/vc_row]<\/p>\n","protected":false},"excerpt":{"rendered":"<p>[vc_row][vc_column][vc_custom_heading text=&#8221;1.- CONCEPTE COOKIES&#8221;][vc_column_text]S\u2019adverteix a l\u2019Usuari que aquesta web utilitza cookies. Una cookie \u00e9s un arxiu que es descarrega en el seu ordinador en accedir a determinades p\u00e0gines web. Les cookies permeten a una p\u00e0gina web, entre altres coses, emmagatzemar i recuperar informaci\u00f3 sobre els h\u00e0bits de navegaci\u00f3 de l&#8217;usuari o del seu ordinador i,<\/p>\n","protected":false},"author":1,"featured_media":0,"parent":0,"menu_order":0,"comment_status":"closed","ping_status":"open","template":"","meta":{"_monsterinsights_skip_tracking":false,"_monsterinsights_sitenote_active":false,"_monsterinsights_sitenote_note":"","_monsterinsights_sitenote_category":0,"footnotes":""},"class_list":["post-14974","page","type-page","status-publish","hentry"],"acf":[],"yoast_head":"<!-- This site is optimized with the Yoast SEO plugin v25.9 - https:\/\/yoast.com\/wordpress\/plugins\/seo\/ -->\n<title>Pol\u00edtica de cookies i detalls per a usuaris | ANDORRE INVEST<\/title>\n<meta name=\"description\" content=\"Informaci\u00f3 sobre les cookies i com ANDORRE INVEST les usa. Detalls per a usuaris interessats a deshabilitar, rebutjar o esborrar cookies.\" \/>\n<meta name=\"robots\" content=\"index, follow, max-snippet:-1, max-image-preview:large, max-video-preview:-1\" \/>\n<link rel=\"canonical\" href=\"https:\/\/www.andorra-solutions.com\/ca\/politica-cookies\/\" \/>\n<meta property=\"og:locale\" content=\"ca_ES\" \/>\n<meta property=\"og:type\" content=\"article\" \/>\n<meta property=\"og:title\" content=\"Pol\u00edtica de cookies i detalls per a usuaris | ANDORRE INVEST\" \/>\n<meta property=\"og:description\" content=\"Informaci\u00f3 sobre les cookies i com ANDORRE INVEST les usa. Detalls per a usuaris interessats a deshabilitar, rebutjar o esborrar cookies.\" \/>\n<meta property=\"og:url\" content=\"https:\/\/www.andorra-solutions.com\/ca\/politica-cookies\/\" \/>\n<meta property=\"og:site_name\" content=\"ANDORRE INVEST\" \/>\n<meta property=\"article:publisher\" content=\"https:\/\/es-la.facebook.com\/andorrasolutions\/\" \/>\n<meta property=\"article:modified_time\" content=\"2022-01-24T12:59:08+00:00\" \/>\n<meta name=\"twitter:label1\" content=\"Temps estimat de lectura\" \/>\n\t<meta name=\"twitter:data1\" content=\"3 minuts\" \/>\n<!-- \/ Yoast SEO plugin. -->","yoast_head_json":{"title":"Pol\u00edtica de cookies i detalls per a usuaris | ANDORRE INVEST","description":"Informaci\u00f3 sobre les cookies i com ANDORRE INVEST les usa. Detalls per a usuaris interessats a deshabilitar, rebutjar o esborrar cookies.","robots":{"index":"index","follow":"follow","max-snippet":"max-snippet:-1","max-image-preview":"max-image-preview:large","max-video-preview":"max-video-preview:-1"},"canonical":"https:\/\/www.andorra-solutions.com\/ca\/politica-cookies\/","og_locale":"ca_ES","og_type":"article","og_title":"Pol\u00edtica de cookies i detalls per a usuaris | ANDORRE INVEST","og_description":"Informaci\u00f3 sobre les cookies i com ANDORRE INVEST les usa. Detalls per a usuaris interessats a deshabilitar, rebutjar o esborrar cookies.","og_url":"https:\/\/www.andorra-solutions.com\/ca\/politica-cookies\/","og_site_name":"ANDORRE INVEST","article_publisher":"https:\/\/es-la.facebook.com\/andorrasolutions\/","article_modified_time":"2022-01-24T12:59:08+00:00","twitter_misc":{"Temps estimat de lectura":"3 minuts"},"schema":{"@context":"https:\/\/schema.org","@graph":[{"@type":"WebPage","@id":"https:\/\/www.andorra-solutions.com\/ca\/politica-cookies\/","url":"https:\/\/www.andorra-solutions.com\/ca\/politica-cookies\/","name":"Pol\u00edtica de cookies i detalls per a usuaris | ANDORRE INVEST","isPartOf":{"@id":"https:\/\/www.andorra-solutions.com\/ca\/#website"},"datePublished":"2020-12-02T15:20:39+00:00","dateModified":"2022-01-24T12:59:08+00:00","description":"Informaci\u00f3 sobre les cookies i com ANDORRE INVEST les usa. Detalls per a usuaris interessats a deshabilitar, rebutjar o esborrar cookies.","breadcrumb":{"@id":"https:\/\/www.andorra-solutions.com\/ca\/politica-cookies\/#breadcrumb"},"inLanguage":"ca","potentialAction":[{"@type":"ReadAction","target":["https:\/\/www.andorra-solutions.com\/ca\/politica-cookies\/"]}]},{"@type":"BreadcrumbList","@id":"https:\/\/www.andorra-solutions.com\/ca\/politica-cookies\/#breadcrumb","itemListElement":[{"@type":"ListItem","position":1,"name":"Home","item":"https:\/\/www.andorra-solutions.com\/ca\/"},{"@type":"ListItem","position":2,"name":"Pol\u00edtica de cookies"}]},{"@type":"WebSite","@id":"https:\/\/www.andorra-solutions.com\/ca\/#website","url":"https:\/\/www.andorra-solutions.com\/ca\/","name":"ANDORRE INVEST","description":"","publisher":{"@id":"https:\/\/www.andorra-solutions.com\/ca\/#organization"},"potentialAction":[{"@type":"SearchAction","target":{"@type":"EntryPoint","urlTemplate":"https:\/\/www.andorra-solutions.com\/ca\/?s={search_term_string}"},"query-input":{"@type":"PropertyValueSpecification","valueRequired":true,"valueName":"search_term_string"}}],"inLanguage":"ca"},{"@type":"Organization","@id":"https:\/\/www.andorra-solutions.com\/ca\/#organization","name":"ANDORRE INVEST","url":"https:\/\/www.andorra-solutions.com\/ca\/","logo":{"@type":"ImageObject","inLanguage":"ca","@id":"https:\/\/www.andorra-solutions.com\/ca\/#\/schema\/logo\/image\/","url":"https:\/\/www.andorra-solutions.com\/wp-content\/uploads\/2021\/04\/logo-abast-andorra-solutions-peq.png","contentUrl":"https:\/\/www.andorra-solutions.com\/wp-content\/uploads\/2021\/04\/logo-abast-andorra-solutions-peq.png","width":211,"height":58,"caption":"ANDORRE INVEST"},"image":{"@id":"https:\/\/www.andorra-solutions.com\/ca\/#\/schema\/logo\/image\/"},"sameAs":["https:\/\/es-la.facebook.com\/andorrasolutions\/","https:\/\/x.com\/andorrasolution","https:\/\/www.linkedin.com\/company\/andorra-solutions\/","https:\/\/www.youtube.com\/c\/AndorraSolutions"]}]}},"_links":{"self":[{"href":"https:\/\/www.andorra-solutions.com\/ca\/wp-json\/wp\/v2\/pages\/14974","targetHints":{"allow":["GET"]}}],"collection":[{"href":"https:\/\/www.andorra-solutions.com\/ca\/wp-json\/wp\/v2\/pages"}],"about":[{"href":"https:\/\/www.andorra-solutions.com\/ca\/wp-json\/wp\/v2\/types\/page"}],"author":[{"embeddable":true,"href":"https:\/\/www.andorra-solutions.com\/ca\/wp-json\/wp\/v2\/users\/1"}],"replies":[{"embeddable":true,"href":"https:\/\/www.andorra-solutions.com\/ca\/wp-json\/wp\/v2\/comments?post=14974"}],"version-history":[{"count":0,"href":"https:\/\/www.andorra-solutions.com\/ca\/wp-json\/wp\/v2\/pages\/14974\/revisions"}],"wp:attachment":[{"href":"https:\/\/www.andorra-solutions.com\/ca\/wp-json\/wp\/v2\/media?parent=14974"}],"curies":[{"name":"wp","href":"https:\/\/api.w.org\/{rel}","templated":true}]}}