{"id":14970,"date":"2020-12-02T15:08:47","date_gmt":"2020-12-02T15:08:47","guid":{"rendered":"https:\/\/www.andorra-solutions.com\/politica-privacidad\/"},"modified":"2021-10-14T10:53:31","modified_gmt":"2021-10-14T10:53:31","slug":"politica-privacidad","status":"publish","type":"page","link":"https:\/\/www.andorra-solutions.com\/ca\/politica-privacitat\/","title":{"rendered":"Pol\u00edtica de privacitat"},"content":{"rendered":"<p>[vc_row][vc_column][vc_column_text]<\/p>\n<p style=\"text-align: center;\">POL\u00cdTICA DE PRIVACITAT<\/p>\n<p style=\"text-align: center;\">RESPONSABLE DEL TRACTAMENT: CONSULTORS SOLUCIONS MA, S.L.U.<\/p>\n<p style=\"text-align: center;\">FINALITAT: Gestionar les consultes dels Usuaris. Incloure\u2019l al llistat de subscriptors de la nostra Newsletter.<\/p>\n<p style=\"text-align: center;\">BASE JUR\u00cdDICA: El consentiment de l\u2019Usuari del web.<\/p>\n<p style=\"text-align: center;\">DESTINATARIS: Les seves dades es cediran a ANDORRE INVEST GLOBAL, S.L.<\/p>\n<p style=\"text-align: center;\">CONSERVACI\u00d3: Per\u00edode legal m\u00e0xim establert.<\/p>\n<p style=\"text-align: center;\">DRETS DE L\u2019INTERESSAT: Accedir, rectificar i cancel\u00b7lar les dades referents a la seva persona, oposar-se al tractament de les dades, sol\u00b7licitar la limitaci\u00f3 del tractament, o portabilitat de les dades.<\/p>\n<p>[\/vc_column_text][vc_empty_space][\/vc_column][\/vc_row][vc_row][vc_column][vc_custom_heading text=&#8221;POL\u00cdTICA DE PRIVACITAT&#8221;][vc_column_text]Per a major facilitat i transpar\u00e8ncia amb l&#8217;usuari hem separat les pol\u00edtiques de protecci\u00f3 de dades en tres apartats diferents en funci\u00f3 de la finalitat del tractament:<\/p>\n<p>Apartat: <em>\u00abContacte\u00bb<\/em>;<br data-rich-text-line-break=\"true\" \/>Apartat: <em>\u00abInscripci\u00f3 a la Newsletter\u00bb<\/em>;<br data-rich-text-line-break=\"true\" \/>Apartat: <em>\u00abC\u00e0meres de videovigil\u00e0ncia\u00bb<\/em>.[\/vc_column_text][vc_empty_space][\/vc_column][\/vc_row][vc_row][vc_column][vc_custom_heading text=&#8221;FORMULARI DE CONTACTE&#8221;][vc_column_text]D&#8217;acord amb el que s&#8217;estableix en la Llei 15\/2003, de 18 de desembre, Qualificada de Protecci\u00f3 de Dades personals (LQPD) i el Reglament de l\u2019Ag\u00e8ncia Andorrana de Protecci\u00f3 de Dades que la desenvolupa, aix\u00ed com del Reglament (UE) 2016\/679 del Parlament Europeu i del Consell, de 27 d\u2019abril de 2016, Reglament General de Protecci\u00f3 de Dades (GDPR), l\u2019informem que les seves dades de car\u00e0cter personal recollides a trav\u00e9s del \u201cFormulari de Contacte\u201d, han estat incorporades als fitxers degudament inscrits davant l\u2019Ag\u00e8ncia de Protecci\u00f3 de Dades d\u2019Andorra (APDA), i seran tractades pel Responsable del Tractament: CONSULTORS SOLUCIONS MA, S.L.U.<\/p>\n<p>Les seves dades seran tractades amb la finalitat de gestionar la sol\u00b7licitud i\/o consultes de l&#8217;usuari. Si \u00e9s necessari contactar-li ho farem per email.<\/p>\n<p>El tractament d&#8217;aquestes dades est\u00e0 basat en el consentiment de l&#8217;usuari. Les seves dades seran cedides a la companyia ANDORRE INVEST GLOBAL, S.L. per tal de donar resposta a la reva consulta per part de professionals. Les dades proporcionades es conservaran durant el per\u00edode m\u00e0xim de 12 mesos.<\/p>\n<p>Aix\u00ed mateix, li recordem que t\u00e9 dret en qualsevol moment a accedir, rectificar i cancel\u00b7lar, les dades referents a la seva persona, aix\u00ed com a oposar-se al tractament d&#8217;aquests en la forma i amb les limitacions previstes en la llei, a sol\u00b7licitar la limitaci\u00f3 del tractament o portabilitat de les dades, dirigint-se per escrit a CONSULTORS SOLUCIONS MA, S.L.U. amb domicili a Av. Princep Benlloch, 26-30, 1 pis, (AD500) Andorra la Vella, Principat d\u2019Andorra, o per email a info@consultors-solucions.com<\/p>\n<p>Se l&#8217;informa especialment que CONSULTORS SOLUCIONS MA, S.L.U. no pren decisions automatitzades sobre aquesta mena de dades. Es recorda el dret de l&#8217;usuari a presentar una reclamaci\u00f3 davant l&#8217;Ag\u00e8ncia de Protecci\u00f3 de Dades Andorrana (ADPA) en cas que consideri que s&#8217;ha vulnerat algun dels seus drets sota les vigents disposicions legals.[\/vc_column_text][vc_empty_space][\/vc_column][\/vc_row][vc_row][vc_column][vc_custom_heading text=&#8221;FORMULARI SUBSCRIPCI\u00d3 A LA NEWSLETTER&#8221;][vc_column_text]D&#8217;acord amb el que s&#8217;estableix en la Llei 15\/2003, de 18 de desembre, Qualificada de Protecci\u00f3 de Dades personals (LQPD) i el Reglament de l\u2019Ag\u00e8ncia Andorrana de Protecci\u00f3 de Dades que la desenvolupa, aix\u00ed com del Reglament (UE) 2016\/679 del Parlament Europeu i del Consell, de 27 d\u2019abril de 2016, Reglament General de Protecci\u00f3 de Dades (GDPR), l\u2019informem que les seves dades de car\u00e0cter personal recollides a trav\u00e9s del \u201cFormulari de subscripci\u00f3 a la Newsletter\u201d, han estat incorporades als fitxers degudament inscrits davant l\u2019Ag\u00e8ncia de Protecci\u00f3 de Dades d\u2019Andorra (APDA), i seran tractades pel Responsable del Tractament: CONSULTORS SOLUCIONS MA, S.L.U.<\/p>\n<p>Les seves dades seran tractades amb la finalitat d&#8217;incloure-li en el llistat de receptors de nostra Newsletter informativa que es remet de manera electr\u00f2nica.<\/p>\n<p>El tractament d&#8217;aquestes dades est\u00e0 basat en el consentiment de l&#8217;interessat en facilitar les seves dades. Les seves dades seran cedides a la companyia ANDORRE INVEST GLOBAL, S.L. per tal de fer-li arribar les novetats jur\u00eddiques per part dels professionals titulars de la Newsletter. Les dades proporcionades es conservaran indefinidament fins que Vost\u00e8 es doni de baixa com a receptor de la Newsletter.<\/p>\n<p>Aix\u00ed mateix, li recordem que t\u00e9 dret en qualsevol moment a accedir, rectificar i cancel\u00b7lar, les dades referents a la seva persona, aix\u00ed com oposar-se al tractament d&#8217;aquests, sol\u00b7licitar la limitaci\u00f3 del tractament o portabilitat de les dades, dirigint-se per escrit a CONSULTORS SOLUCIONS MA, S.L.U. amb domicili a Av. Princep Benlloch, 26-30, 1 pis, (AD500) Andorra la Vella, Principat d\u2019Andorra, o per email a info@consultors-solucions.com<\/p>\n<p>Se l&#8217;informa especialment que CONSULTORS SOLUCIONS MA, S.L.U. no pren decisions automatitzades sobre els seus usuaris. Es recorda als usuaris el seu dret a presentar una reclamaci\u00f3 davant l&#8217;Ag\u00e8ncia de Protecci\u00f3 de Dades Andorrana (APDA) en cas que consideri que s&#8217;ha vulnerat algun dels seus drets sota les vigents disposicions legals.[\/vc_column_text][vc_empty_space height=&#8221;50px&#8221;][\/vc_column][\/vc_row][vc_row][vc_column][vc_custom_heading text=&#8221;C\u00c0MERES DE VIDEOVIGIL\u00c0NCIA&#8221;][vc_column_text]D\u2019acord amb la normativa vigent andorrana, principalment la Llei 15\/2003, de 18 de desembre, Qualificada de Protecci\u00f3 de Dades Personals (LQPD) i el Reglament de l\u2019Ag\u00e8ncia Andorrana de Protecci\u00f3 de Dades que la desenvolupa, aix\u00ed com del Reglament (UE) 2016\/679 del Parlament Europeu i del Consell, de 27 d\u2019abril de 2016, Reglament General de Protecci\u00f3 de Dades (GDPR), CONSULTORS SOLUCIONS MA, S.L.U. els informa que les instal\u00b7lacions compten amb un sistema de videovigil\u00e0ncia i que, per tant, el tractament de la seva imatge, com a dada de car\u00e0cter personal recollida a trav\u00e9s del sistema anomenat, s\u2019ha incorporat al fitxer de VIDEOVIGIL\u00c0NCIA inscrit davant l\u2019Ag\u00e8ncia de Protecci\u00f3 de Dades d\u2019Andorra (APDA).<\/p>\n<p>Les dades del Responsable del Tractament s\u00f3n les seg\u00fcents:<\/p>\n<ul>\n<li>Responsable del tractament: CONSULTORS SOLUCIONS MA, S.L.U.<\/li>\n<li>NRT: 709340-K<\/li>\n<li>Adre\u00e7a postal: Av. Pr\u00edncep Benlloch, n\u00fam. 26-30, 1 pis, (AD500) Andorra la Vella, Principat d\u2019Andorra.<\/li>\n<li>Tel\u00e8fon: (+376) 866 770<\/li>\n<li>Adre\u00e7a electr\u00f2nica: info@consultors-solucions.com<\/li>\n<\/ul>\n<p>Les seves dades seran tractades amb la finalitat protegir la seguretat de l\u2019establiment, i en concret per tal de garantir la seguretat de les persones i els b\u00e9ns a l\u2019espai privat que es troba videovigilat. La base legitimadora del tractament de les seves dades personals es fonamenta en l\u2019inter\u00e8s leg\u00edtim (article 6 GDPR).<\/p>\n<p>El tractament de les dades no comporta decisions automatitzades, ni l\u2019elaboraci\u00f3 de perfils amb finalitats predictives de prefer\u00e8ncies personals, comportaments o actituds.<\/p>\n<p>Les seves dades no seran cedides a altres responsables, nacionals i\/o internacionals; a excepci\u00f3 d\u2019aquells casos en qu\u00e8 existeixi una obligaci\u00f3 legal de fer-ho.<\/p>\n<p>Les seves dades seran conservades un m\u00e0xim d\u2019un mes, a excepci\u00f3 d\u2019aquells casos en qu\u00e8 existeixi una obligaci\u00f3 legal de conservaci\u00f3. Transcorreguts els terminis m\u00e0xims de conservaci\u00f3 establerts legalment, les seves dades seran suprimides.<\/p>\n<p>En qualsevol cas, es poden exercir els drets d\u2019acc\u00e9s, rectificaci\u00f3, oposici\u00f3, supressi\u00f3, limitaci\u00f3, i portabilitat, aix\u00ed com la seva decisi\u00f3 a no ser objecte de decisions individuals automatitzades; posant-se en contacte amb el Responsable del Tractament a trav\u00e9s del correu electr\u00f2nic info@consultors-solucions.com, o a trav\u00e9s de correu ordinari. Aix\u00ed mateix, en cas de no poder exercir els seus drets davant el Responsable del Tractament, t\u00e9 vost\u00e8 dret a dirigir la seva reclamaci\u00f3 a l\u2019Ag\u00e8ncia de Protecci\u00f3 de Dades Andorrana (APDA).[\/vc_column_text][vc_empty_space height=&#8221;50px&#8221;][\/vc_column][\/vc_row]<\/p>\n","protected":false},"excerpt":{"rendered":"<p>[vc_row][vc_column][vc_column_text] POL\u00cdTICA DE PRIVACITAT RESPONSABLE DEL TRACTAMENT: CONSULTORS SOLUCIONS MA, S.L.U. FINALITAT: Gestionar les consultes dels Usuaris. Incloure\u2019l al llistat de subscriptors de la nostra Newsletter. BASE JUR\u00cdDICA: El consentiment de l\u2019Usuari del web. DESTINATARIS: Les seves dades es cediran a ANDORRE INVEST GLOBAL, S.L. CONSERVACI\u00d3: Per\u00edode legal m\u00e0xim establert. DRETS DE L\u2019INTERESSAT: Accedir, rectificar i<\/p>\n","protected":false},"author":1,"featured_media":0,"parent":0,"menu_order":0,"comment_status":"closed","ping_status":"open","template":"","meta":{"_monsterinsights_skip_tracking":false,"_monsterinsights_sitenote_active":false,"_monsterinsights_sitenote_note":"","_monsterinsights_sitenote_category":0,"footnotes":""},"class_list":["post-14970","page","type-page","status-publish","hentry"],"acf":[],"yoast_head":"<!-- This site is optimized with the Yoast SEO plugin v25.9 - https:\/\/yoast.com\/wordpress\/plugins\/seo\/ -->\n<title>Pol\u00edtica de privacitat i drets dels Usuaris | ANDORRE INVEST<\/title>\n<meta name=\"description\" content=\"Informaci\u00f3 de la nostra pol\u00edtica de privacitat, processament de les dades i drets dels usuaris usant la web d&#039;ANDORRE INVEST.\" \/>\n<meta name=\"robots\" content=\"index, follow, max-snippet:-1, max-image-preview:large, max-video-preview:-1\" \/>\n<link rel=\"canonical\" href=\"https:\/\/www.andorra-solutions.com\/ca\/politica-privacitat\/\" \/>\n<meta property=\"og:locale\" content=\"ca_ES\" \/>\n<meta property=\"og:type\" content=\"article\" \/>\n<meta property=\"og:title\" content=\"Pol\u00edtica de privacitat i drets dels Usuaris | ANDORRE INVEST\" \/>\n<meta property=\"og:description\" content=\"Informaci\u00f3 de la nostra pol\u00edtica de privacitat, processament de les dades i drets dels usuaris usant la web d&#039;ANDORRE INVEST.\" \/>\n<meta property=\"og:url\" content=\"https:\/\/www.andorra-solutions.com\/ca\/politica-privacitat\/\" \/>\n<meta property=\"og:site_name\" content=\"ANDORRE INVEST\" \/>\n<meta property=\"article:publisher\" content=\"https:\/\/es-la.facebook.com\/andorrasolutions\/\" \/>\n<meta property=\"article:modified_time\" content=\"2021-10-14T10:53:31+00:00\" \/>\n<meta name=\"twitter:label1\" content=\"Temps estimat de lectura\" \/>\n\t<meta name=\"twitter:data1\" content=\"5 minuts\" \/>\n<!-- \/ Yoast SEO plugin. -->","yoast_head_json":{"title":"Pol\u00edtica de privacitat i drets dels Usuaris | ANDORRE INVEST","description":"Informaci\u00f3 de la nostra pol\u00edtica de privacitat, processament de les dades i drets dels usuaris usant la web d'ANDORRE INVEST.","robots":{"index":"index","follow":"follow","max-snippet":"max-snippet:-1","max-image-preview":"max-image-preview:large","max-video-preview":"max-video-preview:-1"},"canonical":"https:\/\/www.andorra-solutions.com\/ca\/politica-privacitat\/","og_locale":"ca_ES","og_type":"article","og_title":"Pol\u00edtica de privacitat i drets dels Usuaris | ANDORRE INVEST","og_description":"Informaci\u00f3 de la nostra pol\u00edtica de privacitat, processament de les dades i drets dels usuaris usant la web d'ANDORRE INVEST.","og_url":"https:\/\/www.andorra-solutions.com\/ca\/politica-privacitat\/","og_site_name":"ANDORRE INVEST","article_publisher":"https:\/\/es-la.facebook.com\/andorrasolutions\/","article_modified_time":"2021-10-14T10:53:31+00:00","twitter_misc":{"Temps estimat de lectura":"5 minuts"},"schema":{"@context":"https:\/\/schema.org","@graph":[{"@type":"WebPage","@id":"https:\/\/www.andorra-solutions.com\/ca\/politica-privacitat\/","url":"https:\/\/www.andorra-solutions.com\/ca\/politica-privacitat\/","name":"Pol\u00edtica de privacitat i drets dels Usuaris | ANDORRE INVEST","isPartOf":{"@id":"https:\/\/www.andorra-solutions.com\/ca\/#website"},"datePublished":"2020-12-02T15:08:47+00:00","dateModified":"2021-10-14T10:53:31+00:00","description":"Informaci\u00f3 de la nostra pol\u00edtica de privacitat, processament de les dades i drets dels usuaris usant la web d'ANDORRE INVEST.","breadcrumb":{"@id":"https:\/\/www.andorra-solutions.com\/ca\/politica-privacitat\/#breadcrumb"},"inLanguage":"ca","potentialAction":[{"@type":"ReadAction","target":["https:\/\/www.andorra-solutions.com\/ca\/politica-privacitat\/"]}]},{"@type":"BreadcrumbList","@id":"https:\/\/www.andorra-solutions.com\/ca\/politica-privacitat\/#breadcrumb","itemListElement":[{"@type":"ListItem","position":1,"name":"Home","item":"https:\/\/www.andorra-solutions.com\/ca\/"},{"@type":"ListItem","position":2,"name":"Pol\u00edtica de privacitat"}]},{"@type":"WebSite","@id":"https:\/\/www.andorra-solutions.com\/ca\/#website","url":"https:\/\/www.andorra-solutions.com\/ca\/","name":"ANDORRE INVEST","description":"","publisher":{"@id":"https:\/\/www.andorra-solutions.com\/ca\/#organization"},"potentialAction":[{"@type":"SearchAction","target":{"@type":"EntryPoint","urlTemplate":"https:\/\/www.andorra-solutions.com\/ca\/?s={search_term_string}"},"query-input":{"@type":"PropertyValueSpecification","valueRequired":true,"valueName":"search_term_string"}}],"inLanguage":"ca"},{"@type":"Organization","@id":"https:\/\/www.andorra-solutions.com\/ca\/#organization","name":"ANDORRE INVEST","url":"https:\/\/www.andorra-solutions.com\/ca\/","logo":{"@type":"ImageObject","inLanguage":"ca","@id":"https:\/\/www.andorra-solutions.com\/ca\/#\/schema\/logo\/image\/","url":"https:\/\/www.andorra-solutions.com\/wp-content\/uploads\/2021\/04\/logo-abast-andorra-solutions-peq.png","contentUrl":"https:\/\/www.andorra-solutions.com\/wp-content\/uploads\/2021\/04\/logo-abast-andorra-solutions-peq.png","width":211,"height":58,"caption":"ANDORRE INVEST"},"image":{"@id":"https:\/\/www.andorra-solutions.com\/ca\/#\/schema\/logo\/image\/"},"sameAs":["https:\/\/es-la.facebook.com\/andorrasolutions\/","https:\/\/x.com\/andorrasolution","https:\/\/www.linkedin.com\/company\/andorra-solutions\/","https:\/\/www.youtube.com\/c\/AndorraSolutions"]}]}},"_links":{"self":[{"href":"https:\/\/www.andorra-solutions.com\/ca\/wp-json\/wp\/v2\/pages\/14970","targetHints":{"allow":["GET"]}}],"collection":[{"href":"https:\/\/www.andorra-solutions.com\/ca\/wp-json\/wp\/v2\/pages"}],"about":[{"href":"https:\/\/www.andorra-solutions.com\/ca\/wp-json\/wp\/v2\/types\/page"}],"author":[{"embeddable":true,"href":"https:\/\/www.andorra-solutions.com\/ca\/wp-json\/wp\/v2\/users\/1"}],"replies":[{"embeddable":true,"href":"https:\/\/www.andorra-solutions.com\/ca\/wp-json\/wp\/v2\/comments?post=14970"}],"version-history":[{"count":0,"href":"https:\/\/www.andorra-solutions.com\/ca\/wp-json\/wp\/v2\/pages\/14970\/revisions"}],"wp:attachment":[{"href":"https:\/\/www.andorra-solutions.com\/ca\/wp-json\/wp\/v2\/media?parent=14970"}],"curies":[{"name":"wp","href":"https:\/\/api.w.org\/{rel}","templated":true}]}}