{"id":14966,"date":"2021-05-19T13:22:29","date_gmt":"2021-05-19T13:22:29","guid":{"rendered":"https:\/\/www.andorra-solutions.com\/aviso-legal\/"},"modified":"2025-09-15T11:02:04","modified_gmt":"2025-09-15T11:02:04","slug":"avis-legal","status":"publish","type":"page","link":"https:\/\/www.andorra-solutions.com\/ca\/avis-legal\/","title":{"rendered":"Av\u00eds legal"},"content":{"rendered":"<p>[vc_row][vc_column][vc_custom_heading text=&#8221;1.- INFORMACI\u00d3 LEGAL&#8221; use_theme_fonts=&#8221;yes&#8221;][vc_column_text]A continuaci\u00f3 s\u2019indiquen les dades d\u2019informaci\u00f3 general d\u2019aquest LLOC WEB:<\/p>\n<ul>\n<li>Titular: ANDORRE INVEST GLOBAL, S.L.<\/li>\n<li>NRT: L-714444-T<\/li>\n<li>Adre\u00e7a: Passeig Arnaldeta de Caboet, 11, pis 2 pta. 1, (AD700) Escaldes-Engordany, Principat d&#8217;Andorra.<\/li>\n<li>Tel\u00e8fon: (+376) 737 837<\/li>\n<li>Correu electr\u00f2nic: central@andorre-invest.com<\/li>\n<\/ul>\n<p>La visita a aquest LLOC WEB atribueix la condici\u00f3 d\u2019\u201cUSUARI\u201d al visitant, amb independ\u00e8ncia de la condici\u00f3 de \u201cCLIENT\u201d que aquest usuari pugui tenir amb ANDORRE INVEST GLOBAL, S.L.<\/p>\n<p>L\u2019objectiu d\u2019aquest LLOC WEB \u00e9s oferir als CLIENTS i\/o USUARIS informaci\u00f3 relativa a productes i serveis de ANDORRE INVEST GLOBAL, S.L.<\/p>\n<p>L\u2019USUARI, mitjan\u00e7ant l\u2019acc\u00e9s a tots els continguts que formen part del LLOC WEB, pot visitar, obtenir informaci\u00f3 de productes i serveis, i adre\u00e7ar sol\u00b7licituds i\/o comunicacions a ANDORRE INVEST GLOBAL, S.L. Aquest acc\u00e9s implica l\u2019acceptaci\u00f3 plena i sense reserves de totes les disposicions i els termes d\u2019\u00fas que cont\u00e9 aquest \u201cAv\u00eds legal\u201d.[\/vc_column_text][vc_empty_space][\/vc_column][\/vc_row][vc_row][vc_column][vc_custom_heading text=&#8221;2.- PROPIETAT INTEL\u00b7LECTUAL I INDUSTRIAL&#8221; use_theme_fonts=&#8221;yes&#8221;][vc_column_text]Tots els continguts del LLOC WEB, entenent per aquests a t\u00edtol merament enunciatiu, els textos, fotografies, gr\u00e0fics, imatges, icones, tecnologia, programari, enlla\u00e7os i altres continguts audiovisuals o sonors, aix\u00ed com el seu disseny gr\u00e0fic i codis font (d\u2019ara endavant, els \u201cCONTINGUTS\u201d), s\u00f3n propietat intel\u00b7lectual de ANDORRE INVEST GLOBAL, S.L. o de tercers.<\/p>\n<p>Les marques, noms comercials o signes distintius s\u00f3n titularitat de ANDORRE INVEST GLOBAL, S.L. o tercers, sense que pugui entendre\u2019s que l\u2019acc\u00e9s al LLOC WEB atribueixi cap dret sobre les marques, noms comercials i\/o signes distintius.<\/p>\n<p>La violaci\u00f3 dels anteriors drets ser\u00e0 perseguida conforme a la legislaci\u00f3 vigent.<\/p>\n<p>A l\u2019efecte de preservar els possibles drets de propietat intel\u00b7lectual, en el cas que qualsevol USUARI o un tercer consideri que s\u2019ha produ\u00eft una violaci\u00f3 dels seus leg\u00edtims drets per la introducci\u00f3 d\u2019un determinat contingut en el LLOC WEB, haur\u00e0 de notificar aquesta circumst\u00e0ncia a ANDORRE INVEST GLOBAL, S.L.<\/p>\n<p>En qualsevol cas, ANDORRE INVEST GLOBAL, S.L. no assumir\u00e0 responsabilitat respecte dels drets de Propietat Intel\u00b7lectual o Industrial titularitat de tercers, que es puguin veure infringits per un tercer o per l\u2019USUARI.[\/vc_column_text][vc_empty_space][\/vc_column][\/vc_row][vc_row][vc_column][vc_custom_heading text=&#8221;3.- CONDICIONS D\u2019\u00daS DEL LLOC WEB&#8221; use_theme_fonts=&#8221;yes&#8221;][vc_column_text el_class=&#8221;negrita-corporativo texto-15px&#8221;]<strong>CONDICIONS GENERALS<\/strong><\/p>\n<p>L\u2019USUARI s\u2019obliga a fer un \u00fas correcte del LLOC WEB de conformitat amb la Llei i les presents condicions d\u2019\u00fas. L\u2019USUARI respondr\u00e0 enfront de ANDORRE INVEST GLOBAL, S.L. o enfront de tercers, de qualssevol danys i perjudicis que poguessin esdevenir a conseq\u00fc\u00e8ncia de l\u2019incompliment d\u2019aquesta obligaci\u00f3.<\/p>\n<p>Queda expressament prohibit l\u2019\u00fas del LLOC WEB amb finalitats lesives de b\u00e9ns o interessos de ANDORRE INVEST GLOBAL, S.L. o de tercers, o que de qualsevol altra forma sobrecarreguin, danyin o inutilitzin les xarxes, servidors i altres equips inform\u00e0tics o productes i aplicacions inform\u00e0tiques de l\u2019entitat o de tercers.<\/p>\n<p><strong>CONTINGUTS<\/strong><\/p>\n<p>L\u2019USUARI es compromet a utilitzar els Continguts de conformitat amb la Llei i el present Av\u00eds legal, aix\u00ed com amb les altres condicions, reglaments i instruccions que, en el seu cas pogueren ser aplicable.[\/vc_column_text][vc_empty_space][\/vc_column][\/vc_row][vc_row][vc_column][vc_custom_heading text=&#8221;4.- EXCLUSI\u00d3 DE RESPONSABILITAT&#8221; use_theme_fonts=&#8221;yes&#8221;][vc_column_text el_class=&#8221;negrita-corporativo texto-15px&#8221;]<strong>INFORMACI\u00d3<\/strong><\/p>\n<p>L\u2019acc\u00e9s al LLOC WEB no implica l\u2019obligaci\u00f3 per part de ANDORRE INVEST GLOBAL, S.L. de comprovar la veracitat, exactitud, adequaci\u00f3, idone\u00eftat, exhaustivitat i actualitat de la informaci\u00f3 subministrada a trav\u00e9s d\u2019aquest. En aquest sentit, ANDORRE INVEST GLOBAL, S.L. no garanteix que els continguts del website hagin d\u2019estar permanentment actualitzats, ni que manquin de qualsevol classe d\u2019error.<\/p>\n<p>ANDORRE INVEST GLOBAL, S.L. no es responsabilitza per qualsevol mal i\/o perjudici i\/o benefici deixat d\u2019obtenir per l\u2019USUARI o per qualsevol tercer que es vegi perjudicat a conseq\u00fc\u00e8ncia d\u2019aquests.<\/p>\n<p><strong>QUALITAT DEL SERVEI<\/strong><\/p>\n<p>L\u2019acc\u00e9s al LLOC WEB no implica l\u2019obligaci\u00f3 per part de ANDORRE INVEST GLOBAL, S.L. de controlar l\u2019abs\u00e8ncia de virus, cucs o qualsevol altre element inform\u00e0tic nociu. Correspon a l\u2019USUARI, la disponibilitat d\u2019eines adequades per a la detecci\u00f3 i desinfecci\u00f3 de programes inform\u00e0tics nocius.<\/p>\n<p>ANDORRE INVEST GLOBAL, S.L. no es responsabilitza dels danys produ\u00efts en els equips inform\u00e0tics dels USUARIS o de tercers durant la prestaci\u00f3 del servei del LLOC WEB.<\/p>\n<p><strong>DISPONIBILITAT DEL SERVEI<\/strong><\/p>\n<p>L\u2019acc\u00e9s al LLOC WEB requereix serveis i subministraments de tercers, incloses les xarxes de telecomunicacions. Per tant, la seva fiabilitat, qualitat, continu\u00eftat i funcionament dep\u00e8n de tercers. En aquest sentit, els continguts prove\u00efts a trav\u00e9s del LLOC WEB poden ser suspesos, cancel\u00b7lats o resultar inaccessibles.<\/p>\n<p>ANDORRE INVEST GLOBAL, S.L. no es responsabilitza dels danys o perjudicis de qualsevol mena, produ\u00efts per errors o desconnexions a les xarxes de telecomunicacions, que puguin produir per la suspensi\u00f3, cancel\u00b7laci\u00f3 o interrupci\u00f3 del servei del LLOC WEB.[\/vc_column_text][vc_empty_space][\/vc_column][\/vc_row][vc_row][vc_column][vc_custom_heading text=&#8221;5.- PROTECCI\u00d3 DE DADES&#8221; use_theme_fonts=&#8221;yes&#8221;][vc_column_text]Veure la corresponent \u201cPol\u00edtica de Privacitat\u201d.[\/vc_column_text][vc_empty_space][\/vc_column][\/vc_row][vc_row][vc_column][vc_custom_heading text=&#8221;6.- JURISDICCI\u00d3 I LLEI APLICABLE&#8221; use_theme_fonts=&#8221;yes&#8221;][vc_column_text]Aquest Av\u00eds Legal es regeix per la legislaci\u00f3 andorrana.<\/p>\n<p>Els USUARIS d\u2019aquest LLOC WEB se sotmeten a la jurisdicci\u00f3 andorrana, amb ren\u00fancia expressa a qualsevol altre fur que, conforme a Dret, els pogu\u00e9s correspondre.<\/p>\n<p>ANDORRE INVEST GLOBAL, S.L. es reserva la facultat d\u2019efectuar, en qualsevol moment i sense necessitat d\u2019av\u00eds previ, modificacions i actualitzacions de la informaci\u00f3 que cont\u00e9 el LLOC WEB o de la configuraci\u00f3 i\/o presentaci\u00f3 d\u2019aquest.[\/vc_column_text][vc_empty_space height=&#8221;50px&#8221;][\/vc_column][\/vc_row]<\/p>\n","protected":false},"excerpt":{"rendered":"<p>[vc_row][vc_column][vc_custom_heading text=&#8221;1.- INFORMACI\u00d3 LEGAL&#8221; use_theme_fonts=&#8221;yes&#8221;][vc_column_text]A continuaci\u00f3 s\u2019indiquen les dades d\u2019informaci\u00f3 general d\u2019aquest LLOC WEB: Titular: ANDORRE INVEST GLOBAL, S.L. NRT: L-714444-T Adre\u00e7a: Passeig Arnaldeta de Caboet, 11, pis 2 pta. 1, (AD700) Escaldes-Engordany, Principat d&#8217;Andorra. Tel\u00e8fon: (+376) 737 837 Correu electr\u00f2nic: central@andorre-invest.com La visita a aquest LLOC WEB atribueix la condici\u00f3 d\u2019\u201cUSUARI\u201d al visitant, amb independ\u00e8ncia<\/p>\n","protected":false},"author":1,"featured_media":0,"parent":0,"menu_order":0,"comment_status":"closed","ping_status":"open","template":"","meta":{"_monsterinsights_skip_tracking":false,"_monsterinsights_sitenote_active":false,"_monsterinsights_sitenote_note":"","_monsterinsights_sitenote_category":0,"footnotes":""},"class_list":["post-14966","page","type-page","status-publish","hentry"],"acf":[],"yoast_head":"<!-- This site is optimized with the Yoast SEO plugin v25.9 - https:\/\/yoast.com\/wordpress\/plugins\/seo\/ -->\n<title>Av\u00eds legal per als usuaris de la web | ANDORRE INVEST<\/title>\n<meta name=\"description\" content=\"Av\u00eds legal de l&#039;empresa per a usuaris i clients que visitin la nostra p\u00e0gina web. Si vol m\u00e9s informaci\u00f3, contacti amb nosaltres.\" \/>\n<meta name=\"robots\" content=\"index, follow, max-snippet:-1, max-image-preview:large, max-video-preview:-1\" \/>\n<link rel=\"canonical\" href=\"https:\/\/www.andorra-solutions.com\/ca\/avis-legal\/\" \/>\n<meta property=\"og:locale\" content=\"ca_ES\" \/>\n<meta property=\"og:type\" content=\"article\" \/>\n<meta property=\"og:title\" content=\"Av\u00eds legal per als usuaris de la web | ANDORRE INVEST\" \/>\n<meta property=\"og:description\" content=\"Av\u00eds legal de l&#039;empresa per a usuaris i clients que visitin la nostra p\u00e0gina web. Si vol m\u00e9s informaci\u00f3, contacti amb nosaltres.\" \/>\n<meta property=\"og:url\" content=\"https:\/\/www.andorra-solutions.com\/ca\/avis-legal\/\" \/>\n<meta property=\"og:site_name\" content=\"ANDORRE INVEST\" \/>\n<meta property=\"article:publisher\" content=\"https:\/\/es-la.facebook.com\/andorrasolutions\/\" \/>\n<meta property=\"article:modified_time\" content=\"2025-09-15T11:02:04+00:00\" \/>\n<meta name=\"twitter:label1\" content=\"Temps estimat de lectura\" \/>\n\t<meta name=\"twitter:data1\" content=\"4 minuts\" \/>\n<!-- \/ Yoast SEO plugin. -->","yoast_head_json":{"title":"Av\u00eds legal per als usuaris de la web | ANDORRE INVEST","description":"Av\u00eds legal de l'empresa per a usuaris i clients que visitin la nostra p\u00e0gina web. Si vol m\u00e9s informaci\u00f3, contacti amb nosaltres.","robots":{"index":"index","follow":"follow","max-snippet":"max-snippet:-1","max-image-preview":"max-image-preview:large","max-video-preview":"max-video-preview:-1"},"canonical":"https:\/\/www.andorra-solutions.com\/ca\/avis-legal\/","og_locale":"ca_ES","og_type":"article","og_title":"Av\u00eds legal per als usuaris de la web | ANDORRE INVEST","og_description":"Av\u00eds legal de l'empresa per a usuaris i clients que visitin la nostra p\u00e0gina web. Si vol m\u00e9s informaci\u00f3, contacti amb nosaltres.","og_url":"https:\/\/www.andorra-solutions.com\/ca\/avis-legal\/","og_site_name":"ANDORRE INVEST","article_publisher":"https:\/\/es-la.facebook.com\/andorrasolutions\/","article_modified_time":"2025-09-15T11:02:04+00:00","twitter_misc":{"Temps estimat de lectura":"4 minuts"},"schema":{"@context":"https:\/\/schema.org","@graph":[{"@type":"WebPage","@id":"https:\/\/www.andorra-solutions.com\/ca\/avis-legal\/","url":"https:\/\/www.andorra-solutions.com\/ca\/avis-legal\/","name":"Av\u00eds legal per als usuaris de la web | ANDORRE INVEST","isPartOf":{"@id":"https:\/\/www.andorra-solutions.com\/ca\/#website"},"datePublished":"2021-05-19T13:22:29+00:00","dateModified":"2025-09-15T11:02:04+00:00","description":"Av\u00eds legal de l'empresa per a usuaris i clients que visitin la nostra p\u00e0gina web. Si vol m\u00e9s informaci\u00f3, contacti amb nosaltres.","breadcrumb":{"@id":"https:\/\/www.andorra-solutions.com\/ca\/avis-legal\/#breadcrumb"},"inLanguage":"ca","potentialAction":[{"@type":"ReadAction","target":["https:\/\/www.andorra-solutions.com\/ca\/avis-legal\/"]}]},{"@type":"BreadcrumbList","@id":"https:\/\/www.andorra-solutions.com\/ca\/avis-legal\/#breadcrumb","itemListElement":[{"@type":"ListItem","position":1,"name":"Home","item":"https:\/\/www.andorra-solutions.com\/ca\/"},{"@type":"ListItem","position":2,"name":"Av\u00eds legal"}]},{"@type":"WebSite","@id":"https:\/\/www.andorra-solutions.com\/ca\/#website","url":"https:\/\/www.andorra-solutions.com\/ca\/","name":"ANDORRE INVEST","description":"","publisher":{"@id":"https:\/\/www.andorra-solutions.com\/ca\/#organization"},"potentialAction":[{"@type":"SearchAction","target":{"@type":"EntryPoint","urlTemplate":"https:\/\/www.andorra-solutions.com\/ca\/?s={search_term_string}"},"query-input":{"@type":"PropertyValueSpecification","valueRequired":true,"valueName":"search_term_string"}}],"inLanguage":"ca"},{"@type":"Organization","@id":"https:\/\/www.andorra-solutions.com\/ca\/#organization","name":"ANDORRE INVEST","url":"https:\/\/www.andorra-solutions.com\/ca\/","logo":{"@type":"ImageObject","inLanguage":"ca","@id":"https:\/\/www.andorra-solutions.com\/ca\/#\/schema\/logo\/image\/","url":"https:\/\/www.andorra-solutions.com\/wp-content\/uploads\/2021\/04\/logo-abast-andorra-solutions-peq.png","contentUrl":"https:\/\/www.andorra-solutions.com\/wp-content\/uploads\/2021\/04\/logo-abast-andorra-solutions-peq.png","width":211,"height":58,"caption":"ANDORRE INVEST"},"image":{"@id":"https:\/\/www.andorra-solutions.com\/ca\/#\/schema\/logo\/image\/"},"sameAs":["https:\/\/es-la.facebook.com\/andorrasolutions\/","https:\/\/x.com\/andorrasolution","https:\/\/www.linkedin.com\/company\/andorra-solutions\/","https:\/\/www.youtube.com\/c\/AndorraSolutions"]}]}},"_links":{"self":[{"href":"https:\/\/www.andorra-solutions.com\/ca\/wp-json\/wp\/v2\/pages\/14966","targetHints":{"allow":["GET"]}}],"collection":[{"href":"https:\/\/www.andorra-solutions.com\/ca\/wp-json\/wp\/v2\/pages"}],"about":[{"href":"https:\/\/www.andorra-solutions.com\/ca\/wp-json\/wp\/v2\/types\/page"}],"author":[{"embeddable":true,"href":"https:\/\/www.andorra-solutions.com\/ca\/wp-json\/wp\/v2\/users\/1"}],"replies":[{"embeddable":true,"href":"https:\/\/www.andorra-solutions.com\/ca\/wp-json\/wp\/v2\/comments?post=14966"}],"version-history":[{"count":1,"href":"https:\/\/www.andorra-solutions.com\/ca\/wp-json\/wp\/v2\/pages\/14966\/revisions"}],"predecessor-version":[{"id":19069,"href":"https:\/\/www.andorra-solutions.com\/ca\/wp-json\/wp\/v2\/pages\/14966\/revisions\/19069"}],"wp:attachment":[{"href":"https:\/\/www.andorra-solutions.com\/ca\/wp-json\/wp\/v2\/media?parent=14966"}],"curies":[{"name":"wp","href":"https:\/\/api.w.org\/{rel}","templated":true}]}}