{"id":14841,"date":"2021-05-10T15:07:29","date_gmt":"2021-05-10T15:07:29","guid":{"rendered":"https:\/\/www.andorra-solutions.com\/notarias-andorra\/"},"modified":"2021-06-02T11:10:15","modified_gmt":"2021-06-02T11:10:15","slug":"notaries-andorra","status":"publish","type":"page","link":"https:\/\/www.andorra-solutions.com\/ca\/notaries-andorra\/","title":{"rendered":"Notaries al Principat d&#8217;Andorra"},"content":{"rendered":"<p>[vc_row css_animation=&#8221;fadeIn&#8221;][vc_column][vc_column_text el_class=&#8221;negrita-corporativo texto-15px&#8221;]Moltes de les gestions relacionades amb la creaci\u00f3 d&#8217;una empresa a Andorra, tr\u00e0mits davant el Registre Mercantil andorr\u00e0, tr\u00e0mits relacionats amb el dret civil i mercantil, legitimaci\u00f3 de documents, redacci\u00f3 de poders, compravenda de b\u00e9ns immobles, etc. requereixen la intervenci\u00f3 d&#8217;un notari a Andorra. A m\u00e9s, les responsabilitats dels notaris a Andorra s\u00f3n m\u00e9s \u00e0mplies a les que realitzen els seus hom\u00f2legs en altres pa\u00efsos. Per exemple, els notaris andorrans gestionen, financen i organitzen el Registre Central d&#8217;\u00faltimes voluntats i nom\u00e9s ells poden emetre certificats d&#8217;aquest Registre.<\/p>\n<p>Una altra particularitat \u00e9s que a Andorra no hi ha un registre p\u00fablic de propietat immobili\u00e0ria com en altres pa\u00efsos, nom\u00e9s el Registre notarial on s&#8217;anota el cadastre comunal i grav\u00e0mens entre d&#8217;altres.<\/p>\n<p>Tamb\u00e9 s&#8217;encarreguen de recaptar i liquidar els impostos que tenen a veure amb la prestaci\u00f3 de servei notarial: la plusv\u00e0lua immobili\u00e0ria, l&#8217;impost de transmissions immobili\u00e0ries, l&#8217;IGI immobiliari i la taxa de societats.<\/p>\n<p>Actualment el Principat d&#8217;Andorra disposa de 5 notaris en actiu:<\/p>\n<p><strong>Notaria Bartumeu<\/strong><br \/>\nDirecci\u00f3: Carrer Prat de la Creu 36, 2n pis, AD500 Andorra la Vella<br \/>\nTel\u00e8fon: +376 801 000<\/p>\n<p><strong>Notaria Ferr\u00e0ndiz<\/strong><br \/>\nDirecci\u00f3: Baixada del Mol\u00ed, 7 &#8211; 9 &#8211; 11, Planta 1\u00aa, despatx A-5, AD500 Andorra la Vella<br \/>\nTel\u00e8fon: +376 802 660<\/p>\n<p><strong>Notaria Rodr\u00edguez Mi\u00f1ana<\/strong><br \/>\nDirecci\u00f3: Av. Carlemany, 105, 5-3, AD700 Escaldes-Engordany<br \/>\nTel\u00e8fon: +376 890 030<\/p>\n<p><strong>Notaria Jordi Par\u00eds Aguil\u00f3<\/strong><br \/>\nDirecci\u00f3: Carrer Prat de la Creu 8, 3er pis, 306-307, AD500 Andorra la Vella<br \/>\nTel\u00e8fon: +376 721 001<\/p>\n<p><strong>Notaria Jordi Junyer Ricart<\/strong><br \/>\nDirecci\u00f3: Pla\u00e7a Pr\u00edncep Benlloch 5, 2n, AD500 Andorra la Vella<br \/>\nTel\u00e8fon: +376 750 050<\/p>\n<p>No dubti en <a href=\"https:\/\/www.andorra-solutions.com\/ca\/contacte\/\" target=\"_blank\" rel=\"noopener noreferrer\">contactar amb nosaltres<\/a> per obtenir m\u00e9s informaci\u00f3.[\/vc_column_text][vc_empty_space][\/vc_column][\/vc_row]<\/p>\n","protected":false},"excerpt":{"rendered":"<p>[vc_row css_animation=&#8221;fadeIn&#8221;][vc_column][vc_column_text el_class=&#8221;negrita-corporativo texto-15px&#8221;]Moltes de les gestions relacionades amb la creaci\u00f3 d&#8217;una empresa a Andorra, tr\u00e0mits davant el Registre Mercantil andorr\u00e0, tr\u00e0mits relacionats amb el dret civil i mercantil, legitimaci\u00f3 de documents, redacci\u00f3 de poders, compravenda de b\u00e9ns immobles, etc. requereixen la intervenci\u00f3 d&#8217;un notari a Andorra. A m\u00e9s, les responsabilitats dels notaris a Andorra<\/p>\n","protected":false},"author":2,"featured_media":0,"parent":0,"menu_order":0,"comment_status":"closed","ping_status":"closed","template":"","meta":{"_monsterinsights_skip_tracking":false,"_monsterinsights_sitenote_active":false,"_monsterinsights_sitenote_note":"","_monsterinsights_sitenote_category":0,"footnotes":""},"class_list":["post-14841","page","type-page","status-publish","hentry"],"acf":[],"yoast_head":"<!-- This site is optimized with the Yoast SEO plugin v25.9 - https:\/\/yoast.com\/wordpress\/plugins\/seo\/ -->\n<title>Notaris actius per a procediments legals a Andorra - ANDORRE INVEST<\/title>\n<meta name=\"description\" content=\"Llista actualitzada de notaris a Andorra per als tr\u00e0mits legals que heu de realitzar. Consulteu ANDORRE INVEST per obtenir m\u00e9s informaci\u00f3.\" \/>\n<meta name=\"robots\" content=\"index, follow, max-snippet:-1, max-image-preview:large, max-video-preview:-1\" \/>\n<link rel=\"canonical\" href=\"https:\/\/www.andorra-solutions.com\/ca\/notaries-andorra\/\" \/>\n<meta property=\"og:locale\" content=\"ca_ES\" \/>\n<meta property=\"og:type\" content=\"article\" \/>\n<meta property=\"og:title\" content=\"Notaris actius per a procediments legals a Andorra - ANDORRE INVEST\" \/>\n<meta property=\"og:description\" content=\"Llista actualitzada de notaris a Andorra per als tr\u00e0mits legals que heu de realitzar. Consulteu ANDORRE INVEST per obtenir m\u00e9s informaci\u00f3.\" \/>\n<meta property=\"og:url\" content=\"https:\/\/www.andorra-solutions.com\/ca\/notaries-andorra\/\" \/>\n<meta property=\"og:site_name\" content=\"ANDORRE INVEST\" \/>\n<meta property=\"article:publisher\" content=\"https:\/\/es-la.facebook.com\/andorrasolutions\/\" \/>\n<meta property=\"article:modified_time\" content=\"2021-06-02T11:10:15+00:00\" \/>\n<meta name=\"twitter:label1\" content=\"Temps estimat de lectura\" \/>\n\t<meta name=\"twitter:data1\" content=\"2 minuts\" \/>\n<!-- \/ Yoast SEO plugin. -->","yoast_head_json":{"title":"Notaris actius per a procediments legals a Andorra - ANDORRE INVEST","description":"Llista actualitzada de notaris a Andorra per als tr\u00e0mits legals que heu de realitzar. Consulteu ANDORRE INVEST per obtenir m\u00e9s informaci\u00f3.","robots":{"index":"index","follow":"follow","max-snippet":"max-snippet:-1","max-image-preview":"max-image-preview:large","max-video-preview":"max-video-preview:-1"},"canonical":"https:\/\/www.andorra-solutions.com\/ca\/notaries-andorra\/","og_locale":"ca_ES","og_type":"article","og_title":"Notaris actius per a procediments legals a Andorra - ANDORRE INVEST","og_description":"Llista actualitzada de notaris a Andorra per als tr\u00e0mits legals que heu de realitzar. Consulteu ANDORRE INVEST per obtenir m\u00e9s informaci\u00f3.","og_url":"https:\/\/www.andorra-solutions.com\/ca\/notaries-andorra\/","og_site_name":"ANDORRE INVEST","article_publisher":"https:\/\/es-la.facebook.com\/andorrasolutions\/","article_modified_time":"2021-06-02T11:10:15+00:00","twitter_misc":{"Temps estimat de lectura":"2 minuts"},"schema":{"@context":"https:\/\/schema.org","@graph":[{"@type":"WebPage","@id":"https:\/\/www.andorra-solutions.com\/ca\/notaries-andorra\/","url":"https:\/\/www.andorra-solutions.com\/ca\/notaries-andorra\/","name":"Notaris actius per a procediments legals a Andorra - ANDORRE INVEST","isPartOf":{"@id":"https:\/\/www.andorra-solutions.com\/ca\/#website"},"datePublished":"2021-05-10T15:07:29+00:00","dateModified":"2021-06-02T11:10:15+00:00","description":"Llista actualitzada de notaris a Andorra per als tr\u00e0mits legals que heu de realitzar. Consulteu ANDORRE INVEST per obtenir m\u00e9s informaci\u00f3.","breadcrumb":{"@id":"https:\/\/www.andorra-solutions.com\/ca\/notaries-andorra\/#breadcrumb"},"inLanguage":"ca","potentialAction":[{"@type":"ReadAction","target":["https:\/\/www.andorra-solutions.com\/ca\/notaries-andorra\/"]}]},{"@type":"BreadcrumbList","@id":"https:\/\/www.andorra-solutions.com\/ca\/notaries-andorra\/#breadcrumb","itemListElement":[{"@type":"ListItem","position":1,"name":"Home","item":"https:\/\/www.andorra-solutions.com\/ca\/"},{"@type":"ListItem","position":2,"name":"Notaries al Principat d&#8217;Andorra"}]},{"@type":"WebSite","@id":"https:\/\/www.andorra-solutions.com\/ca\/#website","url":"https:\/\/www.andorra-solutions.com\/ca\/","name":"ANDORRE INVEST","description":"","publisher":{"@id":"https:\/\/www.andorra-solutions.com\/ca\/#organization"},"potentialAction":[{"@type":"SearchAction","target":{"@type":"EntryPoint","urlTemplate":"https:\/\/www.andorra-solutions.com\/ca\/?s={search_term_string}"},"query-input":{"@type":"PropertyValueSpecification","valueRequired":true,"valueName":"search_term_string"}}],"inLanguage":"ca"},{"@type":"Organization","@id":"https:\/\/www.andorra-solutions.com\/ca\/#organization","name":"ANDORRE INVEST","url":"https:\/\/www.andorra-solutions.com\/ca\/","logo":{"@type":"ImageObject","inLanguage":"ca","@id":"https:\/\/www.andorra-solutions.com\/ca\/#\/schema\/logo\/image\/","url":"https:\/\/www.andorra-solutions.com\/wp-content\/uploads\/2021\/04\/logo-abast-andorra-solutions-peq.png","contentUrl":"https:\/\/www.andorra-solutions.com\/wp-content\/uploads\/2021\/04\/logo-abast-andorra-solutions-peq.png","width":211,"height":58,"caption":"ANDORRE INVEST"},"image":{"@id":"https:\/\/www.andorra-solutions.com\/ca\/#\/schema\/logo\/image\/"},"sameAs":["https:\/\/es-la.facebook.com\/andorrasolutions\/","https:\/\/x.com\/andorrasolution","https:\/\/www.linkedin.com\/company\/andorra-solutions\/","https:\/\/www.youtube.com\/c\/AndorraSolutions"]}]}},"_links":{"self":[{"href":"https:\/\/www.andorra-solutions.com\/ca\/wp-json\/wp\/v2\/pages\/14841","targetHints":{"allow":["GET"]}}],"collection":[{"href":"https:\/\/www.andorra-solutions.com\/ca\/wp-json\/wp\/v2\/pages"}],"about":[{"href":"https:\/\/www.andorra-solutions.com\/ca\/wp-json\/wp\/v2\/types\/page"}],"author":[{"embeddable":true,"href":"https:\/\/www.andorra-solutions.com\/ca\/wp-json\/wp\/v2\/users\/2"}],"replies":[{"embeddable":true,"href":"https:\/\/www.andorra-solutions.com\/ca\/wp-json\/wp\/v2\/comments?post=14841"}],"version-history":[{"count":0,"href":"https:\/\/www.andorra-solutions.com\/ca\/wp-json\/wp\/v2\/pages\/14841\/revisions"}],"wp:attachment":[{"href":"https:\/\/www.andorra-solutions.com\/ca\/wp-json\/wp\/v2\/media?parent=14841"}],"curies":[{"name":"wp","href":"https:\/\/api.w.org\/{rel}","templated":true}]}}