{"id":14828,"date":"2021-04-23T12:20:28","date_gmt":"2021-04-23T12:20:28","guid":{"rendered":"https:\/\/www.andorra-solutions.com\/models-non-profit-residency-andorra\/"},"modified":"2025-07-14T14:21:50","modified_gmt":"2025-07-14T14:21:50","slug":"models-residencia-no-lucrativa-andorra","status":"publish","type":"page","link":"https:\/\/www.andorra-solutions.com\/ca\/models-residencia-no-lucrativa-andorra\/","title":{"rendered":"Models de resid\u00e8ncia no lucrativa a Andorra"},"content":{"rendered":"<p>[vc_row css_animation=&#8221;fadeIn&#8221;][vc_column][vc_custom_heading text=&#8221;Novetats en 2025 sobre els requisits per a la resid\u00e8ncia sense activitat lucrativa&#8221; use_theme_fonts=&#8221;yes&#8221;][vc_column_text]Han entrat en vigor els nous canvis en la Llei d&#8217;immigraci\u00f3 que afecten directament les sol\u00b7licituds de resid\u00e8ncia no lucrativa a Andorra. <a href=\"#senseactivitatlucrativa\">L&#8217;import de la inversi\u00f3 total que han de realitzar els sol\u00b7licitants a Andorra ha estat modificat<\/a>.[\/vc_column_text][vc_empty_space height=&#8221;15px&#8221;][\/vc_column][\/vc_row][vc_row css_animation=&#8221;fadeIn&#8221;][vc_column][vc_custom_heading text=&#8221;Dos models de resid\u00e8ncia a Andorra&#8221; use_theme_fonts=&#8221;yes&#8221;][vc_column_text]Existeixen dos tipus de resid\u00e8ncia per als estrangers que desitgen instal\u2022lar-se a Andorra. En primer lloc, si vost\u00e8 desitja instal\u2022lar-se al Principat amb l\u2019objectiu de crear una empresa a Andorra o d\u2019instal\u2022lar la seva activitat, requerir\u00e0 d\u2019un model de resid\u00e8ncia activa. Tingui en compte que tota persona de nacionalitat estrangera que desitgi treballar a Andorra necessitar\u00e0 obtenir amb antelaci\u00f3 un perm\u00eds de treball.<\/p>\n<p>Si vost\u00e8 desitja instal\u2022lar-se a Andorra sense exercir cap activitat professional, vost\u00e8 haur\u00e0 d\u2019aplicar per a un sol\u2022licitud de resid\u00e8ncia no lucrativa. Aquest tipus de resid\u00e8ncia era coneguda com a \u201cresid\u00e8ncia passiva\u201d fins el 2012, per\u00f2 des de la reforma en mat\u00e8ria d\u2019immigraci\u00f3 i dels canvis legislatius aplicats aquell mateix any, altres variants, que li presentem a continuaci\u00f3, se situen com a altres opcions alternatives a aquest model de resid\u00e8ncia.[\/vc_column_text][vc_empty_space height=&#8221;15px&#8221;][\/vc_column][\/vc_row][vc_row css_animation=&#8221;fadeIn&#8221;][vc_column][vc_custom_heading text=&#8221;Els diferents models de resid\u00e8ncia no lucrativa a Andorra&#8221; font_container=&#8221;tag:h2|text_align:center&#8221; use_theme_fonts=&#8221;yes&#8221; el_class=&#8221;corporativo&#8221;][vc_empty_space height=&#8221;10px&#8221;][vc_custom_heading text=&#8221;El model de resid\u00e8ncia sense activitat lucrativa &#8211; actualitzat 2025&#8243; use_theme_fonts=&#8221;yes&#8221; el_id=&#8221;senseactivitatlucrativa&#8221;][vc_column_text]El model de resid\u00e8ncia sense activitat lucrativa afecta a tots els individus de nacional estrangera que desitgin instal\u2022lar-se a Andorra durant un temps superior o igual a 90 dies a l\u2019any natural, sense exercir cap activitat professional. Aquest model de resid\u00e8ncia requereix una inversi\u00f3 m\u00ednima de <strong>600.000\u20ac<\/strong>, per part del titular del perm\u00eds de resid\u00e8ncia no lucrativa, en actius a Andorra.<\/p>\n<p>Concretament, les condicions per a obtenir un perm\u00eds de resid\u00e8ncia sense activitat lucrativa son les seg\u00fcents:<\/p>\n<ul>\n<li>En primer lloc, vost\u00e8 ha de provar que no compta amb antecedents penals y que disposa de recursos suficients.<\/li>\n<li>\u00c9s igualment necessari comptar amb un dip\u00f2sit no remunerat a l\u2019Autoritat Financera Andorrana (AFA). A partir del 2025, el dip\u00f2sit \u00e9s de 50.000\u20ac per al resident principal y de 12.000\u20ac per cada persona que tingui al seu c\u00e0rrec. Aquesta condici\u00f3 s\u2019imposa per a totes les modalitats de resid\u00e8ncia.<\/li>\n<li>Per altra banda, si s&#8217;inverteix en actius del pa\u00eds mitjan\u00e7ant la compra de b\u00e9ns seents (casa o apartament de resid\u00e8ncia a Andorra), el <strong>valor m\u00ednim de cada unitat immobili\u00e0ria haur\u00e0 de ser de 600.000\u20ac<\/strong>.<\/li>\n<\/ul>\n<p>[\/vc_column_text][vc_empty_space height=&#8221;15px&#8221;][vc_raw_html]JTNDaWZyYW1lJTIwbG9hZGluZyUzRCUyMmxhenklMjIlMjBzcmMlM0QlMjJodHRwcyUzQSUyRiUyRnd3dy55b3V0dWJlLmNvbSUyRmVtYmVkJTJGdGMtY0lxU184TGMlMjIlMjB3aWR0aCUzRCUyMjU2MCUyMiUyMGhlaWdodCUzRCUyMjMxNSUyMiUyMGZyYW1lYm9yZGVyJTNEJTIyMCUyMiUyMGFsbG93ZnVsbHNjcmVlbiUzRCUyMmFsbG93ZnVsbHNjcmVlbiUyMiUzRSUzQyUyRmlmcmFtZSUzRQ==[\/vc_raw_html][vc_empty_space height=&#8221;15px&#8221;][\/vc_column][\/vc_row][vc_row css_animation=&#8221;fadeIn&#8221;][vc_column][vc_custom_heading text=&#8221;El model de resid\u00e8ncia per a activitats professionals internacionals &#8211; actualitzat 2025&#8243; use_theme_fonts=&#8221;yes&#8221;][vc_column_text]Qualsevol persona de nacionalitat estrangera que desitgi instal\u2022lar-se a Andorra i que vulgui sol\u2022licitar un perm\u00eds de resid\u00e8ncia per activitats professional internacionals haur\u00e0 d\u2019establir la seva resid\u00e8ncia principal en territori andorr\u00e0 durant al menys 90 dies per any natural. La seva activitat professional ha d\u2019estar obligat\u00f2riament basada a Andorra i no pot comptar amb m\u00e9s d\u2019un treballador. A m\u00e9s, almenys el 85% de les activitats realitzades han de fer-se fora del territori andorr\u00e0 per a poder ser titular d\u2019un perm\u00eds de resid\u00e8ncia d\u2019activitat professional a escala internacional.<\/p>\n<p>Aquest model de resid\u00e8ncia requereix que el titular del perm\u00eds de resid\u00e8ncia realitzi un dip\u00f2sit en efectiu de 50.000\u20ac a l\u2019Autoritat Financera Andorrana (AFA) i de 12.000\u20ac per persona a c\u00e0rrec del titular que desitgi convertir-se en ciutad\u00e0 andorr\u00e0 &#8211; imports modificats en 2025. A m\u00e9s, \u00e9s igualment necessari disposar d\u2019un business plan o d\u2019un projecte d\u2019activitat professional que ser\u00e0 avaluat i que haur\u00e0 de ser aprovat per part del Govern.[\/vc_column_text][vc_empty_space height=&#8221;15px&#8221;][\/vc_column][\/vc_row][vc_row css_animation=&#8221;fadeIn&#8221;][vc_column][vc_custom_heading text=&#8221;El model de resid\u00e8ncia per raons d\u2019inter\u00e8s cient\u00edfiques, culturals o esportives &#8211; actualitzat 2025&#8243; use_theme_fonts=&#8221;yes&#8221;][vc_column_text]Per a instal\u2022lar-se a Andorra i obtenir el perm\u00eds de resid\u00e8ncia per raons d\u2019inter\u00e8s cient\u00edfiques, cultural o esportives, es requereix establir la seva resid\u00e8ncia principal a Andorra durant, almenys, 90 dies per any natural, aix\u00ed com establir a Andorra el desenvolupament d\u2019activitats esportives, cultural o cient\u00edfiques. Un sola persona com a m\u00e0xim es pot contemplar com a treballadora i, almenys, el 85% dels serveis han de ser utilitzats fora del Principat.<\/p>\n<p>A m\u00e9s, se sol\u2022licitat fer un dip\u00f2sit de 50.000\u20ac i de 12.000\u20ac per persona a c\u00e0rrec del titular que desitgi convertir-se en ciutad\u00e0 andorr\u00e0 &#8211; imports modificats en 2025. Quant a la sol\u2022licitud per al perm\u00eds de resid\u00e8ncia per a activitats professionals a escala internacional, \u00e9s obligatori presentar al Govern Andorra un business plan que haur\u00e0 de ser avaluat y aprovat.<\/p>\n<p>Si vost\u00e8 desitja demanar un perm\u00eds de residencia actiu o de resid\u00e8ncia no lucrativa, els nostres assessors sabran com ajudar-lo en el seu requeriment. No dubti en contactar-nos.[\/vc_column_text][vc_empty_space height=&#8221;15px&#8221;][\/vc_column][\/vc_row][vc_column][\/vc_column]<\/p>\n","protected":false},"excerpt":{"rendered":"<p>[vc_row css_animation=&#8221;fadeIn&#8221;][vc_column][vc_custom_heading text=&#8221;Novetats en 2025 sobre els requisits per a la resid\u00e8ncia sense activitat lucrativa&#8221; use_theme_fonts=&#8221;yes&#8221;][vc_column_text]Han entrat en vigor els nous canvis en la Llei d&#8217;immigraci\u00f3 que afecten directament les sol\u00b7licituds de resid\u00e8ncia no lucrativa a Andorra. L&#8217;import de la inversi\u00f3 total que han de realitzar els sol\u00b7licitants a Andorra ha estat modificat.[\/vc_column_text][vc_empty_space height=&#8221;15px&#8221;][\/vc_column][\/vc_row][vc_row css_animation=&#8221;fadeIn&#8221;][vc_column][vc_custom_heading<\/p>\n","protected":false},"author":1,"featured_media":0,"parent":0,"menu_order":0,"comment_status":"closed","ping_status":"closed","template":"","meta":{"_monsterinsights_skip_tracking":false,"_monsterinsights_sitenote_active":false,"_monsterinsights_sitenote_note":"","_monsterinsights_sitenote_category":0,"footnotes":""},"class_list":["post-14828","page","type-page","status-publish","hentry"],"acf":[],"yoast_head":"<!-- This site is optimized with the Yoast SEO plugin v25.9 - https:\/\/yoast.com\/wordpress\/plugins\/seo\/ -->\n<title>La resid\u00e8ncia no lucrativa a Andorra, nou 2023<\/title>\n<meta name=\"description\" content=\"ANDORRE INVEST presenta model resid\u00e8ncia no lucrativa a Andorra. Informaci\u00f3 per a instal\u2022lar-se a Andorra la trobar\u00e0 a ANDORRE INVEST.\" \/>\n<meta name=\"robots\" content=\"index, follow, max-snippet:-1, max-image-preview:large, max-video-preview:-1\" \/>\n<link rel=\"canonical\" href=\"https:\/\/www.andorra-solutions.com\/ca\/models-residencia-no-lucrativa-andorra\/\" \/>\n<meta property=\"og:locale\" content=\"ca_ES\" \/>\n<meta property=\"og:type\" content=\"article\" \/>\n<meta property=\"og:title\" content=\"La resid\u00e8ncia no lucrativa a Andorra, nou 2023\" \/>\n<meta property=\"og:description\" content=\"ANDORRE INVEST presenta model resid\u00e8ncia no lucrativa a Andorra. Informaci\u00f3 per a instal\u2022lar-se a Andorra la trobar\u00e0 a ANDORRE INVEST.\" \/>\n<meta property=\"og:url\" content=\"https:\/\/www.andorra-solutions.com\/ca\/models-residencia-no-lucrativa-andorra\/\" \/>\n<meta property=\"og:site_name\" content=\"ANDORRE INVEST\" \/>\n<meta property=\"article:publisher\" content=\"https:\/\/es-la.facebook.com\/andorrasolutions\/\" \/>\n<meta property=\"article:modified_time\" content=\"2025-07-14T14:21:50+00:00\" \/>\n<meta name=\"twitter:label1\" content=\"Temps estimat de lectura\" \/>\n\t<meta name=\"twitter:data1\" content=\"4 minuts\" \/>\n<!-- \/ Yoast SEO plugin. -->","yoast_head_json":{"title":"La resid\u00e8ncia no lucrativa a Andorra, nou 2023","description":"ANDORRE INVEST presenta model resid\u00e8ncia no lucrativa a Andorra. Informaci\u00f3 per a instal\u2022lar-se a Andorra la trobar\u00e0 a ANDORRE INVEST.","robots":{"index":"index","follow":"follow","max-snippet":"max-snippet:-1","max-image-preview":"max-image-preview:large","max-video-preview":"max-video-preview:-1"},"canonical":"https:\/\/www.andorra-solutions.com\/ca\/models-residencia-no-lucrativa-andorra\/","og_locale":"ca_ES","og_type":"article","og_title":"La resid\u00e8ncia no lucrativa a Andorra, nou 2023","og_description":"ANDORRE INVEST presenta model resid\u00e8ncia no lucrativa a Andorra. Informaci\u00f3 per a instal\u2022lar-se a Andorra la trobar\u00e0 a ANDORRE INVEST.","og_url":"https:\/\/www.andorra-solutions.com\/ca\/models-residencia-no-lucrativa-andorra\/","og_site_name":"ANDORRE INVEST","article_publisher":"https:\/\/es-la.facebook.com\/andorrasolutions\/","article_modified_time":"2025-07-14T14:21:50+00:00","twitter_misc":{"Temps estimat de lectura":"4 minuts"},"schema":{"@context":"https:\/\/schema.org","@graph":[{"@type":"WebPage","@id":"https:\/\/www.andorra-solutions.com\/ca\/models-residencia-no-lucrativa-andorra\/","url":"https:\/\/www.andorra-solutions.com\/ca\/models-residencia-no-lucrativa-andorra\/","name":"La resid\u00e8ncia no lucrativa a Andorra, nou 2023","isPartOf":{"@id":"https:\/\/www.andorra-solutions.com\/ca\/#website"},"datePublished":"2021-04-23T12:20:28+00:00","dateModified":"2025-07-14T14:21:50+00:00","description":"ANDORRE INVEST presenta model resid\u00e8ncia no lucrativa a Andorra. Informaci\u00f3 per a instal\u2022lar-se a Andorra la trobar\u00e0 a ANDORRE INVEST.","breadcrumb":{"@id":"https:\/\/www.andorra-solutions.com\/ca\/models-residencia-no-lucrativa-andorra\/#breadcrumb"},"inLanguage":"ca","potentialAction":[{"@type":"ReadAction","target":["https:\/\/www.andorra-solutions.com\/ca\/models-residencia-no-lucrativa-andorra\/"]}]},{"@type":"BreadcrumbList","@id":"https:\/\/www.andorra-solutions.com\/ca\/models-residencia-no-lucrativa-andorra\/#breadcrumb","itemListElement":[{"@type":"ListItem","position":1,"name":"Home","item":"https:\/\/www.andorra-solutions.com\/ca\/"},{"@type":"ListItem","position":2,"name":"Models de resid\u00e8ncia no lucrativa a Andorra"}]},{"@type":"WebSite","@id":"https:\/\/www.andorra-solutions.com\/ca\/#website","url":"https:\/\/www.andorra-solutions.com\/ca\/","name":"ANDORRE INVEST","description":"","publisher":{"@id":"https:\/\/www.andorra-solutions.com\/ca\/#organization"},"potentialAction":[{"@type":"SearchAction","target":{"@type":"EntryPoint","urlTemplate":"https:\/\/www.andorra-solutions.com\/ca\/?s={search_term_string}"},"query-input":{"@type":"PropertyValueSpecification","valueRequired":true,"valueName":"search_term_string"}}],"inLanguage":"ca"},{"@type":"Organization","@id":"https:\/\/www.andorra-solutions.com\/ca\/#organization","name":"ANDORRE INVEST","url":"https:\/\/www.andorra-solutions.com\/ca\/","logo":{"@type":"ImageObject","inLanguage":"ca","@id":"https:\/\/www.andorra-solutions.com\/ca\/#\/schema\/logo\/image\/","url":"https:\/\/www.andorra-solutions.com\/wp-content\/uploads\/2021\/04\/logo-abast-andorra-solutions-peq.png","contentUrl":"https:\/\/www.andorra-solutions.com\/wp-content\/uploads\/2021\/04\/logo-abast-andorra-solutions-peq.png","width":211,"height":58,"caption":"ANDORRE INVEST"},"image":{"@id":"https:\/\/www.andorra-solutions.com\/ca\/#\/schema\/logo\/image\/"},"sameAs":["https:\/\/es-la.facebook.com\/andorrasolutions\/","https:\/\/x.com\/andorrasolution","https:\/\/www.linkedin.com\/company\/andorra-solutions\/","https:\/\/www.youtube.com\/c\/AndorraSolutions"]}]}},"_links":{"self":[{"href":"https:\/\/www.andorra-solutions.com\/ca\/wp-json\/wp\/v2\/pages\/14828","targetHints":{"allow":["GET"]}}],"collection":[{"href":"https:\/\/www.andorra-solutions.com\/ca\/wp-json\/wp\/v2\/pages"}],"about":[{"href":"https:\/\/www.andorra-solutions.com\/ca\/wp-json\/wp\/v2\/types\/page"}],"author":[{"embeddable":true,"href":"https:\/\/www.andorra-solutions.com\/ca\/wp-json\/wp\/v2\/users\/1"}],"replies":[{"embeddable":true,"href":"https:\/\/www.andorra-solutions.com\/ca\/wp-json\/wp\/v2\/comments?post=14828"}],"version-history":[{"count":3,"href":"https:\/\/www.andorra-solutions.com\/ca\/wp-json\/wp\/v2\/pages\/14828\/revisions"}],"predecessor-version":[{"id":18969,"href":"https:\/\/www.andorra-solutions.com\/ca\/wp-json\/wp\/v2\/pages\/14828\/revisions\/18969"}],"wp:attachment":[{"href":"https:\/\/www.andorra-solutions.com\/ca\/wp-json\/wp\/v2\/media?parent=14828"}],"curies":[{"name":"wp","href":"https:\/\/api.w.org\/{rel}","templated":true}]}}