{"id":14766,"date":"2021-04-26T07:53:04","date_gmt":"2021-04-26T07:53:04","guid":{"rendered":"https:\/\/www.andorra-solutions.com\/invest-andorra\/"},"modified":"2022-03-18T14:22:01","modified_gmt":"2022-03-18T14:22:01","slug":"invertir-a-andorra","status":"publish","type":"page","link":"https:\/\/www.andorra-solutions.com\/ca\/invertir-a-andorra\/","title":{"rendered":"Invertir a Andorra"},"content":{"rendered":"<p>[vc_row css_animation=&#8221;fadeIn&#8221;][vc_column][vc_custom_heading text=&#8221;Per qu\u00e8 invertir a Andorra?&#8221; font_container=&#8221;tag:h2|text_align:center&#8221; use_theme_fonts=&#8221;yes&#8221; el_class=&#8221;corporativo&#8221;][vc_custom_heading text=&#8221;Estabilitat pol\u00edtica y legislativa&#8221; use_theme_fonts=&#8221;yes&#8221;][vc_column_text]Andorra \u00e9s un dels pa\u00efsos m\u00e9s antics del m\u00f3n . Des de la seva creaci\u00f3 el 1278 , les seves fronteres mai es van modificar, tampoc mai va ser enva\u00efda o ha estat en una guerra. El petit pa\u00eds que compta amb Fran\u00e7a i Espanya com a ve\u00efns ha estat neutre i a mantenit relacions pac\u00edfiques amb altres pa\u00efsos des de fa m\u00e9s de 700 anys . Aix\u00f2 il\u00b7lustra molt b\u00e9 la seva estabilitat pol\u00edtica i legal , el que \u00e9s un aspecte fonamental quan es planeja una inversi\u00f3 en un territori estranger.[\/vc_column_text][vc_empty_space height=&#8221;15px&#8221;][vc_custom_heading text=&#8221;Una econom\u00eda que vol atraure les inversions estrangeres&#8221; use_theme_fonts=&#8221;yes&#8221;][vc_column_text]Des 2012 , diverses reformes econ\u00f2miques han estat adoptades per tal d\u2019 atreure inversions estrangeres i empreses que volen instal\u00b7lar-se a Andorra . \u00c9s un territori molt obert als capitals estrangers i a la propietat . No hi ha cap restricci\u00f3 en cap sector.[\/vc_column_text][vc_empty_space height=&#8221;15px&#8221;][vc_custom_heading text=&#8221;Una de les regions amb impostos m\u00e9s baixos a Europa i al m\u00f3n&#8221; use_theme_fonts=&#8221;yes&#8221;][vc_column_text]La pol\u00edtica fiscal d\u2019 Andorra \u00e9s una de les m\u00e9s favorables del m\u00f3n . Una taxa d\u2019imposici\u00f3 sobre els ingressos que \u00e9s d\u2019entre un 5% i un 10%, un impost sobre les societats entre el 2% i el 10 %, a m\u00e9s, l\u2019impost sobre el valor afegit m\u00e9s baix d\u2019Europa fan d\u2019aquest pa\u00eds una avantatge competitiu cert i inigualat al continent.[\/vc_column_text][vc_empty_space height=&#8221;15px&#8221;][\/vc_column][\/vc_row][vc_row css_animation=&#8221;fadeIn&#8221;][vc_column width=&#8221;1\/2&#8243;][vc_custom_heading text=&#8221;La ubicaci\u00f3, un factor clau&#8221; use_theme_fonts=&#8221;yes&#8221;][vc_column_text]La ubicaci\u00f3 \u00e9s un element fonamental per a qualsevol empresa que desenvolupa intercanvis econ\u00f2mics. Andorra forma part dels primers pa\u00efsos en aquest camp gr\u00e0cies a les seves infraestructures i els seus mitjans de comunicaci\u00f3 , les seves nombroses oficines disponibles , el seu sistema de salut i la qualitat de les seves escoles.<\/p>\n<p>Accedir a Andorra no \u00e9s el m\u00e9s f\u00e0cil de l\u2019\u00faltim tram entre aeroports internacionals i arribar a les seves fronteres . Aix\u00f2 vol dir que 2 hores s\u00f3n necess\u00e0ries des dels aeroports de Barcelona i de Tolosa si vol venir utilitzant el transport p\u00fablic . Aquest temps es pot reduir a 20 minuts amb un helic\u00f2pter o un vol dom\u00e8stic. No obstant aix\u00f2 , s\u2019arriba a Andorra m\u00e9s r\u00e0pidament des de la majoria de les ciutats europees que Malta o Xipre per exemple , ja que Andorra es situa entre la tercera i la cinquena economia de la Uni\u00f3 Europea , respectivament Fran\u00e7a i Espanya.<\/p>\n<p>Els inversors i residents d\u2019Andorra podran trobar avantatges \u00fanics en aquest pa\u00eds. Es d\u00f3na molta import\u00e0ncia a la seguretat , el crim gaireb\u00e9 no existeix, la qualitat de vida \u00e9s molt elevada ( bons sistemes d\u2019educaci\u00f3 i de salut , qualitat de l\u2019aire , \u2026 ) . A m\u00e9s, si li agraden les muntanyes , no podr\u00e0 trobar millor lloc per instal\u00b7lar-se. Si aquest paisatge li avorreix , pot arribar a les platges de Barcelona en nom\u00e9s 2 hores i gaudir del mar Mediterrani.[\/vc_column_text][vc_empty_space height=&#8221;15px&#8221;][\/vc_column][vc_column width=&#8221;1\/2&#8243;][vc_single_image image=&#8221;13282&#8243; img_size=&#8221;900&#215;500&#8243; alignment=&#8221;center&#8221;][\/vc_column][\/vc_row][vc_row css_animation=&#8221;fadeIn&#8221;][vc_column][vc_custom_heading text=&#8221;El sistema financer&#8221; use_theme_fonts=&#8221;yes&#8221;][vc_column_text]La moneda oficial d\u2019Andorra \u00e9s l\u2019euro. Els seus cinc bancs nacionals s\u00f3n dels m\u00e9s rendibles d\u2019Europa i compleixen rigorosament amb les normes internacionals en mat\u00e8ria de rentat de diners. \u00c9s veritat que durant els anys 90 Andorra va ser un pa\u00eds per amagar diners , per\u00f2 les investigacions desenvolupades pel govern espanyol han canviat el pa\u00eds en una de les jurisdiccions m\u00e9s estrictes d\u2019Europa. Assegura la sostenibilitat del seu sistema financer i es converteix en una for\u00e7a motriu per a l\u2019obertura de la seva economia a capitals estrangers.[\/vc_column_text][vc_empty_space height=&#8221;15px&#8221;][vc_custom_heading text=&#8221;Com invertir a Andorra?&#8221; font_container=&#8221;tag:h2|text_align:center&#8221; use_theme_fonts=&#8221;yes&#8221; el_class=&#8221;corporativo&#8221;][vc_custom_heading text=&#8221;Tenir una societat holding o una empresa d\u2019importaci\u00f3 i exportaci\u00f3&#8221; use_theme_fonts=&#8221;yes&#8221;][vc_column_text]Aampli\u00ef el seu comer\u00e7 internacional amb l\u2019establiment d\u2019una empresa d\u2019importaci\u00f3 i exportaci\u00f3 , ja que els impostos comercials se situen entre un 2% i un 10 %. A m\u00e9s t\u00e9 la possibilitat d\u2019establir una societat holding per les seves inversions estrangeres que seran exemptes d\u2019impostos, com els dividends per als residents d\u2019Andorra.[\/vc_column_text][vc_empty_space height=&#8221;15px&#8221;][\/vc_column][\/vc_row][vc_row css_animation=&#8221;fadeIn&#8221;][vc_column width=&#8221;1\/2&#8243;][vc_single_image image=&#8221;13221&#8243; img_size=&#8221;1000&#215;400&#8243;][\/vc_column][vc_column width=&#8221;1\/2&#8243;][vc_custom_heading text=&#8221;Invertir en el sector immobiliari andorr\u00e0&#8221; use_theme_fonts=&#8221;yes&#8221;][vc_column_text]Durant els anys de crisi a Espanya de 2008 a 2013 , els preus dels b\u00e9ns immobles d\u2019Andorra s\u2019han disminu\u00eft de manera considerable. Des d\u2019aquest per\u00edode, gr\u00e0cies a l\u2019obertura, cada vegada m\u00e9s important , de l\u2019economia andorrana s\u2019ha produ\u00eft un augment general de la demanda d\u2019immobles per part dels pa\u00efsos com la Xina , R\u00fassia , el Regne Unit i Fran\u00e7a, provocant un increment constant dels preus sobretot en el mercat de gamma alta, fent aix\u00ed cada inversi\u00f3 m\u00e9s interessant.<\/p>\n<p>\u00c9s obvi que un nombre m\u00e9s gran d\u2019inversions directes estrangeres ocasion\u00e9s una demanda m\u00e9s important de propietats residencials , at\u00e8s que per a cada creaci\u00f3 d\u2019empresa s\u2019exigeix \u200b\u200bsubst\u00e0ncia i tot amb les empreses m\u00e9s petites registrades en resid\u00e8ncies privades. La demanda de resid\u00e8ncies o apartaments privats seguir\u00e0 augmentant. A m\u00e9s, despr\u00e9s dels m\u00faltiples incentius desenvolupats pel govern andorr\u00e0 per atreure turistes i empreses. Les primeres repercussions econ\u00f2miques com l\u2019estabilitzaci\u00f3 i un creixement sostenible del mercat immobiliari es noten tot i les fluctuacions estacionals.[\/vc_column_text][vc_empty_space height=&#8221;15px&#8221;][\/vc_column][\/vc_row][vc_row css_animation=&#8221;fadeIn&#8221;][vc_column][vc_custom_heading text=&#8221;Invertir en la seva felicitat personal&#8221; use_theme_fonts=&#8221;yes&#8221;][vc_column_text]A m\u00e9s del retorn financer positiu , els inversors que volen instal\u00b7lar-se a Andorra consideren tamb\u00e9 altres criteris com la qualitat de vida , la fiscalitat i l\u2019accessibilitat del pa\u00eds . Aix\u00ed , Andorra \u00e9s molt atractiva donat una qualitat de vida imbatible , un impost sobre els ingressos molt baix , les exempcions d\u2019impostos sobre els dividends rebuts , sense oblidar la seva proximitat amb els grans centres urbans europeus. A m\u00e9s, els pa\u00efsos que no pertanyen a la Uni\u00f3 Europea es beneficien tamb\u00e9 de la possibilitat de viatjar sense visat en els pa\u00efsos de l\u2019espai Schengen . Els centres culturals majors com Fran\u00e7a , Espanya , i It\u00e0lia s\u00f3n molt accessibles per via \u00e0rea o terrestre. Andorra \u00e9s la soluci\u00f3 ideal que combina els pa\u00efsos de muntanya dels Pirineus i el mar Mediterrani.[\/vc_column_text][vc_empty_space height=&#8221;15px&#8221;][vc_custom_heading text=&#8221;Quin futur hi ha per a Andorra i els seus inversors?&#8221; font_container=&#8221;tag:h2|text_align:center&#8221; use_theme_fonts=&#8221;yes&#8221; el_class=&#8221;corporativo&#8221;][\/vc_column][\/vc_row][vc_row css_animation=&#8221;fadeIn&#8221;][vc_column width=&#8221;1\/2&#8243;][vc_column_text]Andorra va iniciar tr\u00e0mits importants per a l\u2019obertura i l\u2019harmonitzaci\u00f3 de la seva economia amb les de la resta del m\u00f3n sense possibilitat de fer marxa enrere . Malgrat l\u2019ajust de la seva pol\u00edtica fiscal amb les regles de l\u2019OCDE, Andorra continua sent un pa\u00eds molt atractiu i competitiu tant per les empreses com pels particulars . A m\u00e9s , la seva economia ofereix m\u00e9s oportunitats que mai, gr\u00e0cies a la signatura de diversos <a href=\"https:\/\/www.andorra-solutions.com\/ca\/convenis-fiscals-doble-imposicio-andorra\/\">tractats contra la doble imposici\u00f3<\/a> amb Espanya, Fran\u00e7a, Portugal, Luxemburg, Liechtenstein, Malta, Xipre, UAE, San Marino i amb altres pa\u00efsos estan en proc\u00e9s de negociacions.<\/p>\n<p>D\u2019altra banda, Andorra est\u00e0 negociant un contracte d\u2019associaci\u00f3 amb la Uni\u00f3 Europea . No obstant aix\u00f2 , aix\u00f2 no vol dir que entrar\u00e0 a la Comunitat , sin\u00f3 que el pa\u00eds es beneficiar\u00e0 de diversos avantatges com la lliure circulaci\u00f3 de b\u00e9ns ( encara que t\u00e8cnicament la lliure circulaci\u00f3 ja estigui en vigor ) , o fins i tot potenciar l\u2019intercanvi d\u2019estudiants i la m\u00e0 d\u2019obra com ho desitgi el Banc Central Europeu ( BCE ) , convertint aix\u00ed Andorra en un membre de ple dret de l\u2019espai Schengen.<\/p>\n<p>Tots aquests desenvolupaments tindran una influ\u00e8ncia molt positiva sobre Andorra com a pa\u00eds receptor d\u2019inversions estrangeres. Cal dir que el creixement andorr\u00e0 ser\u00e0 probablement menys important que en alguns pa\u00efsos \u2018 en desenvolupament\u2019 de l\u2019Orient Mitj\u00e0 o de la zona mediterr\u00e0nia on la pressi\u00f3 fiscal \u00e9s menys forta , per\u00f2 ser\u00e0 molt m\u00e9s sostenible . En efecte, Andorra es conforma estrictament a les pol\u00edtiques de lluita contra el rentat de diners i el pa\u00eds est\u00e0 implementant les directives del projecte BEPS de l\u2019OCDE , preparant aix\u00ed perfectament per acollir inversors.[\/vc_column_text][vc_empty_space height=&#8221;40px&#8221;][\/vc_column][vc_column width=&#8221;1\/2&#8243;][vc_single_image image=&#8221;12229&#8243; img_size=&#8221;900&#215;500&#8243;][\/vc_column][\/vc_row][vc_column][\/vc_column]<\/p>\n","protected":false},"excerpt":{"rendered":"<p>[vc_row css_animation=&#8221;fadeIn&#8221;][vc_column][vc_custom_heading text=&#8221;Per qu\u00e8 invertir a Andorra?&#8221; font_container=&#8221;tag:h2|text_align:center&#8221; use_theme_fonts=&#8221;yes&#8221; el_class=&#8221;corporativo&#8221;][vc_custom_heading text=&#8221;Estabilitat pol\u00edtica y legislativa&#8221; use_theme_fonts=&#8221;yes&#8221;][vc_column_text]Andorra \u00e9s un dels pa\u00efsos m\u00e9s antics del m\u00f3n . Des de la seva creaci\u00f3 el 1278 , les seves fronteres mai es van modificar, tampoc mai va ser enva\u00efda o ha estat en una guerra. El petit pa\u00eds que compta<\/p>\n","protected":false},"author":1,"featured_media":0,"parent":0,"menu_order":0,"comment_status":"closed","ping_status":"closed","template":"","meta":{"_monsterinsights_skip_tracking":false,"_monsterinsights_sitenote_active":false,"_monsterinsights_sitenote_note":"","_monsterinsights_sitenote_category":0,"footnotes":""},"class_list":["post-14766","page","type-page","status-publish","hentry"],"acf":[],"yoast_head":"<!-- This site is optimized with the Yoast SEO plugin v25.9 - https:\/\/yoast.com\/wordpress\/plugins\/seo\/ -->\n<title>Invertir a Andorra amb avantatges financers i legals<\/title>\n<meta name=\"description\" content=\"Est\u00e0 pensant a invertir a Andorra i necessita informacions sobre com fer-ho? Totes les respostes estan a ANDORRE INVEST.\" \/>\n<meta name=\"robots\" content=\"index, follow, max-snippet:-1, max-image-preview:large, max-video-preview:-1\" \/>\n<link rel=\"canonical\" href=\"https:\/\/www.andorra-solutions.com\/ca\/invertir-a-andorra\/\" \/>\n<meta property=\"og:locale\" content=\"ca_ES\" \/>\n<meta property=\"og:type\" content=\"article\" \/>\n<meta property=\"og:title\" content=\"Invertir a Andorra amb avantatges financers i legals\" \/>\n<meta property=\"og:description\" content=\"Est\u00e0 pensant a invertir a Andorra i necessita informacions sobre com fer-ho? Totes les respostes estan a ANDORRE INVEST.\" \/>\n<meta property=\"og:url\" content=\"https:\/\/www.andorra-solutions.com\/ca\/invertir-a-andorra\/\" \/>\n<meta property=\"og:site_name\" content=\"ANDORRE INVEST\" \/>\n<meta property=\"article:publisher\" content=\"https:\/\/es-la.facebook.com\/andorrasolutions\/\" \/>\n<meta property=\"article:modified_time\" content=\"2022-03-18T14:22:01+00:00\" \/>\n<meta name=\"twitter:label1\" content=\"Temps estimat de lectura\" \/>\n\t<meta name=\"twitter:data1\" content=\"6 minuts\" \/>\n<!-- \/ Yoast SEO plugin. -->","yoast_head_json":{"title":"Invertir a Andorra amb avantatges financers i legals","description":"Est\u00e0 pensant a invertir a Andorra i necessita informacions sobre com fer-ho? Totes les respostes estan a ANDORRE INVEST.","robots":{"index":"index","follow":"follow","max-snippet":"max-snippet:-1","max-image-preview":"max-image-preview:large","max-video-preview":"max-video-preview:-1"},"canonical":"https:\/\/www.andorra-solutions.com\/ca\/invertir-a-andorra\/","og_locale":"ca_ES","og_type":"article","og_title":"Invertir a Andorra amb avantatges financers i legals","og_description":"Est\u00e0 pensant a invertir a Andorra i necessita informacions sobre com fer-ho? Totes les respostes estan a ANDORRE INVEST.","og_url":"https:\/\/www.andorra-solutions.com\/ca\/invertir-a-andorra\/","og_site_name":"ANDORRE INVEST","article_publisher":"https:\/\/es-la.facebook.com\/andorrasolutions\/","article_modified_time":"2022-03-18T14:22:01+00:00","twitter_misc":{"Temps estimat de lectura":"6 minuts"},"schema":{"@context":"https:\/\/schema.org","@graph":[{"@type":"WebPage","@id":"https:\/\/www.andorra-solutions.com\/ca\/invertir-a-andorra\/","url":"https:\/\/www.andorra-solutions.com\/ca\/invertir-a-andorra\/","name":"Invertir a Andorra amb avantatges financers i legals","isPartOf":{"@id":"https:\/\/www.andorra-solutions.com\/ca\/#website"},"datePublished":"2021-04-26T07:53:04+00:00","dateModified":"2022-03-18T14:22:01+00:00","description":"Est\u00e0 pensant a invertir a Andorra i necessita informacions sobre com fer-ho? Totes les respostes estan a ANDORRE INVEST.","breadcrumb":{"@id":"https:\/\/www.andorra-solutions.com\/ca\/invertir-a-andorra\/#breadcrumb"},"inLanguage":"ca","potentialAction":[{"@type":"ReadAction","target":["https:\/\/www.andorra-solutions.com\/ca\/invertir-a-andorra\/"]}]},{"@type":"BreadcrumbList","@id":"https:\/\/www.andorra-solutions.com\/ca\/invertir-a-andorra\/#breadcrumb","itemListElement":[{"@type":"ListItem","position":1,"name":"Home","item":"https:\/\/www.andorra-solutions.com\/ca\/"},{"@type":"ListItem","position":2,"name":"Invertir a Andorra"}]},{"@type":"WebSite","@id":"https:\/\/www.andorra-solutions.com\/ca\/#website","url":"https:\/\/www.andorra-solutions.com\/ca\/","name":"ANDORRE INVEST","description":"","publisher":{"@id":"https:\/\/www.andorra-solutions.com\/ca\/#organization"},"potentialAction":[{"@type":"SearchAction","target":{"@type":"EntryPoint","urlTemplate":"https:\/\/www.andorra-solutions.com\/ca\/?s={search_term_string}"},"query-input":{"@type":"PropertyValueSpecification","valueRequired":true,"valueName":"search_term_string"}}],"inLanguage":"ca"},{"@type":"Organization","@id":"https:\/\/www.andorra-solutions.com\/ca\/#organization","name":"ANDORRE INVEST","url":"https:\/\/www.andorra-solutions.com\/ca\/","logo":{"@type":"ImageObject","inLanguage":"ca","@id":"https:\/\/www.andorra-solutions.com\/ca\/#\/schema\/logo\/image\/","url":"https:\/\/www.andorra-solutions.com\/wp-content\/uploads\/2021\/04\/logo-abast-andorra-solutions-peq.png","contentUrl":"https:\/\/www.andorra-solutions.com\/wp-content\/uploads\/2021\/04\/logo-abast-andorra-solutions-peq.png","width":211,"height":58,"caption":"ANDORRE INVEST"},"image":{"@id":"https:\/\/www.andorra-solutions.com\/ca\/#\/schema\/logo\/image\/"},"sameAs":["https:\/\/es-la.facebook.com\/andorrasolutions\/","https:\/\/x.com\/andorrasolution","https:\/\/www.linkedin.com\/company\/andorra-solutions\/","https:\/\/www.youtube.com\/c\/AndorraSolutions"]}]}},"_links":{"self":[{"href":"https:\/\/www.andorra-solutions.com\/ca\/wp-json\/wp\/v2\/pages\/14766","targetHints":{"allow":["GET"]}}],"collection":[{"href":"https:\/\/www.andorra-solutions.com\/ca\/wp-json\/wp\/v2\/pages"}],"about":[{"href":"https:\/\/www.andorra-solutions.com\/ca\/wp-json\/wp\/v2\/types\/page"}],"author":[{"embeddable":true,"href":"https:\/\/www.andorra-solutions.com\/ca\/wp-json\/wp\/v2\/users\/1"}],"replies":[{"embeddable":true,"href":"https:\/\/www.andorra-solutions.com\/ca\/wp-json\/wp\/v2\/comments?post=14766"}],"version-history":[{"count":0,"href":"https:\/\/www.andorra-solutions.com\/ca\/wp-json\/wp\/v2\/pages\/14766\/revisions"}],"wp:attachment":[{"href":"https:\/\/www.andorra-solutions.com\/ca\/wp-json\/wp\/v2\/media?parent=14766"}],"curies":[{"name":"wp","href":"https:\/\/api.w.org\/{rel}","templated":true}]}}