{"id":14276,"date":"2021-05-10T15:52:06","date_gmt":"2021-05-10T15:52:06","guid":{"rendered":"https:\/\/www.andorra-solutions.com\/declaracion-renta-irpf-andorra\/"},"modified":"2025-08-18T09:24:18","modified_gmt":"2025-08-18T09:24:18","slug":"declaracio-renda-andorra","status":"publish","type":"page","link":"https:\/\/www.andorra-solutions.com\/ca\/declaracio-renda-andorra\/","title":{"rendered":"Declaraci\u00f3 de la Renda a Andorra"},"content":{"rendered":"<p>[vc_row css_animation=&#8221;fadeIn&#8221;][vc_column][vc_column_text]Informaci\u00f3 important per als impositors: la declaraci\u00f3 de la renda a Andorra (impost sobre la renda de les persones f\u00edsiques -IRPF) es pot presentar entre l&#8217;1 d&#8217;abril de 2025 fins al 30 de setembre 2025 i correspon a l&#8217;exercici fiscal 2024.<\/p>\n<p>La declaraci\u00f3 de l&#8217;IRPF a Andorra ha d\u2019integrar tots els ingressos, guanys i p\u00e8rdues de capital obtinguts independentment del pa\u00eds d\u2019origen, ja que Andorra est\u00e0 gravada pels \u201clloguers del m\u00f3n\u201d. Posteriorment, s\u2019aplicaran les corresponents deduccions, eliminant la doble imposici\u00f3 internacional d\u2019acord amb els convenis existents.[\/vc_column_text][vc_custom_heading text=&#8221;Qui ha de fer la declaraci\u00f3 de la renda a Andorra?&#8221; use_theme_fonts=&#8221;yes&#8221;][vc_column_text]1. Les persones f\u00edsiques que tenen la seva resid\u00e8ncia fiscal a Andorra. Aix\u00f2 vol dir:<\/p>\n<ul>\n<li>Viure a Andorra m\u00e9s de 183 dies a l\u2019any.<\/li>\n<li>Que tingui el seu nucli o la base de les seves activitats econ\u00f2miques o dels seus interessos econ\u00f2mics directament o indirectament en territori andorr\u00e0.<\/li>\n<\/ul>\n<p>2. Les rendes que provinguin de societats civils, comunitats de b\u00e9ns, her\u00e8ncies i patrimonis aut\u00f2noms regulats per l\u2019ordenament tributari.[\/vc_column_text][vc_empty_space height=&#8221;15px&#8221;][\/vc_column][\/vc_row][vc_row css_animation=&#8221;fadeIn&#8221;][vc_column][vc_custom_heading text=&#8221;Quina \u00e9s la retenci\u00f3 de l\u2019IRPF que s\u2019aplica a Andorra?&#8221; use_theme_fonts=&#8221;yes&#8221;][vc_column_text]El tipus general \u00e9s del 10%, no obstant aix\u00f2 cal destacar que la retenci\u00f3 va per trams:<\/p>\n<ul>\n<li>El tram fins als 24.000 euros est\u00e0 exempt d\u2019impostos.<\/li>\n<li>Entre 24.001 i 40.000 euros anuals s\u2019aplica un tipus redu\u00eft del 5%. La bonificaci\u00f3 aplicada \u00e9s d\u2019un m\u00e0xim de 800 euros.<\/li>\n<li>Per a les rendes netes per sobre dels 40.001 euros, el tipus a aplicar \u00e9s del 10%.<\/li>\n<\/ul>\n<p>De la base de tributaci\u00f3 de l\u2019estalvi, els primers 3.000 euros estan exempts i a la resta s\u2019aplica el tipus del 10%.[\/vc_column_text][vc_empty_space height=&#8221;15px&#8221;][\/vc_column][\/vc_row][vc_row css_animation=&#8221;fadeIn&#8221;][vc_column][vc_custom_heading text=&#8221;Quines s\u00f3n les deduccions que puc fer en la declaraci\u00f3 de l\u2019IRPF a Andorra?&#8221; use_theme_fonts=&#8221;yes&#8221;][vc_column_text]En el cas dels treballadors es poden deduir les aportacions al *CASS (nom\u00e9s la part del treballador) i sobre el 3% de despeses generals en determinats rendiments \u00edntegres amb un m\u00e0xim de 400 euros.<\/p>\n<p>Quant a les reduccions de la base general, si el c\u00f2njuge no ingressa cap renda, el m\u00ednim exempt de 24.000 euros pot arribar fins als 40.000 euros. Les c\u00e0rregues familiars tamb\u00e9 poden deduir-se amb 750 euros per cada descendent menor de 25 anys o ascendent major de 65 anys, sempre que convisquin junts i que no obtingui rendes anuals superiors a 12.000 euros. Altres reduccions aplicables es relacionen amb familiars directes amb discapacitat, hipoteca sobre habitatge principal, pla de pensions, etc.<\/p>\n<p>A m\u00e9s, la quota de tributaci\u00f3 pot baixar amb deduccions per a evitar la doble imposici\u00f3 interna i internacional, creaci\u00f3 de llocs de treball i per realitzar noves inversions.[\/vc_column_text][vc_custom_heading text=&#8221;Qu\u00e8 es necessita per a fer la declaraci\u00f3 de l\u2019IRPF a Andorra l&#8217;any 2025?&#8221; use_theme_fonts=&#8221;yes&#8221;][vc_column_text]\u00c9s important tenir preparats els seg\u00fcents documents per a poder fer la declaraci\u00f3 de l\u2019IRPF a Andorra sense problemes:<\/p>\n<ul>\n<li>Totes les n\u00f2mines rebudes.<\/li>\n<li>Certificat de retencions em\u00e8s pel seu ocupador.<\/li>\n<li>Certificats bancaris.<\/li>\n<li>Certificat de pensions.<\/li>\n<li>La proposta de liquidaci\u00f3 proporcionada pel departament de tributs.<\/li>\n<li>Llibre de resultats comptables de les activitats econ\u00f2miques.<\/li>\n<li>Documents que sostinguin les reduccions a la quota de tributaci\u00f3 que sol\u00b7licitar\u00e0.<\/li>\n<li>Documents relacionats amb l\u2019obtenci\u00f3 de rendes.<\/li>\n<\/ul>\n<p>[\/vc_column_text][vc_empty_space height=&#8221;15px&#8221;][\/vc_column][\/vc_row][vc_row css_animation=&#8221;fadeIn&#8221;][vc_column][vc_custom_heading text=&#8221;\u00bfCom fer la declaraci\u00f3 de la renda a Andorra?&#8221; use_theme_fonts=&#8221;yes&#8221;][vc_column_text]Hi ha dues maneres de realitzar la declaraci\u00f3 de l\u2019IRPF a Andorra, de manera presencial o de manera online. Si disposa del seu usuari i contrasenya del M\u00f2dul d\u2019Identificaci\u00f3 en L\u00ednia (MIL) o certificat electr\u00f2nic de l\u2019Administraci\u00f3 a l\u2019Oficina Virtual del DTF, pot fer el seu tr\u00e0mit de manera online. Per a fer el tr\u00e0mit presencialment deu pr\u00e8viament sol\u00b7licitar una cita des de la web del Govern d\u2019Andorra:\u00a0<a href=\"https:\/\/www.e-tramits.ad\/tramits\/impostos\/irpf\">https:\/\/www.e-tramits.ad\/tramits\/impostos\/irpf<\/a>. La direcci\u00f3 a presentar-se \u00e9s Baixada del Mol\u00ed, 26, Andorra la Vella, Departament de Tribtuts i de Fronteres. L\u2019horari \u00e9s de dilluns a dijous de 8.00 a 15.00 i els divendres de 8.00 a 14.30.<\/p>\n<p>[\/vc_column_text][vc_custom_heading text=&#8221;Servei de declaraci\u00f3 de la renda&#8221; use_theme_fonts=&#8221;yes&#8221;][vc_column_text el_class=&#8221;negrita-corporativo texto-15px&#8221;]La nostra assessoria fiscal\u00a0<strong>Abast Global \u2013 ANDORRE INVEST<\/strong> li pot assistir en la preparaci\u00f3 de la seva declaraci\u00f3 de la renda a Andorra. Estem especialitzats en la declaraci\u00f3 de rendes a l\u2019estranger i l\u2019aplicaci\u00f3 d\u2019impostos de no-residents IRNR en estat de la font. Li recordem que <strong>el termini per a presentar la seva declaraci\u00f3 de la renda \u00e9s abans del 30 de setembre de 2025<\/strong>. Per a aix\u00f2, pot posar-se en contacte amb el nostre equip fiscal o els nostres comptables\u00a0<a href=\"https:\/\/www.andorra-solutions.com\/ca\/contacte\/\" target=\"_blank\" rel=\"noopener\">aqu\u00ed<\/a>.[\/vc_column_text][vc_empty_space height=&#8221;15px&#8221;][\/vc_column][\/vc_row][vc_column][\/vc_column]<\/p>\n","protected":false},"excerpt":{"rendered":"<p>[vc_row css_animation=&#8221;fadeIn&#8221;][vc_column][vc_column_text]Informaci\u00f3 important per als impositors: la declaraci\u00f3 de la renda a Andorra (impost sobre la renda de les persones f\u00edsiques -IRPF) es pot presentar entre l&#8217;1 d&#8217;abril de 2025 fins al 30 de setembre 2025 i correspon a l&#8217;exercici fiscal 2024. La declaraci\u00f3 de l&#8217;IRPF a Andorra ha d\u2019integrar tots els ingressos, guanys i<\/p>\n","protected":false},"author":2,"featured_media":0,"parent":0,"menu_order":0,"comment_status":"closed","ping_status":"closed","template":"","meta":{"_monsterinsights_skip_tracking":false,"_monsterinsights_sitenote_active":false,"_monsterinsights_sitenote_note":"","_monsterinsights_sitenote_category":0,"footnotes":""},"class_list":["post-14276","page","type-page","status-publish","hentry"],"acf":[],"yoast_head":"<!-- This site is optimized with the Yoast SEO plugin v25.9 - https:\/\/yoast.com\/wordpress\/plugins\/seo\/ -->\n<title>Declaraci\u00f3 de la renda IRPF a Andorra 2023<\/title>\n<meta name=\"description\" content=\"Informaci\u00f3 rellevant sobre la declaraci\u00f3 de la renda IRPF a Andorra per als contribuents amb resid\u00e8ncia fiscal a Andorra.\" \/>\n<meta name=\"robots\" content=\"index, follow, max-snippet:-1, max-image-preview:large, max-video-preview:-1\" \/>\n<link rel=\"canonical\" href=\"https:\/\/www.andorra-solutions.com\/ca\/declaracio-renda-andorra\/\" \/>\n<meta property=\"og:locale\" content=\"ca_ES\" \/>\n<meta property=\"og:type\" content=\"article\" \/>\n<meta property=\"og:title\" content=\"Declaraci\u00f3 de la renda IRPF a Andorra 2023\" \/>\n<meta property=\"og:description\" content=\"Informaci\u00f3 rellevant sobre la declaraci\u00f3 de la renda IRPF a Andorra per als contribuents amb resid\u00e8ncia fiscal a Andorra.\" \/>\n<meta property=\"og:url\" content=\"https:\/\/www.andorra-solutions.com\/ca\/declaracio-renda-andorra\/\" \/>\n<meta property=\"og:site_name\" content=\"ANDORRE INVEST\" \/>\n<meta property=\"article:publisher\" content=\"https:\/\/es-la.facebook.com\/andorrasolutions\/\" \/>\n<meta property=\"article:modified_time\" content=\"2025-08-18T09:24:18+00:00\" \/>\n<meta name=\"twitter:label1\" content=\"Temps estimat de lectura\" \/>\n\t<meta name=\"twitter:data1\" content=\"4 minuts\" \/>\n<!-- \/ Yoast SEO plugin. -->","yoast_head_json":{"title":"Declaraci\u00f3 de la renda IRPF a Andorra 2023","description":"Informaci\u00f3 rellevant sobre la declaraci\u00f3 de la renda IRPF a Andorra per als contribuents amb resid\u00e8ncia fiscal a Andorra.","robots":{"index":"index","follow":"follow","max-snippet":"max-snippet:-1","max-image-preview":"max-image-preview:large","max-video-preview":"max-video-preview:-1"},"canonical":"https:\/\/www.andorra-solutions.com\/ca\/declaracio-renda-andorra\/","og_locale":"ca_ES","og_type":"article","og_title":"Declaraci\u00f3 de la renda IRPF a Andorra 2023","og_description":"Informaci\u00f3 rellevant sobre la declaraci\u00f3 de la renda IRPF a Andorra per als contribuents amb resid\u00e8ncia fiscal a Andorra.","og_url":"https:\/\/www.andorra-solutions.com\/ca\/declaracio-renda-andorra\/","og_site_name":"ANDORRE INVEST","article_publisher":"https:\/\/es-la.facebook.com\/andorrasolutions\/","article_modified_time":"2025-08-18T09:24:18+00:00","twitter_misc":{"Temps estimat de lectura":"4 minuts"},"schema":{"@context":"https:\/\/schema.org","@graph":[{"@type":"WebPage","@id":"https:\/\/www.andorra-solutions.com\/ca\/declaracio-renda-andorra\/","url":"https:\/\/www.andorra-solutions.com\/ca\/declaracio-renda-andorra\/","name":"Declaraci\u00f3 de la renda IRPF a Andorra 2023","isPartOf":{"@id":"https:\/\/www.andorra-solutions.com\/ca\/#website"},"datePublished":"2021-05-10T15:52:06+00:00","dateModified":"2025-08-18T09:24:18+00:00","description":"Informaci\u00f3 rellevant sobre la declaraci\u00f3 de la renda IRPF a Andorra per als contribuents amb resid\u00e8ncia fiscal a Andorra.","breadcrumb":{"@id":"https:\/\/www.andorra-solutions.com\/ca\/declaracio-renda-andorra\/#breadcrumb"},"inLanguage":"ca","potentialAction":[{"@type":"ReadAction","target":["https:\/\/www.andorra-solutions.com\/ca\/declaracio-renda-andorra\/"]}]},{"@type":"BreadcrumbList","@id":"https:\/\/www.andorra-solutions.com\/ca\/declaracio-renda-andorra\/#breadcrumb","itemListElement":[{"@type":"ListItem","position":1,"name":"Home","item":"https:\/\/www.andorra-solutions.com\/ca\/"},{"@type":"ListItem","position":2,"name":"Declaraci\u00f3 de la Renda a Andorra"}]},{"@type":"WebSite","@id":"https:\/\/www.andorra-solutions.com\/ca\/#website","url":"https:\/\/www.andorra-solutions.com\/ca\/","name":"ANDORRE INVEST","description":"","publisher":{"@id":"https:\/\/www.andorra-solutions.com\/ca\/#organization"},"potentialAction":[{"@type":"SearchAction","target":{"@type":"EntryPoint","urlTemplate":"https:\/\/www.andorra-solutions.com\/ca\/?s={search_term_string}"},"query-input":{"@type":"PropertyValueSpecification","valueRequired":true,"valueName":"search_term_string"}}],"inLanguage":"ca"},{"@type":"Organization","@id":"https:\/\/www.andorra-solutions.com\/ca\/#organization","name":"ANDORRE INVEST","url":"https:\/\/www.andorra-solutions.com\/ca\/","logo":{"@type":"ImageObject","inLanguage":"ca","@id":"https:\/\/www.andorra-solutions.com\/ca\/#\/schema\/logo\/image\/","url":"https:\/\/www.andorra-solutions.com\/wp-content\/uploads\/2021\/04\/logo-abast-andorra-solutions-peq.png","contentUrl":"https:\/\/www.andorra-solutions.com\/wp-content\/uploads\/2021\/04\/logo-abast-andorra-solutions-peq.png","width":211,"height":58,"caption":"ANDORRE INVEST"},"image":{"@id":"https:\/\/www.andorra-solutions.com\/ca\/#\/schema\/logo\/image\/"},"sameAs":["https:\/\/es-la.facebook.com\/andorrasolutions\/","https:\/\/x.com\/andorrasolution","https:\/\/www.linkedin.com\/company\/andorra-solutions\/","https:\/\/www.youtube.com\/c\/AndorraSolutions"]}]}},"_links":{"self":[{"href":"https:\/\/www.andorra-solutions.com\/ca\/wp-json\/wp\/v2\/pages\/14276","targetHints":{"allow":["GET"]}}],"collection":[{"href":"https:\/\/www.andorra-solutions.com\/ca\/wp-json\/wp\/v2\/pages"}],"about":[{"href":"https:\/\/www.andorra-solutions.com\/ca\/wp-json\/wp\/v2\/types\/page"}],"author":[{"embeddable":true,"href":"https:\/\/www.andorra-solutions.com\/ca\/wp-json\/wp\/v2\/users\/2"}],"replies":[{"embeddable":true,"href":"https:\/\/www.andorra-solutions.com\/ca\/wp-json\/wp\/v2\/comments?post=14276"}],"version-history":[{"count":3,"href":"https:\/\/www.andorra-solutions.com\/ca\/wp-json\/wp\/v2\/pages\/14276\/revisions"}],"predecessor-version":[{"id":18997,"href":"https:\/\/www.andorra-solutions.com\/ca\/wp-json\/wp\/v2\/pages\/14276\/revisions\/18997"}],"wp:attachment":[{"href":"https:\/\/www.andorra-solutions.com\/ca\/wp-json\/wp\/v2\/media?parent=14276"}],"curies":[{"name":"wp","href":"https:\/\/api.w.org\/{rel}","templated":true}]}}